{"id":3595,"date":"2025-01-16T12:11:42","date_gmt":"2025-01-16T11:11:42","guid":{"rendered":"https:\/\/nature-et-developpement.com\/ned-perpignan\/produit\/parquet-huile-nature-pd-400-de-meister\/"},"modified":"2026-03-25T19:39:39","modified_gmt":"2026-03-25T18:39:39","slug":"parquet-huile-nature-pd-400-de-meister","status":"publish","type":"product","link":"https:\/\/nature-et-developpement.com\/ned-perpignan\/produit\/parquet-huile-nature-pd-400-de-meister\/","title":{"rendered":"Parquet bois huil\u00e9 nature PD 400 de Meister"},"content":{"rendered":"<h2>Parquet bois huil\u00e9 nature PD 400 de Meister &#8211; Lame large style maison de campagne<\/h2>\n<div class=\"flex-1 overflow-hidden\">\n<div class=\"react-scroll-to-bottom--css-uarkt-79elbk h-full dark:bg-gray-800\">\n<div class=\"react-scroll-to-bottom--css-uarkt-1n7m0yu\">\n<div class=\"flex flex-col text-sm dark:bg-gray-800\">\n<div class=\"group w-full text-gray-800 dark:text-gray-100 border-b border-black\/10 dark:border-gray-900\/50 bg-gray-50 dark:bg-[#444654]\">\n<div class=\"flex p-4 gap-4 text-base md:gap-6 md:max-w-2xl lg:max-w-[38rem] xl:max-w-3xl md:py-6 lg:px-0 m-auto\">\n<div class=\"relative flex w-[calc(100%-50px)] flex-col gap-1 md:gap-3 lg:w-[calc(100%-115px)]\">\n<div class=\"flex flex-grow flex-col gap-3\">\n<div class=\"min-h-[20px] flex flex-col items-start gap-4 whitespace-pre-wrap break-words\">\n<div class=\"markdown prose w-full break-words dark:prose-invert light\">\n<p>Ajoutez une ambiance chaleureuse et naturelle \u00e0 votre espace avec le parquet huil\u00e9 nature PD 400 de Meister.<\/p>\n<p>Ce parquet haut de gamme allie le charme classique du style maison de campagne \u00e0 la durabilit\u00e9 \u00e9cologique.<\/p>\n<p>Ce qui en fait le choix id\u00e9al pour les amateurs de mat\u00e9riaux respectueux de l&rsquo;environnement.<\/p>\n<p>La lame large du parquet bois PD 400, mesurant 2 200 x 180mm, repr\u00e9sente le naturel et l&rsquo;\u00e9l\u00e9gance comme aucun autre format.<\/p>\n<p>Avec une \u00e9paisseur totale de 13mm et une couche d&rsquo;usure de 2,5mm en ch\u00eane, ce parquet offre une r\u00e9sistance et une long\u00e9vit\u00e9 exceptionnelles.<\/p>\n<p>Gr\u00e2ce \u00e0 son syst\u00e8me de pose Masterclic Plus, la pose du parquet PD 400 est un jeu d&rsquo;enfant.<\/p>\n<p>Ce syst\u00e8me facilite l&rsquo;installation, vous permettant de profiter rapidement de votre nouveau sol.<\/p>\n<p>De plus, ce parquet est <strong>compatible avec les chauffages par le sol<\/strong>, offrant un confort suppl\u00e9mentaire \u00e0 votre espace de vie.<\/p>\n<h3>La finition huil\u00e9e nature met en valeur la beaut\u00e9 du ch\u00eane<\/h3>\n<p>Ajoutant ainsi une touche chaleureuse et un rayonnement naturel \u00e0 votre int\u00e9rieur.<\/p>\n<p>En choisissant le parquet PD 400, vous optez pour un produit respectueux de l&rsquo;environnement, certifi\u00e9 avec les labels environnementaux A+ et Blaue Engel.<\/p>\n<p>Outre sa qualit\u00e9 esth\u00e9tique, le parquet huil\u00e9 nature PD 400 de Meister est \u00e9galement <strong>r\u00e9sistant \u00e0 l&rsquo;eau pendant 4 heures.<\/strong><\/p>\n<p>Vous pouvez donc l&rsquo;installer en toute confiance dans des environnements humides tels que les salles de bains et les cuisines, tout en pr\u00e9servant sa beaut\u00e9 et sa durabilit\u00e9.<\/p>\n<p>Profitez de la polyvalence et de la beaut\u00e9 intemporelle du parquet bois huil\u00e9 nature PD 400 de Meister, tout en faisant un choix \u00e9co-responsable pour votre projet de r\u00e9novation ou de construction.<\/p>\n<p>Commandez d\u00e8s maintenant et transformez votre espace en un havre de paix, alliant \u00e9l\u00e9gance, confort et respect de la nature.<\/p>\n<\/div>\n<\/div>\n<\/div>\n<\/div>\n<\/div>\n<\/div>\n<\/div>\n<\/div>\n<\/div>\n<\/div>\n","protected":false},"excerpt":{"rendered":"<p>D\u00e9couvrez le parquet bois huil\u00e9 nature PD 400 de Meister, le best-seller du style maison de campagne classique.<br \/>\nFabriqu\u00e9 avec des mat\u00e9riaux \u00e9cologiques, ce parquet \u00e9l\u00e9gant et durable est facile \u00e0 poser gr\u00e2ce \u00e0 son syst\u00e8me Masterclic Plus.<br \/>\nAjoutez une touche chaleureuse et radiante \u00e0 votre int\u00e9rieur tout en respectant l&rsquo;environnement.<\/p>\n<p>Ce sol en bois vous est propos\u00e9 en 10 finitions huil\u00e9 nature, avec une r\u00e9sistance \u00e0 l&rsquo;eau de 4H.<\/p>\n<p><a class=\"btn btn-default\" style=\"font-style: normal;font-family: Poppins, sans-serif\" href=\"https:\/\/meister.esignserver3.com\/gallery.do\" target=\"_blank\" rel=\"noopener\">AVEC UNE PHOTO DE CHEZ VOUS, TESTEZ-LE DANS VOTRE INT\u00c9RIEUR<\/a><\/p>\n","protected":false},"featured_media":1000000171819,"template":"","meta":[],"product_brand":[167],"product_cat":[99],"product_tag":[2335],"class_list":{"0":"post-3595","1":"product","2":"type-product","3":"status-publish","4":"has-post-thumbnail","6":"product_brand-meister","7":"product_cat-parquets-bois","8":"product_tag-parquet","9":"product_shipping_class-transport-parquet-lambris-meister-amorim","11":"first","12":"instock","13":"taxable","14":"shipping-taxable","15":"purchasable","16":"product-type-variable"},"yoast_head":"<!-- This site is optimized with the Yoast SEO plugin v27.5 - https:\/\/yoast.com\/product\/yoast-seo-wordpress\/ -->\n<title>Parquet bois huil\u00e9 nature PD 400 de Meister - Nature et D\u00e9veloppement Perpignan<\/title>\n<meta name=\"description\" content=\"Sublimez votre int\u00e9rieur avec le parquet bois huil\u00e9 nature PD 400 de Meister. Naturel, \u00e9l\u00e9gant, durable, facile \u00e0 poser et respectueux de l&#039;environnement.\" \/>\n<meta name=\"robots\" content=\"noindex, nofollow\" \/>\n<meta property=\"og:locale\" content=\"fr_FR\" \/>\n<meta property=\"og:type\" content=\"article\" \/>\n<meta property=\"og:title\" content=\"Parquet bois huil\u00e9 nature PD 400 de Meister - Nature et D\u00e9veloppement Perpignan\" \/>\n<meta property=\"og:description\" content=\"Sublimez votre int\u00e9rieur avec le parquet bois huil\u00e9 nature PD 400 de Meister. Naturel, \u00e9l\u00e9gant, durable, facile \u00e0 poser et respectueux de l&#039;environnement.\" \/>\n<meta property=\"og:url\" content=\"https:\/\/nature-et-developpement.com\/ned-perpignan\/produit\/parquet-huile-nature-pd-400-de-meister\/\" \/>\n<meta property=\"og:site_name\" content=\"Nature et D\u00e9veloppement Perpignan\" \/>\n<meta property=\"article:modified_time\" content=\"2026-03-25T18:39:39+00:00\" \/>\n<meta name=\"twitter:card\" content=\"summary_large_image\" \/>\n<meta name=\"twitter:label1\" content=\"Dur\u00e9e de lecture estim\u00e9e\" \/>\n\t<meta name=\"twitter:data1\" content=\"2 minutes\" \/>\n<script type=\"application\/ld+json\" class=\"yoast-schema-graph\">{\"@context\":\"https:\\\/\\\/schema.org\",\"@graph\":[{\"@type\":\"WebPage\",\"@id\":\"https:\\\/\\\/nature-et-developpement.com\\\/ned-perpignan\\\/produit\\\/parquet-huile-nature-pd-400-de-meister\\\/\",\"url\":\"https:\\\/\\\/nature-et-developpement.com\\\/ned-perpignan\\\/produit\\\/parquet-huile-nature-pd-400-de-meister\\\/\",\"name\":\"Parquet bois huil\u00e9 nature PD 400 de Meister - Nature et D\u00e9veloppement Perpignan\",\"isPartOf\":{\"@id\":\"https:\\\/\\\/nature-et-developpement.com\\\/ned-perpignan\\\/#website\"},\"primaryImageOfPage\":{\"@id\":\"https:\\\/\\\/nature-et-developpement.com\\\/ned-perpignan\\\/produit\\\/parquet-huile-nature-pd-400-de-meister\\\/#primaryimage\"},\"image\":{\"@id\":\"https:\\\/\\\/nature-et-developpement.com\\\/ned-perpignan\\\/produit\\\/parquet-huile-nature-pd-400-de-meister\\\/#primaryimage\"},\"thumbnailUrl\":\"https:\\\/\\\/nature-et-developpement.com\\\/ned-perpignan\\\/wp-content\\\/uploads\\\/Couleur-9026-PD400-huile-nature-ambiance.jpg\",\"datePublished\":\"2025-01-16T11:11:42+00:00\",\"dateModified\":\"2026-03-25T18:39:39+00:00\",\"description\":\"Sublimez votre int\u00e9rieur avec le parquet bois huil\u00e9 nature PD 400 de Meister. Naturel, \u00e9l\u00e9gant, durable, facile \u00e0 poser et respectueux de l'environnement.\",\"breadcrumb\":{\"@id\":\"https:\\\/\\\/nature-et-developpement.com\\\/ned-perpignan\\\/produit\\\/parquet-huile-nature-pd-400-de-meister\\\/#breadcrumb\"},\"inLanguage\":\"fr-FR\",\"potentialAction\":[{\"@type\":\"ReadAction\",\"target\":[\"https:\\\/\\\/nature-et-developpement.com\\\/ned-perpignan\\\/produit\\\/parquet-huile-nature-pd-400-de-meister\\\/\"]}]},{\"@type\":\"ImageObject\",\"inLanguage\":\"fr-FR\",\"@id\":\"https:\\\/\\\/nature-et-developpement.com\\\/ned-perpignan\\\/produit\\\/parquet-huile-nature-pd-400-de-meister\\\/#primaryimage\",\"url\":\"https:\\\/\\\/nature-et-developpement.com\\\/ned-perpignan\\\/wp-content\\\/uploads\\\/Couleur-9026-PD400-huile-nature-ambiance.jpg\",\"contentUrl\":\"https:\\\/\\\/nature-et-developpement.com\\\/ned-perpignan\\\/wp-content\\\/uploads\\\/Couleur-9026-PD400-huile-nature-ambiance.jpg\"},{\"@type\":\"BreadcrumbList\",\"@id\":\"https:\\\/\\\/nature-et-developpement.com\\\/ned-perpignan\\\/produit\\\/parquet-huile-nature-pd-400-de-meister\\\/#breadcrumb\",\"itemListElement\":[{\"@type\":\"ListItem\",\"position\":1,\"name\":\"Accueil\",\"item\":\"https:\\\/\\\/nature-et-developpement.com\\\/ned-perpignan\\\/\"},{\"@type\":\"ListItem\",\"position\":2,\"name\":\"Boutique\",\"item\":\"https:\\\/\\\/nature-et-developpement.com\\\/ned-perpignan\\\/boutique\\\/\"},{\"@type\":\"ListItem\",\"position\":3,\"name\":\"Parquets bois, stratifi\u00e9s et li\u00e8ge\",\"item\":\"https:\\\/\\\/nature-et-developpement.com\\\/ned-perpignan\\\/produits\\\/parquet-et-sol-naturels\\\/\"},{\"@type\":\"ListItem\",\"position\":4,\"name\":\"Parquets bois\",\"item\":\"https:\\\/\\\/nature-et-developpement.com\\\/ned-perpignan\\\/produits\\\/parquet-et-sol-naturels\\\/parquets-bois\\\/\"},{\"@type\":\"ListItem\",\"position\":5,\"name\":\"Parquet bois huil\u00e9 nature PD 400 de Meister\"}]},{\"@type\":\"WebSite\",\"@id\":\"https:\\\/\\\/nature-et-developpement.com\\\/ned-perpignan\\\/#website\",\"url\":\"https:\\\/\\\/nature-et-developpement.com\\\/ned-perpignan\\\/\",\"name\":\"Nature et D\u00e9veloppement Perpignan\",\"description\":\"Solutions, mat\u00e9riaux et d\u00e9coration \u00e9co-responsables pour les pros et les particuliers.\",\"potentialAction\":[{\"@type\":\"SearchAction\",\"target\":{\"@type\":\"EntryPoint\",\"urlTemplate\":\"https:\\\/\\\/nature-et-developpement.com\\\/ned-perpignan\\\/?s={search_term_string}\"},\"query-input\":{\"@type\":\"PropertyValueSpecification\",\"valueRequired\":true,\"valueName\":\"search_term_string\"}}],\"inLanguage\":\"fr-FR\"}]}<\/script>\n<!-- \/ Yoast SEO plugin. -->","yoast_head_json":{"title":"Parquet bois huil\u00e9 nature PD 400 de Meister - Nature et D\u00e9veloppement Perpignan","description":"Sublimez votre int\u00e9rieur avec le parquet bois huil\u00e9 nature PD 400 de Meister. Naturel, \u00e9l\u00e9gant, durable, facile \u00e0 poser et respectueux de l'environnement.","robots":{"index":"noindex","follow":"nofollow"},"og_locale":"fr_FR","og_type":"article","og_title":"Parquet bois huil\u00e9 nature PD 400 de Meister - Nature et D\u00e9veloppement Perpignan","og_description":"Sublimez votre int\u00e9rieur avec le parquet bois huil\u00e9 nature PD 400 de Meister. Naturel, \u00e9l\u00e9gant, durable, facile \u00e0 poser et respectueux de l'environnement.","og_url":"https:\/\/nature-et-developpement.com\/ned-perpignan\/produit\/parquet-huile-nature-pd-400-de-meister\/","og_site_name":"Nature et D\u00e9veloppement Perpignan","article_modified_time":"2026-03-25T18:39:39+00:00","twitter_card":"summary_large_image","twitter_misc":{"Dur\u00e9e de lecture estim\u00e9e":"2 minutes"},"schema":{"@context":"https:\/\/schema.org","@graph":[{"@type":"WebPage","@id":"https:\/\/nature-et-developpement.com\/ned-perpignan\/produit\/parquet-huile-nature-pd-400-de-meister\/","url":"https:\/\/nature-et-developpement.com\/ned-perpignan\/produit\/parquet-huile-nature-pd-400-de-meister\/","name":"Parquet bois huil\u00e9 nature PD 400 de Meister - Nature et D\u00e9veloppement Perpignan","isPartOf":{"@id":"https:\/\/nature-et-developpement.com\/ned-perpignan\/#website"},"primaryImageOfPage":{"@id":"https:\/\/nature-et-developpement.com\/ned-perpignan\/produit\/parquet-huile-nature-pd-400-de-meister\/#primaryimage"},"image":{"@id":"https:\/\/nature-et-developpement.com\/ned-perpignan\/produit\/parquet-huile-nature-pd-400-de-meister\/#primaryimage"},"thumbnailUrl":"https:\/\/nature-et-developpement.com\/ned-perpignan\/wp-content\/uploads\/Couleur-9026-PD400-huile-nature-ambiance.jpg","datePublished":"2025-01-16T11:11:42+00:00","dateModified":"2026-03-25T18:39:39+00:00","description":"Sublimez votre int\u00e9rieur avec le parquet bois huil\u00e9 nature PD 400 de Meister. Naturel, \u00e9l\u00e9gant, durable, facile \u00e0 poser et respectueux de l'environnement.","breadcrumb":{"@id":"https:\/\/nature-et-developpement.com\/ned-perpignan\/produit\/parquet-huile-nature-pd-400-de-meister\/#breadcrumb"},"inLanguage":"fr-FR","potentialAction":[{"@type":"ReadAction","target":["https:\/\/nature-et-developpement.com\/ned-perpignan\/produit\/parquet-huile-nature-pd-400-de-meister\/"]}]},{"@type":"ImageObject","inLanguage":"fr-FR","@id":"https:\/\/nature-et-developpement.com\/ned-perpignan\/produit\/parquet-huile-nature-pd-400-de-meister\/#primaryimage","url":"https:\/\/nature-et-developpement.com\/ned-perpignan\/wp-content\/uploads\/Couleur-9026-PD400-huile-nature-ambiance.jpg","contentUrl":"https:\/\/nature-et-developpement.com\/ned-perpignan\/wp-content\/uploads\/Couleur-9026-PD400-huile-nature-ambiance.jpg"},{"@type":"BreadcrumbList","@id":"https:\/\/nature-et-developpement.com\/ned-perpignan\/produit\/parquet-huile-nature-pd-400-de-meister\/#breadcrumb","itemListElement":[{"@type":"ListItem","position":1,"name":"Accueil","item":"https:\/\/nature-et-developpement.com\/ned-perpignan\/"},{"@type":"ListItem","position":2,"name":"Boutique","item":"https:\/\/nature-et-developpement.com\/ned-perpignan\/boutique\/"},{"@type":"ListItem","position":3,"name":"Parquets bois, stratifi\u00e9s et li\u00e8ge","item":"https:\/\/nature-et-developpement.com\/ned-perpignan\/produits\/parquet-et-sol-naturels\/"},{"@type":"ListItem","position":4,"name":"Parquets bois","item":"https:\/\/nature-et-developpement.com\/ned-perpignan\/produits\/parquet-et-sol-naturels\/parquets-bois\/"},{"@type":"ListItem","position":5,"name":"Parquet bois huil\u00e9 nature PD 400 de Meister"}]},{"@type":"WebSite","@id":"https:\/\/nature-et-developpement.com\/ned-perpignan\/#website","url":"https:\/\/nature-et-developpement.com\/ned-perpignan\/","name":"Nature et D\u00e9veloppement Perpignan","description":"Solutions, mat\u00e9riaux et d\u00e9coration \u00e9co-responsables pour les pros et les particuliers.","potentialAction":[{"@type":"SearchAction","target":{"@type":"EntryPoint","urlTemplate":"https:\/\/nature-et-developpement.com\/ned-perpignan\/?s={search_term_string}"},"query-input":{"@type":"PropertyValueSpecification","valueRequired":true,"valueName":"search_term_string"}}],"inLanguage":"fr-FR"}]}},"distributor_meta":false,"distributor_terms":false,"distributor_media":false,"distributor_original_site_name":"Nature et D\u00e9veloppement Perpignan","distributor_original_site_url":"https:\/\/nature-et-developpement.com\/ned-perpignan","push-errors":false,"_links":{"self":[{"href":"https:\/\/nature-et-developpement.com\/ned-perpignan\/wp-json\/wp\/v2\/product\/3595","targetHints":{"allow":["GET"]}}],"collection":[{"href":"https:\/\/nature-et-developpement.com\/ned-perpignan\/wp-json\/wp\/v2\/product"}],"about":[{"href":"https:\/\/nature-et-developpement.com\/ned-perpignan\/wp-json\/wp\/v2\/types\/product"}],"wp:featuredmedia":[{"embeddable":true,"href":"https:\/\/nature-et-developpement.com\/ned-perpignan\/wp-json\/"}],"wp:attachment":[{"href":"https:\/\/nature-et-developpement.com\/ned-perpignan\/wp-json\/wp\/v2\/media?parent=3595"}],"wp:term":[{"taxonomy":"product_brand","embeddable":true,"href":"https:\/\/nature-et-developpement.com\/ned-perpignan\/wp-json\/wp\/v2\/product_brand?post=3595"},{"taxonomy":"product_cat","embeddable":true,"href":"https:\/\/nature-et-developpement.com\/ned-perpignan\/wp-json\/wp\/v2\/product_cat?post=3595"},{"taxonomy":"product_tag","embeddable":true,"href":"https:\/\/nature-et-developpement.com\/ned-perpignan\/wp-json\/wp\/v2\/product_tag?post=3595"}],"curies":[{"name":"wp","href":"https:\/\/api.w.org\/{rel}","templated":true}]}}