{"id":4040,"date":"2023-03-27T00:23:05","date_gmt":"2023-03-26T22:23:05","guid":{"rendered":"https:\/\/nature-et-developpement.com\/ned-perpignan\/produit\/baie-vitree-coulissante-aluminium-alumina-bieber\/"},"modified":"2025-10-22T11:06:07","modified_gmt":"2025-10-22T09:06:07","slug":"baie-vitree-coulissante-aluminium-alumina-bieber","status":"publish","type":"product","link":"https:\/\/nature-et-developpement.com\/ned-perpignan\/produit\/baie-vitree-coulissante-aluminium-alumina-bieber\/","title":{"rendered":"Porte Fen\u00eatre coulissante Aluminium sur mesure ALUMINA BIEBER"},"content":{"rendered":"<h2><span class=\"edgtf-highlight\" style=\"color: #528b69\"> ALUMINA ABSOLU 28MM<\/span><\/h2>\n<p><em>La nouvelle offre de\u00a0coulissant ABSOLU est la plus polyvalente du march\u00e9. La gamme 28mm offre une r\u00e9ponse pertinente aux r\u00e9alisations en r\u00e9sidentiel ou tertiaire, en neuf comme en r\u00e9novation.<\/em><\/p>\n<ul>\n<li>Une ligne droite architecturale et un large choix de teintes<\/li>\n<li>Une solution c\u0153ur de gamme offrant un rapport cout\/performance optimal<\/li>\n<li>Une limite dimensionnelles allant jusqu\u2019\u00e0 2.55m de haut ou 3.50 de large<\/li>\n<li>Un large choix de mises en \u0153uvre pour r\u00e9pondre aux diff\u00e9rents types de poses.<\/li>\n<li>Une configuration des coulissants 2 et 3 rails jusqu\u2019\u00e0 6 vantaux et une option galandage monorail et bi-rail jusqu\u2019\u00e0 4 vantaux.<\/li>\n<li>Plusieurs options de fermetures avec 5 types de poign\u00e9es\u00a0et jusqu\u2019\u00e0 4 points de fermetures.<\/li>\n<\/ul>\n<h2><span class=\"edgtf-highlight\" style=\"color: #528b69\"> ALUMINA ABSOLU 36MM<\/span><\/h2>\n<p><em>La ligne ABSOLU 36MM apporte en plus de la polyvalence , une performance thermique \u00e9lev\u00e9e et un design ultra contemporain.<\/em><\/p>\n<p>&nbsp;<\/p>\n<ul>\n<li>Une performance thermique \u00e9lev\u00e9e allant jusqu\u2019\u00e0 1.0W\/m\u00b2K<\/li>\n<li>Une ligne droite et design ultra contemporain<\/li>\n<li>Une limite dimensionnelles allant jusqu\u2019\u00e0 2.70m de haut<\/li>\n<li>Un large choix de mises en \u0153uvre pour r\u00e9pondre aux diff\u00e9rents types de poses.<\/li>\n<li>Une configuration des coulissants 2 et 3 rails jusqu\u2019\u00e0 6 vantaux et une option galandage monorail et bi-rail jusqu\u2019\u00e0 4 vantaux.<\/li>\n<li>Plusieurs options de fermetures avec 5 types de poign\u00e9es\u00a0et jusqu\u2019\u00e0 4 points de fermetures.<\/li>\n<\/ul>\n","protected":false},"excerpt":{"rendered":"<p>Transparence, modernit\u00e9 et performance, les baie coulissante ABSOLU 28 et 36 mm apporte un design ultra contemporain.<\/p>\n<p><span style=\"text-decoration: underline;color: #218e53\"><strong>Produit sur-mesure, demandez votre devis en pr\u00e9cisant vos c\u00f4tes dans les commentaires de votre demande.<\/strong><\/span><\/p>\n","protected":false},"featured_media":1000000165829,"template":"","meta":[],"product_brand":[128],"product_cat":[74,85],"product_tag":[2693],"class_list":{"0":"post-4040","1":"product","2":"type-product","3":"status-publish","4":"has-post-thumbnail","6":"product_brand-bieber","7":"product_cat-demande-de-devis-uniquement-sans-prix","8":"product_cat-menuiseries-exterieures","9":"product_tag-bieber","10":"product_shipping_class-impact-transport-important","12":"first","13":"onbackorder","14":"taxable","15":"shipping-taxable","16":"purchasable","17":"product-type-variable"},"yoast_head":"<!-- This site is optimized with the Yoast SEO plugin v27.5 - https:\/\/yoast.com\/product\/yoast-seo-wordpress\/ -->\n<title>Porte Fen\u00eatre coulissante Aluminium sur mesure ALUMINA BIEBER - Nature et D\u00e9veloppement Perpignan<\/title>\n<meta name=\"description\" content=\"Transparence, modernit\u00e9 et performance, les baie coulissante ABSOLU 28 et 36 mm apporte un design ultra contemporain.  Produit sur-mesure, demandez votre devis en pr\u00e9cisant vos c\u00f4tes dans les commentaires de votre demande. La nouvelle offre de\u00a0coulissant ABSOLU est la plus polyvalente du march\u00e9. La gamme 28mm offre une r\u00e9ponse aux r\u00e9alisations en neuf comme en r\u00e9novation.\" \/>\n<meta name=\"robots\" content=\"noindex, nofollow\" \/>\n<meta property=\"og:locale\" content=\"fr_FR\" \/>\n<meta property=\"og:type\" content=\"article\" \/>\n<meta property=\"og:title\" content=\"Porte Fen\u00eatre coulissante Aluminium sur mesure ALUMINA BIEBER - Nature et D\u00e9veloppement Perpignan\" \/>\n<meta property=\"og:description\" content=\"Transparence, modernit\u00e9 et performance, les baie coulissante ABSOLU 28 et 36 mm apporte un design ultra contemporain.  Produit sur-mesure, demandez votre devis en pr\u00e9cisant vos c\u00f4tes dans les commentaires de votre demande. La nouvelle offre de\u00a0coulissant ABSOLU est la plus polyvalente du march\u00e9. La gamme 28mm offre une r\u00e9ponse aux r\u00e9alisations en neuf comme en r\u00e9novation.\" \/>\n<meta property=\"og:url\" content=\"https:\/\/nature-et-developpement.com\/ned-perpignan\/produit\/baie-vitree-coulissante-aluminium-alumina-bieber\/\" \/>\n<meta property=\"og:site_name\" content=\"Nature et D\u00e9veloppement Perpignan\" \/>\n<meta property=\"article:modified_time\" content=\"2025-10-22T09:06:07+00:00\" \/>\n<meta name=\"twitter:card\" content=\"summary_large_image\" \/>\n<meta name=\"twitter:label1\" content=\"Dur\u00e9e de lecture estim\u00e9e\" \/>\n\t<meta name=\"twitter:data1\" content=\"2 minutes\" \/>\n<script type=\"application\/ld+json\" class=\"yoast-schema-graph\">{\"@context\":\"https:\\\/\\\/schema.org\",\"@graph\":[{\"@type\":\"WebPage\",\"@id\":\"https:\\\/\\\/nature-et-developpement.com\\\/ned-perpignan\\\/produit\\\/baie-vitree-coulissante-aluminium-alumina-bieber\\\/\",\"url\":\"https:\\\/\\\/nature-et-developpement.com\\\/ned-perpignan\\\/produit\\\/baie-vitree-coulissante-aluminium-alumina-bieber\\\/\",\"name\":\"Porte Fen\u00eatre coulissante Aluminium sur mesure ALUMINA BIEBER - Nature et D\u00e9veloppement Perpignan\",\"isPartOf\":{\"@id\":\"https:\\\/\\\/nature-et-developpement.com\\\/ned-perpignan\\\/#website\"},\"primaryImageOfPage\":{\"@id\":\"https:\\\/\\\/nature-et-developpement.com\\\/ned-perpignan\\\/produit\\\/baie-vitree-coulissante-aluminium-alumina-bieber\\\/#primaryimage\"},\"image\":{\"@id\":\"https:\\\/\\\/nature-et-developpement.com\\\/ned-perpignan\\\/produit\\\/baie-vitree-coulissante-aluminium-alumina-bieber\\\/#primaryimage\"},\"thumbnailUrl\":\"https:\\\/\\\/nature-et-developpement.com\\\/ned-perpignan\\\/wp-content\\\/uploads\\\/Porte-Fenetre-coulissante-Aluminium-sur-mesure-ALUMINA-BIEBER.jpg\",\"datePublished\":\"2023-03-26T22:23:05+00:00\",\"dateModified\":\"2025-10-22T09:06:07+00:00\",\"description\":\"Transparence, modernit\u00e9 et performance, les baie coulissante ABSOLU 28 et 36 mm apporte un design ultra contemporain. Produit sur-mesure, demandez votre devis en pr\u00e9cisant vos c\u00f4tes dans les commentaires de votre demande. La nouvelle offre de\u00a0coulissant ABSOLU est la plus polyvalente du march\u00e9. La gamme 28mm offre une r\u00e9ponse aux r\u00e9alisations en neuf comme en r\u00e9novation.\",\"breadcrumb\":{\"@id\":\"https:\\\/\\\/nature-et-developpement.com\\\/ned-perpignan\\\/produit\\\/baie-vitree-coulissante-aluminium-alumina-bieber\\\/#breadcrumb\"},\"inLanguage\":\"fr-FR\",\"potentialAction\":[{\"@type\":\"ReadAction\",\"target\":[\"https:\\\/\\\/nature-et-developpement.com\\\/ned-perpignan\\\/produit\\\/baie-vitree-coulissante-aluminium-alumina-bieber\\\/\"]}]},{\"@type\":\"ImageObject\",\"inLanguage\":\"fr-FR\",\"@id\":\"https:\\\/\\\/nature-et-developpement.com\\\/ned-perpignan\\\/produit\\\/baie-vitree-coulissante-aluminium-alumina-bieber\\\/#primaryimage\",\"url\":\"https:\\\/\\\/nature-et-developpement.com\\\/ned-perpignan\\\/wp-content\\\/uploads\\\/Porte-Fenetre-coulissante-Aluminium-sur-mesure-ALUMINA-BIEBER.jpg\",\"contentUrl\":\"https:\\\/\\\/nature-et-developpement.com\\\/ned-perpignan\\\/wp-content\\\/uploads\\\/Porte-Fenetre-coulissante-Aluminium-sur-mesure-ALUMINA-BIEBER.jpg\"},{\"@type\":\"BreadcrumbList\",\"@id\":\"https:\\\/\\\/nature-et-developpement.com\\\/ned-perpignan\\\/produit\\\/baie-vitree-coulissante-aluminium-alumina-bieber\\\/#breadcrumb\",\"itemListElement\":[{\"@type\":\"ListItem\",\"position\":1,\"name\":\"Accueil\",\"item\":\"https:\\\/\\\/nature-et-developpement.com\\\/ned-perpignan\\\/\"},{\"@type\":\"ListItem\",\"position\":2,\"name\":\"Boutique\",\"item\":\"https:\\\/\\\/nature-et-developpement.com\\\/ned-perpignan\\\/boutique\\\/\"},{\"@type\":\"ListItem\",\"position\":3,\"name\":\"Construction, cloison et fen\u00eatres\",\"item\":\"https:\\\/\\\/nature-et-developpement.com\\\/ned-perpignan\\\/produits\\\/construction\\\/\"},{\"@type\":\"ListItem\",\"position\":4,\"name\":\"Menuiserie ext\u00e9rieure\",\"item\":\"https:\\\/\\\/nature-et-developpement.com\\\/ned-perpignan\\\/produits\\\/construction\\\/menuiseries-exterieures\\\/\"},{\"@type\":\"ListItem\",\"position\":5,\"name\":\"Porte Fen\u00eatre coulissante Aluminium sur mesure ALUMINA BIEBER\"}]},{\"@type\":\"WebSite\",\"@id\":\"https:\\\/\\\/nature-et-developpement.com\\\/ned-perpignan\\\/#website\",\"url\":\"https:\\\/\\\/nature-et-developpement.com\\\/ned-perpignan\\\/\",\"name\":\"Nature et D\u00e9veloppement Perpignan\",\"description\":\"Solutions, mat\u00e9riaux et d\u00e9coration \u00e9co-responsables pour les pros et les particuliers.\",\"potentialAction\":[{\"@type\":\"SearchAction\",\"target\":{\"@type\":\"EntryPoint\",\"urlTemplate\":\"https:\\\/\\\/nature-et-developpement.com\\\/ned-perpignan\\\/?s={search_term_string}\"},\"query-input\":{\"@type\":\"PropertyValueSpecification\",\"valueRequired\":true,\"valueName\":\"search_term_string\"}}],\"inLanguage\":\"fr-FR\"}]}<\/script>\n<!-- \/ Yoast SEO plugin. -->","yoast_head_json":{"title":"Porte Fen\u00eatre coulissante Aluminium sur mesure ALUMINA BIEBER - Nature et D\u00e9veloppement Perpignan","description":"Transparence, modernit\u00e9 et performance, les baie coulissante ABSOLU 28 et 36 mm apporte un design ultra contemporain.  Produit sur-mesure, demandez votre devis en pr\u00e9cisant vos c\u00f4tes dans les commentaires de votre demande. La nouvelle offre de\u00a0coulissant ABSOLU est la plus polyvalente du march\u00e9. La gamme 28mm offre une r\u00e9ponse aux r\u00e9alisations en neuf comme en r\u00e9novation.","robots":{"index":"noindex","follow":"nofollow"},"og_locale":"fr_FR","og_type":"article","og_title":"Porte Fen\u00eatre coulissante Aluminium sur mesure ALUMINA BIEBER - Nature et D\u00e9veloppement Perpignan","og_description":"Transparence, modernit\u00e9 et performance, les baie coulissante ABSOLU 28 et 36 mm apporte un design ultra contemporain.  Produit sur-mesure, demandez votre devis en pr\u00e9cisant vos c\u00f4tes dans les commentaires de votre demande. La nouvelle offre de\u00a0coulissant ABSOLU est la plus polyvalente du march\u00e9. La gamme 28mm offre une r\u00e9ponse aux r\u00e9alisations en neuf comme en r\u00e9novation.","og_url":"https:\/\/nature-et-developpement.com\/ned-perpignan\/produit\/baie-vitree-coulissante-aluminium-alumina-bieber\/","og_site_name":"Nature et D\u00e9veloppement Perpignan","article_modified_time":"2025-10-22T09:06:07+00:00","twitter_card":"summary_large_image","twitter_misc":{"Dur\u00e9e de lecture estim\u00e9e":"2 minutes"},"schema":{"@context":"https:\/\/schema.org","@graph":[{"@type":"WebPage","@id":"https:\/\/nature-et-developpement.com\/ned-perpignan\/produit\/baie-vitree-coulissante-aluminium-alumina-bieber\/","url":"https:\/\/nature-et-developpement.com\/ned-perpignan\/produit\/baie-vitree-coulissante-aluminium-alumina-bieber\/","name":"Porte Fen\u00eatre coulissante Aluminium sur mesure ALUMINA BIEBER - Nature et D\u00e9veloppement Perpignan","isPartOf":{"@id":"https:\/\/nature-et-developpement.com\/ned-perpignan\/#website"},"primaryImageOfPage":{"@id":"https:\/\/nature-et-developpement.com\/ned-perpignan\/produit\/baie-vitree-coulissante-aluminium-alumina-bieber\/#primaryimage"},"image":{"@id":"https:\/\/nature-et-developpement.com\/ned-perpignan\/produit\/baie-vitree-coulissante-aluminium-alumina-bieber\/#primaryimage"},"thumbnailUrl":"https:\/\/nature-et-developpement.com\/ned-perpignan\/wp-content\/uploads\/Porte-Fenetre-coulissante-Aluminium-sur-mesure-ALUMINA-BIEBER.jpg","datePublished":"2023-03-26T22:23:05+00:00","dateModified":"2025-10-22T09:06:07+00:00","description":"Transparence, modernit\u00e9 et performance, les baie coulissante ABSOLU 28 et 36 mm apporte un design ultra contemporain. Produit sur-mesure, demandez votre devis en pr\u00e9cisant vos c\u00f4tes dans les commentaires de votre demande. La nouvelle offre de\u00a0coulissant ABSOLU est la plus polyvalente du march\u00e9. La gamme 28mm offre une r\u00e9ponse aux r\u00e9alisations en neuf comme en r\u00e9novation.","breadcrumb":{"@id":"https:\/\/nature-et-developpement.com\/ned-perpignan\/produit\/baie-vitree-coulissante-aluminium-alumina-bieber\/#breadcrumb"},"inLanguage":"fr-FR","potentialAction":[{"@type":"ReadAction","target":["https:\/\/nature-et-developpement.com\/ned-perpignan\/produit\/baie-vitree-coulissante-aluminium-alumina-bieber\/"]}]},{"@type":"ImageObject","inLanguage":"fr-FR","@id":"https:\/\/nature-et-developpement.com\/ned-perpignan\/produit\/baie-vitree-coulissante-aluminium-alumina-bieber\/#primaryimage","url":"https:\/\/nature-et-developpement.com\/ned-perpignan\/wp-content\/uploads\/Porte-Fenetre-coulissante-Aluminium-sur-mesure-ALUMINA-BIEBER.jpg","contentUrl":"https:\/\/nature-et-developpement.com\/ned-perpignan\/wp-content\/uploads\/Porte-Fenetre-coulissante-Aluminium-sur-mesure-ALUMINA-BIEBER.jpg"},{"@type":"BreadcrumbList","@id":"https:\/\/nature-et-developpement.com\/ned-perpignan\/produit\/baie-vitree-coulissante-aluminium-alumina-bieber\/#breadcrumb","itemListElement":[{"@type":"ListItem","position":1,"name":"Accueil","item":"https:\/\/nature-et-developpement.com\/ned-perpignan\/"},{"@type":"ListItem","position":2,"name":"Boutique","item":"https:\/\/nature-et-developpement.com\/ned-perpignan\/boutique\/"},{"@type":"ListItem","position":3,"name":"Construction, cloison et fen\u00eatres","item":"https:\/\/nature-et-developpement.com\/ned-perpignan\/produits\/construction\/"},{"@type":"ListItem","position":4,"name":"Menuiserie ext\u00e9rieure","item":"https:\/\/nature-et-developpement.com\/ned-perpignan\/produits\/construction\/menuiseries-exterieures\/"},{"@type":"ListItem","position":5,"name":"Porte Fen\u00eatre coulissante Aluminium sur mesure ALUMINA BIEBER"}]},{"@type":"WebSite","@id":"https:\/\/nature-et-developpement.com\/ned-perpignan\/#website","url":"https:\/\/nature-et-developpement.com\/ned-perpignan\/","name":"Nature et D\u00e9veloppement Perpignan","description":"Solutions, mat\u00e9riaux et d\u00e9coration \u00e9co-responsables pour les pros et les particuliers.","potentialAction":[{"@type":"SearchAction","target":{"@type":"EntryPoint","urlTemplate":"https:\/\/nature-et-developpement.com\/ned-perpignan\/?s={search_term_string}"},"query-input":{"@type":"PropertyValueSpecification","valueRequired":true,"valueName":"search_term_string"}}],"inLanguage":"fr-FR"}]}},"distributor_meta":false,"distributor_terms":false,"distributor_media":false,"distributor_original_site_name":"Nature et D\u00e9veloppement Perpignan","distributor_original_site_url":"https:\/\/nature-et-developpement.com\/ned-perpignan","push-errors":false,"_links":{"self":[{"href":"https:\/\/nature-et-developpement.com\/ned-perpignan\/wp-json\/wp\/v2\/product\/4040","targetHints":{"allow":["GET"]}}],"collection":[{"href":"https:\/\/nature-et-developpement.com\/ned-perpignan\/wp-json\/wp\/v2\/product"}],"about":[{"href":"https:\/\/nature-et-developpement.com\/ned-perpignan\/wp-json\/wp\/v2\/types\/product"}],"wp:featuredmedia":[{"embeddable":true,"href":"https:\/\/nature-et-developpement.com\/ned-perpignan\/wp-json\/"}],"wp:attachment":[{"href":"https:\/\/nature-et-developpement.com\/ned-perpignan\/wp-json\/wp\/v2\/media?parent=4040"}],"wp:term":[{"taxonomy":"product_brand","embeddable":true,"href":"https:\/\/nature-et-developpement.com\/ned-perpignan\/wp-json\/wp\/v2\/product_brand?post=4040"},{"taxonomy":"product_cat","embeddable":true,"href":"https:\/\/nature-et-developpement.com\/ned-perpignan\/wp-json\/wp\/v2\/product_cat?post=4040"},{"taxonomy":"product_tag","embeddable":true,"href":"https:\/\/nature-et-developpement.com\/ned-perpignan\/wp-json\/wp\/v2\/product_tag?post=4040"}],"curies":[{"name":"wp","href":"https:\/\/api.w.org\/{rel}","templated":true}]}}