{"id":4413,"date":"2017-01-01T00:00:00","date_gmt":"2016-12-31T23:00:00","guid":{"rendered":"https:\/\/nature-et-developpement.com\/ned-perpignan\/produit\/convertisseur-pour-led-non-variable\/"},"modified":"2026-03-06T15:46:08","modified_gmt":"2026-03-06T14:46:08","slug":"convertisseur-pour-led-non-variable","status":"publish","type":"product","link":"https:\/\/nature-et-developpement.com\/ned-perpignan\/produit\/convertisseur-pour-led-non-variable\/","title":{"rendered":"Convertisseur pour LED non variable"},"content":{"rendered":"<h2>Pour des LED durables<\/h2>\n<p><strong>D\u00e9portez syst\u00e9matiquement vos\u00a0convertisseurs en dehors des plafonds.<\/strong><\/p>\n<p>En effet, lorsque votre\u00a0<strong>spot est \u00e9quip\u00e9 d\u2019une LED de bonne qualit\u00e9<\/strong>\u00a0et que celle-ci est correctement refroidie, cela signifie souvent que\u00a0<strong>tous les risques de panne sont externalis\u00e9s au niveau de l\u2019alimentation.<\/strong><\/p>\n<p>Dans chaque alimentation se trouve une carte \u00e9lectronique.<\/p>\n<p>Nous savons qu\u2019il existe une diff\u00e9rence de temp\u00e9rature entre 10\u00b0C et 25\u00b0C selon les cas entre l\u2019int\u00e9rieur d\u2019un plafond (notamment BBC) et la pi\u00e8ce en dessous.<\/p>\n<p>Faire fonctionner votre alimentation dans la temp\u00e9rature la plus favorable, c\u2019est la garantie qu\u2019elle durera plus longtemps et vous limiterez les risques de panne.<\/p>\n<p>Pour conna\u00eetre les distances possibles, il faut se r\u00e9f\u00e9rer \u00e0 la tension sur la ligne (travail en s\u00e9rie recommand\u00e9).<\/p>\n<h3>CF20M003<\/h3>\n<p>Un convertisseur de courant continu dont la sortie s&rsquo;ajuste en fonction du besoin.<\/p>\n<p>Vous pouvez r\u00e9gler le courant de sortie \u00e0 l&rsquo;aide de switchs. Il faut toujours r\u00e9gler la sortie courant \u00e0 l&rsquo;identique du courant indiqu\u00e9 sur l&rsquo;\u00e9tiquette normative du ou des spots \u00e0 alimenter.<\/p>\n<p>Ses caract\u00e9ristiques techniques sont : alimentation CC fixe, puissance 42W, tension de sortie de 2 \u00e0 44V, ses dimensions 130x42x30.<\/p>\n<p>Cette alimentation est garantie sans flicker.<br \/>\nFabrication europ\u00e9enne.<\/p>\n<h4>CF20M004<\/h4>\n<p>Un convertisseur de courant continu dont la sortie s&rsquo;ajuste en fonction du besoin.<\/p>\n<p>Vous pouvez r\u00e9gler le courant de sortie \u00e0 l&rsquo;aide de switchs. Il faut toujours r\u00e9gler la sortie courant \u00e0 l&rsquo;identique du courant indiqu\u00e9 sur l&rsquo;\u00e9tiquette normative du ou des spots \u00e0 alimenter.<\/p>\n<p>Ses caract\u00e9ristiques techniques sont : alimentation CC fixe, puissance 20W, tension de sortie de 2 \u00e0 54V, ses dimensions 120x52x22.<\/p>\n<p>Cette alimentation est garantie sans flicker.<br \/>\nFabrication europ\u00e9enne.<\/p>\n<h5>CF20M005<\/h5>\n<p>Un convertisseur de courant continu dont la sortie s&rsquo;ajuste en fonction du besoin.<\/p>\n<p>Vous pouvez r\u00e9gler le courant de sortie \u00e0 l&rsquo;aide de switchs. Il faut toujours r\u00e9gler la sortie courant \u00e0 l&rsquo;identique du courant indiqu\u00e9 sur l&rsquo;\u00e9tiquette normative du ou des spots \u00e0 alimenter.<\/p>\n<p>Ses caract\u00e9ristiques techniques sont : alimentation CC fixe, puissance 60W, tension de sortie de 30 \u00e0 85V, ses dimensions 129x76x30.<\/p>\n<p>Fabrication europ\u00e9enne.<\/p>\n","protected":false},"excerpt":{"rendered":"<p><strong>Les convertisseurs pour les LED fonctionnent en d\u00e9livrant un courant stabilis\u00e9 de quelques milliamp\u00e8res.<\/strong><\/p>\n<p>Le premier crit\u00e8re est de v\u00e9rifier que vous s\u00e9lectionnez un convertisseur qui d\u00e9livre le courant qui correspond au spot que vous avez choisi\u00a0: 350, 500 ou 700mA.<\/p>\n","protected":false},"featured_media":1000000158866,"template":"","meta":[],"product_brand":[145],"product_cat":[2497],"product_tag":[],"class_list":{"0":"post-4413","1":"product","2":"type-product","3":"status-publish","4":"has-post-thumbnail","6":"product_brand-fd-eclairage","7":"product_cat-accessoires","8":"product_shipping_class-petit-equipement-outil-eclairage","10":"first","11":"instock","12":"taxable","13":"shipping-taxable","14":"purchasable","15":"product-type-variable"},"yoast_head":"<!-- This site is optimized with the Yoast SEO plugin v27.5 - https:\/\/yoast.com\/product\/yoast-seo-wordpress\/ -->\n<title>Convertisseur pour LED non variable - Nature et D\u00e9veloppement Perpignan<\/title>\n<meta name=\"robots\" content=\"noindex, nofollow\" \/>\n<meta property=\"og:locale\" content=\"fr_FR\" \/>\n<meta property=\"og:type\" content=\"article\" \/>\n<meta property=\"og:title\" content=\"Convertisseur pour LED non variable - Nature et D\u00e9veloppement Perpignan\" \/>\n<meta property=\"og:description\" content=\"Les convertisseurs pour les LED fonctionnent en d\u00e9livrant un courant stabilis\u00e9 de quelques milliamp\u00e8res.  Le premier crit\u00e8re est de v\u00e9rifier que vous s\u00e9lectionnez un convertisseur qui d\u00e9livre le courant qui correspond au spot que vous avez choisi\u00a0: 350, 500 ou 700mA.\" \/>\n<meta property=\"og:url\" content=\"https:\/\/nature-et-developpement.com\/ned-perpignan\/produit\/convertisseur-pour-led-non-variable\/\" \/>\n<meta property=\"og:site_name\" content=\"Nature et D\u00e9veloppement Perpignan\" \/>\n<meta property=\"article:modified_time\" content=\"2026-03-06T14:46:08+00:00\" \/>\n<meta name=\"twitter:card\" content=\"summary_large_image\" \/>\n<meta name=\"twitter:label1\" content=\"Dur\u00e9e de lecture estim\u00e9e\" \/>\n\t<meta name=\"twitter:data1\" content=\"1 minute\" \/>\n<script type=\"application\/ld+json\" class=\"yoast-schema-graph\">{\"@context\":\"https:\\\/\\\/schema.org\",\"@graph\":[{\"@type\":\"WebPage\",\"@id\":\"https:\\\/\\\/nature-et-developpement.com\\\/ned-perpignan\\\/produit\\\/convertisseur-pour-led-non-variable\\\/\",\"url\":\"https:\\\/\\\/nature-et-developpement.com\\\/ned-perpignan\\\/produit\\\/convertisseur-pour-led-non-variable\\\/\",\"name\":\"Convertisseur pour LED non variable - Nature et D\u00e9veloppement Perpignan\",\"isPartOf\":{\"@id\":\"https:\\\/\\\/nature-et-developpement.com\\\/ned-perpignan\\\/#website\"},\"primaryImageOfPage\":{\"@id\":\"https:\\\/\\\/nature-et-developpement.com\\\/ned-perpignan\\\/produit\\\/convertisseur-pour-led-non-variable\\\/#primaryimage\"},\"image\":{\"@id\":\"https:\\\/\\\/nature-et-developpement.com\\\/ned-perpignan\\\/produit\\\/convertisseur-pour-led-non-variable\\\/#primaryimage\"},\"thumbnailUrl\":\"https:\\\/\\\/nature-et-developpement.com\\\/ned-perpignan\\\/wp-content\\\/uploads\\\/CONVERTISSEUR-CF20M004.jpg\",\"datePublished\":\"2016-12-31T23:00:00+00:00\",\"dateModified\":\"2026-03-06T14:46:08+00:00\",\"breadcrumb\":{\"@id\":\"https:\\\/\\\/nature-et-developpement.com\\\/ned-perpignan\\\/produit\\\/convertisseur-pour-led-non-variable\\\/#breadcrumb\"},\"inLanguage\":\"fr-FR\",\"potentialAction\":[{\"@type\":\"ReadAction\",\"target\":[\"https:\\\/\\\/nature-et-developpement.com\\\/ned-perpignan\\\/produit\\\/convertisseur-pour-led-non-variable\\\/\"]}]},{\"@type\":\"ImageObject\",\"inLanguage\":\"fr-FR\",\"@id\":\"https:\\\/\\\/nature-et-developpement.com\\\/ned-perpignan\\\/produit\\\/convertisseur-pour-led-non-variable\\\/#primaryimage\",\"url\":\"https:\\\/\\\/nature-et-developpement.com\\\/ned-perpignan\\\/wp-content\\\/uploads\\\/CONVERTISSEUR-CF20M004.jpg\",\"contentUrl\":\"https:\\\/\\\/nature-et-developpement.com\\\/ned-perpignan\\\/wp-content\\\/uploads\\\/CONVERTISSEUR-CF20M004.jpg\"},{\"@type\":\"BreadcrumbList\",\"@id\":\"https:\\\/\\\/nature-et-developpement.com\\\/ned-perpignan\\\/produit\\\/convertisseur-pour-led-non-variable\\\/#breadcrumb\",\"itemListElement\":[{\"@type\":\"ListItem\",\"position\":1,\"name\":\"Accueil\",\"item\":\"https:\\\/\\\/nature-et-developpement.com\\\/ned-perpignan\\\/\"},{\"@type\":\"ListItem\",\"position\":2,\"name\":\"Boutique\",\"item\":\"https:\\\/\\\/nature-et-developpement.com\\\/ned-perpignan\\\/boutique\\\/\"},{\"@type\":\"ListItem\",\"position\":3,\"name\":\"Chauffage, eau et \u00e9nergie\",\"item\":\"https:\\\/\\\/nature-et-developpement.com\\\/ned-perpignan\\\/produits\\\/energie-et-ventilation\\\/\"},{\"@type\":\"ListItem\",\"position\":4,\"name\":\"Accessoires\",\"item\":\"https:\\\/\\\/nature-et-developpement.com\\\/ned-perpignan\\\/produits\\\/energie-et-ventilation\\\/accessoires\\\/\"},{\"@type\":\"ListItem\",\"position\":5,\"name\":\"Convertisseur pour LED non variable\"}]},{\"@type\":\"WebSite\",\"@id\":\"https:\\\/\\\/nature-et-developpement.com\\\/ned-perpignan\\\/#website\",\"url\":\"https:\\\/\\\/nature-et-developpement.com\\\/ned-perpignan\\\/\",\"name\":\"Nature et D\u00e9veloppement Perpignan\",\"description\":\"Solutions, mat\u00e9riaux et d\u00e9coration \u00e9co-responsables pour les pros et les particuliers.\",\"potentialAction\":[{\"@type\":\"SearchAction\",\"target\":{\"@type\":\"EntryPoint\",\"urlTemplate\":\"https:\\\/\\\/nature-et-developpement.com\\\/ned-perpignan\\\/?s={search_term_string}\"},\"query-input\":{\"@type\":\"PropertyValueSpecification\",\"valueRequired\":true,\"valueName\":\"search_term_string\"}}],\"inLanguage\":\"fr-FR\"}]}<\/script>\n<!-- \/ Yoast SEO plugin. -->","yoast_head_json":{"title":"Convertisseur pour LED non variable - Nature et D\u00e9veloppement Perpignan","robots":{"index":"noindex","follow":"nofollow"},"og_locale":"fr_FR","og_type":"article","og_title":"Convertisseur pour LED non variable - Nature et D\u00e9veloppement Perpignan","og_description":"Les convertisseurs pour les LED fonctionnent en d\u00e9livrant un courant stabilis\u00e9 de quelques milliamp\u00e8res.  Le premier crit\u00e8re est de v\u00e9rifier que vous s\u00e9lectionnez un convertisseur qui d\u00e9livre le courant qui correspond au spot que vous avez choisi\u00a0: 350, 500 ou 700mA.","og_url":"https:\/\/nature-et-developpement.com\/ned-perpignan\/produit\/convertisseur-pour-led-non-variable\/","og_site_name":"Nature et D\u00e9veloppement Perpignan","article_modified_time":"2026-03-06T14:46:08+00:00","twitter_card":"summary_large_image","twitter_misc":{"Dur\u00e9e de lecture estim\u00e9e":"1 minute"},"schema":{"@context":"https:\/\/schema.org","@graph":[{"@type":"WebPage","@id":"https:\/\/nature-et-developpement.com\/ned-perpignan\/produit\/convertisseur-pour-led-non-variable\/","url":"https:\/\/nature-et-developpement.com\/ned-perpignan\/produit\/convertisseur-pour-led-non-variable\/","name":"Convertisseur pour LED non variable - Nature et D\u00e9veloppement Perpignan","isPartOf":{"@id":"https:\/\/nature-et-developpement.com\/ned-perpignan\/#website"},"primaryImageOfPage":{"@id":"https:\/\/nature-et-developpement.com\/ned-perpignan\/produit\/convertisseur-pour-led-non-variable\/#primaryimage"},"image":{"@id":"https:\/\/nature-et-developpement.com\/ned-perpignan\/produit\/convertisseur-pour-led-non-variable\/#primaryimage"},"thumbnailUrl":"https:\/\/nature-et-developpement.com\/ned-perpignan\/wp-content\/uploads\/CONVERTISSEUR-CF20M004.jpg","datePublished":"2016-12-31T23:00:00+00:00","dateModified":"2026-03-06T14:46:08+00:00","breadcrumb":{"@id":"https:\/\/nature-et-developpement.com\/ned-perpignan\/produit\/convertisseur-pour-led-non-variable\/#breadcrumb"},"inLanguage":"fr-FR","potentialAction":[{"@type":"ReadAction","target":["https:\/\/nature-et-developpement.com\/ned-perpignan\/produit\/convertisseur-pour-led-non-variable\/"]}]},{"@type":"ImageObject","inLanguage":"fr-FR","@id":"https:\/\/nature-et-developpement.com\/ned-perpignan\/produit\/convertisseur-pour-led-non-variable\/#primaryimage","url":"https:\/\/nature-et-developpement.com\/ned-perpignan\/wp-content\/uploads\/CONVERTISSEUR-CF20M004.jpg","contentUrl":"https:\/\/nature-et-developpement.com\/ned-perpignan\/wp-content\/uploads\/CONVERTISSEUR-CF20M004.jpg"},{"@type":"BreadcrumbList","@id":"https:\/\/nature-et-developpement.com\/ned-perpignan\/produit\/convertisseur-pour-led-non-variable\/#breadcrumb","itemListElement":[{"@type":"ListItem","position":1,"name":"Accueil","item":"https:\/\/nature-et-developpement.com\/ned-perpignan\/"},{"@type":"ListItem","position":2,"name":"Boutique","item":"https:\/\/nature-et-developpement.com\/ned-perpignan\/boutique\/"},{"@type":"ListItem","position":3,"name":"Chauffage, eau et \u00e9nergie","item":"https:\/\/nature-et-developpement.com\/ned-perpignan\/produits\/energie-et-ventilation\/"},{"@type":"ListItem","position":4,"name":"Accessoires","item":"https:\/\/nature-et-developpement.com\/ned-perpignan\/produits\/energie-et-ventilation\/accessoires\/"},{"@type":"ListItem","position":5,"name":"Convertisseur pour LED non variable"}]},{"@type":"WebSite","@id":"https:\/\/nature-et-developpement.com\/ned-perpignan\/#website","url":"https:\/\/nature-et-developpement.com\/ned-perpignan\/","name":"Nature et D\u00e9veloppement Perpignan","description":"Solutions, mat\u00e9riaux et d\u00e9coration \u00e9co-responsables pour les pros et les particuliers.","potentialAction":[{"@type":"SearchAction","target":{"@type":"EntryPoint","urlTemplate":"https:\/\/nature-et-developpement.com\/ned-perpignan\/?s={search_term_string}"},"query-input":{"@type":"PropertyValueSpecification","valueRequired":true,"valueName":"search_term_string"}}],"inLanguage":"fr-FR"}]}},"distributor_meta":false,"distributor_terms":false,"distributor_media":false,"distributor_original_site_name":"Nature et D\u00e9veloppement Perpignan","distributor_original_site_url":"https:\/\/nature-et-developpement.com\/ned-perpignan","push-errors":false,"_links":{"self":[{"href":"https:\/\/nature-et-developpement.com\/ned-perpignan\/wp-json\/wp\/v2\/product\/4413","targetHints":{"allow":["GET"]}}],"collection":[{"href":"https:\/\/nature-et-developpement.com\/ned-perpignan\/wp-json\/wp\/v2\/product"}],"about":[{"href":"https:\/\/nature-et-developpement.com\/ned-perpignan\/wp-json\/wp\/v2\/types\/product"}],"wp:featuredmedia":[{"embeddable":true,"href":"https:\/\/nature-et-developpement.com\/ned-perpignan\/wp-json\/"}],"wp:attachment":[{"href":"https:\/\/nature-et-developpement.com\/ned-perpignan\/wp-json\/wp\/v2\/media?parent=4413"}],"wp:term":[{"taxonomy":"product_brand","embeddable":true,"href":"https:\/\/nature-et-developpement.com\/ned-perpignan\/wp-json\/wp\/v2\/product_brand?post=4413"},{"taxonomy":"product_cat","embeddable":true,"href":"https:\/\/nature-et-developpement.com\/ned-perpignan\/wp-json\/wp\/v2\/product_cat?post=4413"},{"taxonomy":"product_tag","embeddable":true,"href":"https:\/\/nature-et-developpement.com\/ned-perpignan\/wp-json\/wp\/v2\/product_tag?post=4413"}],"curies":[{"name":"wp","href":"https:\/\/api.w.org\/{rel}","templated":true}]}}