{"id":4655,"date":"2023-07-05T10:21:45","date_gmt":"2023-07-05T08:21:45","guid":{"rendered":"https:\/\/nature-et-developpement.com\/ned-perpignan\/produit\/polisseuse-excentrique-sur-batterie-180-v-xfe-15-150-18-0-ec-5-0-de-flex\/"},"modified":"2025-09-17T16:40:53","modified_gmt":"2025-09-17T14:40:53","slug":"polisseuse-excentrique-sur-batterie-180-v-xfe-15-150-18-0-ec-5-0-de-flex","status":"publish","type":"product","link":"https:\/\/nature-et-developpement.com\/ned-perpignan\/produit\/polisseuse-excentrique-sur-batterie-180-v-xfe-15-150-18-0-ec-5-0-de-flex\/","title":{"rendered":"Polisseuse excentrique sur batterie 18,0 V XFE 15 150 18.0-EC\/5.0 de FLEX"},"content":{"rendered":"<h2>Polisseuse excentrique sur batterie 18,0 V de FLEX &#8211; Polissage professionnel sans effort<\/h2>\n<p>La polisseuse excentrique sur batterie 18,0 V de FLEX est le choix id\u00e9al pour les amateurs de bricolage.<\/p>\n<p>Avec son design innovant et ses caract\u00e9ristiques techniques avanc\u00e9es, cette polisseuse vous permet d&rsquo;obtenir des r\u00e9sultats de qualit\u00e9 professionnelle.<\/p>\n<p>Dot\u00e9e d&rsquo;une course orbitale de 15 mm, cette polisseuse offre une finition sans hologrammes, gr\u00e2ce \u00e0 son entra\u00eenement \u00e0 roue libre.<\/p>\n<p>Vous pouvez ainsi obtenir une surface lisse et brillante, sans laisser de traces ind\u00e9sirables.<\/p>\n<h3>Conception sp\u00e9ciale<\/h3>\n<p>Elle s&rsquo;adapte aux peintures sensibles aux temp\u00e9ratures fait de cette polisseuse un choix s\u00fbr pour tous vos projets.<\/p>\n<p>Vous pouvez l&rsquo;utiliser en toute confiance, sans risquer d&rsquo;endommager vos surfaces d\u00e9licates.<\/p>\n<p>Le moteur sans balais de la polisseuse excentrique FLEX offre un rendement am\u00e9lior\u00e9 et une long\u00e9vit\u00e9 accrue.<\/p>\n<p>De plus, l&rsquo;interrupteur d&rsquo;acc\u00e9l\u00e9ration permet un d\u00e9marrage en douceur et un arr\u00eat pour le fonctionnement continu, ce qui vous offre un contr\u00f4le total sur votre travail.<\/p>\n<p>Gr\u00e2ce \u00e0 son syst\u00e8me de gestion \u00e9lectronique (EMS), cette polisseuse est prot\u00e9g\u00e9e contre les surcharges, ce qui prolonge sa dur\u00e9e de vie et augmente son rendement.<\/p>\n<p>Vous pouvez donc l&rsquo;utiliser en toute tranquillit\u00e9 d&rsquo;esprit, en sachant qu&rsquo;elle est con\u00e7ue pour durer.<\/p>\n<p>La t\u00eate de r\u00e9duction plate de la polisseuse excentrique FLEX r\u00e9duit la distance par rapport \u00e0 la surface, ce qui vous permet de la guider en toute s\u00e9curit\u00e9 dans toutes les situations.<\/p>\n<p>De plus, son plateau velcro amorti sp\u00e9cial offre une adh\u00e9rence optimale, assurant ainsi un travail pr\u00e9cis et de qualit\u00e9.<\/p>\n<p>La coquille \u00e0 poign\u00e9e de forme ergonomique, avec SoftGrip, offre un confort optimal lors de l&rsquo;utilisation de la polisseuse.<\/p>\n<p>Vous pouvez la guider avec pr\u00e9cision et elle tient agr\u00e9ablement et en toute s\u00e9curit\u00e9 dans votre main.<\/p>\n<p>Le syst\u00e8me de refroidissement optimis\u00e9 de la polisseuse garantit le meilleur effet de refroidissement possible du moteur et de la transmission.<\/p>\n<p>Vous n&rsquo;aurez donc pas \u00e0 vous soucier d&rsquo;un air d&rsquo;\u00e9chappement perturbateur lors de votre travail.<\/p>\n<p>Gr\u00e2ce \u00e0 l&rsquo;affichage LED de la capacit\u00e9 de la batterie, vous savez toujours combien de temps il vous reste avant de devoir recharger.<\/p>\n<p>Et avec le syst\u00e8me accu FLEX, qui fonctionne avec des accus FLEX 18,0 V, vous avez une source d&rsquo;\u00e9nergie fiable.<\/p>\n<p>Optimisez votre travail de polissage tout en pr\u00e9servant la plan\u00e8te avec la polisseuse excentrique sur batterie 18,0 V de FLEX.<\/p>\n<p>D\u00e9couvrez la diff\u00e9rence qu&rsquo;elle peut apporter \u00e0 vos projets de r\u00e9novation et de bricolage<\/p>\n<div role=\"button\" aria-controls=\"collapsible-content-Y8oJ5Qzi61BeGp26GbVNd\" aria-expanded=\"true\"><\/div>\n<h4 id=\"collapsible-pane-Y8oJ5Qzi61BeGp26GbVNd\" role=\"button\" aria-controls=\"collapsible-content-Y8oJ5Qzi61BeGp26GbVNd\" aria-expanded=\"true\">CARACT\u00c9RISTIQUES TECHNIQUES<\/h4>\n<div id=\"collapsible-content-Y8oJ5Qzi61BeGp26GbVNd\" class=\"collapsible-content\" role=\"region\" aria-labelledby=\"collapsible-pane-Y8oJ5Qzi61BeGp26GbVNd\">\n<table class=\"technical-data\">\n<tbody>\n<tr>\n<th>Tension de batterie<\/th>\n<td>18,0 V<\/td>\n<\/tr>\n<tr>\n<th>Capacit\u00e9 de batterie<\/th>\n<td>2,5 \/ 5,0 \/ 8,0 Ah<\/td>\n<\/tr>\n<tr>\n<th>Taille max. du corps de polissage<\/th>\n<td>160 mm<\/td>\n<\/tr>\n<tr>\n<th>Taille max. du plateau support<\/th>\n<td>150 mm<\/td>\n<\/tr>\n<tr>\n<th>Course de polissage<\/th>\n<td>15 mm<\/td>\n<\/tr>\n<tr>\n<th>Vitesse de rotation \u00e0 vide<\/th>\n<td>2300 &#8211; 3800 tr\/min<\/td>\n<\/tr>\n<tr>\n<th>Vitesse de cycle \u00e0 vide<\/th>\n<td>4600 &#8211; 7600 tr\/min<\/td>\n<\/tr>\n<tr>\n<th>Nombre de batteries fournies<\/th>\n<td>2 pi\u00e8ces<\/td>\n<\/tr>\n<tr>\n<th>Avec chargeur<\/th>\n<td>Oui<\/td>\n<\/tr>\n<tr>\n<th>Dimension LxlxH<\/th>\n<td>370 x 85 x 140 mm<\/td>\n<\/tr>\n<tr>\n<th>Poids sans batterie<\/th>\n<td>2,1 kg<\/td>\n<\/tr>\n<\/tbody>\n<\/table>\n<\/div>\n","protected":false},"excerpt":{"rendered":"<p>D\u00e9couvrez la polisseuse excentrique sur batterie 18,0 V de FLEX, l&rsquo;outil id\u00e9al pour des finitions impeccables.<br \/>\nElle offre une technologie avanc\u00e9e pour des r\u00e9sultats professionnels.<br \/>\n<img loading=\"lazy\" decoding=\"async\" class=\"alignnone size-full wp-image-173321\" src=\"https:\/\/nature-et-developpement.com\/wp-content\/uploads\/Polisseuse-18V-1picto-garantie-flex.png\" alt=\"\" width=\"400\" height=\"392\" \/><\/p>\n","protected":false},"featured_media":1000000172321,"template":"","meta":[],"product_brand":[148],"product_cat":[96,2496],"product_tag":[2692],"class_list":{"0":"post-4655","1":"product","2":"type-product","3":"status-publish","4":"has-post-thumbnail","6":"product_brand-flex","7":"product_cat-outillage","8":"product_cat-outillage-peinture-et-enduit","9":"product_tag-flex","10":"product_shipping_class-petit-equipement-outil-eclairage","12":"first","13":"instock","14":"taxable","15":"shipping-taxable","16":"purchasable","17":"product-type-variable"},"yoast_head":"<!-- This site is optimized with the Yoast SEO plugin v27.5 - https:\/\/yoast.com\/product\/yoast-seo-wordpress\/ -->\n<title>Polisseuse excentrique sur batterie 18V de FLEX<\/title>\n<meta name=\"description\" content=\"Outil id\u00e9al pour des finitions impeccables. Une technologie avanc\u00e9e pour des r\u00e9sultats professionnels. Disponible \u00e0 la location\" \/>\n<meta name=\"robots\" content=\"noindex, nofollow\" \/>\n<meta property=\"og:locale\" content=\"fr_FR\" \/>\n<meta property=\"og:type\" content=\"article\" \/>\n<meta property=\"og:title\" content=\"Polisseuse excentrique sur batterie 18V de FLEX\" \/>\n<meta property=\"og:description\" content=\"Outil id\u00e9al pour des finitions impeccables. Une technologie avanc\u00e9e pour des r\u00e9sultats professionnels. Disponible \u00e0 la location\" \/>\n<meta property=\"og:url\" content=\"https:\/\/nature-et-developpement.com\/ned-perpignan\/produit\/polisseuse-excentrique-sur-batterie-180-v-xfe-15-150-18-0-ec-5-0-de-flex\/\" \/>\n<meta property=\"og:site_name\" content=\"Nature et D\u00e9veloppement Perpignan\" \/>\n<meta property=\"article:modified_time\" content=\"2025-09-17T14:40:53+00:00\" \/>\n<meta name=\"twitter:card\" content=\"summary_large_image\" \/>\n<meta name=\"twitter:label1\" content=\"Dur\u00e9e de lecture estim\u00e9e\" \/>\n\t<meta name=\"twitter:data1\" content=\"2 minutes\" \/>\n<script type=\"application\/ld+json\" class=\"yoast-schema-graph\">{\"@context\":\"https:\\\/\\\/schema.org\",\"@graph\":[{\"@type\":\"WebPage\",\"@id\":\"https:\\\/\\\/nature-et-developpement.com\\\/ned-perpignan\\\/produit\\\/polisseuse-excentrique-sur-batterie-180-v-xfe-15-150-18-0-ec-5-0-de-flex\\\/\",\"url\":\"https:\\\/\\\/nature-et-developpement.com\\\/ned-perpignan\\\/produit\\\/polisseuse-excentrique-sur-batterie-180-v-xfe-15-150-18-0-ec-5-0-de-flex\\\/\",\"name\":\"Polisseuse excentrique sur batterie 18V de FLEX\",\"isPartOf\":{\"@id\":\"https:\\\/\\\/nature-et-developpement.com\\\/ned-perpignan\\\/#website\"},\"primaryImageOfPage\":{\"@id\":\"https:\\\/\\\/nature-et-developpement.com\\\/ned-perpignan\\\/produit\\\/polisseuse-excentrique-sur-batterie-180-v-xfe-15-150-18-0-ec-5-0-de-flex\\\/#primaryimage\"},\"image\":{\"@id\":\"https:\\\/\\\/nature-et-developpement.com\\\/ned-perpignan\\\/produit\\\/polisseuse-excentrique-sur-batterie-180-v-xfe-15-150-18-0-ec-5-0-de-flex\\\/#primaryimage\"},\"thumbnailUrl\":\"https:\\\/\\\/nature-et-developpement.com\\\/ned-perpignan\\\/wp-content\\\/uploads\\\/Polisseuse-XFE-15-150-18.0-EC-5.0-Set-Reference-418099-FLEX.jpg\",\"datePublished\":\"2023-07-05T08:21:45+00:00\",\"dateModified\":\"2025-09-17T14:40:53+00:00\",\"description\":\"Outil id\u00e9al pour des finitions impeccables. Une technologie avanc\u00e9e pour des r\u00e9sultats professionnels. Disponible \u00e0 la location\",\"breadcrumb\":{\"@id\":\"https:\\\/\\\/nature-et-developpement.com\\\/ned-perpignan\\\/produit\\\/polisseuse-excentrique-sur-batterie-180-v-xfe-15-150-18-0-ec-5-0-de-flex\\\/#breadcrumb\"},\"inLanguage\":\"fr-FR\",\"potentialAction\":[{\"@type\":\"ReadAction\",\"target\":[\"https:\\\/\\\/nature-et-developpement.com\\\/ned-perpignan\\\/produit\\\/polisseuse-excentrique-sur-batterie-180-v-xfe-15-150-18-0-ec-5-0-de-flex\\\/\"]}]},{\"@type\":\"ImageObject\",\"inLanguage\":\"fr-FR\",\"@id\":\"https:\\\/\\\/nature-et-developpement.com\\\/ned-perpignan\\\/produit\\\/polisseuse-excentrique-sur-batterie-180-v-xfe-15-150-18-0-ec-5-0-de-flex\\\/#primaryimage\",\"url\":\"https:\\\/\\\/nature-et-developpement.com\\\/ned-perpignan\\\/wp-content\\\/uploads\\\/Polisseuse-XFE-15-150-18.0-EC-5.0-Set-Reference-418099-FLEX.jpg\",\"contentUrl\":\"https:\\\/\\\/nature-et-developpement.com\\\/ned-perpignan\\\/wp-content\\\/uploads\\\/Polisseuse-XFE-15-150-18.0-EC-5.0-Set-Reference-418099-FLEX.jpg\"},{\"@type\":\"BreadcrumbList\",\"@id\":\"https:\\\/\\\/nature-et-developpement.com\\\/ned-perpignan\\\/produit\\\/polisseuse-excentrique-sur-batterie-180-v-xfe-15-150-18-0-ec-5-0-de-flex\\\/#breadcrumb\",\"itemListElement\":[{\"@type\":\"ListItem\",\"position\":1,\"name\":\"Accueil\",\"item\":\"https:\\\/\\\/nature-et-developpement.com\\\/ned-perpignan\\\/\"},{\"@type\":\"ListItem\",\"position\":2,\"name\":\"Boutique\",\"item\":\"https:\\\/\\\/nature-et-developpement.com\\\/ned-perpignan\\\/boutique\\\/\"},{\"@type\":\"ListItem\",\"position\":3,\"name\":\"Droguerie et outils\",\"item\":\"https:\\\/\\\/nature-et-developpement.com\\\/ned-perpignan\\\/produits\\\/droguerie-et-outils\\\/\"},{\"@type\":\"ListItem\",\"position\":4,\"name\":\"Outillage\",\"item\":\"https:\\\/\\\/nature-et-developpement.com\\\/ned-perpignan\\\/produits\\\/droguerie-et-outils\\\/outillage\\\/\"},{\"@type\":\"ListItem\",\"position\":5,\"name\":\"Polisseuse excentrique sur batterie 18,0 V XFE 15 150 18.0-EC\\\/5.0 de FLEX\"}]},{\"@type\":\"WebSite\",\"@id\":\"https:\\\/\\\/nature-et-developpement.com\\\/ned-perpignan\\\/#website\",\"url\":\"https:\\\/\\\/nature-et-developpement.com\\\/ned-perpignan\\\/\",\"name\":\"Nature et D\u00e9veloppement Perpignan\",\"description\":\"Solutions, mat\u00e9riaux et d\u00e9coration \u00e9co-responsables pour les pros et les particuliers.\",\"potentialAction\":[{\"@type\":\"SearchAction\",\"target\":{\"@type\":\"EntryPoint\",\"urlTemplate\":\"https:\\\/\\\/nature-et-developpement.com\\\/ned-perpignan\\\/?s={search_term_string}\"},\"query-input\":{\"@type\":\"PropertyValueSpecification\",\"valueRequired\":true,\"valueName\":\"search_term_string\"}}],\"inLanguage\":\"fr-FR\"}]}<\/script>\n<!-- \/ Yoast SEO plugin. -->","yoast_head_json":{"title":"Polisseuse excentrique sur batterie 18V de FLEX","description":"Outil id\u00e9al pour des finitions impeccables. Une technologie avanc\u00e9e pour des r\u00e9sultats professionnels. Disponible \u00e0 la location","robots":{"index":"noindex","follow":"nofollow"},"og_locale":"fr_FR","og_type":"article","og_title":"Polisseuse excentrique sur batterie 18V de FLEX","og_description":"Outil id\u00e9al pour des finitions impeccables. Une technologie avanc\u00e9e pour des r\u00e9sultats professionnels. Disponible \u00e0 la location","og_url":"https:\/\/nature-et-developpement.com\/ned-perpignan\/produit\/polisseuse-excentrique-sur-batterie-180-v-xfe-15-150-18-0-ec-5-0-de-flex\/","og_site_name":"Nature et D\u00e9veloppement Perpignan","article_modified_time":"2025-09-17T14:40:53+00:00","twitter_card":"summary_large_image","twitter_misc":{"Dur\u00e9e de lecture estim\u00e9e":"2 minutes"},"schema":{"@context":"https:\/\/schema.org","@graph":[{"@type":"WebPage","@id":"https:\/\/nature-et-developpement.com\/ned-perpignan\/produit\/polisseuse-excentrique-sur-batterie-180-v-xfe-15-150-18-0-ec-5-0-de-flex\/","url":"https:\/\/nature-et-developpement.com\/ned-perpignan\/produit\/polisseuse-excentrique-sur-batterie-180-v-xfe-15-150-18-0-ec-5-0-de-flex\/","name":"Polisseuse excentrique sur batterie 18V de FLEX","isPartOf":{"@id":"https:\/\/nature-et-developpement.com\/ned-perpignan\/#website"},"primaryImageOfPage":{"@id":"https:\/\/nature-et-developpement.com\/ned-perpignan\/produit\/polisseuse-excentrique-sur-batterie-180-v-xfe-15-150-18-0-ec-5-0-de-flex\/#primaryimage"},"image":{"@id":"https:\/\/nature-et-developpement.com\/ned-perpignan\/produit\/polisseuse-excentrique-sur-batterie-180-v-xfe-15-150-18-0-ec-5-0-de-flex\/#primaryimage"},"thumbnailUrl":"https:\/\/nature-et-developpement.com\/ned-perpignan\/wp-content\/uploads\/Polisseuse-XFE-15-150-18.0-EC-5.0-Set-Reference-418099-FLEX.jpg","datePublished":"2023-07-05T08:21:45+00:00","dateModified":"2025-09-17T14:40:53+00:00","description":"Outil id\u00e9al pour des finitions impeccables. Une technologie avanc\u00e9e pour des r\u00e9sultats professionnels. Disponible \u00e0 la location","breadcrumb":{"@id":"https:\/\/nature-et-developpement.com\/ned-perpignan\/produit\/polisseuse-excentrique-sur-batterie-180-v-xfe-15-150-18-0-ec-5-0-de-flex\/#breadcrumb"},"inLanguage":"fr-FR","potentialAction":[{"@type":"ReadAction","target":["https:\/\/nature-et-developpement.com\/ned-perpignan\/produit\/polisseuse-excentrique-sur-batterie-180-v-xfe-15-150-18-0-ec-5-0-de-flex\/"]}]},{"@type":"ImageObject","inLanguage":"fr-FR","@id":"https:\/\/nature-et-developpement.com\/ned-perpignan\/produit\/polisseuse-excentrique-sur-batterie-180-v-xfe-15-150-18-0-ec-5-0-de-flex\/#primaryimage","url":"https:\/\/nature-et-developpement.com\/ned-perpignan\/wp-content\/uploads\/Polisseuse-XFE-15-150-18.0-EC-5.0-Set-Reference-418099-FLEX.jpg","contentUrl":"https:\/\/nature-et-developpement.com\/ned-perpignan\/wp-content\/uploads\/Polisseuse-XFE-15-150-18.0-EC-5.0-Set-Reference-418099-FLEX.jpg"},{"@type":"BreadcrumbList","@id":"https:\/\/nature-et-developpement.com\/ned-perpignan\/produit\/polisseuse-excentrique-sur-batterie-180-v-xfe-15-150-18-0-ec-5-0-de-flex\/#breadcrumb","itemListElement":[{"@type":"ListItem","position":1,"name":"Accueil","item":"https:\/\/nature-et-developpement.com\/ned-perpignan\/"},{"@type":"ListItem","position":2,"name":"Boutique","item":"https:\/\/nature-et-developpement.com\/ned-perpignan\/boutique\/"},{"@type":"ListItem","position":3,"name":"Droguerie et outils","item":"https:\/\/nature-et-developpement.com\/ned-perpignan\/produits\/droguerie-et-outils\/"},{"@type":"ListItem","position":4,"name":"Outillage","item":"https:\/\/nature-et-developpement.com\/ned-perpignan\/produits\/droguerie-et-outils\/outillage\/"},{"@type":"ListItem","position":5,"name":"Polisseuse excentrique sur batterie 18,0 V XFE 15 150 18.0-EC\/5.0 de FLEX"}]},{"@type":"WebSite","@id":"https:\/\/nature-et-developpement.com\/ned-perpignan\/#website","url":"https:\/\/nature-et-developpement.com\/ned-perpignan\/","name":"Nature et D\u00e9veloppement Perpignan","description":"Solutions, mat\u00e9riaux et d\u00e9coration \u00e9co-responsables pour les pros et les particuliers.","potentialAction":[{"@type":"SearchAction","target":{"@type":"EntryPoint","urlTemplate":"https:\/\/nature-et-developpement.com\/ned-perpignan\/?s={search_term_string}"},"query-input":{"@type":"PropertyValueSpecification","valueRequired":true,"valueName":"search_term_string"}}],"inLanguage":"fr-FR"}]}},"distributor_meta":false,"distributor_terms":false,"distributor_media":false,"distributor_original_site_name":"Nature et D\u00e9veloppement Perpignan","distributor_original_site_url":"https:\/\/nature-et-developpement.com\/ned-perpignan","push-errors":false,"_links":{"self":[{"href":"https:\/\/nature-et-developpement.com\/ned-perpignan\/wp-json\/wp\/v2\/product\/4655","targetHints":{"allow":["GET"]}}],"collection":[{"href":"https:\/\/nature-et-developpement.com\/ned-perpignan\/wp-json\/wp\/v2\/product"}],"about":[{"href":"https:\/\/nature-et-developpement.com\/ned-perpignan\/wp-json\/wp\/v2\/types\/product"}],"wp:featuredmedia":[{"embeddable":true,"href":"https:\/\/nature-et-developpement.com\/ned-perpignan\/wp-json\/"}],"wp:attachment":[{"href":"https:\/\/nature-et-developpement.com\/ned-perpignan\/wp-json\/wp\/v2\/media?parent=4655"}],"wp:term":[{"taxonomy":"product_brand","embeddable":true,"href":"https:\/\/nature-et-developpement.com\/ned-perpignan\/wp-json\/wp\/v2\/product_brand?post=4655"},{"taxonomy":"product_cat","embeddable":true,"href":"https:\/\/nature-et-developpement.com\/ned-perpignan\/wp-json\/wp\/v2\/product_cat?post=4655"},{"taxonomy":"product_tag","embeddable":true,"href":"https:\/\/nature-et-developpement.com\/ned-perpignan\/wp-json\/wp\/v2\/product_tag?post=4655"}],"curies":[{"name":"wp","href":"https:\/\/api.w.org\/{rel}","templated":true}]}}