{"id":498,"date":"2020-03-20T00:00:00","date_gmt":"2020-03-19T23:00:00","guid":{"rendered":"https:\/\/nature-et-developpement.com\/ned-perpignan\/produit\/echantillon-meister-lc-55\/"},"modified":"2025-06-17T14:56:40","modified_gmt":"2025-06-17T12:56:40","slug":"echantillon-meister-lc-55","status":"publish","type":"product","link":"https:\/\/nature-et-developpement.com\/ned-perpignan\/produit\/echantillon-meister-lc-55\/","title":{"rendered":"\u00c9chantillon MEISTER LC 55"},"content":{"rendered":"<h4>&#8230;Vous h\u00e9sitez?<\/h4>\n<p>Choisissez et commandez vos \u00e9chantillons, dans les accessoires (en bas de page) ou dans le moteur de recherche (en haut \u00e0 gauche) et recevez-les chez vous pour seulement 2,40\u20ac par \u00e9chantillon.<\/p>\n<p><span style=\"text-decoration: underline\"><span style=\"color: #218e53\"><strong>Votre commande sera\u00a0d\u00e9duite\u00a0de votre prochain achat de parquet MEISTER.<\/strong><\/span><\/span><\/p>\n","protected":false},"excerpt":{"rendered":"<p>Commandez d\u00e8s aujourd&rsquo;hui vos Choix de parquets&#8230;<\/p>\n<p>Chaque \u00e9chantillon mesure environ 18cm, de v\u00e9ritable produit.<\/p>\n<p>Un forfait de 15\u20ac de livraison sera appliqu\u00e9 par tranche de 5 \u00e9chantillons.<\/p>\n<p><a href=\"https:\/\/meister.esignserver3.com\/gallery.do\" target=\"_blank\" rel=\"noopener\">AVEC UNE PHOTO DE CHEZ VOUS, TESTEZ-LE DANS VOTRE INT\u00c9RIEUR<\/a><\/p>\n","protected":false},"featured_media":1000000157395,"template":"","meta":[],"product_brand":[3080],"product_cat":[103],"product_tag":[],"class_list":{"0":"post-498","1":"product","2":"type-product","3":"status-publish","4":"has-post-thumbnail","6":"product_brand-meister-echantillon","7":"product_cat-plinthes-et-accessoires","8":"product_shipping_class-echantillion-meister","10":"first","11":"instock","12":"taxable","13":"shipping-taxable","14":"purchasable","15":"product-type-variable"},"yoast_head":"<!-- This site is optimized with the Yoast SEO plugin v27.5 - https:\/\/yoast.com\/product\/yoast-seo-wordpress\/ -->\n<title>\u00c9chantillon MEISTER LC 55 - Nature et D\u00e9veloppement Perpignan<\/title>\n<meta name=\"robots\" content=\"noindex, follow\" \/>\n<meta property=\"og:locale\" content=\"fr_FR\" \/>\n<meta property=\"og:type\" content=\"article\" \/>\n<meta property=\"og:title\" content=\"\u00c9chantillon MEISTER LC 55 - Nature et D\u00e9veloppement Perpignan\" \/>\n<meta property=\"og:description\" content=\"Commandez d\u00e8s aujourd&#039;hui vos Choix de parquets...  Chaque \u00e9chantillon mesure environ 18cm, de v\u00e9ritable produit.  Un forfait de 15\u20ac de livraison sera appliqu\u00e9 par tranche de 5 \u00e9chantillons.  AVEC UNE PHOTO DE CHEZ VOUS, TESTEZ-LE DANS VOTRE INT\u00c9RIEUR\" \/>\n<meta property=\"og:url\" content=\"https:\/\/nature-et-developpement.com\/ned-perpignan\/produit\/echantillon-meister-lc-55\/\" \/>\n<meta property=\"og:site_name\" content=\"Nature et D\u00e9veloppement Perpignan\" \/>\n<meta property=\"article:modified_time\" content=\"2025-06-17T12:56:40+00:00\" \/>\n<meta name=\"twitter:card\" content=\"summary_large_image\" \/>\n<script type=\"application\/ld+json\" class=\"yoast-schema-graph\">{\"@context\":\"https:\\\/\\\/schema.org\",\"@graph\":[{\"@type\":\"WebPage\",\"@id\":\"https:\\\/\\\/nature-et-developpement.com\\\/ned-perpignan\\\/produit\\\/echantillon-meister-lc-55\\\/\",\"url\":\"https:\\\/\\\/nature-et-developpement.com\\\/ned-perpignan\\\/produit\\\/echantillon-meister-lc-55\\\/\",\"name\":\"\u00c9chantillon MEISTER LC 55 - Nature et D\u00e9veloppement Perpignan\",\"isPartOf\":{\"@id\":\"https:\\\/\\\/nature-et-developpement.com\\\/ned-perpignan\\\/#website\"},\"primaryImageOfPage\":{\"@id\":\"https:\\\/\\\/nature-et-developpement.com\\\/ned-perpignan\\\/produit\\\/echantillon-meister-lc-55\\\/#primaryimage\"},\"image\":{\"@id\":\"https:\\\/\\\/nature-et-developpement.com\\\/ned-perpignan\\\/produit\\\/echantillon-meister-lc-55\\\/#primaryimage\"},\"thumbnailUrl\":\"https:\\\/\\\/nature-et-developpement.com\\\/ned-perpignan\\\/wp-content\\\/uploads\\\/Noyer-Sol-stratifie-LC55-MEISTER-perspective-1.jpg\",\"datePublished\":\"2020-03-19T23:00:00+00:00\",\"dateModified\":\"2025-06-17T12:56:40+00:00\",\"breadcrumb\":{\"@id\":\"https:\\\/\\\/nature-et-developpement.com\\\/ned-perpignan\\\/produit\\\/echantillon-meister-lc-55\\\/#breadcrumb\"},\"inLanguage\":\"fr-FR\",\"potentialAction\":[{\"@type\":\"ReadAction\",\"target\":[\"https:\\\/\\\/nature-et-developpement.com\\\/ned-perpignan\\\/produit\\\/echantillon-meister-lc-55\\\/\"]}]},{\"@type\":\"ImageObject\",\"inLanguage\":\"fr-FR\",\"@id\":\"https:\\\/\\\/nature-et-developpement.com\\\/ned-perpignan\\\/produit\\\/echantillon-meister-lc-55\\\/#primaryimage\",\"url\":\"https:\\\/\\\/nature-et-developpement.com\\\/ned-perpignan\\\/wp-content\\\/uploads\\\/Noyer-Sol-stratifie-LC55-MEISTER-perspective-1.jpg\",\"contentUrl\":\"https:\\\/\\\/nature-et-developpement.com\\\/ned-perpignan\\\/wp-content\\\/uploads\\\/Noyer-Sol-stratifie-LC55-MEISTER-perspective-1.jpg\"},{\"@type\":\"BreadcrumbList\",\"@id\":\"https:\\\/\\\/nature-et-developpement.com\\\/ned-perpignan\\\/produit\\\/echantillon-meister-lc-55\\\/#breadcrumb\",\"itemListElement\":[{\"@type\":\"ListItem\",\"position\":1,\"name\":\"Accueil\",\"item\":\"https:\\\/\\\/nature-et-developpement.com\\\/ned-perpignan\\\/\"},{\"@type\":\"ListItem\",\"position\":2,\"name\":\"Boutique\",\"item\":\"https:\\\/\\\/nature-et-developpement.com\\\/ned-perpignan\\\/boutique\\\/\"},{\"@type\":\"ListItem\",\"position\":3,\"name\":\"Parquets bois, stratifi\u00e9s et li\u00e8ge\",\"item\":\"https:\\\/\\\/nature-et-developpement.com\\\/ned-perpignan\\\/produits\\\/parquet-et-sol-naturels\\\/\"},{\"@type\":\"ListItem\",\"position\":4,\"name\":\"Plinthes et accessoires\",\"item\":\"https:\\\/\\\/nature-et-developpement.com\\\/ned-perpignan\\\/produits\\\/parquet-et-sol-naturels\\\/plinthes-et-accessoires\\\/\"},{\"@type\":\"ListItem\",\"position\":5,\"name\":\"\u00c9chantillon MEISTER LC 55\"}]},{\"@type\":\"WebSite\",\"@id\":\"https:\\\/\\\/nature-et-developpement.com\\\/ned-perpignan\\\/#website\",\"url\":\"https:\\\/\\\/nature-et-developpement.com\\\/ned-perpignan\\\/\",\"name\":\"Nature et D\u00e9veloppement Perpignan\",\"description\":\"Solutions, mat\u00e9riaux et d\u00e9coration \u00e9co-responsables pour les pros et les particuliers.\",\"potentialAction\":[{\"@type\":\"SearchAction\",\"target\":{\"@type\":\"EntryPoint\",\"urlTemplate\":\"https:\\\/\\\/nature-et-developpement.com\\\/ned-perpignan\\\/?s={search_term_string}\"},\"query-input\":{\"@type\":\"PropertyValueSpecification\",\"valueRequired\":true,\"valueName\":\"search_term_string\"}}],\"inLanguage\":\"fr-FR\"}]}<\/script>\n<!-- \/ Yoast SEO plugin. -->","yoast_head_json":{"title":"\u00c9chantillon MEISTER LC 55 - Nature et D\u00e9veloppement Perpignan","robots":{"index":"noindex","follow":"follow"},"og_locale":"fr_FR","og_type":"article","og_title":"\u00c9chantillon MEISTER LC 55 - Nature et D\u00e9veloppement Perpignan","og_description":"Commandez d\u00e8s aujourd'hui vos Choix de parquets...  Chaque \u00e9chantillon mesure environ 18cm, de v\u00e9ritable produit.  Un forfait de 15\u20ac de livraison sera appliqu\u00e9 par tranche de 5 \u00e9chantillons.  AVEC UNE PHOTO DE CHEZ VOUS, TESTEZ-LE DANS VOTRE INT\u00c9RIEUR","og_url":"https:\/\/nature-et-developpement.com\/ned-perpignan\/produit\/echantillon-meister-lc-55\/","og_site_name":"Nature et D\u00e9veloppement Perpignan","article_modified_time":"2025-06-17T12:56:40+00:00","twitter_card":"summary_large_image","schema":{"@context":"https:\/\/schema.org","@graph":[{"@type":"WebPage","@id":"https:\/\/nature-et-developpement.com\/ned-perpignan\/produit\/echantillon-meister-lc-55\/","url":"https:\/\/nature-et-developpement.com\/ned-perpignan\/produit\/echantillon-meister-lc-55\/","name":"\u00c9chantillon MEISTER LC 55 - Nature et D\u00e9veloppement Perpignan","isPartOf":{"@id":"https:\/\/nature-et-developpement.com\/ned-perpignan\/#website"},"primaryImageOfPage":{"@id":"https:\/\/nature-et-developpement.com\/ned-perpignan\/produit\/echantillon-meister-lc-55\/#primaryimage"},"image":{"@id":"https:\/\/nature-et-developpement.com\/ned-perpignan\/produit\/echantillon-meister-lc-55\/#primaryimage"},"thumbnailUrl":"https:\/\/nature-et-developpement.com\/ned-perpignan\/wp-content\/uploads\/Noyer-Sol-stratifie-LC55-MEISTER-perspective-1.jpg","datePublished":"2020-03-19T23:00:00+00:00","dateModified":"2025-06-17T12:56:40+00:00","breadcrumb":{"@id":"https:\/\/nature-et-developpement.com\/ned-perpignan\/produit\/echantillon-meister-lc-55\/#breadcrumb"},"inLanguage":"fr-FR","potentialAction":[{"@type":"ReadAction","target":["https:\/\/nature-et-developpement.com\/ned-perpignan\/produit\/echantillon-meister-lc-55\/"]}]},{"@type":"ImageObject","inLanguage":"fr-FR","@id":"https:\/\/nature-et-developpement.com\/ned-perpignan\/produit\/echantillon-meister-lc-55\/#primaryimage","url":"https:\/\/nature-et-developpement.com\/ned-perpignan\/wp-content\/uploads\/Noyer-Sol-stratifie-LC55-MEISTER-perspective-1.jpg","contentUrl":"https:\/\/nature-et-developpement.com\/ned-perpignan\/wp-content\/uploads\/Noyer-Sol-stratifie-LC55-MEISTER-perspective-1.jpg"},{"@type":"BreadcrumbList","@id":"https:\/\/nature-et-developpement.com\/ned-perpignan\/produit\/echantillon-meister-lc-55\/#breadcrumb","itemListElement":[{"@type":"ListItem","position":1,"name":"Accueil","item":"https:\/\/nature-et-developpement.com\/ned-perpignan\/"},{"@type":"ListItem","position":2,"name":"Boutique","item":"https:\/\/nature-et-developpement.com\/ned-perpignan\/boutique\/"},{"@type":"ListItem","position":3,"name":"Parquets bois, stratifi\u00e9s et li\u00e8ge","item":"https:\/\/nature-et-developpement.com\/ned-perpignan\/produits\/parquet-et-sol-naturels\/"},{"@type":"ListItem","position":4,"name":"Plinthes et accessoires","item":"https:\/\/nature-et-developpement.com\/ned-perpignan\/produits\/parquet-et-sol-naturels\/plinthes-et-accessoires\/"},{"@type":"ListItem","position":5,"name":"\u00c9chantillon MEISTER LC 55"}]},{"@type":"WebSite","@id":"https:\/\/nature-et-developpement.com\/ned-perpignan\/#website","url":"https:\/\/nature-et-developpement.com\/ned-perpignan\/","name":"Nature et D\u00e9veloppement Perpignan","description":"Solutions, mat\u00e9riaux et d\u00e9coration \u00e9co-responsables pour les pros et les particuliers.","potentialAction":[{"@type":"SearchAction","target":{"@type":"EntryPoint","urlTemplate":"https:\/\/nature-et-developpement.com\/ned-perpignan\/?s={search_term_string}"},"query-input":{"@type":"PropertyValueSpecification","valueRequired":true,"valueName":"search_term_string"}}],"inLanguage":"fr-FR"}]}},"distributor_meta":false,"distributor_terms":false,"distributor_media":false,"distributor_original_site_name":"Nature et D\u00e9veloppement Perpignan","distributor_original_site_url":"https:\/\/nature-et-developpement.com\/ned-perpignan","push-errors":false,"_links":{"self":[{"href":"https:\/\/nature-et-developpement.com\/ned-perpignan\/wp-json\/wp\/v2\/product\/498","targetHints":{"allow":["GET"]}}],"collection":[{"href":"https:\/\/nature-et-developpement.com\/ned-perpignan\/wp-json\/wp\/v2\/product"}],"about":[{"href":"https:\/\/nature-et-developpement.com\/ned-perpignan\/wp-json\/wp\/v2\/types\/product"}],"wp:featuredmedia":[{"embeddable":true,"href":"https:\/\/nature-et-developpement.com\/ned-perpignan\/wp-json\/"}],"wp:attachment":[{"href":"https:\/\/nature-et-developpement.com\/ned-perpignan\/wp-json\/wp\/v2\/media?parent=498"}],"wp:term":[{"taxonomy":"product_brand","embeddable":true,"href":"https:\/\/nature-et-developpement.com\/ned-perpignan\/wp-json\/wp\/v2\/product_brand?post=498"},{"taxonomy":"product_cat","embeddable":true,"href":"https:\/\/nature-et-developpement.com\/ned-perpignan\/wp-json\/wp\/v2\/product_cat?post=498"},{"taxonomy":"product_tag","embeddable":true,"href":"https:\/\/nature-et-developpement.com\/ned-perpignan\/wp-json\/wp\/v2\/product_tag?post=498"}],"curies":[{"name":"wp","href":"https:\/\/api.w.org\/{rel}","templated":true}]}}