{"id":5171,"date":"2024-09-02T00:00:42","date_gmt":"2024-09-01T22:00:42","guid":{"rendered":"https:\/\/nature-et-developpement.com\/ned-perpignan\/produit\/isolant-thermique-en-liege-bords-droits\/"},"modified":"2025-12-10T23:59:49","modified_gmt":"2025-12-10T22:59:49","slug":"isolant-thermique-en-liege-bords-droits","status":"publish","type":"product","link":"https:\/\/nature-et-developpement.com\/ned-perpignan\/produit\/isolant-thermique-en-liege-bords-droits\/","title":{"rendered":"Isolant rigide en li\u00e8ge bords droits"},"content":{"rendered":"<h2>Le li\u00e8ge est un produit naturel, isolant thermique parfait.<\/h2>\n<div>\n<div id=\"columns\">\n<p>D\u2019origine v\u00e9g\u00e9tal issu du ch\u00eane-li\u00e8ge (QUERCUS SUBER).<\/p>\n<p>Cet arbre est tr\u00e8s pr\u00e9sent dans tout le bassin m\u00e9diterran\u00e9en et plus particuli\u00e8rement au Portugal continental.<\/p>\n<p>Ses caract\u00e9ristiques climatiques font du Portugal l\u2019habitat id\u00e9al pour le d\u00e9veloppement de cet arbre noble.<\/p>\n<p>LE LI\u00c8GE, comme isolant thermique, est extrait du ch\u00eane-li\u00e8ge tous les neuf ans, sans que celui-ci subisse de dommage.<\/p>\n<p>L\u2019entretien de la ch\u00eanaie garantit l\u2019habitat de plus de 21 esp\u00e8ces d\u2019animaux.<\/p>\n<h3>Le li\u00e8ge est il un bon isolant ?<\/h3>\n<p>OUI car l&rsquo;isolant thermique en li\u00e8ge se compose de 45% de sub\u00e9rine, 27% de Lignine, 12% de polysaccharides, 10% de c\u00e9ro\u00efdes et 6% de Tanins.<\/p>\n<p>Sa structure cellulaire est de forme alv\u00e9olaire, semblable \u00e0 un nid d\u2019abeilles et se constitue de cinq couches.<\/p>\n<p>Les deux premi\u00e8res couches sont essentiellement du gaz semblables \u00e0 l\u2019air.<\/p>\n<p>La troisi\u00e8me prot\u00e8ge les couches ant\u00e9rieures.<\/p>\n<p>Les deux derni\u00e8res sont principalement de la sub\u00e9rine, garantissent la rigidit\u00e9 et la texture caract\u00e9ristique de ce produit.<\/p>\n<\/div>\n<\/div>\n<div>\n<p>LE LI\u00c8GE est un produit naturel, recyclable et biod\u00e9gradable, l\u00e9ger, imperm\u00e9able aux gaz et aux liquides, \u00e9lastique et compressible, qui en plus n\u2019alimente pas la propagation des flammes,<\/p>\n<p>Cependant, associ\u00e9 \u00e0 d\u2019autres composants, tels qu\u2019un mortier colle<br \/>\nou un enduit, il permet une finition facile et moderne.<\/p>\n<p>Plus \u00e9conomique et il peut \u00eatre utilis\u00e9 sur des b\u00e2timents<br \/>\nneufs ou anciens.<\/p>\n<p>Ce syst\u00e8me d\u2019isolation et de rev\u00eatement de fa\u00e7ades se<br \/>\ncaract\u00e9rise non seulement par l\u2019\u00e9conomie d\u2019\u00e9nergie.<\/p>\n<p>Mais aussi la r\u00e9duction des ponts thermiques, l\u2019augmentation de l&rsquo;inertie thermique, la r\u00e9duction de l\u2019\u00e9paisseur des murs.<\/p>\n<p>Ainsi que l&rsquo;am\u00e9lioration de l\u2019\u00e9tanch\u00e9it\u00e9 des murs, la diminution du risque de condensation, sans oublier l\u2019augmentation de la durabilit\u00e9 des fa\u00e7ades.<\/p>\n<p>Sans compter la r\u00e9habilitation des fa\u00e7ades sans produire de nuisances aux habitants.<\/p>\n<p>Le li\u00e8ge se pr\u00e9sente aussi sous forme de granul\u00e9 pour des b\u00e9tons l\u00e9gers ou encore de li\u00e8ge projet\u00e9 pour la d\u00e9co int\u00e9rieure ou l&rsquo;habillage int\u00e9rieur des v\u00e9hicules.<\/p>\n<\/div>\n","protected":false},"excerpt":{"rendered":"<p>Produit 100 % naturel, il n&rsquo;a pas de liants ext\u00e9rieurs. Isolant tr\u00e8s performant, il pr\u00e9sente l&rsquo;avantage d&rsquo;\u00eatre imputrescible et peux recevoir un enduit.<\/p>\n","protected":false},"featured_media":1000000155274,"template":"","meta":[],"product_brand":[157],"product_cat":[114,2668,2669,2670,91,2381],"product_tag":[2696],"class_list":{"0":"post-5171","1":"product","2":"type-product","3":"status-publish","4":"has-post-thumbnail","6":"product_brand-isocor","7":"product_cat-bardages","8":"product_cat-isolation-exterieure","9":"product_cat-isolation-interieure","10":"product_cat-isolation-phonique","11":"product_cat-revetement-muraux","12":"product_cat-revetements-muraux","13":"product_tag-isocor","15":"first","16":"instock","17":"sale","18":"taxable","19":"shipping-taxable","20":"purchasable","21":"product-type-variable"},"yoast_head":"<!-- This site is optimized with the Yoast SEO plugin v27.5 - https:\/\/yoast.com\/product\/yoast-seo-wordpress\/ -->\n<title>Isolant thermique en li\u00e8ge bords droits<\/title>\n<meta name=\"description\" content=\"Le li\u00e8ge est un produit 100% naturel, isolant thermique parfait, il pr\u00e9sente l&#039;avantage d&#039;\u00eatre imputrescible et peux recevoir un enduit.\" \/>\n<meta name=\"robots\" content=\"noindex, nofollow\" \/>\n<meta property=\"og:locale\" content=\"fr_FR\" \/>\n<meta property=\"og:type\" content=\"article\" \/>\n<meta property=\"og:title\" content=\"Isolant thermique en li\u00e8ge bords droits\" \/>\n<meta property=\"og:description\" content=\"Le li\u00e8ge est un produit 100% naturel, isolant thermique parfait, il pr\u00e9sente l&#039;avantage d&#039;\u00eatre imputrescible et peux recevoir un enduit.\" \/>\n<meta property=\"og:url\" content=\"https:\/\/nature-et-developpement.com\/ned-perpignan\/produit\/isolant-thermique-en-liege-bords-droits\/\" \/>\n<meta property=\"og:site_name\" content=\"Nature et D\u00e9veloppement Perpignan\" \/>\n<meta property=\"article:modified_time\" content=\"2025-12-10T22:59:49+00:00\" \/>\n<meta name=\"twitter:card\" content=\"summary_large_image\" \/>\n<meta name=\"twitter:label1\" content=\"Dur\u00e9e de lecture estim\u00e9e\" \/>\n\t<meta name=\"twitter:data1\" content=\"2 minutes\" \/>\n<script type=\"application\/ld+json\" class=\"yoast-schema-graph\">{\"@context\":\"https:\\\/\\\/schema.org\",\"@graph\":[{\"@type\":\"WebPage\",\"@id\":\"https:\\\/\\\/nature-et-developpement.com\\\/ned-perpignan\\\/produit\\\/isolant-thermique-en-liege-bords-droits\\\/\",\"url\":\"https:\\\/\\\/nature-et-developpement.com\\\/ned-perpignan\\\/produit\\\/isolant-thermique-en-liege-bords-droits\\\/\",\"name\":\"Isolant thermique en li\u00e8ge bords droits\",\"isPartOf\":{\"@id\":\"https:\\\/\\\/nature-et-developpement.com\\\/ned-perpignan\\\/#website\"},\"primaryImageOfPage\":{\"@id\":\"https:\\\/\\\/nature-et-developpement.com\\\/ned-perpignan\\\/produit\\\/isolant-thermique-en-liege-bords-droits\\\/#primaryimage\"},\"image\":{\"@id\":\"https:\\\/\\\/nature-et-developpement.com\\\/ned-perpignan\\\/produit\\\/isolant-thermique-en-liege-bords-droits\\\/#primaryimage\"},\"thumbnailUrl\":\"https:\\\/\\\/nature-et-developpement.com\\\/ned-perpignan\\\/wp-content\\\/uploads\\\/Plaque-de-liege-expancee-ISOCOR.jpg\",\"datePublished\":\"2024-09-01T22:00:42+00:00\",\"dateModified\":\"2025-12-10T22:59:49+00:00\",\"description\":\"Le li\u00e8ge est un produit 100% naturel, isolant thermique parfait, il pr\u00e9sente l'avantage d'\u00eatre imputrescible et peux recevoir un enduit.\",\"breadcrumb\":{\"@id\":\"https:\\\/\\\/nature-et-developpement.com\\\/ned-perpignan\\\/produit\\\/isolant-thermique-en-liege-bords-droits\\\/#breadcrumb\"},\"inLanguage\":\"fr-FR\",\"potentialAction\":[{\"@type\":\"ReadAction\",\"target\":[\"https:\\\/\\\/nature-et-developpement.com\\\/ned-perpignan\\\/produit\\\/isolant-thermique-en-liege-bords-droits\\\/\"]}]},{\"@type\":\"ImageObject\",\"inLanguage\":\"fr-FR\",\"@id\":\"https:\\\/\\\/nature-et-developpement.com\\\/ned-perpignan\\\/produit\\\/isolant-thermique-en-liege-bords-droits\\\/#primaryimage\",\"url\":\"https:\\\/\\\/nature-et-developpement.com\\\/ned-perpignan\\\/wp-content\\\/uploads\\\/Plaque-de-liege-expancee-ISOCOR.jpg\",\"contentUrl\":\"https:\\\/\\\/nature-et-developpement.com\\\/ned-perpignan\\\/wp-content\\\/uploads\\\/Plaque-de-liege-expancee-ISOCOR.jpg\"},{\"@type\":\"BreadcrumbList\",\"@id\":\"https:\\\/\\\/nature-et-developpement.com\\\/ned-perpignan\\\/produit\\\/isolant-thermique-en-liege-bords-droits\\\/#breadcrumb\",\"itemListElement\":[{\"@type\":\"ListItem\",\"position\":1,\"name\":\"Accueil\",\"item\":\"https:\\\/\\\/nature-et-developpement.com\\\/ned-perpignan\\\/\"},{\"@type\":\"ListItem\",\"position\":2,\"name\":\"Boutique\",\"item\":\"https:\\\/\\\/nature-et-developpement.com\\\/ned-perpignan\\\/boutique\\\/\"},{\"@type\":\"ListItem\",\"position\":3,\"name\":\"Isolation et \u00e9tanch\u00e9it\u00e9\",\"item\":\"https:\\\/\\\/nature-et-developpement.com\\\/ned-perpignan\\\/produits\\\/isolation-et-etancheite\\\/\"},{\"@type\":\"ListItem\",\"position\":4,\"name\":\"Isolation ext\u00e9rieure\",\"item\":\"https:\\\/\\\/nature-et-developpement.com\\\/ned-perpignan\\\/produits\\\/isolation-et-etancheite\\\/isolation-exterieure\\\/\"},{\"@type\":\"ListItem\",\"position\":5,\"name\":\"Isolant rigide en li\u00e8ge bords droits\"}]},{\"@type\":\"WebSite\",\"@id\":\"https:\\\/\\\/nature-et-developpement.com\\\/ned-perpignan\\\/#website\",\"url\":\"https:\\\/\\\/nature-et-developpement.com\\\/ned-perpignan\\\/\",\"name\":\"Nature et D\u00e9veloppement Perpignan\",\"description\":\"Solutions, mat\u00e9riaux et d\u00e9coration \u00e9co-responsables pour les pros et les particuliers.\",\"potentialAction\":[{\"@type\":\"SearchAction\",\"target\":{\"@type\":\"EntryPoint\",\"urlTemplate\":\"https:\\\/\\\/nature-et-developpement.com\\\/ned-perpignan\\\/?s={search_term_string}\"},\"query-input\":{\"@type\":\"PropertyValueSpecification\",\"valueRequired\":true,\"valueName\":\"search_term_string\"}}],\"inLanguage\":\"fr-FR\"}]}<\/script>\n<!-- \/ Yoast SEO plugin. -->","yoast_head_json":{"title":"Isolant thermique en li\u00e8ge bords droits","description":"Le li\u00e8ge est un produit 100% naturel, isolant thermique parfait, il pr\u00e9sente l'avantage d'\u00eatre imputrescible et peux recevoir un enduit.","robots":{"index":"noindex","follow":"nofollow"},"og_locale":"fr_FR","og_type":"article","og_title":"Isolant thermique en li\u00e8ge bords droits","og_description":"Le li\u00e8ge est un produit 100% naturel, isolant thermique parfait, il pr\u00e9sente l'avantage d'\u00eatre imputrescible et peux recevoir un enduit.","og_url":"https:\/\/nature-et-developpement.com\/ned-perpignan\/produit\/isolant-thermique-en-liege-bords-droits\/","og_site_name":"Nature et D\u00e9veloppement Perpignan","article_modified_time":"2025-12-10T22:59:49+00:00","twitter_card":"summary_large_image","twitter_misc":{"Dur\u00e9e de lecture estim\u00e9e":"2 minutes"},"schema":{"@context":"https:\/\/schema.org","@graph":[{"@type":"WebPage","@id":"https:\/\/nature-et-developpement.com\/ned-perpignan\/produit\/isolant-thermique-en-liege-bords-droits\/","url":"https:\/\/nature-et-developpement.com\/ned-perpignan\/produit\/isolant-thermique-en-liege-bords-droits\/","name":"Isolant thermique en li\u00e8ge bords droits","isPartOf":{"@id":"https:\/\/nature-et-developpement.com\/ned-perpignan\/#website"},"primaryImageOfPage":{"@id":"https:\/\/nature-et-developpement.com\/ned-perpignan\/produit\/isolant-thermique-en-liege-bords-droits\/#primaryimage"},"image":{"@id":"https:\/\/nature-et-developpement.com\/ned-perpignan\/produit\/isolant-thermique-en-liege-bords-droits\/#primaryimage"},"thumbnailUrl":"https:\/\/nature-et-developpement.com\/ned-perpignan\/wp-content\/uploads\/Plaque-de-liege-expancee-ISOCOR.jpg","datePublished":"2024-09-01T22:00:42+00:00","dateModified":"2025-12-10T22:59:49+00:00","description":"Le li\u00e8ge est un produit 100% naturel, isolant thermique parfait, il pr\u00e9sente l'avantage d'\u00eatre imputrescible et peux recevoir un enduit.","breadcrumb":{"@id":"https:\/\/nature-et-developpement.com\/ned-perpignan\/produit\/isolant-thermique-en-liege-bords-droits\/#breadcrumb"},"inLanguage":"fr-FR","potentialAction":[{"@type":"ReadAction","target":["https:\/\/nature-et-developpement.com\/ned-perpignan\/produit\/isolant-thermique-en-liege-bords-droits\/"]}]},{"@type":"ImageObject","inLanguage":"fr-FR","@id":"https:\/\/nature-et-developpement.com\/ned-perpignan\/produit\/isolant-thermique-en-liege-bords-droits\/#primaryimage","url":"https:\/\/nature-et-developpement.com\/ned-perpignan\/wp-content\/uploads\/Plaque-de-liege-expancee-ISOCOR.jpg","contentUrl":"https:\/\/nature-et-developpement.com\/ned-perpignan\/wp-content\/uploads\/Plaque-de-liege-expancee-ISOCOR.jpg"},{"@type":"BreadcrumbList","@id":"https:\/\/nature-et-developpement.com\/ned-perpignan\/produit\/isolant-thermique-en-liege-bords-droits\/#breadcrumb","itemListElement":[{"@type":"ListItem","position":1,"name":"Accueil","item":"https:\/\/nature-et-developpement.com\/ned-perpignan\/"},{"@type":"ListItem","position":2,"name":"Boutique","item":"https:\/\/nature-et-developpement.com\/ned-perpignan\/boutique\/"},{"@type":"ListItem","position":3,"name":"Isolation et \u00e9tanch\u00e9it\u00e9","item":"https:\/\/nature-et-developpement.com\/ned-perpignan\/produits\/isolation-et-etancheite\/"},{"@type":"ListItem","position":4,"name":"Isolation ext\u00e9rieure","item":"https:\/\/nature-et-developpement.com\/ned-perpignan\/produits\/isolation-et-etancheite\/isolation-exterieure\/"},{"@type":"ListItem","position":5,"name":"Isolant rigide en li\u00e8ge bords droits"}]},{"@type":"WebSite","@id":"https:\/\/nature-et-developpement.com\/ned-perpignan\/#website","url":"https:\/\/nature-et-developpement.com\/ned-perpignan\/","name":"Nature et D\u00e9veloppement Perpignan","description":"Solutions, mat\u00e9riaux et d\u00e9coration \u00e9co-responsables pour les pros et les particuliers.","potentialAction":[{"@type":"SearchAction","target":{"@type":"EntryPoint","urlTemplate":"https:\/\/nature-et-developpement.com\/ned-perpignan\/?s={search_term_string}"},"query-input":{"@type":"PropertyValueSpecification","valueRequired":true,"valueName":"search_term_string"}}],"inLanguage":"fr-FR"}]}},"distributor_meta":false,"distributor_terms":false,"distributor_media":false,"distributor_original_site_name":"Nature et D\u00e9veloppement Perpignan","distributor_original_site_url":"https:\/\/nature-et-developpement.com\/ned-perpignan","push-errors":false,"_links":{"self":[{"href":"https:\/\/nature-et-developpement.com\/ned-perpignan\/wp-json\/wp\/v2\/product\/5171","targetHints":{"allow":["GET"]}}],"collection":[{"href":"https:\/\/nature-et-developpement.com\/ned-perpignan\/wp-json\/wp\/v2\/product"}],"about":[{"href":"https:\/\/nature-et-developpement.com\/ned-perpignan\/wp-json\/wp\/v2\/types\/product"}],"wp:featuredmedia":[{"embeddable":true,"href":"https:\/\/nature-et-developpement.com\/ned-perpignan\/wp-json\/"}],"wp:attachment":[{"href":"https:\/\/nature-et-developpement.com\/ned-perpignan\/wp-json\/wp\/v2\/media?parent=5171"}],"wp:term":[{"taxonomy":"product_brand","embeddable":true,"href":"https:\/\/nature-et-developpement.com\/ned-perpignan\/wp-json\/wp\/v2\/product_brand?post=5171"},{"taxonomy":"product_cat","embeddable":true,"href":"https:\/\/nature-et-developpement.com\/ned-perpignan\/wp-json\/wp\/v2\/product_cat?post=5171"},{"taxonomy":"product_tag","embeddable":true,"href":"https:\/\/nature-et-developpement.com\/ned-perpignan\/wp-json\/wp\/v2\/product_tag?post=5171"}],"curies":[{"name":"wp","href":"https:\/\/api.w.org\/{rel}","templated":true}]}}