{"id":5208,"date":"2024-04-01T14:59:56","date_gmt":"2024-04-01T12:59:56","guid":{"rendered":"https:\/\/nature-et-developpement.com\/ned-perpignan\/produit\/plaque-fibres-gypse-format-1500x1200x125mm-fermacell\/"},"modified":"2026-04-02T15:51:57","modified_gmt":"2026-04-02T13:51:57","slug":"plaque-fibres-gypse-format-1500x1200x125mm-fermacell","status":"publish","type":"product","link":"https:\/\/nature-et-developpement.com\/ned-perpignan\/produit\/plaque-fibres-gypse-format-1500x1200x125mm-fermacell\/","title":{"rendered":"Fermacell 12,5mm &#8211; Cloison s\u00e8che Plaque format 1500x1200mm en fibres-gypse"},"content":{"rendered":"<h2>Cloison s\u00e8che fermacell plaque 12,5mm format 1500x1200mm<\/h2>\n<p>Dans ce format, la plaque gypse \u00e0 bords droits fermacell est id\u00e9ale en neuf comme en r\u00e9novation pour des ouvrages de cloisons, doublages et plafond.<\/p>\n<p>La composition des plaque fermacell est exclusivement du pl\u00e2tre et des fibres de cellulose issues du recyclage du papier.<\/p>\n<p>Le m\u00e9lange de ces composants naturels additionn\u00e9 d&rsquo;eau, est ensuite compress\u00e9 et s\u00e9ch\u00e9 \u00e0 haute temp\u00e9rature pour obtenir une plaque d&rsquo;une rigidit\u00e9 incomparable.<\/p>\n<p>La r\u00e9alisation de la liaison des plaques est sans bandes ni calicot, ce qui permet un gain de temps et facilite la mise en \u0153uvre.<\/p>\n<p>Cette liaison s&rsquo;effectue par collage des plaques bord-\u00e0-bord \u00e0 l&rsquo;aide de la colle pour joint fermacell.<\/p>\n<p>Ce proc\u00e9d\u00e9 permet aux syst\u00e8mes de montage d&rsquo;atteindre une rigidit\u00e9 extr\u00eame.<\/p>\n<p>L&rsquo;application des produits de finition et d\u00e9cor (peintures, papiers peints, enduits, carrelage, etc.) s&rsquo;effectue directement, sans sous-couche d&rsquo;impression, la plaque \u00e9tant d\u00e9j\u00e0 trait\u00e9e en usine.<\/p>\n<p>Le rendement et la productivit\u00e9 en chantier en sont d&rsquo;autant am\u00e9lior\u00e9s.<\/p>\n<h3>La plaque de parement 6 en 1 :<\/h3>\n<ol>\n<li>&#8211; Qualit\u00e9s isophoniques exceptionnelles<\/li>\n<li>&#8211; R\u00e9sistance aux chocs<\/li>\n<li>&#8211; R\u00e9sistances aux charges, jusqu&rsquo;\u00e0 30kg de fixation avec une vis seul sans chevillage<\/li>\n<li>&#8211; R\u00e9sistance au feu<\/li>\n<li>&#8211; Applicable en locaux humides (salle de bain et cuisine)<\/li>\n<li>&#8211; Utilisable comme voile de contreventement<\/li>\n<\/ol>\n<p>Respectueuse de l&rsquo;environnement du fait de sa composition et de sa fabrication<\/p>\n<p>Application sur ossature bois ou m\u00e9tallique, entraxe 60cm ou 50cm, en doublage ou en cloisonnage. Collage bord \u00e0 bord, sans bandes.<\/p>\n<h4>LES INDISPENSABLES (accessoires, consommation et utilisation) :<\/h4>\n<ul>\n<li>Colle \u00e0 joint Greenline : Assemblage des plaques entre elles, bord \u00e0 bord<\/li>\n<\/ul>\n<p>(1 cartouche pour 15m\u00b2 environ, disponible en cartouche de 310ml)<\/p>\n<ul>\n<li>Vis autoperceuse 3,9&#215;30 : Fixation de plaques au support (bois ou rail m\u00e9tallique)<\/li>\n<\/ul>\n<p>(20 vis\/m\u00b2 en cloison et 22 vis\/m\u00b2 en plafond, disponible en boite de 250 vis ou en boite de 1000 vis)<\/p>\n<ul>\n<li>Enduit pour joint : Recouvrir les empreintes des vis et la colle des joints<\/li>\n<\/ul>\n<p>Consommation : 0,2 kg\/m\u00b2, disponible en\u00a0sac de 5kg ou en sac de 20kg<\/p>\n<ul>\n<li>Enduit de lissage : Surfacer l&rsquo;ensemble des plaque avant mise en peinture<\/li>\n<\/ul>\n<p>(0,2 kg\/m\u00b2, disponible en seau de 3L de 3,6kg ou en seau de 10L de 12kg)<\/p>\n","protected":false},"excerpt":{"rendered":"<p>Format id\u00e9al et polyvalent 1500x1200x12,5mm, le couteau suisse de la plaque fermacell, pour murs\u00a0 (entraxe tous les 60 cm ) et plafonds ( entraxe tous les 50 cm ), manipulable \u00e0 une seule personne.<\/p>\n<p>Plaque compos\u00e9e exclusivement de pl\u00e2tre, de fibres de cellulose issues du recyclage du papier, et m\u00e9lang\u00e9 \u00e0 de l&rsquo;eau. Compress\u00e9 \u00e0 haute temp\u00e9rature et s\u00e9ch\u00e9 pour obtenir une plaque d&rsquo;une rigidit\u00e9 incomparable.<\/p>\n","protected":false},"featured_media":1000000165960,"template":"","meta":[],"product_brand":[146],"product_cat":[84,78],"product_tag":[],"class_list":{"0":"post-5208","1":"product","2":"type-product","3":"status-publish","4":"has-post-thumbnail","6":"product_brand-fermacell","7":"product_cat-cloisons-et-doublage","8":"product_cat-promo-et-destockage","9":"product_shipping_class-sac-de-25kg","11":"first","12":"instock","13":"sale","14":"taxable","15":"shipping-taxable","16":"purchasable","17":"product-type-variable"},"yoast_head":"<!-- This site is optimized with the Yoast SEO plugin v27.5 - https:\/\/yoast.com\/product\/yoast-seo-wordpress\/ -->\n<title>Cloison s\u00e8che fermacell plaque 12,5mm format 1500x1200mm<\/title>\n<meta name=\"description\" content=\"La plaque gypse \u00e0 bords droits fermacell est id\u00e9ale en neuf comme en r\u00e9novation pour des ouvrages de cloisons s\u00e8ches, doublages et plafond.\" \/>\n<meta name=\"robots\" content=\"noindex, nofollow\" \/>\n<meta property=\"og:locale\" content=\"fr_FR\" \/>\n<meta property=\"og:type\" content=\"article\" \/>\n<meta property=\"og:title\" content=\"Cloison s\u00e8che fermacell plaque 12,5mm format 1500x1200mm\" \/>\n<meta property=\"og:description\" content=\"La plaque gypse \u00e0 bords droits fermacell est id\u00e9ale en neuf comme en r\u00e9novation pour des ouvrages de cloisons s\u00e8ches, doublages et plafond.\" \/>\n<meta property=\"og:url\" content=\"https:\/\/nature-et-developpement.com\/ned-perpignan\/produit\/plaque-fibres-gypse-format-1500x1200x125mm-fermacell\/\" \/>\n<meta property=\"og:site_name\" content=\"Nature et D\u00e9veloppement Perpignan\" \/>\n<meta property=\"article:modified_time\" content=\"2026-04-02T13:51:57+00:00\" \/>\n<meta name=\"twitter:card\" content=\"summary_large_image\" \/>\n<meta name=\"twitter:label1\" content=\"Dur\u00e9e de lecture estim\u00e9e\" \/>\n\t<meta name=\"twitter:data1\" content=\"2 minutes\" \/>\n<script type=\"application\/ld+json\" class=\"yoast-schema-graph\">{\"@context\":\"https:\\\/\\\/schema.org\",\"@graph\":[{\"@type\":\"WebPage\",\"@id\":\"https:\\\/\\\/nature-et-developpement.com\\\/ned-perpignan\\\/produit\\\/plaque-fibres-gypse-format-1500x1200x125mm-fermacell\\\/\",\"url\":\"https:\\\/\\\/nature-et-developpement.com\\\/ned-perpignan\\\/produit\\\/plaque-fibres-gypse-format-1500x1200x125mm-fermacell\\\/\",\"name\":\"Cloison s\u00e8che fermacell plaque 12,5mm format 1500x1200mm\",\"isPartOf\":{\"@id\":\"https:\\\/\\\/nature-et-developpement.com\\\/ned-perpignan\\\/#website\"},\"primaryImageOfPage\":{\"@id\":\"https:\\\/\\\/nature-et-developpement.com\\\/ned-perpignan\\\/produit\\\/plaque-fibres-gypse-format-1500x1200x125mm-fermacell\\\/#primaryimage\"},\"image\":{\"@id\":\"https:\\\/\\\/nature-et-developpement.com\\\/ned-perpignan\\\/produit\\\/plaque-fibres-gypse-format-1500x1200x125mm-fermacell\\\/#primaryimage\"},\"thumbnailUrl\":\"https:\\\/\\\/nature-et-developpement.com\\\/ned-perpignan\\\/wp-content\\\/uploads\\\/Plaque-bords-droits-fermacell-1500x1200x12-5-71000.jpg\",\"datePublished\":\"2024-04-01T12:59:56+00:00\",\"dateModified\":\"2026-04-02T13:51:57+00:00\",\"description\":\"La plaque gypse \u00e0 bords droits fermacell est id\u00e9ale en neuf comme en r\u00e9novation pour des ouvrages de cloisons s\u00e8ches, doublages et plafond.\",\"breadcrumb\":{\"@id\":\"https:\\\/\\\/nature-et-developpement.com\\\/ned-perpignan\\\/produit\\\/plaque-fibres-gypse-format-1500x1200x125mm-fermacell\\\/#breadcrumb\"},\"inLanguage\":\"fr-FR\",\"potentialAction\":[{\"@type\":\"ReadAction\",\"target\":[\"https:\\\/\\\/nature-et-developpement.com\\\/ned-perpignan\\\/produit\\\/plaque-fibres-gypse-format-1500x1200x125mm-fermacell\\\/\"]}]},{\"@type\":\"ImageObject\",\"inLanguage\":\"fr-FR\",\"@id\":\"https:\\\/\\\/nature-et-developpement.com\\\/ned-perpignan\\\/produit\\\/plaque-fibres-gypse-format-1500x1200x125mm-fermacell\\\/#primaryimage\",\"url\":\"https:\\\/\\\/nature-et-developpement.com\\\/ned-perpignan\\\/wp-content\\\/uploads\\\/Plaque-bords-droits-fermacell-1500x1200x12-5-71000.jpg\",\"contentUrl\":\"https:\\\/\\\/nature-et-developpement.com\\\/ned-perpignan\\\/wp-content\\\/uploads\\\/Plaque-bords-droits-fermacell-1500x1200x12-5-71000.jpg\"},{\"@type\":\"BreadcrumbList\",\"@id\":\"https:\\\/\\\/nature-et-developpement.com\\\/ned-perpignan\\\/produit\\\/plaque-fibres-gypse-format-1500x1200x125mm-fermacell\\\/#breadcrumb\",\"itemListElement\":[{\"@type\":\"ListItem\",\"position\":1,\"name\":\"Accueil\",\"item\":\"https:\\\/\\\/nature-et-developpement.com\\\/ned-perpignan\\\/\"},{\"@type\":\"ListItem\",\"position\":2,\"name\":\"Boutique\",\"item\":\"https:\\\/\\\/nature-et-developpement.com\\\/ned-perpignan\\\/boutique\\\/\"},{\"@type\":\"ListItem\",\"position\":3,\"name\":\"Construction, cloison et fen\u00eatres\",\"item\":\"https:\\\/\\\/nature-et-developpement.com\\\/ned-perpignan\\\/produits\\\/construction\\\/\"},{\"@type\":\"ListItem\",\"position\":4,\"name\":\"Cloisons et doublage\",\"item\":\"https:\\\/\\\/nature-et-developpement.com\\\/ned-perpignan\\\/produits\\\/construction\\\/cloisons-et-doublage\\\/\"},{\"@type\":\"ListItem\",\"position\":5,\"name\":\"Fermacell 12,5mm &#8211; Cloison s\u00e8che Plaque format 1500x1200mm en fibres-gypse\"}]},{\"@type\":\"WebSite\",\"@id\":\"https:\\\/\\\/nature-et-developpement.com\\\/ned-perpignan\\\/#website\",\"url\":\"https:\\\/\\\/nature-et-developpement.com\\\/ned-perpignan\\\/\",\"name\":\"Nature et D\u00e9veloppement Perpignan\",\"description\":\"Solutions, mat\u00e9riaux et d\u00e9coration \u00e9co-responsables pour les pros et les particuliers.\",\"potentialAction\":[{\"@type\":\"SearchAction\",\"target\":{\"@type\":\"EntryPoint\",\"urlTemplate\":\"https:\\\/\\\/nature-et-developpement.com\\\/ned-perpignan\\\/?s={search_term_string}\"},\"query-input\":{\"@type\":\"PropertyValueSpecification\",\"valueRequired\":true,\"valueName\":\"search_term_string\"}}],\"inLanguage\":\"fr-FR\"}]}<\/script>\n<!-- \/ Yoast SEO plugin. -->","yoast_head_json":{"title":"Cloison s\u00e8che fermacell plaque 12,5mm format 1500x1200mm","description":"La plaque gypse \u00e0 bords droits fermacell est id\u00e9ale en neuf comme en r\u00e9novation pour des ouvrages de cloisons s\u00e8ches, doublages et plafond.","robots":{"index":"noindex","follow":"nofollow"},"og_locale":"fr_FR","og_type":"article","og_title":"Cloison s\u00e8che fermacell plaque 12,5mm format 1500x1200mm","og_description":"La plaque gypse \u00e0 bords droits fermacell est id\u00e9ale en neuf comme en r\u00e9novation pour des ouvrages de cloisons s\u00e8ches, doublages et plafond.","og_url":"https:\/\/nature-et-developpement.com\/ned-perpignan\/produit\/plaque-fibres-gypse-format-1500x1200x125mm-fermacell\/","og_site_name":"Nature et D\u00e9veloppement Perpignan","article_modified_time":"2026-04-02T13:51:57+00:00","twitter_card":"summary_large_image","twitter_misc":{"Dur\u00e9e de lecture estim\u00e9e":"2 minutes"},"schema":{"@context":"https:\/\/schema.org","@graph":[{"@type":"WebPage","@id":"https:\/\/nature-et-developpement.com\/ned-perpignan\/produit\/plaque-fibres-gypse-format-1500x1200x125mm-fermacell\/","url":"https:\/\/nature-et-developpement.com\/ned-perpignan\/produit\/plaque-fibres-gypse-format-1500x1200x125mm-fermacell\/","name":"Cloison s\u00e8che fermacell plaque 12,5mm format 1500x1200mm","isPartOf":{"@id":"https:\/\/nature-et-developpement.com\/ned-perpignan\/#website"},"primaryImageOfPage":{"@id":"https:\/\/nature-et-developpement.com\/ned-perpignan\/produit\/plaque-fibres-gypse-format-1500x1200x125mm-fermacell\/#primaryimage"},"image":{"@id":"https:\/\/nature-et-developpement.com\/ned-perpignan\/produit\/plaque-fibres-gypse-format-1500x1200x125mm-fermacell\/#primaryimage"},"thumbnailUrl":"https:\/\/nature-et-developpement.com\/ned-perpignan\/wp-content\/uploads\/Plaque-bords-droits-fermacell-1500x1200x12-5-71000.jpg","datePublished":"2024-04-01T12:59:56+00:00","dateModified":"2026-04-02T13:51:57+00:00","description":"La plaque gypse \u00e0 bords droits fermacell est id\u00e9ale en neuf comme en r\u00e9novation pour des ouvrages de cloisons s\u00e8ches, doublages et plafond.","breadcrumb":{"@id":"https:\/\/nature-et-developpement.com\/ned-perpignan\/produit\/plaque-fibres-gypse-format-1500x1200x125mm-fermacell\/#breadcrumb"},"inLanguage":"fr-FR","potentialAction":[{"@type":"ReadAction","target":["https:\/\/nature-et-developpement.com\/ned-perpignan\/produit\/plaque-fibres-gypse-format-1500x1200x125mm-fermacell\/"]}]},{"@type":"ImageObject","inLanguage":"fr-FR","@id":"https:\/\/nature-et-developpement.com\/ned-perpignan\/produit\/plaque-fibres-gypse-format-1500x1200x125mm-fermacell\/#primaryimage","url":"https:\/\/nature-et-developpement.com\/ned-perpignan\/wp-content\/uploads\/Plaque-bords-droits-fermacell-1500x1200x12-5-71000.jpg","contentUrl":"https:\/\/nature-et-developpement.com\/ned-perpignan\/wp-content\/uploads\/Plaque-bords-droits-fermacell-1500x1200x12-5-71000.jpg"},{"@type":"BreadcrumbList","@id":"https:\/\/nature-et-developpement.com\/ned-perpignan\/produit\/plaque-fibres-gypse-format-1500x1200x125mm-fermacell\/#breadcrumb","itemListElement":[{"@type":"ListItem","position":1,"name":"Accueil","item":"https:\/\/nature-et-developpement.com\/ned-perpignan\/"},{"@type":"ListItem","position":2,"name":"Boutique","item":"https:\/\/nature-et-developpement.com\/ned-perpignan\/boutique\/"},{"@type":"ListItem","position":3,"name":"Construction, cloison et fen\u00eatres","item":"https:\/\/nature-et-developpement.com\/ned-perpignan\/produits\/construction\/"},{"@type":"ListItem","position":4,"name":"Cloisons et doublage","item":"https:\/\/nature-et-developpement.com\/ned-perpignan\/produits\/construction\/cloisons-et-doublage\/"},{"@type":"ListItem","position":5,"name":"Fermacell 12,5mm &#8211; Cloison s\u00e8che Plaque format 1500x1200mm en fibres-gypse"}]},{"@type":"WebSite","@id":"https:\/\/nature-et-developpement.com\/ned-perpignan\/#website","url":"https:\/\/nature-et-developpement.com\/ned-perpignan\/","name":"Nature et D\u00e9veloppement Perpignan","description":"Solutions, mat\u00e9riaux et d\u00e9coration \u00e9co-responsables pour les pros et les particuliers.","potentialAction":[{"@type":"SearchAction","target":{"@type":"EntryPoint","urlTemplate":"https:\/\/nature-et-developpement.com\/ned-perpignan\/?s={search_term_string}"},"query-input":{"@type":"PropertyValueSpecification","valueRequired":true,"valueName":"search_term_string"}}],"inLanguage":"fr-FR"}]}},"distributor_meta":false,"distributor_terms":false,"distributor_media":false,"distributor_original_site_name":"Nature et D\u00e9veloppement Perpignan","distributor_original_site_url":"https:\/\/nature-et-developpement.com\/ned-perpignan","push-errors":false,"_links":{"self":[{"href":"https:\/\/nature-et-developpement.com\/ned-perpignan\/wp-json\/wp\/v2\/product\/5208","targetHints":{"allow":["GET"]}}],"collection":[{"href":"https:\/\/nature-et-developpement.com\/ned-perpignan\/wp-json\/wp\/v2\/product"}],"about":[{"href":"https:\/\/nature-et-developpement.com\/ned-perpignan\/wp-json\/wp\/v2\/types\/product"}],"wp:featuredmedia":[{"embeddable":true,"href":"https:\/\/nature-et-developpement.com\/ned-perpignan\/wp-json\/"}],"wp:attachment":[{"href":"https:\/\/nature-et-developpement.com\/ned-perpignan\/wp-json\/wp\/v2\/media?parent=5208"}],"wp:term":[{"taxonomy":"product_brand","embeddable":true,"href":"https:\/\/nature-et-developpement.com\/ned-perpignan\/wp-json\/wp\/v2\/product_brand?post=5208"},{"taxonomy":"product_cat","embeddable":true,"href":"https:\/\/nature-et-developpement.com\/ned-perpignan\/wp-json\/wp\/v2\/product_cat?post=5208"},{"taxonomy":"product_tag","embeddable":true,"href":"https:\/\/nature-et-developpement.com\/ned-perpignan\/wp-json\/wp\/v2\/product_tag?post=5208"}],"curies":[{"name":"wp","href":"https:\/\/api.w.org\/{rel}","templated":true}]}}