{"id":5262,"date":"2024-04-01T00:00:00","date_gmt":"2024-03-31T22:00:00","guid":{"rendered":"https:\/\/nature-et-developpement.com\/ned-perpignan\/produit\/couche-de-fond-preparatoire-pour-etancheite-fermacell\/"},"modified":"2026-03-17T12:11:28","modified_gmt":"2026-03-17T11:11:28","slug":"couche-de-fond-preparatoire-pour-etancheite-fermacell","status":"publish","type":"product","link":"https:\/\/nature-et-developpement.com\/ned-perpignan\/produit\/couche-de-fond-preparatoire-pour-etancheite-fermacell\/","title":{"rendered":"Fermacell &#8211; Couche de Fond pr\u00e9paratoire pour \u00e9tanch\u00e9it\u00e9"},"content":{"rendered":"<h2>Couche de fond fermacell<\/h2>\n<p>Primaire et durcisseur de fond universel pour support absorbant et peu absorbant, horizontal (sol et plafond) ou vertical (cloison), en int\u00e9rieur et en ext\u00e9rieur.<\/p>\n<p>Applicable avant la pose de mortiers de nivellement et de mastics ainsi que de rev\u00eatements acryliques et de mortiers-colles \u00e0 carrelage sans solvant.<\/p>\n<p>Appropri\u00e9 pour les supports les plus divers.<\/p>\n<h3><strong>Application<\/strong><\/h3>\n<p>Les supports doivent pr\u00e9senter une surface plane, \u00eatre propres, secs, et exempts de tous r\u00e9sidus.<\/p>\n<p>Appliquer le produit \u00e0 l\u2019aide d\u2019un rouleau, d\u2019une brosse, d\u2019un pinceau, ou d\u2019un pistolet appropri\u00e9.<\/p>\n<h4><strong>Consommation<\/strong>\u00a0:<\/h4>\n<p>de 100 \u00e0 200 mL selon la proportion du m\u00e9lange.<\/p>\n<h4><strong>Propri\u00e9t\u00e9s <\/strong><\/h4>\n<ul>\n<li>Appr\u00eat sans solvant<\/li>\n<li>P\u00e9n\u00e8tre en profondeur dans une multitude de support<\/li>\n<li>Am\u00e9lioration de l\u2019adh\u00e9sion, de la stabilit\u00e9 et de la solidit\u00e9 du support ; notamment en pr\u00e9vision d\u2019application d\u2019enduits, de mortiers-colles \u00e0 carrelage et de papiers peints<\/li>\n<li>Application universelle pour tous les produits Fermacell et pour une multitude d\u2019autres supports<\/li>\n<li>Peut-\u00eatre dilu\u00e9 avec de l\u2019eau<\/li>\n<\/ul>\n","protected":false},"excerpt":{"rendered":"<p>Primaire et durcisseur de fond universel pour support absorbant et peu absorbant, horizontal (sol et plafond) ou vertical (cloison), en int\u00e9rieur comme en ext\u00e9rieur.<\/p>\n","protected":false},"featured_media":1000000165952,"template":"","meta":[],"product_brand":[146],"product_cat":[2343,2342],"product_tag":[],"class_list":{"0":"post-5262","1":"product","2":"type-product","3":"status-publish","4":"has-post-thumbnail","6":"product_brand-fermacell","7":"product_cat-accessoires-construction","8":"product_cat-accessoires-isolation-et-etancheite","9":"product_shipping_class-petit-equipement-outil-eclairage","11":"first","12":"instock","13":"taxable","14":"shipping-taxable","15":"purchasable","16":"product-type-simple"},"yoast_head":"<!-- This site is optimized with the Yoast SEO plugin v27.5 - https:\/\/yoast.com\/product\/yoast-seo-wordpress\/ -->\n<title>Fermacell - Couche de Fond pr\u00e9paratoire pour \u00e9tanch\u00e9it\u00e9 - Nature et D\u00e9veloppement Perpignan<\/title>\n<meta name=\"robots\" content=\"noindex, nofollow\" \/>\n<meta property=\"og:locale\" content=\"fr_FR\" \/>\n<meta property=\"og:type\" content=\"article\" \/>\n<meta property=\"og:title\" content=\"Fermacell - Couche de Fond pr\u00e9paratoire pour \u00e9tanch\u00e9it\u00e9 - Nature et D\u00e9veloppement Perpignan\" \/>\n<meta property=\"og:description\" content=\"Primaire et durcisseur de fond universel pour support absorbant et peu absorbant, horizontal (sol et plafond) ou vertical (cloison), en int\u00e9rieur comme en ext\u00e9rieur.\" \/>\n<meta property=\"og:url\" content=\"https:\/\/nature-et-developpement.com\/ned-perpignan\/produit\/couche-de-fond-preparatoire-pour-etancheite-fermacell\/\" \/>\n<meta property=\"og:site_name\" content=\"Nature et D\u00e9veloppement Perpignan\" \/>\n<meta property=\"article:modified_time\" content=\"2026-03-17T11:11:28+00:00\" \/>\n<meta name=\"twitter:card\" content=\"summary_large_image\" \/>\n<meta name=\"twitter:label1\" content=\"Dur\u00e9e de lecture estim\u00e9e\" \/>\n\t<meta name=\"twitter:data1\" content=\"1 minute\" \/>\n<script type=\"application\/ld+json\" class=\"yoast-schema-graph\">{\"@context\":\"https:\\\/\\\/schema.org\",\"@graph\":[{\"@type\":\"WebPage\",\"@id\":\"https:\\\/\\\/nature-et-developpement.com\\\/ned-perpignan\\\/produit\\\/couche-de-fond-preparatoire-pour-etancheite-fermacell\\\/\",\"url\":\"https:\\\/\\\/nature-et-developpement.com\\\/ned-perpignan\\\/produit\\\/couche-de-fond-preparatoire-pour-etancheite-fermacell\\\/\",\"name\":\"Fermacell - Couche de Fond pr\u00e9paratoire pour \u00e9tanch\u00e9it\u00e9 - Nature et D\u00e9veloppement Perpignan\",\"isPartOf\":{\"@id\":\"https:\\\/\\\/nature-et-developpement.com\\\/ned-perpignan\\\/#website\"},\"primaryImageOfPage\":{\"@id\":\"https:\\\/\\\/nature-et-developpement.com\\\/ned-perpignan\\\/produit\\\/couche-de-fond-preparatoire-pour-etancheite-fermacell\\\/#primaryimage\"},\"image\":{\"@id\":\"https:\\\/\\\/nature-et-developpement.com\\\/ned-perpignan\\\/produit\\\/couche-de-fond-preparatoire-pour-etancheite-fermacell\\\/#primaryimage\"},\"thumbnailUrl\":\"https:\\\/\\\/nature-et-developpement.com\\\/ned-perpignan\\\/wp-content\\\/uploads\\\/Couche-de-Fond-preparatoire-pour-etancheite-fermacell-79167.jpg\",\"datePublished\":\"2024-03-31T22:00:00+00:00\",\"dateModified\":\"2026-03-17T11:11:28+00:00\",\"breadcrumb\":{\"@id\":\"https:\\\/\\\/nature-et-developpement.com\\\/ned-perpignan\\\/produit\\\/couche-de-fond-preparatoire-pour-etancheite-fermacell\\\/#breadcrumb\"},\"inLanguage\":\"fr-FR\",\"potentialAction\":[{\"@type\":\"ReadAction\",\"target\":[\"https:\\\/\\\/nature-et-developpement.com\\\/ned-perpignan\\\/produit\\\/couche-de-fond-preparatoire-pour-etancheite-fermacell\\\/\"]}]},{\"@type\":\"ImageObject\",\"inLanguage\":\"fr-FR\",\"@id\":\"https:\\\/\\\/nature-et-developpement.com\\\/ned-perpignan\\\/produit\\\/couche-de-fond-preparatoire-pour-etancheite-fermacell\\\/#primaryimage\",\"url\":\"https:\\\/\\\/nature-et-developpement.com\\\/ned-perpignan\\\/wp-content\\\/uploads\\\/Couche-de-Fond-preparatoire-pour-etancheite-fermacell-79167.jpg\",\"contentUrl\":\"https:\\\/\\\/nature-et-developpement.com\\\/ned-perpignan\\\/wp-content\\\/uploads\\\/Couche-de-Fond-preparatoire-pour-etancheite-fermacell-79167.jpg\"},{\"@type\":\"BreadcrumbList\",\"@id\":\"https:\\\/\\\/nature-et-developpement.com\\\/ned-perpignan\\\/produit\\\/couche-de-fond-preparatoire-pour-etancheite-fermacell\\\/#breadcrumb\",\"itemListElement\":[{\"@type\":\"ListItem\",\"position\":1,\"name\":\"Accueil\",\"item\":\"https:\\\/\\\/nature-et-developpement.com\\\/ned-perpignan\\\/\"},{\"@type\":\"ListItem\",\"position\":2,\"name\":\"Boutique\",\"item\":\"https:\\\/\\\/nature-et-developpement.com\\\/ned-perpignan\\\/boutique\\\/\"},{\"@type\":\"ListItem\",\"position\":3,\"name\":\"Construction, cloison et fen\u00eatres\",\"item\":\"https:\\\/\\\/nature-et-developpement.com\\\/ned-perpignan\\\/produits\\\/construction\\\/\"},{\"@type\":\"ListItem\",\"position\":4,\"name\":\"Accessoires construction\",\"item\":\"https:\\\/\\\/nature-et-developpement.com\\\/ned-perpignan\\\/produits\\\/construction\\\/accessoires-construction\\\/\"},{\"@type\":\"ListItem\",\"position\":5,\"name\":\"Fermacell &#8211; Couche de Fond pr\u00e9paratoire pour \u00e9tanch\u00e9it\u00e9\"}]},{\"@type\":\"WebSite\",\"@id\":\"https:\\\/\\\/nature-et-developpement.com\\\/ned-perpignan\\\/#website\",\"url\":\"https:\\\/\\\/nature-et-developpement.com\\\/ned-perpignan\\\/\",\"name\":\"Nature et D\u00e9veloppement Perpignan\",\"description\":\"Solutions, mat\u00e9riaux et d\u00e9coration \u00e9co-responsables pour les pros et les particuliers.\",\"potentialAction\":[{\"@type\":\"SearchAction\",\"target\":{\"@type\":\"EntryPoint\",\"urlTemplate\":\"https:\\\/\\\/nature-et-developpement.com\\\/ned-perpignan\\\/?s={search_term_string}\"},\"query-input\":{\"@type\":\"PropertyValueSpecification\",\"valueRequired\":true,\"valueName\":\"search_term_string\"}}],\"inLanguage\":\"fr-FR\"}]}<\/script>\n<!-- \/ Yoast SEO plugin. -->","yoast_head_json":{"title":"Fermacell - Couche de Fond pr\u00e9paratoire pour \u00e9tanch\u00e9it\u00e9 - Nature et D\u00e9veloppement Perpignan","robots":{"index":"noindex","follow":"nofollow"},"og_locale":"fr_FR","og_type":"article","og_title":"Fermacell - Couche de Fond pr\u00e9paratoire pour \u00e9tanch\u00e9it\u00e9 - Nature et D\u00e9veloppement Perpignan","og_description":"Primaire et durcisseur de fond universel pour support absorbant et peu absorbant, horizontal (sol et plafond) ou vertical (cloison), en int\u00e9rieur comme en ext\u00e9rieur.","og_url":"https:\/\/nature-et-developpement.com\/ned-perpignan\/produit\/couche-de-fond-preparatoire-pour-etancheite-fermacell\/","og_site_name":"Nature et D\u00e9veloppement Perpignan","article_modified_time":"2026-03-17T11:11:28+00:00","twitter_card":"summary_large_image","twitter_misc":{"Dur\u00e9e de lecture estim\u00e9e":"1 minute"},"schema":{"@context":"https:\/\/schema.org","@graph":[{"@type":"WebPage","@id":"https:\/\/nature-et-developpement.com\/ned-perpignan\/produit\/couche-de-fond-preparatoire-pour-etancheite-fermacell\/","url":"https:\/\/nature-et-developpement.com\/ned-perpignan\/produit\/couche-de-fond-preparatoire-pour-etancheite-fermacell\/","name":"Fermacell - Couche de Fond pr\u00e9paratoire pour \u00e9tanch\u00e9it\u00e9 - Nature et D\u00e9veloppement Perpignan","isPartOf":{"@id":"https:\/\/nature-et-developpement.com\/ned-perpignan\/#website"},"primaryImageOfPage":{"@id":"https:\/\/nature-et-developpement.com\/ned-perpignan\/produit\/couche-de-fond-preparatoire-pour-etancheite-fermacell\/#primaryimage"},"image":{"@id":"https:\/\/nature-et-developpement.com\/ned-perpignan\/produit\/couche-de-fond-preparatoire-pour-etancheite-fermacell\/#primaryimage"},"thumbnailUrl":"https:\/\/nature-et-developpement.com\/ned-perpignan\/wp-content\/uploads\/Couche-de-Fond-preparatoire-pour-etancheite-fermacell-79167.jpg","datePublished":"2024-03-31T22:00:00+00:00","dateModified":"2026-03-17T11:11:28+00:00","breadcrumb":{"@id":"https:\/\/nature-et-developpement.com\/ned-perpignan\/produit\/couche-de-fond-preparatoire-pour-etancheite-fermacell\/#breadcrumb"},"inLanguage":"fr-FR","potentialAction":[{"@type":"ReadAction","target":["https:\/\/nature-et-developpement.com\/ned-perpignan\/produit\/couche-de-fond-preparatoire-pour-etancheite-fermacell\/"]}]},{"@type":"ImageObject","inLanguage":"fr-FR","@id":"https:\/\/nature-et-developpement.com\/ned-perpignan\/produit\/couche-de-fond-preparatoire-pour-etancheite-fermacell\/#primaryimage","url":"https:\/\/nature-et-developpement.com\/ned-perpignan\/wp-content\/uploads\/Couche-de-Fond-preparatoire-pour-etancheite-fermacell-79167.jpg","contentUrl":"https:\/\/nature-et-developpement.com\/ned-perpignan\/wp-content\/uploads\/Couche-de-Fond-preparatoire-pour-etancheite-fermacell-79167.jpg"},{"@type":"BreadcrumbList","@id":"https:\/\/nature-et-developpement.com\/ned-perpignan\/produit\/couche-de-fond-preparatoire-pour-etancheite-fermacell\/#breadcrumb","itemListElement":[{"@type":"ListItem","position":1,"name":"Accueil","item":"https:\/\/nature-et-developpement.com\/ned-perpignan\/"},{"@type":"ListItem","position":2,"name":"Boutique","item":"https:\/\/nature-et-developpement.com\/ned-perpignan\/boutique\/"},{"@type":"ListItem","position":3,"name":"Construction, cloison et fen\u00eatres","item":"https:\/\/nature-et-developpement.com\/ned-perpignan\/produits\/construction\/"},{"@type":"ListItem","position":4,"name":"Accessoires construction","item":"https:\/\/nature-et-developpement.com\/ned-perpignan\/produits\/construction\/accessoires-construction\/"},{"@type":"ListItem","position":5,"name":"Fermacell &#8211; Couche de Fond pr\u00e9paratoire pour \u00e9tanch\u00e9it\u00e9"}]},{"@type":"WebSite","@id":"https:\/\/nature-et-developpement.com\/ned-perpignan\/#website","url":"https:\/\/nature-et-developpement.com\/ned-perpignan\/","name":"Nature et D\u00e9veloppement Perpignan","description":"Solutions, mat\u00e9riaux et d\u00e9coration \u00e9co-responsables pour les pros et les particuliers.","potentialAction":[{"@type":"SearchAction","target":{"@type":"EntryPoint","urlTemplate":"https:\/\/nature-et-developpement.com\/ned-perpignan\/?s={search_term_string}"},"query-input":{"@type":"PropertyValueSpecification","valueRequired":true,"valueName":"search_term_string"}}],"inLanguage":"fr-FR"}]}},"distributor_meta":false,"distributor_terms":false,"distributor_media":false,"distributor_original_site_name":"Nature et D\u00e9veloppement Perpignan","distributor_original_site_url":"https:\/\/nature-et-developpement.com\/ned-perpignan","push-errors":false,"_links":{"self":[{"href":"https:\/\/nature-et-developpement.com\/ned-perpignan\/wp-json\/wp\/v2\/product\/5262","targetHints":{"allow":["GET"]}}],"collection":[{"href":"https:\/\/nature-et-developpement.com\/ned-perpignan\/wp-json\/wp\/v2\/product"}],"about":[{"href":"https:\/\/nature-et-developpement.com\/ned-perpignan\/wp-json\/wp\/v2\/types\/product"}],"wp:featuredmedia":[{"embeddable":true,"href":"https:\/\/nature-et-developpement.com\/ned-perpignan\/wp-json\/"}],"wp:attachment":[{"href":"https:\/\/nature-et-developpement.com\/ned-perpignan\/wp-json\/wp\/v2\/media?parent=5262"}],"wp:term":[{"taxonomy":"product_brand","embeddable":true,"href":"https:\/\/nature-et-developpement.com\/ned-perpignan\/wp-json\/wp\/v2\/product_brand?post=5262"},{"taxonomy":"product_cat","embeddable":true,"href":"https:\/\/nature-et-developpement.com\/ned-perpignan\/wp-json\/wp\/v2\/product_cat?post=5262"},{"taxonomy":"product_tag","embeddable":true,"href":"https:\/\/nature-et-developpement.com\/ned-perpignan\/wp-json\/wp\/v2\/product_tag?post=5262"}],"curies":[{"name":"wp","href":"https:\/\/api.w.org\/{rel}","templated":true}]}}