{"id":5264,"date":"2024-04-01T00:00:00","date_gmt":"2024-03-31T22:00:00","guid":{"rendered":"https:\/\/nature-et-developpement.com\/ned-perpignan\/produit\/angle-etancheite-fermacell\/"},"modified":"2026-03-17T11:46:54","modified_gmt":"2026-03-17T10:46:54","slug":"angle-etancheite-fermacell","status":"publish","type":"product","link":"https:\/\/nature-et-developpement.com\/ned-perpignan\/produit\/angle-etancheite-fermacell\/","title":{"rendered":"Fermacell &#8211; \u00c9tanch\u00e9it\u00e9 angle entrant et sortant"},"content":{"rendered":"<h2>\u00c9tanch\u00e9it\u00e9 des angles fermacell<\/h2>\n<p>Les angles et bande d\u2019\u00e9tanch\u00e9it\u00e9 fermacell ont \u00e9t\u00e9 con\u00e7us pour \u00e9tancher durablement et \u00e9viter ainsi le passage de l\u2019eau au droit des raccords et des angles entre cloisons ou entre cloisons et sols.<\/p>\n<h3><strong>Application<\/strong><\/h3>\n<p>Sur le support appr\u00eat\u00e9 avec la couche de fond fermacell, appliquer une premi\u00e8re couche de sous-couche de protection \u00e0 l\u2019eau sur la zone correspondant \u00e0 la zone d\u2019application de la bande ou de l\u2019angle d\u2019\u00e9tanch\u00e9it\u00e9.<\/p>\n<p>Maroufler la bande ou l\u2019angle dans la couche d\u2019\u00e9tanch\u00e9it\u00e9 encore fra\u00eeche<\/p>\n<p>Puis appliquer une seconde couche de sous-couche de protection \u00e0 l\u2019eau sur la totalit\u00e9 de la surface de la bande ou de l\u2019angle et de la premi\u00e8re couche.<\/p>\n<p>Dans le cas d\u2019un raccord (bande avec bande ou bande avec angle), respecter un chevauchement minimum de 5cm.<\/p>\n","protected":false},"excerpt":{"rendered":"<p>Angles d&rsquo;\u00e9tanch\u00e9it\u00e9 pr\u00e9fabriqu\u00e9s haut de gamme pour \u00e9tancher durablement contre l&rsquo;eau les coins de la pi\u00e8ce sous le carrelage, les dalles et rev\u00eatements c\u00e9ramiques.<\/p>\n","protected":false},"featured_media":1000000165942,"template":"","meta":[],"product_brand":[146],"product_cat":[2343,2342],"product_tag":[2950],"class_list":{"0":"post-5264","1":"product","2":"type-product","3":"status-publish","4":"has-post-thumbnail","6":"product_brand-fermacell","7":"product_cat-accessoires-construction","8":"product_cat-accessoires-isolation-et-etancheite","9":"product_tag-fermacell","10":"product_shipping_class-petit-equipement-outil-eclairage","12":"first","13":"instock","14":"taxable","15":"shipping-taxable","16":"purchasable","17":"product-type-variable"},"yoast_head":"<!-- This site is optimized with the Yoast SEO plugin v27.5 - https:\/\/yoast.com\/product\/yoast-seo-wordpress\/ -->\n<title>\u00c9tanch\u00e9it\u00e9 Fermacell angle entrant et sortant<\/title>\n<meta name=\"description\" content=\"Angles d&#039;\u00e9tanch\u00e9it\u00e9 pr\u00e9fabriqu\u00e9s haut de gamme pour \u00e9tancher durablement contre l&#039;eau les coins de la pi\u00e8ce sous le carrelage, les dalles et rev\u00eatements c\u00e9ramiques. La bande et les angles de bande d\u2019\u00e9tanch\u00e9it\u00e9 fermacell ont \u00e9t\u00e9 con\u00e7us pour une \u00e9tanch\u00e9it\u00e9 durable.\" \/>\n<meta name=\"robots\" content=\"noindex, nofollow\" \/>\n<meta property=\"og:locale\" content=\"fr_FR\" \/>\n<meta property=\"og:type\" content=\"article\" \/>\n<meta property=\"og:title\" content=\"\u00c9tanch\u00e9it\u00e9 Fermacell angle entrant et sortant\" \/>\n<meta property=\"og:description\" content=\"Angles d&#039;\u00e9tanch\u00e9it\u00e9 pr\u00e9fabriqu\u00e9s haut de gamme pour \u00e9tancher durablement contre l&#039;eau les coins de la pi\u00e8ce sous le carrelage, les dalles et rev\u00eatements c\u00e9ramiques. La bande et les angles de bande d\u2019\u00e9tanch\u00e9it\u00e9 fermacell ont \u00e9t\u00e9 con\u00e7us pour une \u00e9tanch\u00e9it\u00e9 durable.\" \/>\n<meta property=\"og:url\" content=\"https:\/\/nature-et-developpement.com\/ned-perpignan\/produit\/angle-etancheite-fermacell\/\" \/>\n<meta property=\"og:site_name\" content=\"Nature et D\u00e9veloppement Perpignan\" \/>\n<meta property=\"article:modified_time\" content=\"2026-03-17T10:46:54+00:00\" \/>\n<meta name=\"twitter:card\" content=\"summary_large_image\" \/>\n<meta name=\"twitter:label1\" content=\"Dur\u00e9e de lecture estim\u00e9e\" \/>\n\t<meta name=\"twitter:data1\" content=\"1 minute\" \/>\n<script type=\"application\/ld+json\" class=\"yoast-schema-graph\">{\"@context\":\"https:\\\/\\\/schema.org\",\"@graph\":[{\"@type\":\"WebPage\",\"@id\":\"https:\\\/\\\/nature-et-developpement.com\\\/ned-perpignan\\\/produit\\\/angle-etancheite-fermacell\\\/\",\"url\":\"https:\\\/\\\/nature-et-developpement.com\\\/ned-perpignan\\\/produit\\\/angle-etancheite-fermacell\\\/\",\"name\":\"\u00c9tanch\u00e9it\u00e9 Fermacell angle entrant et sortant\",\"isPartOf\":{\"@id\":\"https:\\\/\\\/nature-et-developpement.com\\\/ned-perpignan\\\/#website\"},\"primaryImageOfPage\":{\"@id\":\"https:\\\/\\\/nature-et-developpement.com\\\/ned-perpignan\\\/produit\\\/angle-etancheite-fermacell\\\/#primaryimage\"},\"image\":{\"@id\":\"https:\\\/\\\/nature-et-developpement.com\\\/ned-perpignan\\\/produit\\\/angle-etancheite-fermacell\\\/#primaryimage\"},\"thumbnailUrl\":\"https:\\\/\\\/nature-et-developpement.com\\\/ned-perpignan\\\/wp-content\\\/uploads\\\/Angles-de-bande-detancheite-2-angles-rentrants-par-paquet-fermacell-79139.jpg\",\"datePublished\":\"2024-03-31T22:00:00+00:00\",\"dateModified\":\"2026-03-17T10:46:54+00:00\",\"description\":\"Angles d'\u00e9tanch\u00e9it\u00e9 pr\u00e9fabriqu\u00e9s haut de gamme pour \u00e9tancher durablement contre l'eau les coins de la pi\u00e8ce sous le carrelage, les dalles et rev\u00eatements c\u00e9ramiques. La bande et les angles de bande d\u2019\u00e9tanch\u00e9it\u00e9 fermacell ont \u00e9t\u00e9 con\u00e7us pour une \u00e9tanch\u00e9it\u00e9 durable.\",\"breadcrumb\":{\"@id\":\"https:\\\/\\\/nature-et-developpement.com\\\/ned-perpignan\\\/produit\\\/angle-etancheite-fermacell\\\/#breadcrumb\"},\"inLanguage\":\"fr-FR\",\"potentialAction\":[{\"@type\":\"ReadAction\",\"target\":[\"https:\\\/\\\/nature-et-developpement.com\\\/ned-perpignan\\\/produit\\\/angle-etancheite-fermacell\\\/\"]}]},{\"@type\":\"ImageObject\",\"inLanguage\":\"fr-FR\",\"@id\":\"https:\\\/\\\/nature-et-developpement.com\\\/ned-perpignan\\\/produit\\\/angle-etancheite-fermacell\\\/#primaryimage\",\"url\":\"https:\\\/\\\/nature-et-developpement.com\\\/ned-perpignan\\\/wp-content\\\/uploads\\\/Angles-de-bande-detancheite-2-angles-rentrants-par-paquet-fermacell-79139.jpg\",\"contentUrl\":\"https:\\\/\\\/nature-et-developpement.com\\\/ned-perpignan\\\/wp-content\\\/uploads\\\/Angles-de-bande-detancheite-2-angles-rentrants-par-paquet-fermacell-79139.jpg\"},{\"@type\":\"BreadcrumbList\",\"@id\":\"https:\\\/\\\/nature-et-developpement.com\\\/ned-perpignan\\\/produit\\\/angle-etancheite-fermacell\\\/#breadcrumb\",\"itemListElement\":[{\"@type\":\"ListItem\",\"position\":1,\"name\":\"Accueil\",\"item\":\"https:\\\/\\\/nature-et-developpement.com\\\/ned-perpignan\\\/\"},{\"@type\":\"ListItem\",\"position\":2,\"name\":\"Boutique\",\"item\":\"https:\\\/\\\/nature-et-developpement.com\\\/ned-perpignan\\\/boutique\\\/\"},{\"@type\":\"ListItem\",\"position\":3,\"name\":\"Construction, cloison et fen\u00eatres\",\"item\":\"https:\\\/\\\/nature-et-developpement.com\\\/ned-perpignan\\\/produits\\\/construction\\\/\"},{\"@type\":\"ListItem\",\"position\":4,\"name\":\"Accessoires construction\",\"item\":\"https:\\\/\\\/nature-et-developpement.com\\\/ned-perpignan\\\/produits\\\/construction\\\/accessoires-construction\\\/\"},{\"@type\":\"ListItem\",\"position\":5,\"name\":\"Fermacell &#8211; \u00c9tanch\u00e9it\u00e9 angle entrant et sortant\"}]},{\"@type\":\"WebSite\",\"@id\":\"https:\\\/\\\/nature-et-developpement.com\\\/ned-perpignan\\\/#website\",\"url\":\"https:\\\/\\\/nature-et-developpement.com\\\/ned-perpignan\\\/\",\"name\":\"Nature et D\u00e9veloppement Perpignan\",\"description\":\"Solutions, mat\u00e9riaux et d\u00e9coration \u00e9co-responsables pour les pros et les particuliers.\",\"potentialAction\":[{\"@type\":\"SearchAction\",\"target\":{\"@type\":\"EntryPoint\",\"urlTemplate\":\"https:\\\/\\\/nature-et-developpement.com\\\/ned-perpignan\\\/?s={search_term_string}\"},\"query-input\":{\"@type\":\"PropertyValueSpecification\",\"valueRequired\":true,\"valueName\":\"search_term_string\"}}],\"inLanguage\":\"fr-FR\"}]}<\/script>\n<!-- \/ Yoast SEO plugin. -->","yoast_head_json":{"title":"\u00c9tanch\u00e9it\u00e9 Fermacell angle entrant et sortant","description":"Angles d'\u00e9tanch\u00e9it\u00e9 pr\u00e9fabriqu\u00e9s haut de gamme pour \u00e9tancher durablement contre l'eau les coins de la pi\u00e8ce sous le carrelage, les dalles et rev\u00eatements c\u00e9ramiques. La bande et les angles de bande d\u2019\u00e9tanch\u00e9it\u00e9 fermacell ont \u00e9t\u00e9 con\u00e7us pour une \u00e9tanch\u00e9it\u00e9 durable.","robots":{"index":"noindex","follow":"nofollow"},"og_locale":"fr_FR","og_type":"article","og_title":"\u00c9tanch\u00e9it\u00e9 Fermacell angle entrant et sortant","og_description":"Angles d'\u00e9tanch\u00e9it\u00e9 pr\u00e9fabriqu\u00e9s haut de gamme pour \u00e9tancher durablement contre l'eau les coins de la pi\u00e8ce sous le carrelage, les dalles et rev\u00eatements c\u00e9ramiques. La bande et les angles de bande d\u2019\u00e9tanch\u00e9it\u00e9 fermacell ont \u00e9t\u00e9 con\u00e7us pour une \u00e9tanch\u00e9it\u00e9 durable.","og_url":"https:\/\/nature-et-developpement.com\/ned-perpignan\/produit\/angle-etancheite-fermacell\/","og_site_name":"Nature et D\u00e9veloppement Perpignan","article_modified_time":"2026-03-17T10:46:54+00:00","twitter_card":"summary_large_image","twitter_misc":{"Dur\u00e9e de lecture estim\u00e9e":"1 minute"},"schema":{"@context":"https:\/\/schema.org","@graph":[{"@type":"WebPage","@id":"https:\/\/nature-et-developpement.com\/ned-perpignan\/produit\/angle-etancheite-fermacell\/","url":"https:\/\/nature-et-developpement.com\/ned-perpignan\/produit\/angle-etancheite-fermacell\/","name":"\u00c9tanch\u00e9it\u00e9 Fermacell angle entrant et sortant","isPartOf":{"@id":"https:\/\/nature-et-developpement.com\/ned-perpignan\/#website"},"primaryImageOfPage":{"@id":"https:\/\/nature-et-developpement.com\/ned-perpignan\/produit\/angle-etancheite-fermacell\/#primaryimage"},"image":{"@id":"https:\/\/nature-et-developpement.com\/ned-perpignan\/produit\/angle-etancheite-fermacell\/#primaryimage"},"thumbnailUrl":"https:\/\/nature-et-developpement.com\/ned-perpignan\/wp-content\/uploads\/Angles-de-bande-detancheite-2-angles-rentrants-par-paquet-fermacell-79139.jpg","datePublished":"2024-03-31T22:00:00+00:00","dateModified":"2026-03-17T10:46:54+00:00","description":"Angles d'\u00e9tanch\u00e9it\u00e9 pr\u00e9fabriqu\u00e9s haut de gamme pour \u00e9tancher durablement contre l'eau les coins de la pi\u00e8ce sous le carrelage, les dalles et rev\u00eatements c\u00e9ramiques. La bande et les angles de bande d\u2019\u00e9tanch\u00e9it\u00e9 fermacell ont \u00e9t\u00e9 con\u00e7us pour une \u00e9tanch\u00e9it\u00e9 durable.","breadcrumb":{"@id":"https:\/\/nature-et-developpement.com\/ned-perpignan\/produit\/angle-etancheite-fermacell\/#breadcrumb"},"inLanguage":"fr-FR","potentialAction":[{"@type":"ReadAction","target":["https:\/\/nature-et-developpement.com\/ned-perpignan\/produit\/angle-etancheite-fermacell\/"]}]},{"@type":"ImageObject","inLanguage":"fr-FR","@id":"https:\/\/nature-et-developpement.com\/ned-perpignan\/produit\/angle-etancheite-fermacell\/#primaryimage","url":"https:\/\/nature-et-developpement.com\/ned-perpignan\/wp-content\/uploads\/Angles-de-bande-detancheite-2-angles-rentrants-par-paquet-fermacell-79139.jpg","contentUrl":"https:\/\/nature-et-developpement.com\/ned-perpignan\/wp-content\/uploads\/Angles-de-bande-detancheite-2-angles-rentrants-par-paquet-fermacell-79139.jpg"},{"@type":"BreadcrumbList","@id":"https:\/\/nature-et-developpement.com\/ned-perpignan\/produit\/angle-etancheite-fermacell\/#breadcrumb","itemListElement":[{"@type":"ListItem","position":1,"name":"Accueil","item":"https:\/\/nature-et-developpement.com\/ned-perpignan\/"},{"@type":"ListItem","position":2,"name":"Boutique","item":"https:\/\/nature-et-developpement.com\/ned-perpignan\/boutique\/"},{"@type":"ListItem","position":3,"name":"Construction, cloison et fen\u00eatres","item":"https:\/\/nature-et-developpement.com\/ned-perpignan\/produits\/construction\/"},{"@type":"ListItem","position":4,"name":"Accessoires construction","item":"https:\/\/nature-et-developpement.com\/ned-perpignan\/produits\/construction\/accessoires-construction\/"},{"@type":"ListItem","position":5,"name":"Fermacell &#8211; \u00c9tanch\u00e9it\u00e9 angle entrant et sortant"}]},{"@type":"WebSite","@id":"https:\/\/nature-et-developpement.com\/ned-perpignan\/#website","url":"https:\/\/nature-et-developpement.com\/ned-perpignan\/","name":"Nature et D\u00e9veloppement Perpignan","description":"Solutions, mat\u00e9riaux et d\u00e9coration \u00e9co-responsables pour les pros et les particuliers.","potentialAction":[{"@type":"SearchAction","target":{"@type":"EntryPoint","urlTemplate":"https:\/\/nature-et-developpement.com\/ned-perpignan\/?s={search_term_string}"},"query-input":{"@type":"PropertyValueSpecification","valueRequired":true,"valueName":"search_term_string"}}],"inLanguage":"fr-FR"}]}},"distributor_meta":false,"distributor_terms":false,"distributor_media":false,"distributor_original_site_name":"Nature et D\u00e9veloppement Perpignan","distributor_original_site_url":"https:\/\/nature-et-developpement.com\/ned-perpignan","push-errors":false,"_links":{"self":[{"href":"https:\/\/nature-et-developpement.com\/ned-perpignan\/wp-json\/wp\/v2\/product\/5264","targetHints":{"allow":["GET"]}}],"collection":[{"href":"https:\/\/nature-et-developpement.com\/ned-perpignan\/wp-json\/wp\/v2\/product"}],"about":[{"href":"https:\/\/nature-et-developpement.com\/ned-perpignan\/wp-json\/wp\/v2\/types\/product"}],"wp:featuredmedia":[{"embeddable":true,"href":"https:\/\/nature-et-developpement.com\/ned-perpignan\/wp-json\/"}],"wp:attachment":[{"href":"https:\/\/nature-et-developpement.com\/ned-perpignan\/wp-json\/wp\/v2\/media?parent=5264"}],"wp:term":[{"taxonomy":"product_brand","embeddable":true,"href":"https:\/\/nature-et-developpement.com\/ned-perpignan\/wp-json\/wp\/v2\/product_brand?post=5264"},{"taxonomy":"product_cat","embeddable":true,"href":"https:\/\/nature-et-developpement.com\/ned-perpignan\/wp-json\/wp\/v2\/product_cat?post=5264"},{"taxonomy":"product_tag","embeddable":true,"href":"https:\/\/nature-et-developpement.com\/ned-perpignan\/wp-json\/wp\/v2\/product_tag?post=5264"}],"curies":[{"name":"wp","href":"https:\/\/api.w.org\/{rel}","templated":true}]}}