{"id":5407,"date":"2020-04-22T15:01:01","date_gmt":"2020-04-22T13:01:01","guid":{"rendered":"https:\/\/nature-et-developpement.com\/ned-perpignan\/produit\/plinthe-placage-bois-profile-3-pk-meister\/"},"modified":"2026-03-26T15:46:43","modified_gmt":"2026-03-26T14:46:43","slug":"plinthe-placage-bois-profile-3-pk-meister","status":"publish","type":"product","link":"https:\/\/nature-et-developpement.com\/ned-perpignan\/produit\/plinthe-placage-bois-profile-3-pk-meister\/","title":{"rendered":"Plinthe placage bois Profile 3 PK MEISTER"},"content":{"rendered":"","protected":false},"excerpt":{"rendered":"<p>Plinthe MEISTER placage bois v\u00e9ritable, ch\u00eane nature ou assortie \u00e0 votre sol. C\u0153ur MDF E1 haute qualit\u00e9.<br \/>\nProfil 60x20mm, avec partie verticale l\u00e9g\u00e8rement inclin\u00e9e et angle l\u00e9g\u00e8rement arrondi.<br \/>\nMontage avec clip de fixation, ou\u00a0collage avec colle de montage.<\/p>\n<p>Longueur 2,38m<\/p>\n","protected":false},"featured_media":1000000134258,"template":"","meta":[],"product_brand":[3079],"product_cat":[103],"product_tag":[],"class_list":{"0":"post-5407","1":"product","2":"type-product","3":"status-publish","4":"has-post-thumbnail","6":"product_brand-meister-accessoire","7":"product_cat-plinthes-et-accessoires","8":"product_shipping_class-petit-equipement-outil-eclairage","10":"first","11":"instock","12":"taxable","13":"shipping-taxable","14":"purchasable","15":"product-type-variable"},"yoast_head":"<!-- This site is optimized with the Yoast SEO plugin v27.5 - https:\/\/yoast.com\/product\/yoast-seo-wordpress\/ -->\n<title>Plinthe placage bois Profile 3 PK MEISTER - Nature et D\u00e9veloppement Perpignan<\/title>\n<meta name=\"robots\" content=\"noindex, nofollow\" \/>\n<meta property=\"og:locale\" content=\"fr_FR\" \/>\n<meta property=\"og:type\" content=\"article\" \/>\n<meta property=\"og:title\" content=\"Plinthe placage bois Profile 3 PK MEISTER - Nature et D\u00e9veloppement Perpignan\" \/>\n<meta property=\"og:description\" content=\"Plinthe MEISTER placage bois v\u00e9ritable, ch\u00eane nature ou assortie \u00e0 votre sol. C\u0153ur MDF E1 haute qualit\u00e9. Profil 60x20mm, avec partie verticale l\u00e9g\u00e8rement inclin\u00e9e et angle l\u00e9g\u00e8rement arrondi. Montage avec clip de fixation, ou\u00a0collage avec colle de montage.  Longueur 2,38m\" \/>\n<meta property=\"og:url\" content=\"https:\/\/nature-et-developpement.com\/ned-perpignan\/produit\/plinthe-placage-bois-profile-3-pk-meister\/\" \/>\n<meta property=\"og:site_name\" content=\"Nature et D\u00e9veloppement Perpignan\" \/>\n<meta property=\"article:modified_time\" content=\"2026-03-26T14:46:43+00:00\" \/>\n<meta name=\"twitter:card\" content=\"summary_large_image\" \/>\n<script type=\"application\/ld+json\" class=\"yoast-schema-graph\">{\"@context\":\"https:\\\/\\\/schema.org\",\"@graph\":[{\"@type\":\"WebPage\",\"@id\":\"https:\\\/\\\/nature-et-developpement.com\\\/ned-perpignan\\\/produit\\\/plinthe-placage-bois-profile-3-pk-meister\\\/\",\"url\":\"https:\\\/\\\/nature-et-developpement.com\\\/ned-perpignan\\\/produit\\\/plinthe-placage-bois-profile-3-pk-meister\\\/\",\"name\":\"Plinthe placage bois Profile 3 PK MEISTER - Nature et D\u00e9veloppement Perpignan\",\"isPartOf\":{\"@id\":\"https:\\\/\\\/nature-et-developpement.com\\\/ned-perpignan\\\/#website\"},\"primaryImageOfPage\":{\"@id\":\"https:\\\/\\\/nature-et-developpement.com\\\/ned-perpignan\\\/produit\\\/plinthe-placage-bois-profile-3-pk-meister\\\/#primaryimage\"},\"image\":{\"@id\":\"https:\\\/\\\/nature-et-developpement.com\\\/ned-perpignan\\\/produit\\\/plinthe-placage-bois-profile-3-pk-meister\\\/#primaryimage\"},\"thumbnailUrl\":\"https:\\\/\\\/nature-et-developpement.com\\\/ned-perpignan\\\/wp-content\\\/uploads\\\/27670-Plinthe-placage-bois-Profile-3-PK-MEISTER.jpg\",\"datePublished\":\"2020-04-22T13:01:01+00:00\",\"dateModified\":\"2026-03-26T14:46:43+00:00\",\"breadcrumb\":{\"@id\":\"https:\\\/\\\/nature-et-developpement.com\\\/ned-perpignan\\\/produit\\\/plinthe-placage-bois-profile-3-pk-meister\\\/#breadcrumb\"},\"inLanguage\":\"fr-FR\",\"potentialAction\":[{\"@type\":\"ReadAction\",\"target\":[\"https:\\\/\\\/nature-et-developpement.com\\\/ned-perpignan\\\/produit\\\/plinthe-placage-bois-profile-3-pk-meister\\\/\"]}]},{\"@type\":\"ImageObject\",\"inLanguage\":\"fr-FR\",\"@id\":\"https:\\\/\\\/nature-et-developpement.com\\\/ned-perpignan\\\/produit\\\/plinthe-placage-bois-profile-3-pk-meister\\\/#primaryimage\",\"url\":\"https:\\\/\\\/nature-et-developpement.com\\\/ned-perpignan\\\/wp-content\\\/uploads\\\/27670-Plinthe-placage-bois-Profile-3-PK-MEISTER.jpg\",\"contentUrl\":\"https:\\\/\\\/nature-et-developpement.com\\\/ned-perpignan\\\/wp-content\\\/uploads\\\/27670-Plinthe-placage-bois-Profile-3-PK-MEISTER.jpg\"},{\"@type\":\"BreadcrumbList\",\"@id\":\"https:\\\/\\\/nature-et-developpement.com\\\/ned-perpignan\\\/produit\\\/plinthe-placage-bois-profile-3-pk-meister\\\/#breadcrumb\",\"itemListElement\":[{\"@type\":\"ListItem\",\"position\":1,\"name\":\"Accueil\",\"item\":\"https:\\\/\\\/nature-et-developpement.com\\\/ned-perpignan\\\/\"},{\"@type\":\"ListItem\",\"position\":2,\"name\":\"Boutique\",\"item\":\"https:\\\/\\\/nature-et-developpement.com\\\/ned-perpignan\\\/boutique\\\/\"},{\"@type\":\"ListItem\",\"position\":3,\"name\":\"Parquets bois, stratifi\u00e9s et li\u00e8ge\",\"item\":\"https:\\\/\\\/nature-et-developpement.com\\\/ned-perpignan\\\/produits\\\/parquet-et-sol-naturels\\\/\"},{\"@type\":\"ListItem\",\"position\":4,\"name\":\"Plinthes et accessoires\",\"item\":\"https:\\\/\\\/nature-et-developpement.com\\\/ned-perpignan\\\/produits\\\/parquet-et-sol-naturels\\\/plinthes-et-accessoires\\\/\"},{\"@type\":\"ListItem\",\"position\":5,\"name\":\"Plinthe placage bois Profile 3 PK MEISTER\"}]},{\"@type\":\"WebSite\",\"@id\":\"https:\\\/\\\/nature-et-developpement.com\\\/ned-perpignan\\\/#website\",\"url\":\"https:\\\/\\\/nature-et-developpement.com\\\/ned-perpignan\\\/\",\"name\":\"Nature et D\u00e9veloppement Perpignan\",\"description\":\"Solutions, mat\u00e9riaux et d\u00e9coration \u00e9co-responsables pour les pros et les particuliers.\",\"potentialAction\":[{\"@type\":\"SearchAction\",\"target\":{\"@type\":\"EntryPoint\",\"urlTemplate\":\"https:\\\/\\\/nature-et-developpement.com\\\/ned-perpignan\\\/?s={search_term_string}\"},\"query-input\":{\"@type\":\"PropertyValueSpecification\",\"valueRequired\":true,\"valueName\":\"search_term_string\"}}],\"inLanguage\":\"fr-FR\"}]}<\/script>\n<!-- \/ Yoast SEO plugin. -->","yoast_head_json":{"title":"Plinthe placage bois Profile 3 PK MEISTER - Nature et D\u00e9veloppement Perpignan","robots":{"index":"noindex","follow":"nofollow"},"og_locale":"fr_FR","og_type":"article","og_title":"Plinthe placage bois Profile 3 PK MEISTER - Nature et D\u00e9veloppement Perpignan","og_description":"Plinthe MEISTER placage bois v\u00e9ritable, ch\u00eane nature ou assortie \u00e0 votre sol. C\u0153ur MDF E1 haute qualit\u00e9. Profil 60x20mm, avec partie verticale l\u00e9g\u00e8rement inclin\u00e9e et angle l\u00e9g\u00e8rement arrondi. Montage avec clip de fixation, ou\u00a0collage avec colle de montage.  Longueur 2,38m","og_url":"https:\/\/nature-et-developpement.com\/ned-perpignan\/produit\/plinthe-placage-bois-profile-3-pk-meister\/","og_site_name":"Nature et D\u00e9veloppement Perpignan","article_modified_time":"2026-03-26T14:46:43+00:00","twitter_card":"summary_large_image","schema":{"@context":"https:\/\/schema.org","@graph":[{"@type":"WebPage","@id":"https:\/\/nature-et-developpement.com\/ned-perpignan\/produit\/plinthe-placage-bois-profile-3-pk-meister\/","url":"https:\/\/nature-et-developpement.com\/ned-perpignan\/produit\/plinthe-placage-bois-profile-3-pk-meister\/","name":"Plinthe placage bois Profile 3 PK MEISTER - Nature et D\u00e9veloppement Perpignan","isPartOf":{"@id":"https:\/\/nature-et-developpement.com\/ned-perpignan\/#website"},"primaryImageOfPage":{"@id":"https:\/\/nature-et-developpement.com\/ned-perpignan\/produit\/plinthe-placage-bois-profile-3-pk-meister\/#primaryimage"},"image":{"@id":"https:\/\/nature-et-developpement.com\/ned-perpignan\/produit\/plinthe-placage-bois-profile-3-pk-meister\/#primaryimage"},"thumbnailUrl":"https:\/\/nature-et-developpement.com\/ned-perpignan\/wp-content\/uploads\/27670-Plinthe-placage-bois-Profile-3-PK-MEISTER.jpg","datePublished":"2020-04-22T13:01:01+00:00","dateModified":"2026-03-26T14:46:43+00:00","breadcrumb":{"@id":"https:\/\/nature-et-developpement.com\/ned-perpignan\/produit\/plinthe-placage-bois-profile-3-pk-meister\/#breadcrumb"},"inLanguage":"fr-FR","potentialAction":[{"@type":"ReadAction","target":["https:\/\/nature-et-developpement.com\/ned-perpignan\/produit\/plinthe-placage-bois-profile-3-pk-meister\/"]}]},{"@type":"ImageObject","inLanguage":"fr-FR","@id":"https:\/\/nature-et-developpement.com\/ned-perpignan\/produit\/plinthe-placage-bois-profile-3-pk-meister\/#primaryimage","url":"https:\/\/nature-et-developpement.com\/ned-perpignan\/wp-content\/uploads\/27670-Plinthe-placage-bois-Profile-3-PK-MEISTER.jpg","contentUrl":"https:\/\/nature-et-developpement.com\/ned-perpignan\/wp-content\/uploads\/27670-Plinthe-placage-bois-Profile-3-PK-MEISTER.jpg"},{"@type":"BreadcrumbList","@id":"https:\/\/nature-et-developpement.com\/ned-perpignan\/produit\/plinthe-placage-bois-profile-3-pk-meister\/#breadcrumb","itemListElement":[{"@type":"ListItem","position":1,"name":"Accueil","item":"https:\/\/nature-et-developpement.com\/ned-perpignan\/"},{"@type":"ListItem","position":2,"name":"Boutique","item":"https:\/\/nature-et-developpement.com\/ned-perpignan\/boutique\/"},{"@type":"ListItem","position":3,"name":"Parquets bois, stratifi\u00e9s et li\u00e8ge","item":"https:\/\/nature-et-developpement.com\/ned-perpignan\/produits\/parquet-et-sol-naturels\/"},{"@type":"ListItem","position":4,"name":"Plinthes et accessoires","item":"https:\/\/nature-et-developpement.com\/ned-perpignan\/produits\/parquet-et-sol-naturels\/plinthes-et-accessoires\/"},{"@type":"ListItem","position":5,"name":"Plinthe placage bois Profile 3 PK MEISTER"}]},{"@type":"WebSite","@id":"https:\/\/nature-et-developpement.com\/ned-perpignan\/#website","url":"https:\/\/nature-et-developpement.com\/ned-perpignan\/","name":"Nature et D\u00e9veloppement Perpignan","description":"Solutions, mat\u00e9riaux et d\u00e9coration \u00e9co-responsables pour les pros et les particuliers.","potentialAction":[{"@type":"SearchAction","target":{"@type":"EntryPoint","urlTemplate":"https:\/\/nature-et-developpement.com\/ned-perpignan\/?s={search_term_string}"},"query-input":{"@type":"PropertyValueSpecification","valueRequired":true,"valueName":"search_term_string"}}],"inLanguage":"fr-FR"}]}},"distributor_meta":false,"distributor_terms":false,"distributor_media":false,"distributor_original_site_name":"Nature et D\u00e9veloppement Perpignan","distributor_original_site_url":"https:\/\/nature-et-developpement.com\/ned-perpignan","push-errors":false,"_links":{"self":[{"href":"https:\/\/nature-et-developpement.com\/ned-perpignan\/wp-json\/wp\/v2\/product\/5407","targetHints":{"allow":["GET"]}}],"collection":[{"href":"https:\/\/nature-et-developpement.com\/ned-perpignan\/wp-json\/wp\/v2\/product"}],"about":[{"href":"https:\/\/nature-et-developpement.com\/ned-perpignan\/wp-json\/wp\/v2\/types\/product"}],"wp:featuredmedia":[{"embeddable":true,"href":"https:\/\/nature-et-developpement.com\/ned-perpignan\/wp-json\/"}],"wp:attachment":[{"href":"https:\/\/nature-et-developpement.com\/ned-perpignan\/wp-json\/wp\/v2\/media?parent=5407"}],"wp:term":[{"taxonomy":"product_brand","embeddable":true,"href":"https:\/\/nature-et-developpement.com\/ned-perpignan\/wp-json\/wp\/v2\/product_brand?post=5407"},{"taxonomy":"product_cat","embeddable":true,"href":"https:\/\/nature-et-developpement.com\/ned-perpignan\/wp-json\/wp\/v2\/product_cat?post=5407"},{"taxonomy":"product_tag","embeddable":true,"href":"https:\/\/nature-et-developpement.com\/ned-perpignan\/wp-json\/wp\/v2\/product_tag?post=5407"}],"curies":[{"name":"wp","href":"https:\/\/api.w.org\/{rel}","templated":true}]}}