{"id":5434,"date":"2020-04-22T15:05:44","date_gmt":"2020-04-22T13:05:44","guid":{"rendered":"https:\/\/nature-et-developpement.com\/ned-perpignan\/produit\/barre-pour-egaliser-le-niveau-entre-2-sols-profile-d-egalisation-modele-100-meister\/"},"modified":"2026-03-26T18:36:42","modified_gmt":"2026-03-26T17:36:42","slug":"barre-pour-egaliser-le-niveau-entre-2-sols-profile-d-egalisation-modele-100-meister","status":"publish","type":"product","link":"https:\/\/nature-et-developpement.com\/ned-perpignan\/produit\/barre-pour-egaliser-le-niveau-entre-2-sols-profile-d-egalisation-modele-100-meister\/","title":{"rendered":"Barre pour \u00e9galiser le niveau entre 2 sols Profil\u00e9 d&rsquo;\u00e9galisation Mod\u00e8le 100 MEISTER"},"content":{"rendered":"","protected":false},"excerpt":{"rendered":"<p>Pour \u00e9galiser le niveau avec des sols ou des rev\u00eatements situ\u00e9s en contrebas (p. ex. moquette, sols linol\u00e9um, etc.).<br \/>\nCompatible avec les sols design MeisterDesign. flex, MeisterDesign. life et MeisterDesign. rigid.<\/p>\n<p>En aluminium.<\/p>\n","protected":false},"featured_media":1000000134481,"template":"","meta":[],"product_brand":[3079],"product_cat":[103],"product_tag":[],"class_list":{"0":"post-5434","1":"product","2":"type-product","3":"status-publish","4":"has-post-thumbnail","6":"product_brand-meister-accessoire","7":"product_cat-plinthes-et-accessoires","8":"product_shipping_class-petit-equipement-outil-eclairage","10":"first","11":"instock","12":"taxable","13":"shipping-taxable","14":"purchasable","15":"product-type-variable"},"yoast_head":"<!-- This site is optimized with the Yoast SEO plugin v27.5 - https:\/\/yoast.com\/product\/yoast-seo-wordpress\/ -->\n<title>Barre pour \u00e9galiser le niveau entre 2 sols Profil\u00e9 Mod\u00e8le 100 MEISTER<\/title>\n<meta name=\"robots\" content=\"noindex, nofollow\" \/>\n<meta property=\"og:locale\" content=\"fr_FR\" \/>\n<meta property=\"og:type\" content=\"article\" \/>\n<meta property=\"og:title\" content=\"Barre pour \u00e9galiser le niveau entre 2 sols Profil\u00e9 Mod\u00e8le 100 MEISTER\" \/>\n<meta property=\"og:description\" content=\"Pour \u00e9galiser le niveau avec des sols ou des rev\u00eatements situ\u00e9s en contrebas (p. ex. moquette, sols linol\u00e9um, etc.). Compatible avec les sols design MeisterDesign. flex, MeisterDesign. life et MeisterDesign. rigid.  En aluminium.\" \/>\n<meta property=\"og:url\" content=\"https:\/\/nature-et-developpement.com\/ned-perpignan\/produit\/barre-pour-egaliser-le-niveau-entre-2-sols-profile-d-egalisation-modele-100-meister\/\" \/>\n<meta property=\"og:site_name\" content=\"Nature et D\u00e9veloppement Perpignan\" \/>\n<meta property=\"article:modified_time\" content=\"2026-03-26T17:36:42+00:00\" \/>\n<meta name=\"twitter:card\" content=\"summary_large_image\" \/>\n<script type=\"application\/ld+json\" class=\"yoast-schema-graph\">{\"@context\":\"https:\\\/\\\/schema.org\",\"@graph\":[{\"@type\":\"WebPage\",\"@id\":\"https:\\\/\\\/nature-et-developpement.com\\\/ned-perpignan\\\/produit\\\/barre-pour-egaliser-le-niveau-entre-2-sols-profile-d-egalisation-modele-100-meister\\\/\",\"url\":\"https:\\\/\\\/nature-et-developpement.com\\\/ned-perpignan\\\/produit\\\/barre-pour-egaliser-le-niveau-entre-2-sols-profile-d-egalisation-modele-100-meister\\\/\",\"name\":\"Barre pour \u00e9galiser le niveau entre 2 sols Profil\u00e9 Mod\u00e8le 100 MEISTER\",\"isPartOf\":{\"@id\":\"https:\\\/\\\/nature-et-developpement.com\\\/ned-perpignan\\\/#website\"},\"primaryImageOfPage\":{\"@id\":\"https:\\\/\\\/nature-et-developpement.com\\\/ned-perpignan\\\/produit\\\/barre-pour-egaliser-le-niveau-entre-2-sols-profile-d-egalisation-modele-100-meister\\\/#primaryimage\"},\"image\":{\"@id\":\"https:\\\/\\\/nature-et-developpement.com\\\/ned-perpignan\\\/produit\\\/barre-pour-egaliser-le-niveau-entre-2-sols-profile-d-egalisation-modele-100-meister\\\/#primaryimage\"},\"thumbnailUrl\":\"https:\\\/\\\/nature-et-developpement.com\\\/ned-perpignan\\\/wp-content\\\/uploads\\\/27709-Barre-pour-egaliser-le-niveau-entre-2-sols-Profile-degalisation-Modele-100-MEISTER.jpg\",\"datePublished\":\"2020-04-22T13:05:44+00:00\",\"dateModified\":\"2026-03-26T17:36:42+00:00\",\"breadcrumb\":{\"@id\":\"https:\\\/\\\/nature-et-developpement.com\\\/ned-perpignan\\\/produit\\\/barre-pour-egaliser-le-niveau-entre-2-sols-profile-d-egalisation-modele-100-meister\\\/#breadcrumb\"},\"inLanguage\":\"fr-FR\",\"potentialAction\":[{\"@type\":\"ReadAction\",\"target\":[\"https:\\\/\\\/nature-et-developpement.com\\\/ned-perpignan\\\/produit\\\/barre-pour-egaliser-le-niveau-entre-2-sols-profile-d-egalisation-modele-100-meister\\\/\"]}]},{\"@type\":\"ImageObject\",\"inLanguage\":\"fr-FR\",\"@id\":\"https:\\\/\\\/nature-et-developpement.com\\\/ned-perpignan\\\/produit\\\/barre-pour-egaliser-le-niveau-entre-2-sols-profile-d-egalisation-modele-100-meister\\\/#primaryimage\",\"url\":\"https:\\\/\\\/nature-et-developpement.com\\\/ned-perpignan\\\/wp-content\\\/uploads\\\/27709-Barre-pour-egaliser-le-niveau-entre-2-sols-Profile-degalisation-Modele-100-MEISTER.jpg\",\"contentUrl\":\"https:\\\/\\\/nature-et-developpement.com\\\/ned-perpignan\\\/wp-content\\\/uploads\\\/27709-Barre-pour-egaliser-le-niveau-entre-2-sols-Profile-degalisation-Modele-100-MEISTER.jpg\"},{\"@type\":\"BreadcrumbList\",\"@id\":\"https:\\\/\\\/nature-et-developpement.com\\\/ned-perpignan\\\/produit\\\/barre-pour-egaliser-le-niveau-entre-2-sols-profile-d-egalisation-modele-100-meister\\\/#breadcrumb\",\"itemListElement\":[{\"@type\":\"ListItem\",\"position\":1,\"name\":\"Accueil\",\"item\":\"https:\\\/\\\/nature-et-developpement.com\\\/ned-perpignan\\\/\"},{\"@type\":\"ListItem\",\"position\":2,\"name\":\"Boutique\",\"item\":\"https:\\\/\\\/nature-et-developpement.com\\\/ned-perpignan\\\/boutique\\\/\"},{\"@type\":\"ListItem\",\"position\":3,\"name\":\"Parquets bois, stratifi\u00e9s et li\u00e8ge\",\"item\":\"https:\\\/\\\/nature-et-developpement.com\\\/ned-perpignan\\\/produits\\\/parquet-et-sol-naturels\\\/\"},{\"@type\":\"ListItem\",\"position\":4,\"name\":\"Plinthes et accessoires\",\"item\":\"https:\\\/\\\/nature-et-developpement.com\\\/ned-perpignan\\\/produits\\\/parquet-et-sol-naturels\\\/plinthes-et-accessoires\\\/\"},{\"@type\":\"ListItem\",\"position\":5,\"name\":\"Barre pour \u00e9galiser le niveau entre 2 sols Profil\u00e9 d&rsquo;\u00e9galisation Mod\u00e8le 100 MEISTER\"}]},{\"@type\":\"WebSite\",\"@id\":\"https:\\\/\\\/nature-et-developpement.com\\\/ned-perpignan\\\/#website\",\"url\":\"https:\\\/\\\/nature-et-developpement.com\\\/ned-perpignan\\\/\",\"name\":\"Nature et D\u00e9veloppement Perpignan\",\"description\":\"Solutions, mat\u00e9riaux et d\u00e9coration \u00e9co-responsables pour les pros et les particuliers.\",\"potentialAction\":[{\"@type\":\"SearchAction\",\"target\":{\"@type\":\"EntryPoint\",\"urlTemplate\":\"https:\\\/\\\/nature-et-developpement.com\\\/ned-perpignan\\\/?s={search_term_string}\"},\"query-input\":{\"@type\":\"PropertyValueSpecification\",\"valueRequired\":true,\"valueName\":\"search_term_string\"}}],\"inLanguage\":\"fr-FR\"}]}<\/script>\n<!-- \/ Yoast SEO plugin. -->","yoast_head_json":{"title":"Barre pour \u00e9galiser le niveau entre 2 sols Profil\u00e9 Mod\u00e8le 100 MEISTER","robots":{"index":"noindex","follow":"nofollow"},"og_locale":"fr_FR","og_type":"article","og_title":"Barre pour \u00e9galiser le niveau entre 2 sols Profil\u00e9 Mod\u00e8le 100 MEISTER","og_description":"Pour \u00e9galiser le niveau avec des sols ou des rev\u00eatements situ\u00e9s en contrebas (p. ex. moquette, sols linol\u00e9um, etc.). Compatible avec les sols design MeisterDesign. flex, MeisterDesign. life et MeisterDesign. rigid.  En aluminium.","og_url":"https:\/\/nature-et-developpement.com\/ned-perpignan\/produit\/barre-pour-egaliser-le-niveau-entre-2-sols-profile-d-egalisation-modele-100-meister\/","og_site_name":"Nature et D\u00e9veloppement Perpignan","article_modified_time":"2026-03-26T17:36:42+00:00","twitter_card":"summary_large_image","schema":{"@context":"https:\/\/schema.org","@graph":[{"@type":"WebPage","@id":"https:\/\/nature-et-developpement.com\/ned-perpignan\/produit\/barre-pour-egaliser-le-niveau-entre-2-sols-profile-d-egalisation-modele-100-meister\/","url":"https:\/\/nature-et-developpement.com\/ned-perpignan\/produit\/barre-pour-egaliser-le-niveau-entre-2-sols-profile-d-egalisation-modele-100-meister\/","name":"Barre pour \u00e9galiser le niveau entre 2 sols Profil\u00e9 Mod\u00e8le 100 MEISTER","isPartOf":{"@id":"https:\/\/nature-et-developpement.com\/ned-perpignan\/#website"},"primaryImageOfPage":{"@id":"https:\/\/nature-et-developpement.com\/ned-perpignan\/produit\/barre-pour-egaliser-le-niveau-entre-2-sols-profile-d-egalisation-modele-100-meister\/#primaryimage"},"image":{"@id":"https:\/\/nature-et-developpement.com\/ned-perpignan\/produit\/barre-pour-egaliser-le-niveau-entre-2-sols-profile-d-egalisation-modele-100-meister\/#primaryimage"},"thumbnailUrl":"https:\/\/nature-et-developpement.com\/ned-perpignan\/wp-content\/uploads\/27709-Barre-pour-egaliser-le-niveau-entre-2-sols-Profile-degalisation-Modele-100-MEISTER.jpg","datePublished":"2020-04-22T13:05:44+00:00","dateModified":"2026-03-26T17:36:42+00:00","breadcrumb":{"@id":"https:\/\/nature-et-developpement.com\/ned-perpignan\/produit\/barre-pour-egaliser-le-niveau-entre-2-sols-profile-d-egalisation-modele-100-meister\/#breadcrumb"},"inLanguage":"fr-FR","potentialAction":[{"@type":"ReadAction","target":["https:\/\/nature-et-developpement.com\/ned-perpignan\/produit\/barre-pour-egaliser-le-niveau-entre-2-sols-profile-d-egalisation-modele-100-meister\/"]}]},{"@type":"ImageObject","inLanguage":"fr-FR","@id":"https:\/\/nature-et-developpement.com\/ned-perpignan\/produit\/barre-pour-egaliser-le-niveau-entre-2-sols-profile-d-egalisation-modele-100-meister\/#primaryimage","url":"https:\/\/nature-et-developpement.com\/ned-perpignan\/wp-content\/uploads\/27709-Barre-pour-egaliser-le-niveau-entre-2-sols-Profile-degalisation-Modele-100-MEISTER.jpg","contentUrl":"https:\/\/nature-et-developpement.com\/ned-perpignan\/wp-content\/uploads\/27709-Barre-pour-egaliser-le-niveau-entre-2-sols-Profile-degalisation-Modele-100-MEISTER.jpg"},{"@type":"BreadcrumbList","@id":"https:\/\/nature-et-developpement.com\/ned-perpignan\/produit\/barre-pour-egaliser-le-niveau-entre-2-sols-profile-d-egalisation-modele-100-meister\/#breadcrumb","itemListElement":[{"@type":"ListItem","position":1,"name":"Accueil","item":"https:\/\/nature-et-developpement.com\/ned-perpignan\/"},{"@type":"ListItem","position":2,"name":"Boutique","item":"https:\/\/nature-et-developpement.com\/ned-perpignan\/boutique\/"},{"@type":"ListItem","position":3,"name":"Parquets bois, stratifi\u00e9s et li\u00e8ge","item":"https:\/\/nature-et-developpement.com\/ned-perpignan\/produits\/parquet-et-sol-naturels\/"},{"@type":"ListItem","position":4,"name":"Plinthes et accessoires","item":"https:\/\/nature-et-developpement.com\/ned-perpignan\/produits\/parquet-et-sol-naturels\/plinthes-et-accessoires\/"},{"@type":"ListItem","position":5,"name":"Barre pour \u00e9galiser le niveau entre 2 sols Profil\u00e9 d&rsquo;\u00e9galisation Mod\u00e8le 100 MEISTER"}]},{"@type":"WebSite","@id":"https:\/\/nature-et-developpement.com\/ned-perpignan\/#website","url":"https:\/\/nature-et-developpement.com\/ned-perpignan\/","name":"Nature et D\u00e9veloppement Perpignan","description":"Solutions, mat\u00e9riaux et d\u00e9coration \u00e9co-responsables pour les pros et les particuliers.","potentialAction":[{"@type":"SearchAction","target":{"@type":"EntryPoint","urlTemplate":"https:\/\/nature-et-developpement.com\/ned-perpignan\/?s={search_term_string}"},"query-input":{"@type":"PropertyValueSpecification","valueRequired":true,"valueName":"search_term_string"}}],"inLanguage":"fr-FR"}]}},"distributor_meta":false,"distributor_terms":false,"distributor_media":false,"distributor_original_site_name":"Nature et D\u00e9veloppement Perpignan","distributor_original_site_url":"https:\/\/nature-et-developpement.com\/ned-perpignan","push-errors":false,"_links":{"self":[{"href":"https:\/\/nature-et-developpement.com\/ned-perpignan\/wp-json\/wp\/v2\/product\/5434","targetHints":{"allow":["GET"]}}],"collection":[{"href":"https:\/\/nature-et-developpement.com\/ned-perpignan\/wp-json\/wp\/v2\/product"}],"about":[{"href":"https:\/\/nature-et-developpement.com\/ned-perpignan\/wp-json\/wp\/v2\/types\/product"}],"wp:featuredmedia":[{"embeddable":true,"href":"https:\/\/nature-et-developpement.com\/ned-perpignan\/wp-json\/"}],"wp:attachment":[{"href":"https:\/\/nature-et-developpement.com\/ned-perpignan\/wp-json\/wp\/v2\/media?parent=5434"}],"wp:term":[{"taxonomy":"product_brand","embeddable":true,"href":"https:\/\/nature-et-developpement.com\/ned-perpignan\/wp-json\/wp\/v2\/product_brand?post=5434"},{"taxonomy":"product_cat","embeddable":true,"href":"https:\/\/nature-et-developpement.com\/ned-perpignan\/wp-json\/wp\/v2\/product_cat?post=5434"},{"taxonomy":"product_tag","embeddable":true,"href":"https:\/\/nature-et-developpement.com\/ned-perpignan\/wp-json\/wp\/v2\/product_tag?post=5434"}],"curies":[{"name":"wp","href":"https:\/\/api.w.org\/{rel}","templated":true}]}}