{"id":5514,"date":"2020-05-15T16:07:13","date_gmt":"2020-05-15T14:07:13","guid":{"rendered":"https:\/\/nature-et-developpement.com\/ned-perpignan\/produit\/sous-couche-phonique-meister-silence-25-db\/"},"modified":"2026-03-26T19:41:29","modified_gmt":"2026-03-26T18:41:29","slug":"sous-couche-phonique-meister-silence-25-db","status":"publish","type":"product","link":"https:\/\/nature-et-developpement.com\/ned-perpignan\/produit\/sous-couche-phonique-meister-silence-25-db\/","title":{"rendered":"Sous-couche phonique MEISTER-Silence 25 Db"},"content":{"rendered":"<p>MEISTER-Silence 25 DB est un tapis d\u2019isolation phonique sp\u00e9cialement con\u00e7u avec pare-vapeur int\u00e9gr\u00e9, majoritairement \u00e0 base naturelle et \u00e9cologique (plus de 90%) pour la pose libre, \u00e0 utiliser sous les parquets Longlife, les sols en bois Lindura, les sols Nadura, les sols stratifi\u00e9s, les sols design de MEISTER et \u00e9ventuellement sous les sols li\u00e8ge et les linol\u00e9ums. Il offre un amortissement phonique optimal gr\u00e2ce \u00e0 sa masse volumique \u00e9lev\u00e9e.<\/p>\n","protected":false},"excerpt":{"rendered":"<p>\u00c9paisseur d\u2018env. 3 mm, compos\u00e9 d\u2019un m\u00e9lange de min\u00e9raux et de polyur\u00e9thane, avec pare-vapeur int\u00e9gr\u00e9 et ruban adh\u00e9sif alu.<\/p>\n<p>Amortissement phonique optimal gr\u00e2ce \u00e0 sa masse volumique \u00e9lev\u00e9e.<\/p>\n<p>Stabilit\u00e9 de pression (valeur r\u00e9sistance en compression) : env. 150 kPa<\/p>\n<p>R\u00e9duction d\u2018acoustique : jusqu\u2018\u00e0 32 % R\u00e9duction du bruit de pas : jusqu\u2018\u00e0 19 dB<\/p>\n","protected":false},"featured_media":1000000158255,"template":"","meta":[],"product_brand":[3079],"product_cat":[103,102],"product_tag":[],"class_list":{"0":"post-5514","1":"product","2":"type-product","3":"status-publish","4":"has-post-thumbnail","6":"product_brand-meister-accessoire","7":"product_cat-plinthes-et-accessoires","8":"product_cat-sous-couche-parquet","9":"product_shipping_class-petit-equipement-outil-eclairage","11":"first","12":"instock","13":"taxable","14":"shipping-taxable","15":"purchasable","16":"product-type-variable"},"yoast_head":"<!-- This site is optimized with the Yoast SEO plugin v27.5 - https:\/\/yoast.com\/product\/yoast-seo-wordpress\/ -->\n<title>Sous-couche phonique MEISTER-Silence 25 Db - Nature et D\u00e9veloppement Perpignan<\/title>\n<meta name=\"robots\" content=\"noindex, nofollow\" \/>\n<meta property=\"og:locale\" content=\"fr_FR\" \/>\n<meta property=\"og:type\" content=\"article\" \/>\n<meta property=\"og:title\" content=\"Sous-couche phonique MEISTER-Silence 25 Db - Nature et D\u00e9veloppement Perpignan\" \/>\n<meta property=\"og:description\" content=\"\u00c9paisseur d\u2018env. 3 mm, compos\u00e9 d\u2019un m\u00e9lange de min\u00e9raux et de polyur\u00e9thane, avec pare-vapeur int\u00e9gr\u00e9 et ruban adh\u00e9sif alu.  Amortissement phonique optimal gr\u00e2ce \u00e0 sa masse volumique \u00e9lev\u00e9e.  Stabilit\u00e9 de pression (valeur r\u00e9sistance en compression) : env. 150 kPa  R\u00e9duction d\u2018acoustique : jusqu\u2018\u00e0 32 % R\u00e9duction du bruit de pas : jusqu\u2018\u00e0 19 dB\" \/>\n<meta property=\"og:url\" content=\"https:\/\/nature-et-developpement.com\/ned-perpignan\/produit\/sous-couche-phonique-meister-silence-25-db\/\" \/>\n<meta property=\"og:site_name\" content=\"Nature et D\u00e9veloppement Perpignan\" \/>\n<meta property=\"article:modified_time\" content=\"2026-03-26T18:41:29+00:00\" \/>\n<meta name=\"twitter:card\" content=\"summary_large_image\" \/>\n<script type=\"application\/ld+json\" class=\"yoast-schema-graph\">{\"@context\":\"https:\\\/\\\/schema.org\",\"@graph\":[{\"@type\":\"WebPage\",\"@id\":\"https:\\\/\\\/nature-et-developpement.com\\\/ned-perpignan\\\/produit\\\/sous-couche-phonique-meister-silence-25-db\\\/\",\"url\":\"https:\\\/\\\/nature-et-developpement.com\\\/ned-perpignan\\\/produit\\\/sous-couche-phonique-meister-silence-25-db\\\/\",\"name\":\"Sous-couche phonique MEISTER-Silence 25 Db - Nature et D\u00e9veloppement Perpignan\",\"isPartOf\":{\"@id\":\"https:\\\/\\\/nature-et-developpement.com\\\/ned-perpignan\\\/#website\"},\"primaryImageOfPage\":{\"@id\":\"https:\\\/\\\/nature-et-developpement.com\\\/ned-perpignan\\\/produit\\\/sous-couche-phonique-meister-silence-25-db\\\/#primaryimage\"},\"image\":{\"@id\":\"https:\\\/\\\/nature-et-developpement.com\\\/ned-perpignan\\\/produit\\\/sous-couche-phonique-meister-silence-25-db\\\/#primaryimage\"},\"thumbnailUrl\":\"https:\\\/\\\/nature-et-developpement.com\\\/ned-perpignan\\\/wp-content\\\/uploads\\\/Sous-couche-MEISTER-906006001-1.jpg\",\"datePublished\":\"2020-05-15T14:07:13+00:00\",\"dateModified\":\"2026-03-26T18:41:29+00:00\",\"breadcrumb\":{\"@id\":\"https:\\\/\\\/nature-et-developpement.com\\\/ned-perpignan\\\/produit\\\/sous-couche-phonique-meister-silence-25-db\\\/#breadcrumb\"},\"inLanguage\":\"fr-FR\",\"potentialAction\":[{\"@type\":\"ReadAction\",\"target\":[\"https:\\\/\\\/nature-et-developpement.com\\\/ned-perpignan\\\/produit\\\/sous-couche-phonique-meister-silence-25-db\\\/\"]}]},{\"@type\":\"ImageObject\",\"inLanguage\":\"fr-FR\",\"@id\":\"https:\\\/\\\/nature-et-developpement.com\\\/ned-perpignan\\\/produit\\\/sous-couche-phonique-meister-silence-25-db\\\/#primaryimage\",\"url\":\"https:\\\/\\\/nature-et-developpement.com\\\/ned-perpignan\\\/wp-content\\\/uploads\\\/Sous-couche-MEISTER-906006001-1.jpg\",\"contentUrl\":\"https:\\\/\\\/nature-et-developpement.com\\\/ned-perpignan\\\/wp-content\\\/uploads\\\/Sous-couche-MEISTER-906006001-1.jpg\"},{\"@type\":\"BreadcrumbList\",\"@id\":\"https:\\\/\\\/nature-et-developpement.com\\\/ned-perpignan\\\/produit\\\/sous-couche-phonique-meister-silence-25-db\\\/#breadcrumb\",\"itemListElement\":[{\"@type\":\"ListItem\",\"position\":1,\"name\":\"Accueil\",\"item\":\"https:\\\/\\\/nature-et-developpement.com\\\/ned-perpignan\\\/\"},{\"@type\":\"ListItem\",\"position\":2,\"name\":\"Boutique\",\"item\":\"https:\\\/\\\/nature-et-developpement.com\\\/ned-perpignan\\\/boutique\\\/\"},{\"@type\":\"ListItem\",\"position\":3,\"name\":\"Parquets bois, stratifi\u00e9s et li\u00e8ge\",\"item\":\"https:\\\/\\\/nature-et-developpement.com\\\/ned-perpignan\\\/produits\\\/parquet-et-sol-naturels\\\/\"},{\"@type\":\"ListItem\",\"position\":4,\"name\":\"Sous-couche pour parquet\",\"item\":\"https:\\\/\\\/nature-et-developpement.com\\\/ned-perpignan\\\/produits\\\/parquet-et-sol-naturels\\\/sous-couche-parquet\\\/\"},{\"@type\":\"ListItem\",\"position\":5,\"name\":\"Sous-couche phonique MEISTER-Silence 25 Db\"}]},{\"@type\":\"WebSite\",\"@id\":\"https:\\\/\\\/nature-et-developpement.com\\\/ned-perpignan\\\/#website\",\"url\":\"https:\\\/\\\/nature-et-developpement.com\\\/ned-perpignan\\\/\",\"name\":\"Nature et D\u00e9veloppement Perpignan\",\"description\":\"Solutions, mat\u00e9riaux et d\u00e9coration \u00e9co-responsables pour les pros et les particuliers.\",\"potentialAction\":[{\"@type\":\"SearchAction\",\"target\":{\"@type\":\"EntryPoint\",\"urlTemplate\":\"https:\\\/\\\/nature-et-developpement.com\\\/ned-perpignan\\\/?s={search_term_string}\"},\"query-input\":{\"@type\":\"PropertyValueSpecification\",\"valueRequired\":true,\"valueName\":\"search_term_string\"}}],\"inLanguage\":\"fr-FR\"}]}<\/script>\n<!-- \/ Yoast SEO plugin. -->","yoast_head_json":{"title":"Sous-couche phonique MEISTER-Silence 25 Db - Nature et D\u00e9veloppement Perpignan","robots":{"index":"noindex","follow":"nofollow"},"og_locale":"fr_FR","og_type":"article","og_title":"Sous-couche phonique MEISTER-Silence 25 Db - Nature et D\u00e9veloppement Perpignan","og_description":"\u00c9paisseur d\u2018env. 3 mm, compos\u00e9 d\u2019un m\u00e9lange de min\u00e9raux et de polyur\u00e9thane, avec pare-vapeur int\u00e9gr\u00e9 et ruban adh\u00e9sif alu.  Amortissement phonique optimal gr\u00e2ce \u00e0 sa masse volumique \u00e9lev\u00e9e.  Stabilit\u00e9 de pression (valeur r\u00e9sistance en compression) : env. 150 kPa  R\u00e9duction d\u2018acoustique : jusqu\u2018\u00e0 32 % R\u00e9duction du bruit de pas : jusqu\u2018\u00e0 19 dB","og_url":"https:\/\/nature-et-developpement.com\/ned-perpignan\/produit\/sous-couche-phonique-meister-silence-25-db\/","og_site_name":"Nature et D\u00e9veloppement Perpignan","article_modified_time":"2026-03-26T18:41:29+00:00","twitter_card":"summary_large_image","schema":{"@context":"https:\/\/schema.org","@graph":[{"@type":"WebPage","@id":"https:\/\/nature-et-developpement.com\/ned-perpignan\/produit\/sous-couche-phonique-meister-silence-25-db\/","url":"https:\/\/nature-et-developpement.com\/ned-perpignan\/produit\/sous-couche-phonique-meister-silence-25-db\/","name":"Sous-couche phonique MEISTER-Silence 25 Db - Nature et D\u00e9veloppement Perpignan","isPartOf":{"@id":"https:\/\/nature-et-developpement.com\/ned-perpignan\/#website"},"primaryImageOfPage":{"@id":"https:\/\/nature-et-developpement.com\/ned-perpignan\/produit\/sous-couche-phonique-meister-silence-25-db\/#primaryimage"},"image":{"@id":"https:\/\/nature-et-developpement.com\/ned-perpignan\/produit\/sous-couche-phonique-meister-silence-25-db\/#primaryimage"},"thumbnailUrl":"https:\/\/nature-et-developpement.com\/ned-perpignan\/wp-content\/uploads\/Sous-couche-MEISTER-906006001-1.jpg","datePublished":"2020-05-15T14:07:13+00:00","dateModified":"2026-03-26T18:41:29+00:00","breadcrumb":{"@id":"https:\/\/nature-et-developpement.com\/ned-perpignan\/produit\/sous-couche-phonique-meister-silence-25-db\/#breadcrumb"},"inLanguage":"fr-FR","potentialAction":[{"@type":"ReadAction","target":["https:\/\/nature-et-developpement.com\/ned-perpignan\/produit\/sous-couche-phonique-meister-silence-25-db\/"]}]},{"@type":"ImageObject","inLanguage":"fr-FR","@id":"https:\/\/nature-et-developpement.com\/ned-perpignan\/produit\/sous-couche-phonique-meister-silence-25-db\/#primaryimage","url":"https:\/\/nature-et-developpement.com\/ned-perpignan\/wp-content\/uploads\/Sous-couche-MEISTER-906006001-1.jpg","contentUrl":"https:\/\/nature-et-developpement.com\/ned-perpignan\/wp-content\/uploads\/Sous-couche-MEISTER-906006001-1.jpg"},{"@type":"BreadcrumbList","@id":"https:\/\/nature-et-developpement.com\/ned-perpignan\/produit\/sous-couche-phonique-meister-silence-25-db\/#breadcrumb","itemListElement":[{"@type":"ListItem","position":1,"name":"Accueil","item":"https:\/\/nature-et-developpement.com\/ned-perpignan\/"},{"@type":"ListItem","position":2,"name":"Boutique","item":"https:\/\/nature-et-developpement.com\/ned-perpignan\/boutique\/"},{"@type":"ListItem","position":3,"name":"Parquets bois, stratifi\u00e9s et li\u00e8ge","item":"https:\/\/nature-et-developpement.com\/ned-perpignan\/produits\/parquet-et-sol-naturels\/"},{"@type":"ListItem","position":4,"name":"Sous-couche pour parquet","item":"https:\/\/nature-et-developpement.com\/ned-perpignan\/produits\/parquet-et-sol-naturels\/sous-couche-parquet\/"},{"@type":"ListItem","position":5,"name":"Sous-couche phonique MEISTER-Silence 25 Db"}]},{"@type":"WebSite","@id":"https:\/\/nature-et-developpement.com\/ned-perpignan\/#website","url":"https:\/\/nature-et-developpement.com\/ned-perpignan\/","name":"Nature et D\u00e9veloppement Perpignan","description":"Solutions, mat\u00e9riaux et d\u00e9coration \u00e9co-responsables pour les pros et les particuliers.","potentialAction":[{"@type":"SearchAction","target":{"@type":"EntryPoint","urlTemplate":"https:\/\/nature-et-developpement.com\/ned-perpignan\/?s={search_term_string}"},"query-input":{"@type":"PropertyValueSpecification","valueRequired":true,"valueName":"search_term_string"}}],"inLanguage":"fr-FR"}]}},"distributor_meta":false,"distributor_terms":false,"distributor_media":false,"distributor_original_site_name":"Nature et D\u00e9veloppement Perpignan","distributor_original_site_url":"https:\/\/nature-et-developpement.com\/ned-perpignan","push-errors":false,"_links":{"self":[{"href":"https:\/\/nature-et-developpement.com\/ned-perpignan\/wp-json\/wp\/v2\/product\/5514","targetHints":{"allow":["GET"]}}],"collection":[{"href":"https:\/\/nature-et-developpement.com\/ned-perpignan\/wp-json\/wp\/v2\/product"}],"about":[{"href":"https:\/\/nature-et-developpement.com\/ned-perpignan\/wp-json\/wp\/v2\/types\/product"}],"wp:featuredmedia":[{"embeddable":true,"href":"https:\/\/nature-et-developpement.com\/ned-perpignan\/wp-json\/"}],"wp:attachment":[{"href":"https:\/\/nature-et-developpement.com\/ned-perpignan\/wp-json\/wp\/v2\/media?parent=5514"}],"wp:term":[{"taxonomy":"product_brand","embeddable":true,"href":"https:\/\/nature-et-developpement.com\/ned-perpignan\/wp-json\/wp\/v2\/product_brand?post=5514"},{"taxonomy":"product_cat","embeddable":true,"href":"https:\/\/nature-et-developpement.com\/ned-perpignan\/wp-json\/wp\/v2\/product_cat?post=5514"},{"taxonomy":"product_tag","embeddable":true,"href":"https:\/\/nature-et-developpement.com\/ned-perpignan\/wp-json\/wp\/v2\/product_tag?post=5514"}],"curies":[{"name":"wp","href":"https:\/\/api.w.org\/{rel}","templated":true}]}}