{"id":5541,"date":"2021-03-28T13:47:57","date_gmt":"2021-03-28T11:47:57","guid":{"rendered":"https:\/\/nature-et-developpement.com\/ned-perpignan\/produit\/keim-peinture-innotop\/"},"modified":"2026-01-08T22:31:46","modified_gmt":"2026-01-08T21:31:46","slug":"keim-peinture-innotop","status":"publish","type":"product","link":"https:\/\/nature-et-developpement.com\/ned-perpignan\/produit\/keim-peinture-innotop\/","title":{"rendered":"Peinture blanche int\u00e9rieur KEIM INNOTOP"},"content":{"rendered":"<div class=\"col-lg-12\">\n<h2 class=\"product-title inverse\">KEIM Innotop<\/h2>\n<\/div>\n<div class=\"col-lg-12 inverse\">\n<p>Peinture min\u00e9rale, pr\u00eate \u00e0 l\u2019emploi, \u00e0 base d\u2019un double liant sol-silicate pour l\u2019int\u00e9rieur.<\/p>\n<p>Destin\u00e9e aux surfaces telles que les murs int\u00e9rieurs et les plafonds.<\/p>\n<p>Peut \u00eatre appliqu\u00e9e en travaux neufs ou en r\u00e9novation dans le domaine du logement ou du tertiaire.<\/p>\n<p>Rel\u00e8ve de la norme NF EN 13300.<\/p>\n<p>Ne pas appliquer sur les surfaces pr\u00e9sentant des efflorescences salines, sur les anciennes laques ainsi que sur le bois.<\/p>\n<\/div>\n<div class=\"col-lg-6 inverse\">\n<p><strong>Teinte<\/strong><br \/>\nDisponible en blanc uniquement<\/p>\n<p><strong>Application<\/strong><br \/>\nBrosse, rouleau, projection Airless<\/p>\n<\/div>\n<div class=\"col-lg-6 inverse\">\n<p><strong>Consommation<\/strong><br \/>\nSur une surface lisse : env. 0,125 \u2013 0,150 L\/m\u00b2 pour 1 couche<br \/>\n<strong>Conditionnement<\/strong><br \/>\nSeau de 5 L et de 12,5 L<\/p>\n<\/div>\n","protected":false},"excerpt":{"rendered":"<p>Peinture \u00e9cologique de finition blanche, d&rsquo;origine min\u00e9rale, int\u00e9rieur, mat profond.<\/p>\n<p>Lavable, adapt\u00e9e aux pi\u00e8ces s\u00e8ches et humides, et compatible avec tous les supports classiques du b\u00e2timent (murs et plafonds).<\/p>\n<p>Deux couches sans sous-couches sur de tr\u00e8s nombreux supports !<\/p>\n","protected":false},"featured_media":1000000201201,"template":"","meta":[],"product_brand":[160],"product_cat":[89],"product_tag":[1844],"class_list":{"0":"post-5541","1":"product","2":"type-product","3":"status-publish","4":"has-post-thumbnail","6":"product_brand-keim","7":"product_cat-peinture-ecologique","8":"product_tag-peinture","9":"product_shipping_class-peintures-accessoires-peintures","11":"first","12":"instock","13":"taxable","14":"shipping-taxable","15":"purchasable","16":"product-type-variable"},"yoast_head":"<!-- This site is optimized with the Yoast SEO plugin v27.5 - https:\/\/yoast.com\/product\/yoast-seo-wordpress\/ -->\n<title>Peinture blanche int\u00e9rieur KEIM INNOTOP - Nature et D\u00e9veloppement Perpignan<\/title>\n<meta name=\"description\" content=\"Peinture \u00e9cologique pour int\u00e9rieur, blanche, finition mat profond, origine min\u00e9rale, lavable, adapt\u00e9e \u00e0 toutes les pi\u00e8ces. Deux couches sans sous-couches.\" \/>\n<meta name=\"robots\" content=\"noindex, nofollow\" \/>\n<meta property=\"og:locale\" content=\"fr_FR\" \/>\n<meta property=\"og:type\" content=\"article\" \/>\n<meta property=\"og:title\" content=\"Peinture blanche int\u00e9rieur KEIM INNOTOP - Nature et D\u00e9veloppement Perpignan\" \/>\n<meta property=\"og:description\" content=\"Peinture \u00e9cologique pour int\u00e9rieur, blanche, finition mat profond, origine min\u00e9rale, lavable, adapt\u00e9e \u00e0 toutes les pi\u00e8ces. Deux couches sans sous-couches.\" \/>\n<meta property=\"og:url\" content=\"https:\/\/nature-et-developpement.com\/ned-perpignan\/produit\/keim-peinture-innotop\/\" \/>\n<meta property=\"og:site_name\" content=\"Nature et D\u00e9veloppement Perpignan\" \/>\n<meta property=\"article:modified_time\" content=\"2026-01-08T21:31:46+00:00\" \/>\n<meta name=\"twitter:card\" content=\"summary_large_image\" \/>\n<meta name=\"twitter:label1\" content=\"Dur\u00e9e de lecture estim\u00e9e\" \/>\n\t<meta name=\"twitter:data1\" content=\"1 minute\" \/>\n<script type=\"application\/ld+json\" class=\"yoast-schema-graph\">{\"@context\":\"https:\\\/\\\/schema.org\",\"@graph\":[{\"@type\":\"WebPage\",\"@id\":\"https:\\\/\\\/nature-et-developpement.com\\\/ned-perpignan\\\/produit\\\/keim-peinture-innotop\\\/\",\"url\":\"https:\\\/\\\/nature-et-developpement.com\\\/ned-perpignan\\\/produit\\\/keim-peinture-innotop\\\/\",\"name\":\"Peinture blanche int\u00e9rieur KEIM INNOTOP - Nature et D\u00e9veloppement Perpignan\",\"isPartOf\":{\"@id\":\"https:\\\/\\\/nature-et-developpement.com\\\/ned-perpignan\\\/#website\"},\"primaryImageOfPage\":{\"@id\":\"https:\\\/\\\/nature-et-developpement.com\\\/ned-perpignan\\\/produit\\\/keim-peinture-innotop\\\/#primaryimage\"},\"image\":{\"@id\":\"https:\\\/\\\/nature-et-developpement.com\\\/ned-perpignan\\\/produit\\\/keim-peinture-innotop\\\/#primaryimage\"},\"thumbnailUrl\":\"https:\\\/\\\/nature-et-developpement.com\\\/ned-perpignan\\\/wp-content\\\/uploads\\\/Peinture-blanche-interieur-KEIM-INNOTOP-12-5L.jpg\",\"datePublished\":\"2021-03-28T11:47:57+00:00\",\"dateModified\":\"2026-01-08T21:31:46+00:00\",\"description\":\"Peinture \u00e9cologique pour int\u00e9rieur, blanche, finition mat profond, origine min\u00e9rale, lavable, adapt\u00e9e \u00e0 toutes les pi\u00e8ces. Deux couches sans sous-couches.\",\"breadcrumb\":{\"@id\":\"https:\\\/\\\/nature-et-developpement.com\\\/ned-perpignan\\\/produit\\\/keim-peinture-innotop\\\/#breadcrumb\"},\"inLanguage\":\"fr-FR\",\"potentialAction\":[{\"@type\":\"ReadAction\",\"target\":[\"https:\\\/\\\/nature-et-developpement.com\\\/ned-perpignan\\\/produit\\\/keim-peinture-innotop\\\/\"]}]},{\"@type\":\"ImageObject\",\"inLanguage\":\"fr-FR\",\"@id\":\"https:\\\/\\\/nature-et-developpement.com\\\/ned-perpignan\\\/produit\\\/keim-peinture-innotop\\\/#primaryimage\",\"url\":\"https:\\\/\\\/nature-et-developpement.com\\\/ned-perpignan\\\/wp-content\\\/uploads\\\/Peinture-blanche-interieur-KEIM-INNOTOP-12-5L.jpg\",\"contentUrl\":\"https:\\\/\\\/nature-et-developpement.com\\\/ned-perpignan\\\/wp-content\\\/uploads\\\/Peinture-blanche-interieur-KEIM-INNOTOP-12-5L.jpg\"},{\"@type\":\"BreadcrumbList\",\"@id\":\"https:\\\/\\\/nature-et-developpement.com\\\/ned-perpignan\\\/produit\\\/keim-peinture-innotop\\\/#breadcrumb\",\"itemListElement\":[{\"@type\":\"ListItem\",\"position\":1,\"name\":\"Accueil\",\"item\":\"https:\\\/\\\/nature-et-developpement.com\\\/ned-perpignan\\\/\"},{\"@type\":\"ListItem\",\"position\":2,\"name\":\"Boutique\",\"item\":\"https:\\\/\\\/nature-et-developpement.com\\\/ned-perpignan\\\/boutique\\\/\"},{\"@type\":\"ListItem\",\"position\":3,\"name\":\"Peinture, pigment et enduit\",\"item\":\"https:\\\/\\\/nature-et-developpement.com\\\/ned-perpignan\\\/produits\\\/peinture-et-enduit\\\/\"},{\"@type\":\"ListItem\",\"position\":4,\"name\":\"Peintures\",\"item\":\"https:\\\/\\\/nature-et-developpement.com\\\/ned-perpignan\\\/produits\\\/peinture-et-enduit\\\/peinture-ecologique\\\/\"},{\"@type\":\"ListItem\",\"position\":5,\"name\":\"Peinture blanche int\u00e9rieur KEIM INNOTOP\"}]},{\"@type\":\"WebSite\",\"@id\":\"https:\\\/\\\/nature-et-developpement.com\\\/ned-perpignan\\\/#website\",\"url\":\"https:\\\/\\\/nature-et-developpement.com\\\/ned-perpignan\\\/\",\"name\":\"Nature et D\u00e9veloppement Perpignan\",\"description\":\"Solutions, mat\u00e9riaux et d\u00e9coration \u00e9co-responsables pour les pros et les particuliers.\",\"potentialAction\":[{\"@type\":\"SearchAction\",\"target\":{\"@type\":\"EntryPoint\",\"urlTemplate\":\"https:\\\/\\\/nature-et-developpement.com\\\/ned-perpignan\\\/?s={search_term_string}\"},\"query-input\":{\"@type\":\"PropertyValueSpecification\",\"valueRequired\":true,\"valueName\":\"search_term_string\"}}],\"inLanguage\":\"fr-FR\"}]}<\/script>\n<!-- \/ Yoast SEO plugin. -->","yoast_head_json":{"title":"Peinture blanche int\u00e9rieur KEIM INNOTOP - Nature et D\u00e9veloppement Perpignan","description":"Peinture \u00e9cologique pour int\u00e9rieur, blanche, finition mat profond, origine min\u00e9rale, lavable, adapt\u00e9e \u00e0 toutes les pi\u00e8ces. Deux couches sans sous-couches.","robots":{"index":"noindex","follow":"nofollow"},"og_locale":"fr_FR","og_type":"article","og_title":"Peinture blanche int\u00e9rieur KEIM INNOTOP - Nature et D\u00e9veloppement Perpignan","og_description":"Peinture \u00e9cologique pour int\u00e9rieur, blanche, finition mat profond, origine min\u00e9rale, lavable, adapt\u00e9e \u00e0 toutes les pi\u00e8ces. Deux couches sans sous-couches.","og_url":"https:\/\/nature-et-developpement.com\/ned-perpignan\/produit\/keim-peinture-innotop\/","og_site_name":"Nature et D\u00e9veloppement Perpignan","article_modified_time":"2026-01-08T21:31:46+00:00","twitter_card":"summary_large_image","twitter_misc":{"Dur\u00e9e de lecture estim\u00e9e":"1 minute"},"schema":{"@context":"https:\/\/schema.org","@graph":[{"@type":"WebPage","@id":"https:\/\/nature-et-developpement.com\/ned-perpignan\/produit\/keim-peinture-innotop\/","url":"https:\/\/nature-et-developpement.com\/ned-perpignan\/produit\/keim-peinture-innotop\/","name":"Peinture blanche int\u00e9rieur KEIM INNOTOP - Nature et D\u00e9veloppement Perpignan","isPartOf":{"@id":"https:\/\/nature-et-developpement.com\/ned-perpignan\/#website"},"primaryImageOfPage":{"@id":"https:\/\/nature-et-developpement.com\/ned-perpignan\/produit\/keim-peinture-innotop\/#primaryimage"},"image":{"@id":"https:\/\/nature-et-developpement.com\/ned-perpignan\/produit\/keim-peinture-innotop\/#primaryimage"},"thumbnailUrl":"https:\/\/nature-et-developpement.com\/ned-perpignan\/wp-content\/uploads\/Peinture-blanche-interieur-KEIM-INNOTOP-12-5L.jpg","datePublished":"2021-03-28T11:47:57+00:00","dateModified":"2026-01-08T21:31:46+00:00","description":"Peinture \u00e9cologique pour int\u00e9rieur, blanche, finition mat profond, origine min\u00e9rale, lavable, adapt\u00e9e \u00e0 toutes les pi\u00e8ces. Deux couches sans sous-couches.","breadcrumb":{"@id":"https:\/\/nature-et-developpement.com\/ned-perpignan\/produit\/keim-peinture-innotop\/#breadcrumb"},"inLanguage":"fr-FR","potentialAction":[{"@type":"ReadAction","target":["https:\/\/nature-et-developpement.com\/ned-perpignan\/produit\/keim-peinture-innotop\/"]}]},{"@type":"ImageObject","inLanguage":"fr-FR","@id":"https:\/\/nature-et-developpement.com\/ned-perpignan\/produit\/keim-peinture-innotop\/#primaryimage","url":"https:\/\/nature-et-developpement.com\/ned-perpignan\/wp-content\/uploads\/Peinture-blanche-interieur-KEIM-INNOTOP-12-5L.jpg","contentUrl":"https:\/\/nature-et-developpement.com\/ned-perpignan\/wp-content\/uploads\/Peinture-blanche-interieur-KEIM-INNOTOP-12-5L.jpg"},{"@type":"BreadcrumbList","@id":"https:\/\/nature-et-developpement.com\/ned-perpignan\/produit\/keim-peinture-innotop\/#breadcrumb","itemListElement":[{"@type":"ListItem","position":1,"name":"Accueil","item":"https:\/\/nature-et-developpement.com\/ned-perpignan\/"},{"@type":"ListItem","position":2,"name":"Boutique","item":"https:\/\/nature-et-developpement.com\/ned-perpignan\/boutique\/"},{"@type":"ListItem","position":3,"name":"Peinture, pigment et enduit","item":"https:\/\/nature-et-developpement.com\/ned-perpignan\/produits\/peinture-et-enduit\/"},{"@type":"ListItem","position":4,"name":"Peintures","item":"https:\/\/nature-et-developpement.com\/ned-perpignan\/produits\/peinture-et-enduit\/peinture-ecologique\/"},{"@type":"ListItem","position":5,"name":"Peinture blanche int\u00e9rieur KEIM INNOTOP"}]},{"@type":"WebSite","@id":"https:\/\/nature-et-developpement.com\/ned-perpignan\/#website","url":"https:\/\/nature-et-developpement.com\/ned-perpignan\/","name":"Nature et D\u00e9veloppement Perpignan","description":"Solutions, mat\u00e9riaux et d\u00e9coration \u00e9co-responsables pour les pros et les particuliers.","potentialAction":[{"@type":"SearchAction","target":{"@type":"EntryPoint","urlTemplate":"https:\/\/nature-et-developpement.com\/ned-perpignan\/?s={search_term_string}"},"query-input":{"@type":"PropertyValueSpecification","valueRequired":true,"valueName":"search_term_string"}}],"inLanguage":"fr-FR"}]}},"distributor_meta":false,"distributor_terms":false,"distributor_media":false,"distributor_original_site_name":"Nature et D\u00e9veloppement Perpignan","distributor_original_site_url":"https:\/\/nature-et-developpement.com\/ned-perpignan","push-errors":false,"_links":{"self":[{"href":"https:\/\/nature-et-developpement.com\/ned-perpignan\/wp-json\/wp\/v2\/product\/5541","targetHints":{"allow":["GET"]}}],"collection":[{"href":"https:\/\/nature-et-developpement.com\/ned-perpignan\/wp-json\/wp\/v2\/product"}],"about":[{"href":"https:\/\/nature-et-developpement.com\/ned-perpignan\/wp-json\/wp\/v2\/types\/product"}],"wp:featuredmedia":[{"embeddable":true,"href":"https:\/\/nature-et-developpement.com\/ned-perpignan\/wp-json\/"}],"wp:attachment":[{"href":"https:\/\/nature-et-developpement.com\/ned-perpignan\/wp-json\/wp\/v2\/media?parent=5541"}],"wp:term":[{"taxonomy":"product_brand","embeddable":true,"href":"https:\/\/nature-et-developpement.com\/ned-perpignan\/wp-json\/wp\/v2\/product_brand?post=5541"},{"taxonomy":"product_cat","embeddable":true,"href":"https:\/\/nature-et-developpement.com\/ned-perpignan\/wp-json\/wp\/v2\/product_cat?post=5541"},{"taxonomy":"product_tag","embeddable":true,"href":"https:\/\/nature-et-developpement.com\/ned-perpignan\/wp-json\/wp\/v2\/product_tag?post=5541"}],"curies":[{"name":"wp","href":"https:\/\/api.w.org\/{rel}","templated":true}]}}