{"id":5610,"date":"2018-10-01T00:00:00","date_gmt":"2018-09-30T22:00:00","guid":{"rendered":"https:\/\/nature-et-developpement.com\/ned-perpignan\/produit\/impression-minerale-et-diluant-keim-fixatif-concretal\/"},"modified":"2026-01-09T00:01:24","modified_gmt":"2026-01-08T23:01:24","slug":"impression-minerale-et-diluant-keim-concretal-fixativ","status":"publish","type":"product","link":"https:\/\/nature-et-developpement.com\/ned-perpignan\/produit\/impression-minerale-et-diluant-keim-concretal-fixativ\/","title":{"rendered":"Impression min\u00e9rale et diluant KEIM Concretal-fixativ"},"content":{"rendered":"<h3 class=\"product-title inverse\">KEIM Fixatif Concretal\u00ae<\/h3>\n<p>Impression min\u00e9rale et diluant utilis\u00e9 pour diluer la peinture KEIM Concretal-W, KEIM Lasure Concretal et KEIM Concretal-Base.<\/p>\n<p>Utilis\u00e9 pur en couche d\u2019impression, KEIM Fixatif Concretal permet \u00e9galement d\u2019homog\u00e9n\u00e9iser et de r\u00e9duire l\u2019absorption de b\u00e9tons tr\u00e8s poreux.<\/p>\n<p><strong>Teinte<\/strong><br \/>\nIncolore<\/p>\n<p><strong>Application<\/strong><br \/>\nBrosse, rouleau, pulv\u00e9risateur basse pression<\/p>\n<p><strong>Consommation<\/strong><br \/>\nEnv. 0,1-0,2 L\/m\u00b2 pour une impression sur support lisse<\/p>\n<p><strong>Conditionnement<\/strong><br \/>\nBidon plastique de 5 L et 20 L<\/p>\n","protected":false},"excerpt":{"rendered":"<div class=\"col-lg-12\">\n<p class=\"product-title inverse\">Utilis\u00e9 pur en couche d\u2019impression, KEIM Fixatif Concretal permet \u00e9galement d\u2019homog\u00e9n\u00e9iser et de r\u00e9duire l\u2019absorption de supports min\u00e9raux tr\u00e8s poreux.<\/p>\n<\/div>\n","protected":false},"featured_media":1000000201195,"template":"","meta":[],"product_brand":[160],"product_cat":[97,94],"product_tag":[2757],"class_list":{"0":"post-5610","1":"product","2":"type-product","3":"status-publish","4":"has-post-thumbnail","6":"product_brand-keim","7":"product_cat-adjuvants","8":"product_cat-preparation-du-support","9":"product_tag-keim","10":"product_shipping_class-peintures-accessoires-peintures","12":"first","13":"instock","14":"taxable","15":"shipping-taxable","16":"purchasable","17":"product-type-variable"},"yoast_head":"<!-- This site is optimized with the Yoast SEO plugin v27.5 - https:\/\/yoast.com\/product\/yoast-seo-wordpress\/ -->\n<title>Impression min\u00e9rale et diluant KEIM Concretal-fixativ - Nature et D\u00e9veloppement Perpignan<\/title>\n<meta name=\"robots\" content=\"noindex, nofollow\" \/>\n<meta property=\"og:locale\" content=\"fr_FR\" \/>\n<meta property=\"og:type\" content=\"article\" \/>\n<meta property=\"og:title\" content=\"Impression min\u00e9rale et diluant KEIM Concretal-fixativ - Nature et D\u00e9veloppement Perpignan\" \/>\n<meta property=\"og:description\" content=\"Utilis\u00e9 pur en couche d\u2019impression, KEIM Fixatif Concretal permet \u00e9galement d\u2019homog\u00e9n\u00e9iser et de r\u00e9duire l\u2019absorption de supports min\u00e9raux tr\u00e8s poreux.\" \/>\n<meta property=\"og:url\" content=\"https:\/\/nature-et-developpement.com\/ned-perpignan\/produit\/impression-minerale-et-diluant-keim-concretal-fixativ\/\" \/>\n<meta property=\"og:site_name\" content=\"Nature et D\u00e9veloppement Perpignan\" \/>\n<meta property=\"article:modified_time\" content=\"2026-01-08T23:01:24+00:00\" \/>\n<meta name=\"twitter:card\" content=\"summary_large_image\" \/>\n<script type=\"application\/ld+json\" class=\"yoast-schema-graph\">{\"@context\":\"https:\\\/\\\/schema.org\",\"@graph\":[{\"@type\":\"WebPage\",\"@id\":\"https:\\\/\\\/nature-et-developpement.com\\\/ned-perpignan\\\/produit\\\/impression-minerale-et-diluant-keim-concretal-fixativ\\\/\",\"url\":\"https:\\\/\\\/nature-et-developpement.com\\\/ned-perpignan\\\/produit\\\/impression-minerale-et-diluant-keim-concretal-fixativ\\\/\",\"name\":\"Impression min\u00e9rale et diluant KEIM Concretal-fixativ - Nature et D\u00e9veloppement Perpignan\",\"isPartOf\":{\"@id\":\"https:\\\/\\\/nature-et-developpement.com\\\/ned-perpignan\\\/#website\"},\"primaryImageOfPage\":{\"@id\":\"https:\\\/\\\/nature-et-developpement.com\\\/ned-perpignan\\\/produit\\\/impression-minerale-et-diluant-keim-concretal-fixativ\\\/#primaryimage\"},\"image\":{\"@id\":\"https:\\\/\\\/nature-et-developpement.com\\\/ned-perpignan\\\/produit\\\/impression-minerale-et-diluant-keim-concretal-fixativ\\\/#primaryimage\"},\"thumbnailUrl\":\"https:\\\/\\\/nature-et-developpement.com\\\/ned-perpignan\\\/wp-content\\\/uploads\\\/Impression-minerale-et-diluant-KEIM-Concretal-fixativ.jpg\",\"datePublished\":\"2018-09-30T22:00:00+00:00\",\"dateModified\":\"2026-01-08T23:01:24+00:00\",\"breadcrumb\":{\"@id\":\"https:\\\/\\\/nature-et-developpement.com\\\/ned-perpignan\\\/produit\\\/impression-minerale-et-diluant-keim-concretal-fixativ\\\/#breadcrumb\"},\"inLanguage\":\"fr-FR\",\"potentialAction\":[{\"@type\":\"ReadAction\",\"target\":[\"https:\\\/\\\/nature-et-developpement.com\\\/ned-perpignan\\\/produit\\\/impression-minerale-et-diluant-keim-concretal-fixativ\\\/\"]}]},{\"@type\":\"ImageObject\",\"inLanguage\":\"fr-FR\",\"@id\":\"https:\\\/\\\/nature-et-developpement.com\\\/ned-perpignan\\\/produit\\\/impression-minerale-et-diluant-keim-concretal-fixativ\\\/#primaryimage\",\"url\":\"https:\\\/\\\/nature-et-developpement.com\\\/ned-perpignan\\\/wp-content\\\/uploads\\\/Impression-minerale-et-diluant-KEIM-Concretal-fixativ.jpg\",\"contentUrl\":\"https:\\\/\\\/nature-et-developpement.com\\\/ned-perpignan\\\/wp-content\\\/uploads\\\/Impression-minerale-et-diluant-KEIM-Concretal-fixativ.jpg\"},{\"@type\":\"BreadcrumbList\",\"@id\":\"https:\\\/\\\/nature-et-developpement.com\\\/ned-perpignan\\\/produit\\\/impression-minerale-et-diluant-keim-concretal-fixativ\\\/#breadcrumb\",\"itemListElement\":[{\"@type\":\"ListItem\",\"position\":1,\"name\":\"Accueil\",\"item\":\"https:\\\/\\\/nature-et-developpement.com\\\/ned-perpignan\\\/\"},{\"@type\":\"ListItem\",\"position\":2,\"name\":\"Boutique\",\"item\":\"https:\\\/\\\/nature-et-developpement.com\\\/ned-perpignan\\\/boutique\\\/\"},{\"@type\":\"ListItem\",\"position\":3,\"name\":\"Peinture, pigment et enduit\",\"item\":\"https:\\\/\\\/nature-et-developpement.com\\\/ned-perpignan\\\/produits\\\/peinture-et-enduit\\\/\"},{\"@type\":\"ListItem\",\"position\":4,\"name\":\"Pr\u00e9paration du support\",\"item\":\"https:\\\/\\\/nature-et-developpement.com\\\/ned-perpignan\\\/produits\\\/peinture-et-enduit\\\/preparation-du-support\\\/\"},{\"@type\":\"ListItem\",\"position\":5,\"name\":\"Impression min\u00e9rale et diluant KEIM Concretal-fixativ\"}]},{\"@type\":\"WebSite\",\"@id\":\"https:\\\/\\\/nature-et-developpement.com\\\/ned-perpignan\\\/#website\",\"url\":\"https:\\\/\\\/nature-et-developpement.com\\\/ned-perpignan\\\/\",\"name\":\"Nature et D\u00e9veloppement Perpignan\",\"description\":\"Solutions, mat\u00e9riaux et d\u00e9coration \u00e9co-responsables pour les pros et les particuliers.\",\"potentialAction\":[{\"@type\":\"SearchAction\",\"target\":{\"@type\":\"EntryPoint\",\"urlTemplate\":\"https:\\\/\\\/nature-et-developpement.com\\\/ned-perpignan\\\/?s={search_term_string}\"},\"query-input\":{\"@type\":\"PropertyValueSpecification\",\"valueRequired\":true,\"valueName\":\"search_term_string\"}}],\"inLanguage\":\"fr-FR\"}]}<\/script>\n<!-- \/ Yoast SEO plugin. -->","yoast_head_json":{"title":"Impression min\u00e9rale et diluant KEIM Concretal-fixativ - Nature et D\u00e9veloppement Perpignan","robots":{"index":"noindex","follow":"nofollow"},"og_locale":"fr_FR","og_type":"article","og_title":"Impression min\u00e9rale et diluant KEIM Concretal-fixativ - Nature et D\u00e9veloppement Perpignan","og_description":"Utilis\u00e9 pur en couche d\u2019impression, KEIM Fixatif Concretal permet \u00e9galement d\u2019homog\u00e9n\u00e9iser et de r\u00e9duire l\u2019absorption de supports min\u00e9raux tr\u00e8s poreux.","og_url":"https:\/\/nature-et-developpement.com\/ned-perpignan\/produit\/impression-minerale-et-diluant-keim-concretal-fixativ\/","og_site_name":"Nature et D\u00e9veloppement Perpignan","article_modified_time":"2026-01-08T23:01:24+00:00","twitter_card":"summary_large_image","schema":{"@context":"https:\/\/schema.org","@graph":[{"@type":"WebPage","@id":"https:\/\/nature-et-developpement.com\/ned-perpignan\/produit\/impression-minerale-et-diluant-keim-concretal-fixativ\/","url":"https:\/\/nature-et-developpement.com\/ned-perpignan\/produit\/impression-minerale-et-diluant-keim-concretal-fixativ\/","name":"Impression min\u00e9rale et diluant KEIM Concretal-fixativ - Nature et D\u00e9veloppement Perpignan","isPartOf":{"@id":"https:\/\/nature-et-developpement.com\/ned-perpignan\/#website"},"primaryImageOfPage":{"@id":"https:\/\/nature-et-developpement.com\/ned-perpignan\/produit\/impression-minerale-et-diluant-keim-concretal-fixativ\/#primaryimage"},"image":{"@id":"https:\/\/nature-et-developpement.com\/ned-perpignan\/produit\/impression-minerale-et-diluant-keim-concretal-fixativ\/#primaryimage"},"thumbnailUrl":"https:\/\/nature-et-developpement.com\/ned-perpignan\/wp-content\/uploads\/Impression-minerale-et-diluant-KEIM-Concretal-fixativ.jpg","datePublished":"2018-09-30T22:00:00+00:00","dateModified":"2026-01-08T23:01:24+00:00","breadcrumb":{"@id":"https:\/\/nature-et-developpement.com\/ned-perpignan\/produit\/impression-minerale-et-diluant-keim-concretal-fixativ\/#breadcrumb"},"inLanguage":"fr-FR","potentialAction":[{"@type":"ReadAction","target":["https:\/\/nature-et-developpement.com\/ned-perpignan\/produit\/impression-minerale-et-diluant-keim-concretal-fixativ\/"]}]},{"@type":"ImageObject","inLanguage":"fr-FR","@id":"https:\/\/nature-et-developpement.com\/ned-perpignan\/produit\/impression-minerale-et-diluant-keim-concretal-fixativ\/#primaryimage","url":"https:\/\/nature-et-developpement.com\/ned-perpignan\/wp-content\/uploads\/Impression-minerale-et-diluant-KEIM-Concretal-fixativ.jpg","contentUrl":"https:\/\/nature-et-developpement.com\/ned-perpignan\/wp-content\/uploads\/Impression-minerale-et-diluant-KEIM-Concretal-fixativ.jpg"},{"@type":"BreadcrumbList","@id":"https:\/\/nature-et-developpement.com\/ned-perpignan\/produit\/impression-minerale-et-diluant-keim-concretal-fixativ\/#breadcrumb","itemListElement":[{"@type":"ListItem","position":1,"name":"Accueil","item":"https:\/\/nature-et-developpement.com\/ned-perpignan\/"},{"@type":"ListItem","position":2,"name":"Boutique","item":"https:\/\/nature-et-developpement.com\/ned-perpignan\/boutique\/"},{"@type":"ListItem","position":3,"name":"Peinture, pigment et enduit","item":"https:\/\/nature-et-developpement.com\/ned-perpignan\/produits\/peinture-et-enduit\/"},{"@type":"ListItem","position":4,"name":"Pr\u00e9paration du support","item":"https:\/\/nature-et-developpement.com\/ned-perpignan\/produits\/peinture-et-enduit\/preparation-du-support\/"},{"@type":"ListItem","position":5,"name":"Impression min\u00e9rale et diluant KEIM Concretal-fixativ"}]},{"@type":"WebSite","@id":"https:\/\/nature-et-developpement.com\/ned-perpignan\/#website","url":"https:\/\/nature-et-developpement.com\/ned-perpignan\/","name":"Nature et D\u00e9veloppement Perpignan","description":"Solutions, mat\u00e9riaux et d\u00e9coration \u00e9co-responsables pour les pros et les particuliers.","potentialAction":[{"@type":"SearchAction","target":{"@type":"EntryPoint","urlTemplate":"https:\/\/nature-et-developpement.com\/ned-perpignan\/?s={search_term_string}"},"query-input":{"@type":"PropertyValueSpecification","valueRequired":true,"valueName":"search_term_string"}}],"inLanguage":"fr-FR"}]}},"distributor_meta":false,"distributor_terms":false,"distributor_media":false,"distributor_original_site_name":"Nature et D\u00e9veloppement Perpignan","distributor_original_site_url":"https:\/\/nature-et-developpement.com\/ned-perpignan","push-errors":false,"_links":{"self":[{"href":"https:\/\/nature-et-developpement.com\/ned-perpignan\/wp-json\/wp\/v2\/product\/5610","targetHints":{"allow":["GET"]}}],"collection":[{"href":"https:\/\/nature-et-developpement.com\/ned-perpignan\/wp-json\/wp\/v2\/product"}],"about":[{"href":"https:\/\/nature-et-developpement.com\/ned-perpignan\/wp-json\/wp\/v2\/types\/product"}],"wp:featuredmedia":[{"embeddable":true,"href":"https:\/\/nature-et-developpement.com\/ned-perpignan\/wp-json\/"}],"wp:attachment":[{"href":"https:\/\/nature-et-developpement.com\/ned-perpignan\/wp-json\/wp\/v2\/media?parent=5610"}],"wp:term":[{"taxonomy":"product_brand","embeddable":true,"href":"https:\/\/nature-et-developpement.com\/ned-perpignan\/wp-json\/wp\/v2\/product_brand?post=5610"},{"taxonomy":"product_cat","embeddable":true,"href":"https:\/\/nature-et-developpement.com\/ned-perpignan\/wp-json\/wp\/v2\/product_cat?post=5610"},{"taxonomy":"product_tag","embeddable":true,"href":"https:\/\/nature-et-developpement.com\/ned-perpignan\/wp-json\/wp\/v2\/product_tag?post=5610"}],"curies":[{"name":"wp","href":"https:\/\/api.w.org\/{rel}","templated":true}]}}