{"id":5647,"date":"2018-10-01T00:00:00","date_gmt":"2018-09-30T22:00:00","guid":{"rendered":"https:\/\/nature-et-developpement.com\/ned-perpignan\/produit\/keim-soldalit-grob\/"},"modified":"2026-04-30T11:31:19","modified_gmt":"2026-04-30T09:31:19","slug":"keim-soldalit-grob","status":"publish","type":"product","link":"https:\/\/nature-et-developpement.com\/ned-perpignan\/produit\/keim-soldalit-grob\/","title":{"rendered":"Sous couche garnissante KEIM Soldalit-Grob"},"content":{"rendered":"<div class=\"col-lg-12\">\n<p class=\"product-title inverse\">Sous-couche garnissante pr\u00eate \u00e0 l\u2019emploi \u00e0 base d\u2019un double liant sol-silicate (silicate de potassium\/sol de silice). Conforme \u00e0 la norme NFT 36-005 Famille I, Cat\u00e9gorie 1b1 (produits contenant au plus 5% de compos\u00e9s organiques selon le fascicule de documentation FD T 30-808).<\/p>\n<p class=\"product-title inverse\">Compos\u00e9e de charges min\u00e9rales de granulom\u00e9trie moyenne, la sous-couche KEIM Soldalit-Grob permet de masquer le fa\u00efen\u00e7age des supports.<\/p>\n<\/div>\n<p>Destin\u00e9e aux travaux neufs et \u00e0 la r\u00e9novation d\u2019enduits et de peintures organiques non \u00e9lastiques.<\/p>\n<p>Peut \u00e9galement \u00eatre appliqu\u00e9e sur tous supports min\u00e9raux.<\/p>\n<p>Doit \u00eatre imp\u00e9rativement recouverte par une finition KEIM Soldalit.<\/p>\n<p><strong>Teintes<\/strong><br \/>\nDisponible en blanc et dans toutes les teintes du nuancier KEIM Exclusiv. Teintes hors nuancier sur demande.<br \/>\nPour la mise \u00e0 la teinte, utiliser uniquement les teintes monochromes Soldalit 9001S \u00e0 9012S.<br \/>\n<strong>Attention : les teintes fournies sont plus claires que les r\u00e9f\u00e9rences de la finition KEIM Soldalit\u00a0choisies sur le nuancier.<\/strong><\/p>\n<p><strong><img loading=\"lazy\" decoding=\"async\" class=\" size-full wp-image-108013\" src=\"https:\/\/nature-et-developpement.com\/wp-content\/uploads\/cms\/KEIM\/KEIM-NUANCIER-SOLDALIT-CONCRETAL-MINERIS.jpg\" alt=\"\" width=\"558\" height=\"773\" \/><\/strong><\/p>\n<p><strong>Application<\/strong><br \/>\nBrosse, rouleau, projection Airless.<\/p>\n<p><strong>Consommation<\/strong><br \/>\nEnv. 250 g\/m\u00b2 (hors dilution) pour 1 couche.<\/p>\n<p><strong>Conditionnement<\/strong><br \/>\nSeau plastique de 5 kg et 18 kg.<\/p>\n<p><strong>Commande<\/strong><br \/>\nAjoutez le chiffre de la couleur choisie dans la case \u00ab\u00a0Compl\u00e9ments\u00a0\u00bb.<\/p>\n","protected":false},"excerpt":{"rendered":"<p><strong><a class=\"btn btn-default\" href=\"https:\/\/nature-et-developpement.com\/wp-content\/uploads\/cms\/KEIM\/Spektrum_KEIM.pdf\" target=\"_blank\" rel=\"noopener\"><img loading=\"lazy\" decoding=\"async\" class=\"alignleft wp-image-108482\" src=\"https:\/\/nature-et-developpement.com\/wp-content\/uploads\/cms\/NATURA\/COULEURS_2020-450x450.jpg\" alt=\"\" width=\"30\" height=\"30\" \/><\/a><a href=\"https:\/\/nature-et-developpement.com\/wp-content\/uploads\/Spektrum_KEIM-ND.pdf\" target=\"_blank\" rel=\"noopener\">Choisissez votre couleur<\/a><\/strong><br \/>\n<a href=\"https:\/\/nature-et-developpement.com\/wp-content\/uploads\/Tableau-reference-des-teintes-et-classes-de-prix-Soldalit_Soldalit-grob.pdf\" target=\"_blank\" rel=\"noopener\"><strong>Retrouvez votre classe de prix<\/strong><\/a><\/p>\n<p>Peinture garnissante et structurante silicat\u00e9e, \u00e9labor\u00e9e \u00e0 base d\u2019un double liant sol-silicate (silicate de potassium \/ sol de silice) de nouvelle g\u00e9n\u00e9ration<br \/>\nUtilis\u00e9e pour les couches de fond et couches interm\u00e9diaires du syst\u00e8me KEIM Soldalit.<\/p>\n","protected":false},"featured_media":1000000201213,"template":"","meta":[],"product_brand":[160],"product_cat":[88,94],"product_tag":[2757],"class_list":{"0":"post-5647","1":"product","2":"type-product","3":"status-publish","4":"has-post-thumbnail","6":"product_brand-keim","7":"product_cat-peinture-et-enduit","8":"product_cat-preparation-du-support","9":"product_tag-keim","10":"product_shipping_class-peintures-accessoires-peintures","12":"first","13":"instock","14":"taxable","15":"shipping-taxable","16":"purchasable","17":"product-type-variable"},"yoast_head":"<!-- This site is optimized with the Yoast SEO plugin v27.5 - https:\/\/yoast.com\/product\/yoast-seo-wordpress\/ -->\n<title>Sous couche garnissante KEIM Soldalit-Grob - Nature et D\u00e9veloppement Perpignan<\/title>\n<meta name=\"description\" content=\"Peinture garnissante et structurante au silicate, utilis\u00e9e pour les couches de fond et couches interm\u00e9diaires du syst\u00e8me KEIM Soldalit.\" \/>\n<meta name=\"robots\" content=\"noindex, nofollow\" \/>\n<meta property=\"og:locale\" content=\"fr_FR\" \/>\n<meta property=\"og:type\" content=\"article\" \/>\n<meta property=\"og:title\" content=\"Sous couche garnissante KEIM Soldalit-Grob - Nature et D\u00e9veloppement Perpignan\" \/>\n<meta property=\"og:description\" content=\"Peinture garnissante et structurante au silicate, utilis\u00e9e pour les couches de fond et couches interm\u00e9diaires du syst\u00e8me KEIM Soldalit.\" \/>\n<meta property=\"og:url\" content=\"https:\/\/nature-et-developpement.com\/ned-perpignan\/produit\/keim-soldalit-grob\/\" \/>\n<meta property=\"og:site_name\" content=\"Nature et D\u00e9veloppement Perpignan\" \/>\n<meta property=\"article:modified_time\" content=\"2026-04-30T09:31:19+00:00\" \/>\n<meta name=\"twitter:card\" content=\"summary_large_image\" \/>\n<meta name=\"twitter:label1\" content=\"Dur\u00e9e de lecture estim\u00e9e\" \/>\n\t<meta name=\"twitter:data1\" content=\"1 minute\" \/>\n<script type=\"application\/ld+json\" class=\"yoast-schema-graph\">{\"@context\":\"https:\\\/\\\/schema.org\",\"@graph\":[{\"@type\":\"WebPage\",\"@id\":\"https:\\\/\\\/nature-et-developpement.com\\\/ned-perpignan\\\/produit\\\/keim-soldalit-grob\\\/\",\"url\":\"https:\\\/\\\/nature-et-developpement.com\\\/ned-perpignan\\\/produit\\\/keim-soldalit-grob\\\/\",\"name\":\"Sous couche garnissante KEIM Soldalit-Grob - Nature et D\u00e9veloppement Perpignan\",\"isPartOf\":{\"@id\":\"https:\\\/\\\/nature-et-developpement.com\\\/ned-perpignan\\\/#website\"},\"primaryImageOfPage\":{\"@id\":\"https:\\\/\\\/nature-et-developpement.com\\\/ned-perpignan\\\/produit\\\/keim-soldalit-grob\\\/#primaryimage\"},\"image\":{\"@id\":\"https:\\\/\\\/nature-et-developpement.com\\\/ned-perpignan\\\/produit\\\/keim-soldalit-grob\\\/#primaryimage\"},\"thumbnailUrl\":\"https:\\\/\\\/nature-et-developpement.com\\\/ned-perpignan\\\/wp-content\\\/uploads\\\/Sous-couche-garnissante-KEIM-Soldalit-Grob-18Kg.jpg\",\"datePublished\":\"2018-09-30T22:00:00+00:00\",\"dateModified\":\"2026-04-30T09:31:19+00:00\",\"description\":\"Peinture garnissante et structurante au silicate, utilis\u00e9e pour les couches de fond et couches interm\u00e9diaires du syst\u00e8me KEIM Soldalit.\",\"breadcrumb\":{\"@id\":\"https:\\\/\\\/nature-et-developpement.com\\\/ned-perpignan\\\/produit\\\/keim-soldalit-grob\\\/#breadcrumb\"},\"inLanguage\":\"fr-FR\",\"potentialAction\":[{\"@type\":\"ReadAction\",\"target\":[\"https:\\\/\\\/nature-et-developpement.com\\\/ned-perpignan\\\/produit\\\/keim-soldalit-grob\\\/\"]}]},{\"@type\":\"ImageObject\",\"inLanguage\":\"fr-FR\",\"@id\":\"https:\\\/\\\/nature-et-developpement.com\\\/ned-perpignan\\\/produit\\\/keim-soldalit-grob\\\/#primaryimage\",\"url\":\"https:\\\/\\\/nature-et-developpement.com\\\/ned-perpignan\\\/wp-content\\\/uploads\\\/Sous-couche-garnissante-KEIM-Soldalit-Grob-18Kg.jpg\",\"contentUrl\":\"https:\\\/\\\/nature-et-developpement.com\\\/ned-perpignan\\\/wp-content\\\/uploads\\\/Sous-couche-garnissante-KEIM-Soldalit-Grob-18Kg.jpg\"},{\"@type\":\"BreadcrumbList\",\"@id\":\"https:\\\/\\\/nature-et-developpement.com\\\/ned-perpignan\\\/produit\\\/keim-soldalit-grob\\\/#breadcrumb\",\"itemListElement\":[{\"@type\":\"ListItem\",\"position\":1,\"name\":\"Accueil\",\"item\":\"https:\\\/\\\/nature-et-developpement.com\\\/ned-perpignan\\\/\"},{\"@type\":\"ListItem\",\"position\":2,\"name\":\"Boutique\",\"item\":\"https:\\\/\\\/nature-et-developpement.com\\\/ned-perpignan\\\/boutique\\\/\"},{\"@type\":\"ListItem\",\"position\":3,\"name\":\"Peinture, pigment et enduit\",\"item\":\"https:\\\/\\\/nature-et-developpement.com\\\/ned-perpignan\\\/produits\\\/peinture-et-enduit\\\/\"},{\"@type\":\"ListItem\",\"position\":4,\"name\":\"Pr\u00e9paration du support\",\"item\":\"https:\\\/\\\/nature-et-developpement.com\\\/ned-perpignan\\\/produits\\\/peinture-et-enduit\\\/preparation-du-support\\\/\"},{\"@type\":\"ListItem\",\"position\":5,\"name\":\"Sous couche garnissante KEIM Soldalit-Grob\"}]},{\"@type\":\"WebSite\",\"@id\":\"https:\\\/\\\/nature-et-developpement.com\\\/ned-perpignan\\\/#website\",\"url\":\"https:\\\/\\\/nature-et-developpement.com\\\/ned-perpignan\\\/\",\"name\":\"Nature et D\u00e9veloppement Perpignan\",\"description\":\"Solutions, mat\u00e9riaux et d\u00e9coration \u00e9co-responsables pour les pros et les particuliers.\",\"potentialAction\":[{\"@type\":\"SearchAction\",\"target\":{\"@type\":\"EntryPoint\",\"urlTemplate\":\"https:\\\/\\\/nature-et-developpement.com\\\/ned-perpignan\\\/?s={search_term_string}\"},\"query-input\":{\"@type\":\"PropertyValueSpecification\",\"valueRequired\":true,\"valueName\":\"search_term_string\"}}],\"inLanguage\":\"fr-FR\"}]}<\/script>\n<!-- \/ Yoast SEO plugin. -->","yoast_head_json":{"title":"Sous couche garnissante KEIM Soldalit-Grob - Nature et D\u00e9veloppement Perpignan","description":"Peinture garnissante et structurante au silicate, utilis\u00e9e pour les couches de fond et couches interm\u00e9diaires du syst\u00e8me KEIM Soldalit.","robots":{"index":"noindex","follow":"nofollow"},"og_locale":"fr_FR","og_type":"article","og_title":"Sous couche garnissante KEIM Soldalit-Grob - Nature et D\u00e9veloppement Perpignan","og_description":"Peinture garnissante et structurante au silicate, utilis\u00e9e pour les couches de fond et couches interm\u00e9diaires du syst\u00e8me KEIM Soldalit.","og_url":"https:\/\/nature-et-developpement.com\/ned-perpignan\/produit\/keim-soldalit-grob\/","og_site_name":"Nature et D\u00e9veloppement Perpignan","article_modified_time":"2026-04-30T09:31:19+00:00","twitter_card":"summary_large_image","twitter_misc":{"Dur\u00e9e de lecture estim\u00e9e":"1 minute"},"schema":{"@context":"https:\/\/schema.org","@graph":[{"@type":"WebPage","@id":"https:\/\/nature-et-developpement.com\/ned-perpignan\/produit\/keim-soldalit-grob\/","url":"https:\/\/nature-et-developpement.com\/ned-perpignan\/produit\/keim-soldalit-grob\/","name":"Sous couche garnissante KEIM Soldalit-Grob - Nature et D\u00e9veloppement Perpignan","isPartOf":{"@id":"https:\/\/nature-et-developpement.com\/ned-perpignan\/#website"},"primaryImageOfPage":{"@id":"https:\/\/nature-et-developpement.com\/ned-perpignan\/produit\/keim-soldalit-grob\/#primaryimage"},"image":{"@id":"https:\/\/nature-et-developpement.com\/ned-perpignan\/produit\/keim-soldalit-grob\/#primaryimage"},"thumbnailUrl":"https:\/\/nature-et-developpement.com\/ned-perpignan\/wp-content\/uploads\/Sous-couche-garnissante-KEIM-Soldalit-Grob-18Kg.jpg","datePublished":"2018-09-30T22:00:00+00:00","dateModified":"2026-04-30T09:31:19+00:00","description":"Peinture garnissante et structurante au silicate, utilis\u00e9e pour les couches de fond et couches interm\u00e9diaires du syst\u00e8me KEIM Soldalit.","breadcrumb":{"@id":"https:\/\/nature-et-developpement.com\/ned-perpignan\/produit\/keim-soldalit-grob\/#breadcrumb"},"inLanguage":"fr-FR","potentialAction":[{"@type":"ReadAction","target":["https:\/\/nature-et-developpement.com\/ned-perpignan\/produit\/keim-soldalit-grob\/"]}]},{"@type":"ImageObject","inLanguage":"fr-FR","@id":"https:\/\/nature-et-developpement.com\/ned-perpignan\/produit\/keim-soldalit-grob\/#primaryimage","url":"https:\/\/nature-et-developpement.com\/ned-perpignan\/wp-content\/uploads\/Sous-couche-garnissante-KEIM-Soldalit-Grob-18Kg.jpg","contentUrl":"https:\/\/nature-et-developpement.com\/ned-perpignan\/wp-content\/uploads\/Sous-couche-garnissante-KEIM-Soldalit-Grob-18Kg.jpg"},{"@type":"BreadcrumbList","@id":"https:\/\/nature-et-developpement.com\/ned-perpignan\/produit\/keim-soldalit-grob\/#breadcrumb","itemListElement":[{"@type":"ListItem","position":1,"name":"Accueil","item":"https:\/\/nature-et-developpement.com\/ned-perpignan\/"},{"@type":"ListItem","position":2,"name":"Boutique","item":"https:\/\/nature-et-developpement.com\/ned-perpignan\/boutique\/"},{"@type":"ListItem","position":3,"name":"Peinture, pigment et enduit","item":"https:\/\/nature-et-developpement.com\/ned-perpignan\/produits\/peinture-et-enduit\/"},{"@type":"ListItem","position":4,"name":"Pr\u00e9paration du support","item":"https:\/\/nature-et-developpement.com\/ned-perpignan\/produits\/peinture-et-enduit\/preparation-du-support\/"},{"@type":"ListItem","position":5,"name":"Sous couche garnissante KEIM Soldalit-Grob"}]},{"@type":"WebSite","@id":"https:\/\/nature-et-developpement.com\/ned-perpignan\/#website","url":"https:\/\/nature-et-developpement.com\/ned-perpignan\/","name":"Nature et D\u00e9veloppement Perpignan","description":"Solutions, mat\u00e9riaux et d\u00e9coration \u00e9co-responsables pour les pros et les particuliers.","potentialAction":[{"@type":"SearchAction","target":{"@type":"EntryPoint","urlTemplate":"https:\/\/nature-et-developpement.com\/ned-perpignan\/?s={search_term_string}"},"query-input":{"@type":"PropertyValueSpecification","valueRequired":true,"valueName":"search_term_string"}}],"inLanguage":"fr-FR"}]}},"distributor_meta":false,"distributor_terms":false,"distributor_media":false,"distributor_original_site_name":"Nature et D\u00e9veloppement Perpignan","distributor_original_site_url":"https:\/\/nature-et-developpement.com\/ned-perpignan","push-errors":false,"_links":{"self":[{"href":"https:\/\/nature-et-developpement.com\/ned-perpignan\/wp-json\/wp\/v2\/product\/5647","targetHints":{"allow":["GET"]}}],"collection":[{"href":"https:\/\/nature-et-developpement.com\/ned-perpignan\/wp-json\/wp\/v2\/product"}],"about":[{"href":"https:\/\/nature-et-developpement.com\/ned-perpignan\/wp-json\/wp\/v2\/types\/product"}],"wp:featuredmedia":[{"embeddable":true,"href":"https:\/\/nature-et-developpement.com\/ned-perpignan\/wp-json\/"}],"wp:attachment":[{"href":"https:\/\/nature-et-developpement.com\/ned-perpignan\/wp-json\/wp\/v2\/media?parent=5647"}],"wp:term":[{"taxonomy":"product_brand","embeddable":true,"href":"https:\/\/nature-et-developpement.com\/ned-perpignan\/wp-json\/wp\/v2\/product_brand?post=5647"},{"taxonomy":"product_cat","embeddable":true,"href":"https:\/\/nature-et-developpement.com\/ned-perpignan\/wp-json\/wp\/v2\/product_cat?post=5647"},{"taxonomy":"product_tag","embeddable":true,"href":"https:\/\/nature-et-developpement.com\/ned-perpignan\/wp-json\/wp\/v2\/product_tag?post=5647"}],"curies":[{"name":"wp","href":"https:\/\/api.w.org\/{rel}","templated":true}]}}