{"id":5711,"date":"2018-10-01T00:00:00","date_gmt":"2018-09-30T22:00:00","guid":{"rendered":"https:\/\/nature-et-developpement.com\/ned-perpignan\/produit\/enduit-mineral-de-lissage-pour-linterieur-keim\/"},"modified":"2026-04-30T15:00:50","modified_gmt":"2026-04-30T13:00:50","slug":"enduit-mineral-de-lissage-pour-linterieur-keim","status":"publish","type":"product","link":"https:\/\/nature-et-developpement.com\/ned-perpignan\/produit\/enduit-mineral-de-lissage-pour-linterieur-keim\/","title":{"rendered":"Enduit min\u00e9ral de lissage pour l&rsquo;int\u00e9rieur KEIM"},"content":{"rendered":"<h2>Un enduit de lissage int\u00e9rieur, plusieurs types de poses<\/h2>\n<h3 class=\"product-title inverse\">KEIM Dolomit<\/h3>\n<p>Enduit min\u00e9ral de lissage pour travaux int\u00e9rieurs.<\/p>\n<p>Il permet l\u2019enduisage de surfaces enti\u00e8res sur enduits ou sur b\u00e9ton ainsi que les rebouchages partiels et l\u2019enduisage des joints de plaques de pl\u00e2tre (avec bande \u00e0 joints).<\/p>\n<p>Peut \u00eatre utilis\u00e9 sur des supports min\u00e9raux, organiques ou mixtes sur murs ou plafonds.<\/p>\n<p><strong>Teinte<\/strong><\/p>\n<p>Blanc<\/p>\n<p><strong>Application<\/strong><br \/>\nLisseuse, truelle ou couteau \u00e0 enduire<\/p>\n<p><strong>Consommation<\/strong><br \/>\n1,8 kg\/m\u00b2 pour 1 couche de 1mm d&rsquo;\u00e9paisseur<\/p>\n<p><strong>Conditionnement<\/strong><br \/>\nSeau de 18 kg<\/p>\n<p>&nbsp;<\/p>\n<div class=\"col-lg-12\">\n<h2 class=\"product-title inverse\">KEIM Marano\u00ae-Roll<\/h2>\n<\/div>\n<div class=\"col-lg-12 inverse\">\n<p>Enduit de lissage int\u00e9rieur pr\u00eat \u00e0 l\u2019emploi, \u00e0 haut pouvoir garnissant, efficace et sans effort, gr\u00e2ce \u00e0 son application au rouleau et \u00e0 sa tr\u00e8s bonne aptitude au pon\u00e7age.<\/p>\n<p>Id\u00e9alement recommand\u00e9 dans le cadre du lissage complet de surfaces murales et de plafonds, il peut \u00eatre appliqu\u00e9 sur tous types de supports en int\u00e9rieur.<\/p>\n<p>KEIM Marano-Roll convient lors d\u2018applications sur de grandes surfaces au rouleau, lorsque les supports sont lisses, irr\u00e9guliers ou bien structur\u00e9s, en particulier dans le cadre de l\u2019enduisage de plaques de pl\u00e2tre.<\/p>\n<\/div>\n<div class=\"col-lg-6 inverse\">\n<p><strong>Teinte<\/strong><br \/>\nGris moyen<\/p>\n<p><strong>Application<\/strong><br \/>\nRouleau<\/p>\n<\/div>\n<div class=\"col-lg-6 inverse\">\n<p><strong>Consommation<\/strong><br \/>\nEnviron 1L \/m\u00b2 par mm d\u2019\u00e9paisseur d\u2019enduit<\/p>\n<p><strong>Conditionnement<\/strong><br \/>\nSeau \u00e0 base rectangulaire de 15 L<\/p>\n<div class=\"col-lg-12\">\n<h2 class=\"product-title inverse\">KEIM Marano\u00ae-Light<\/h2>\n<\/div>\n<div class=\"col-lg-12 inverse\">\n<p>Enduit de lissage all\u00e9g\u00e9 pour l\u2019int\u00e9rieur, pr\u00eat \u00e0 l\u2019emploi. Sa formulation est optimis\u00e9e pour une application m\u00e9canis\u00e9e avec machine \u00e0 projeter airless.<\/p>\n<p>En outre, les charges all\u00e9g\u00e9es de KEIM Marano-Light permettent un travail efficace et sans effort lors d\u2019une application manuelle.<\/p>\n<p>KEIM Marano-Light s&rsquo;applique sur tous types de supports en int\u00e9rieur.<\/p>\n<p>KEIM Marano-Light convient \u00e0 l\u2019application sur de grandes surfaces neuves ou \u00e0 r\u00e9nover et permet d\u2018obtenir une surface enduite avec un rendu de qualit\u00e9 de surface Q3 ou Q4 et un rendement \u00e9lev\u00e9.<\/p>\n<\/div>\n<div class=\"col-lg-6 inverse\">\n<p><strong>Teinte<\/strong><br \/>\nGris clair<\/p>\n<p><strong>Application<\/strong><br \/>\nAirless, platoir<\/p>\n<\/div>\n<div class=\"col-lg-6 inverse\">\n<p><strong>Consommation<\/strong><br \/>\nEnviron 1L \/m\u00b2 par mm d\u2019\u00e9paisseur d\u2019enduit<\/p>\n<p><strong>Conditionnement<\/strong><br \/>\nSeau de 15 L<\/p>\n<\/div>\n<\/div>\n","protected":false},"excerpt":{"rendered":"<p>Enduit min\u00e9ral de lissage pour travaux int\u00e9rieurs.<br \/>\nS&rsquo;utilise sur des supports min\u00e9raux, organiques ou mixtes sur murs ou plafonds.<br \/>\nIl permet l\u2019enduisage de surfaces enti\u00e8res sur enduits ou sur b\u00e9ton ainsi que les rebouchages partiels et l\u2019enduisage des joints de plaques de pl\u00e2tre (avec bande \u00e0 joints).<\/p>\n","protected":false},"featured_media":1000000201198,"template":"","meta":[],"product_brand":[160],"product_cat":[90,94],"product_tag":[2757],"class_list":{"0":"post-5711","1":"product","2":"type-product","3":"status-publish","4":"has-post-thumbnail","6":"product_brand-keim","7":"product_cat-enduits-naturels","8":"product_cat-preparation-du-support","9":"product_tag-keim","10":"product_shipping_class-peintures-accessoires-peintures","12":"first","13":"instock","14":"taxable","15":"shipping-taxable","16":"purchasable","17":"product-type-variable"},"yoast_head":"<!-- This site is optimized with the Yoast SEO plugin v27.5 - https:\/\/yoast.com\/product\/yoast-seo-wordpress\/ -->\n<title>Enduit min\u00e9ral de lissage pour l&#039;int\u00e9rieur KEIM - Nature et D\u00e9veloppement Perpignan<\/title>\n<meta name=\"description\" content=\"Enduit min\u00e9ral de lissage pour travaux int\u00e9rieurs. Il permet l\u2019enduisage de surfaces enti\u00e8res et l\u2019enduit des joints de plaques de pl\u00e2tre (avec bande).\" \/>\n<meta name=\"robots\" content=\"noindex, nofollow\" \/>\n<meta property=\"og:locale\" content=\"fr_FR\" \/>\n<meta property=\"og:type\" content=\"article\" \/>\n<meta property=\"og:title\" content=\"Enduit min\u00e9ral de lissage pour l&#039;int\u00e9rieur KEIM - Nature et D\u00e9veloppement Perpignan\" \/>\n<meta property=\"og:description\" content=\"Enduit min\u00e9ral de lissage pour travaux int\u00e9rieurs. Il permet l\u2019enduisage de surfaces enti\u00e8res et l\u2019enduit des joints de plaques de pl\u00e2tre (avec bande).\" \/>\n<meta property=\"og:url\" content=\"https:\/\/nature-et-developpement.com\/ned-perpignan\/produit\/enduit-mineral-de-lissage-pour-linterieur-keim\/\" \/>\n<meta property=\"og:site_name\" content=\"Nature et D\u00e9veloppement Perpignan\" \/>\n<meta property=\"article:modified_time\" content=\"2026-04-30T13:00:50+00:00\" \/>\n<meta name=\"twitter:card\" content=\"summary_large_image\" \/>\n<meta name=\"twitter:label1\" content=\"Dur\u00e9e de lecture estim\u00e9e\" \/>\n\t<meta name=\"twitter:data1\" content=\"2 minutes\" \/>\n<script type=\"application\/ld+json\" class=\"yoast-schema-graph\">{\"@context\":\"https:\\\/\\\/schema.org\",\"@graph\":[{\"@type\":\"WebPage\",\"@id\":\"https:\\\/\\\/nature-et-developpement.com\\\/ned-perpignan\\\/produit\\\/enduit-mineral-de-lissage-pour-linterieur-keim\\\/\",\"url\":\"https:\\\/\\\/nature-et-developpement.com\\\/ned-perpignan\\\/produit\\\/enduit-mineral-de-lissage-pour-linterieur-keim\\\/\",\"name\":\"Enduit min\u00e9ral de lissage pour l'int\u00e9rieur KEIM - Nature et D\u00e9veloppement Perpignan\",\"isPartOf\":{\"@id\":\"https:\\\/\\\/nature-et-developpement.com\\\/ned-perpignan\\\/#website\"},\"primaryImageOfPage\":{\"@id\":\"https:\\\/\\\/nature-et-developpement.com\\\/ned-perpignan\\\/produit\\\/enduit-mineral-de-lissage-pour-linterieur-keim\\\/#primaryimage\"},\"image\":{\"@id\":\"https:\\\/\\\/nature-et-developpement.com\\\/ned-perpignan\\\/produit\\\/enduit-mineral-de-lissage-pour-linterieur-keim\\\/#primaryimage\"},\"thumbnailUrl\":\"https:\\\/\\\/nature-et-developpement.com\\\/ned-perpignan\\\/wp-content\\\/uploads\\\/Enduit-mineral-de-lissage-pour-linterieur-KEIM-DOMOLIT-18Kg.jpg\",\"datePublished\":\"2018-09-30T22:00:00+00:00\",\"dateModified\":\"2026-04-30T13:00:50+00:00\",\"description\":\"Enduit min\u00e9ral de lissage pour travaux int\u00e9rieurs. Il permet l\u2019enduisage de surfaces enti\u00e8res et l\u2019enduit des joints de plaques de pl\u00e2tre (avec bande).\",\"breadcrumb\":{\"@id\":\"https:\\\/\\\/nature-et-developpement.com\\\/ned-perpignan\\\/produit\\\/enduit-mineral-de-lissage-pour-linterieur-keim\\\/#breadcrumb\"},\"inLanguage\":\"fr-FR\",\"potentialAction\":[{\"@type\":\"ReadAction\",\"target\":[\"https:\\\/\\\/nature-et-developpement.com\\\/ned-perpignan\\\/produit\\\/enduit-mineral-de-lissage-pour-linterieur-keim\\\/\"]}]},{\"@type\":\"ImageObject\",\"inLanguage\":\"fr-FR\",\"@id\":\"https:\\\/\\\/nature-et-developpement.com\\\/ned-perpignan\\\/produit\\\/enduit-mineral-de-lissage-pour-linterieur-keim\\\/#primaryimage\",\"url\":\"https:\\\/\\\/nature-et-developpement.com\\\/ned-perpignan\\\/wp-content\\\/uploads\\\/Enduit-mineral-de-lissage-pour-linterieur-KEIM-DOMOLIT-18Kg.jpg\",\"contentUrl\":\"https:\\\/\\\/nature-et-developpement.com\\\/ned-perpignan\\\/wp-content\\\/uploads\\\/Enduit-mineral-de-lissage-pour-linterieur-KEIM-DOMOLIT-18Kg.jpg\"},{\"@type\":\"BreadcrumbList\",\"@id\":\"https:\\\/\\\/nature-et-developpement.com\\\/ned-perpignan\\\/produit\\\/enduit-mineral-de-lissage-pour-linterieur-keim\\\/#breadcrumb\",\"itemListElement\":[{\"@type\":\"ListItem\",\"position\":1,\"name\":\"Accueil\",\"item\":\"https:\\\/\\\/nature-et-developpement.com\\\/ned-perpignan\\\/\"},{\"@type\":\"ListItem\",\"position\":2,\"name\":\"Boutique\",\"item\":\"https:\\\/\\\/nature-et-developpement.com\\\/ned-perpignan\\\/boutique\\\/\"},{\"@type\":\"ListItem\",\"position\":3,\"name\":\"Peinture, pigment et enduit\",\"item\":\"https:\\\/\\\/nature-et-developpement.com\\\/ned-perpignan\\\/produits\\\/peinture-et-enduit\\\/\"},{\"@type\":\"ListItem\",\"position\":4,\"name\":\"Enduits naturels\",\"item\":\"https:\\\/\\\/nature-et-developpement.com\\\/ned-perpignan\\\/produits\\\/peinture-et-enduit\\\/enduits-naturels\\\/\"},{\"@type\":\"ListItem\",\"position\":5,\"name\":\"Enduit min\u00e9ral de lissage pour l&rsquo;int\u00e9rieur KEIM\"}]},{\"@type\":\"WebSite\",\"@id\":\"https:\\\/\\\/nature-et-developpement.com\\\/ned-perpignan\\\/#website\",\"url\":\"https:\\\/\\\/nature-et-developpement.com\\\/ned-perpignan\\\/\",\"name\":\"Nature et D\u00e9veloppement Perpignan\",\"description\":\"Solutions, mat\u00e9riaux et d\u00e9coration \u00e9co-responsables pour les pros et les particuliers.\",\"potentialAction\":[{\"@type\":\"SearchAction\",\"target\":{\"@type\":\"EntryPoint\",\"urlTemplate\":\"https:\\\/\\\/nature-et-developpement.com\\\/ned-perpignan\\\/?s={search_term_string}\"},\"query-input\":{\"@type\":\"PropertyValueSpecification\",\"valueRequired\":true,\"valueName\":\"search_term_string\"}}],\"inLanguage\":\"fr-FR\"}]}<\/script>\n<!-- \/ Yoast SEO plugin. -->","yoast_head_json":{"title":"Enduit min\u00e9ral de lissage pour l'int\u00e9rieur KEIM - Nature et D\u00e9veloppement Perpignan","description":"Enduit min\u00e9ral de lissage pour travaux int\u00e9rieurs. Il permet l\u2019enduisage de surfaces enti\u00e8res et l\u2019enduit des joints de plaques de pl\u00e2tre (avec bande).","robots":{"index":"noindex","follow":"nofollow"},"og_locale":"fr_FR","og_type":"article","og_title":"Enduit min\u00e9ral de lissage pour l'int\u00e9rieur KEIM - Nature et D\u00e9veloppement Perpignan","og_description":"Enduit min\u00e9ral de lissage pour travaux int\u00e9rieurs. Il permet l\u2019enduisage de surfaces enti\u00e8res et l\u2019enduit des joints de plaques de pl\u00e2tre (avec bande).","og_url":"https:\/\/nature-et-developpement.com\/ned-perpignan\/produit\/enduit-mineral-de-lissage-pour-linterieur-keim\/","og_site_name":"Nature et D\u00e9veloppement Perpignan","article_modified_time":"2026-04-30T13:00:50+00:00","twitter_card":"summary_large_image","twitter_misc":{"Dur\u00e9e de lecture estim\u00e9e":"2 minutes"},"schema":{"@context":"https:\/\/schema.org","@graph":[{"@type":"WebPage","@id":"https:\/\/nature-et-developpement.com\/ned-perpignan\/produit\/enduit-mineral-de-lissage-pour-linterieur-keim\/","url":"https:\/\/nature-et-developpement.com\/ned-perpignan\/produit\/enduit-mineral-de-lissage-pour-linterieur-keim\/","name":"Enduit min\u00e9ral de lissage pour l'int\u00e9rieur KEIM - Nature et D\u00e9veloppement Perpignan","isPartOf":{"@id":"https:\/\/nature-et-developpement.com\/ned-perpignan\/#website"},"primaryImageOfPage":{"@id":"https:\/\/nature-et-developpement.com\/ned-perpignan\/produit\/enduit-mineral-de-lissage-pour-linterieur-keim\/#primaryimage"},"image":{"@id":"https:\/\/nature-et-developpement.com\/ned-perpignan\/produit\/enduit-mineral-de-lissage-pour-linterieur-keim\/#primaryimage"},"thumbnailUrl":"https:\/\/nature-et-developpement.com\/ned-perpignan\/wp-content\/uploads\/Enduit-mineral-de-lissage-pour-linterieur-KEIM-DOMOLIT-18Kg.jpg","datePublished":"2018-09-30T22:00:00+00:00","dateModified":"2026-04-30T13:00:50+00:00","description":"Enduit min\u00e9ral de lissage pour travaux int\u00e9rieurs. Il permet l\u2019enduisage de surfaces enti\u00e8res et l\u2019enduit des joints de plaques de pl\u00e2tre (avec bande).","breadcrumb":{"@id":"https:\/\/nature-et-developpement.com\/ned-perpignan\/produit\/enduit-mineral-de-lissage-pour-linterieur-keim\/#breadcrumb"},"inLanguage":"fr-FR","potentialAction":[{"@type":"ReadAction","target":["https:\/\/nature-et-developpement.com\/ned-perpignan\/produit\/enduit-mineral-de-lissage-pour-linterieur-keim\/"]}]},{"@type":"ImageObject","inLanguage":"fr-FR","@id":"https:\/\/nature-et-developpement.com\/ned-perpignan\/produit\/enduit-mineral-de-lissage-pour-linterieur-keim\/#primaryimage","url":"https:\/\/nature-et-developpement.com\/ned-perpignan\/wp-content\/uploads\/Enduit-mineral-de-lissage-pour-linterieur-KEIM-DOMOLIT-18Kg.jpg","contentUrl":"https:\/\/nature-et-developpement.com\/ned-perpignan\/wp-content\/uploads\/Enduit-mineral-de-lissage-pour-linterieur-KEIM-DOMOLIT-18Kg.jpg"},{"@type":"BreadcrumbList","@id":"https:\/\/nature-et-developpement.com\/ned-perpignan\/produit\/enduit-mineral-de-lissage-pour-linterieur-keim\/#breadcrumb","itemListElement":[{"@type":"ListItem","position":1,"name":"Accueil","item":"https:\/\/nature-et-developpement.com\/ned-perpignan\/"},{"@type":"ListItem","position":2,"name":"Boutique","item":"https:\/\/nature-et-developpement.com\/ned-perpignan\/boutique\/"},{"@type":"ListItem","position":3,"name":"Peinture, pigment et enduit","item":"https:\/\/nature-et-developpement.com\/ned-perpignan\/produits\/peinture-et-enduit\/"},{"@type":"ListItem","position":4,"name":"Enduits naturels","item":"https:\/\/nature-et-developpement.com\/ned-perpignan\/produits\/peinture-et-enduit\/enduits-naturels\/"},{"@type":"ListItem","position":5,"name":"Enduit min\u00e9ral de lissage pour l&rsquo;int\u00e9rieur KEIM"}]},{"@type":"WebSite","@id":"https:\/\/nature-et-developpement.com\/ned-perpignan\/#website","url":"https:\/\/nature-et-developpement.com\/ned-perpignan\/","name":"Nature et D\u00e9veloppement Perpignan","description":"Solutions, mat\u00e9riaux et d\u00e9coration \u00e9co-responsables pour les pros et les particuliers.","potentialAction":[{"@type":"SearchAction","target":{"@type":"EntryPoint","urlTemplate":"https:\/\/nature-et-developpement.com\/ned-perpignan\/?s={search_term_string}"},"query-input":{"@type":"PropertyValueSpecification","valueRequired":true,"valueName":"search_term_string"}}],"inLanguage":"fr-FR"}]}},"distributor_meta":false,"distributor_terms":false,"distributor_media":false,"distributor_original_site_name":"Nature et D\u00e9veloppement Perpignan","distributor_original_site_url":"https:\/\/nature-et-developpement.com\/ned-perpignan","push-errors":false,"_links":{"self":[{"href":"https:\/\/nature-et-developpement.com\/ned-perpignan\/wp-json\/wp\/v2\/product\/5711","targetHints":{"allow":["GET"]}}],"collection":[{"href":"https:\/\/nature-et-developpement.com\/ned-perpignan\/wp-json\/wp\/v2\/product"}],"about":[{"href":"https:\/\/nature-et-developpement.com\/ned-perpignan\/wp-json\/wp\/v2\/types\/product"}],"wp:featuredmedia":[{"embeddable":true,"href":"https:\/\/nature-et-developpement.com\/ned-perpignan\/wp-json\/"}],"wp:attachment":[{"href":"https:\/\/nature-et-developpement.com\/ned-perpignan\/wp-json\/wp\/v2\/media?parent=5711"}],"wp:term":[{"taxonomy":"product_brand","embeddable":true,"href":"https:\/\/nature-et-developpement.com\/ned-perpignan\/wp-json\/wp\/v2\/product_brand?post=5711"},{"taxonomy":"product_cat","embeddable":true,"href":"https:\/\/nature-et-developpement.com\/ned-perpignan\/wp-json\/wp\/v2\/product_cat?post=5711"},{"taxonomy":"product_tag","embeddable":true,"href":"https:\/\/nature-et-developpement.com\/ned-perpignan\/wp-json\/wp\/v2\/product_tag?post=5711"}],"curies":[{"name":"wp","href":"https:\/\/api.w.org\/{rel}","templated":true}]}}