{"id":5745,"date":"2018-10-01T00:00:00","date_gmt":"2018-09-30T22:00:00","guid":{"rendered":"https:\/\/nature-et-developpement.com\/ned-perpignan\/produit\/lasure-et-diluant-keim-concretal-base-incolore\/"},"modified":"2026-04-30T16:30:50","modified_gmt":"2026-04-30T14:30:50","slug":"lasure-et-diluant-keim-concretal-base-incolore","status":"publish","type":"product","link":"https:\/\/nature-et-developpement.com\/ned-perpignan\/produit\/lasure-et-diluant-keim-concretal-base-incolore\/","title":{"rendered":"Lasure et diluant KEIM Concretal-Base incolore"},"content":{"rendered":"<div class=\"col-lg-12\">\n<h2 class=\"product-title inverse\">KEIM Concretal\u00ae-Base<\/h2>\n<\/div>\n<p>Lasure min\u00e9rale incolore. Peut \u00eatre m\u00e9lang\u00e9e avec KEIM Lasure Concretal pour obtenir de la transparence ou peut \u00eatre utilis\u00e9e pure pour un rev\u00eatement de lasure incolore pour le b\u00e9ton.<\/p>\n<p>\u00c0 diluer avec KEIM Fixatif Concretal pour obtenir une finition transparente incolore et mate.<\/p>\n<p>Conforme \u00e0 la norme NFT 36-005 Famille I, Cat\u00e9gorie 1b1 (produits contenant au plus 5% de compos\u00e9s organiques selon le fascicule de documentation FD T 30-808).<\/p>\n<p>KEIM Lasure Concretal est destin\u00e9e \u00e0 la d\u00e9coration de surfaces de b\u00e9ton apparent en int\u00e9rieur et en ext\u00e9rieur.<\/p>\n<p>Par exemple pour la pr\u00e9servation du caract\u00e8re apparent du b\u00e9ton par application d&rsquo;un glacis sur des taches ou des zones de r\u00e9paration dans la nuance du b\u00e9ton, de m\u00eame que pour les d\u00e9corations opaques.<\/p>\n<p>Des effets de transparence sur-mesure peuvent \u00eatre r\u00e9alis\u00e9s gr\u00e2ce \u00e0 l&rsquo;application de une \u00e0 trois couches de lasures avec KEIM Lasure Concretal et KEIM Concretal-Base.<\/p>\n<p>L&rsquo;utilisation de KEIM Concretal-Base en tant de compl\u00e9ment de la KEIM Lasure Concretal permet la r\u00e9alisation de lasures min\u00e9rales mates et transparentes, tout en limitant la d\u00e9cantation de la lasure, en optimisant sa consistance et en lui conf\u00e9rant des couches de lasures stables aux intemp\u00e9ries avec un temps ouvert plus long<\/p>\n<p><strong>Teinte<\/strong><br \/>\nIncolore<\/p>\n<p><strong>Application<\/strong><br \/>\nBrosse, rouleau, projection Airless<\/p>\n<p><strong>Consommation<\/strong><br \/>\nEnv. 0,125 L\/m\u00b2 pour 1 couche\u00a0(hors dilution)<\/p>\n<p><strong>Conditionnement<\/strong><br \/>\nSeau de 5 L et 15 L<\/p>\n","protected":false},"excerpt":{"rendered":"<p>Lasure incolore et diluant de lasure KEIM Lasure Concretal, permettant l&rsquo;ajustement de la transparence de la lasure, tout en conservant consistance et \u00e9paisseur id\u00e9ales.<\/p>\n","protected":false},"featured_media":1000000156209,"template":"","meta":[],"product_brand":[160],"product_cat":[97,94],"product_tag":[2757],"class_list":{"0":"post-5745","1":"product","2":"type-product","3":"status-publish","4":"has-post-thumbnail","6":"product_brand-keim","7":"product_cat-adjuvants","8":"product_cat-preparation-du-support","9":"product_tag-keim","10":"product_shipping_class-peintures-accessoires-peintures","12":"first","13":"instock","14":"taxable","15":"shipping-taxable","16":"purchasable","17":"product-type-variable"},"yoast_head":"<!-- This site is optimized with the Yoast SEO plugin v27.5 - https:\/\/yoast.com\/product\/yoast-seo-wordpress\/ -->\n<title>Lasure et diluant KEIM Concretal-Base incolore - Nature et D\u00e9veloppement Perpignan<\/title>\n<meta name=\"robots\" content=\"noindex, nofollow\" \/>\n<meta property=\"og:locale\" content=\"fr_FR\" \/>\n<meta property=\"og:type\" content=\"article\" \/>\n<meta property=\"og:title\" content=\"Lasure et diluant KEIM Concretal-Base incolore - Nature et D\u00e9veloppement Perpignan\" \/>\n<meta property=\"og:description\" content=\"Lasure incolore et diluant de lasure KEIM Lasure Concretal, permettant l&#039;ajustement de la transparence de la lasure, tout en conservant consistance et \u00e9paisseur id\u00e9ales.\" \/>\n<meta property=\"og:url\" content=\"https:\/\/nature-et-developpement.com\/ned-perpignan\/produit\/lasure-et-diluant-keim-concretal-base-incolore\/\" \/>\n<meta property=\"og:site_name\" content=\"Nature et D\u00e9veloppement Perpignan\" \/>\n<meta property=\"article:modified_time\" content=\"2026-04-30T14:30:50+00:00\" \/>\n<meta name=\"twitter:card\" content=\"summary_large_image\" \/>\n<meta name=\"twitter:label1\" content=\"Dur\u00e9e de lecture estim\u00e9e\" \/>\n\t<meta name=\"twitter:data1\" content=\"1 minute\" \/>\n<script type=\"application\/ld+json\" class=\"yoast-schema-graph\">{\"@context\":\"https:\\\/\\\/schema.org\",\"@graph\":[{\"@type\":\"WebPage\",\"@id\":\"https:\\\/\\\/nature-et-developpement.com\\\/ned-perpignan\\\/produit\\\/lasure-et-diluant-keim-concretal-base-incolore\\\/\",\"url\":\"https:\\\/\\\/nature-et-developpement.com\\\/ned-perpignan\\\/produit\\\/lasure-et-diluant-keim-concretal-base-incolore\\\/\",\"name\":\"Lasure et diluant KEIM Concretal-Base incolore - Nature et D\u00e9veloppement Perpignan\",\"isPartOf\":{\"@id\":\"https:\\\/\\\/nature-et-developpement.com\\\/ned-perpignan\\\/#website\"},\"primaryImageOfPage\":{\"@id\":\"https:\\\/\\\/nature-et-developpement.com\\\/ned-perpignan\\\/produit\\\/lasure-et-diluant-keim-concretal-base-incolore\\\/#primaryimage\"},\"image\":{\"@id\":\"https:\\\/\\\/nature-et-developpement.com\\\/ned-perpignan\\\/produit\\\/lasure-et-diluant-keim-concretal-base-incolore\\\/#primaryimage\"},\"thumbnailUrl\":\"https:\\\/\\\/nature-et-developpement.com\\\/ned-perpignan\\\/wp-content\\\/uploads\\\/Lasure-et-diluant-incolore-KEIM-Concretal-Base-5L-ou-15L.jpg\",\"datePublished\":\"2018-09-30T22:00:00+00:00\",\"dateModified\":\"2026-04-30T14:30:50+00:00\",\"breadcrumb\":{\"@id\":\"https:\\\/\\\/nature-et-developpement.com\\\/ned-perpignan\\\/produit\\\/lasure-et-diluant-keim-concretal-base-incolore\\\/#breadcrumb\"},\"inLanguage\":\"fr-FR\",\"potentialAction\":[{\"@type\":\"ReadAction\",\"target\":[\"https:\\\/\\\/nature-et-developpement.com\\\/ned-perpignan\\\/produit\\\/lasure-et-diluant-keim-concretal-base-incolore\\\/\"]}]},{\"@type\":\"ImageObject\",\"inLanguage\":\"fr-FR\",\"@id\":\"https:\\\/\\\/nature-et-developpement.com\\\/ned-perpignan\\\/produit\\\/lasure-et-diluant-keim-concretal-base-incolore\\\/#primaryimage\",\"url\":\"https:\\\/\\\/nature-et-developpement.com\\\/ned-perpignan\\\/wp-content\\\/uploads\\\/Lasure-et-diluant-incolore-KEIM-Concretal-Base-5L-ou-15L.jpg\",\"contentUrl\":\"https:\\\/\\\/nature-et-developpement.com\\\/ned-perpignan\\\/wp-content\\\/uploads\\\/Lasure-et-diluant-incolore-KEIM-Concretal-Base-5L-ou-15L.jpg\"},{\"@type\":\"BreadcrumbList\",\"@id\":\"https:\\\/\\\/nature-et-developpement.com\\\/ned-perpignan\\\/produit\\\/lasure-et-diluant-keim-concretal-base-incolore\\\/#breadcrumb\",\"itemListElement\":[{\"@type\":\"ListItem\",\"position\":1,\"name\":\"Accueil\",\"item\":\"https:\\\/\\\/nature-et-developpement.com\\\/ned-perpignan\\\/\"},{\"@type\":\"ListItem\",\"position\":2,\"name\":\"Boutique\",\"item\":\"https:\\\/\\\/nature-et-developpement.com\\\/ned-perpignan\\\/boutique\\\/\"},{\"@type\":\"ListItem\",\"position\":3,\"name\":\"Peinture, pigment et enduit\",\"item\":\"https:\\\/\\\/nature-et-developpement.com\\\/ned-perpignan\\\/produits\\\/peinture-et-enduit\\\/\"},{\"@type\":\"ListItem\",\"position\":4,\"name\":\"Pr\u00e9paration du support\",\"item\":\"https:\\\/\\\/nature-et-developpement.com\\\/ned-perpignan\\\/produits\\\/peinture-et-enduit\\\/preparation-du-support\\\/\"},{\"@type\":\"ListItem\",\"position\":5,\"name\":\"Lasure et diluant KEIM Concretal-Base incolore\"}]},{\"@type\":\"WebSite\",\"@id\":\"https:\\\/\\\/nature-et-developpement.com\\\/ned-perpignan\\\/#website\",\"url\":\"https:\\\/\\\/nature-et-developpement.com\\\/ned-perpignan\\\/\",\"name\":\"Nature et D\u00e9veloppement Perpignan\",\"description\":\"Solutions, mat\u00e9riaux et d\u00e9coration \u00e9co-responsables pour les pros et les particuliers.\",\"potentialAction\":[{\"@type\":\"SearchAction\",\"target\":{\"@type\":\"EntryPoint\",\"urlTemplate\":\"https:\\\/\\\/nature-et-developpement.com\\\/ned-perpignan\\\/?s={search_term_string}\"},\"query-input\":{\"@type\":\"PropertyValueSpecification\",\"valueRequired\":true,\"valueName\":\"search_term_string\"}}],\"inLanguage\":\"fr-FR\"}]}<\/script>\n<!-- \/ Yoast SEO plugin. -->","yoast_head_json":{"title":"Lasure et diluant KEIM Concretal-Base incolore - Nature et D\u00e9veloppement Perpignan","robots":{"index":"noindex","follow":"nofollow"},"og_locale":"fr_FR","og_type":"article","og_title":"Lasure et diluant KEIM Concretal-Base incolore - Nature et D\u00e9veloppement Perpignan","og_description":"Lasure incolore et diluant de lasure KEIM Lasure Concretal, permettant l'ajustement de la transparence de la lasure, tout en conservant consistance et \u00e9paisseur id\u00e9ales.","og_url":"https:\/\/nature-et-developpement.com\/ned-perpignan\/produit\/lasure-et-diluant-keim-concretal-base-incolore\/","og_site_name":"Nature et D\u00e9veloppement Perpignan","article_modified_time":"2026-04-30T14:30:50+00:00","twitter_card":"summary_large_image","twitter_misc":{"Dur\u00e9e de lecture estim\u00e9e":"1 minute"},"schema":{"@context":"https:\/\/schema.org","@graph":[{"@type":"WebPage","@id":"https:\/\/nature-et-developpement.com\/ned-perpignan\/produit\/lasure-et-diluant-keim-concretal-base-incolore\/","url":"https:\/\/nature-et-developpement.com\/ned-perpignan\/produit\/lasure-et-diluant-keim-concretal-base-incolore\/","name":"Lasure et diluant KEIM Concretal-Base incolore - Nature et D\u00e9veloppement Perpignan","isPartOf":{"@id":"https:\/\/nature-et-developpement.com\/ned-perpignan\/#website"},"primaryImageOfPage":{"@id":"https:\/\/nature-et-developpement.com\/ned-perpignan\/produit\/lasure-et-diluant-keim-concretal-base-incolore\/#primaryimage"},"image":{"@id":"https:\/\/nature-et-developpement.com\/ned-perpignan\/produit\/lasure-et-diluant-keim-concretal-base-incolore\/#primaryimage"},"thumbnailUrl":"https:\/\/nature-et-developpement.com\/ned-perpignan\/wp-content\/uploads\/Lasure-et-diluant-incolore-KEIM-Concretal-Base-5L-ou-15L.jpg","datePublished":"2018-09-30T22:00:00+00:00","dateModified":"2026-04-30T14:30:50+00:00","breadcrumb":{"@id":"https:\/\/nature-et-developpement.com\/ned-perpignan\/produit\/lasure-et-diluant-keim-concretal-base-incolore\/#breadcrumb"},"inLanguage":"fr-FR","potentialAction":[{"@type":"ReadAction","target":["https:\/\/nature-et-developpement.com\/ned-perpignan\/produit\/lasure-et-diluant-keim-concretal-base-incolore\/"]}]},{"@type":"ImageObject","inLanguage":"fr-FR","@id":"https:\/\/nature-et-developpement.com\/ned-perpignan\/produit\/lasure-et-diluant-keim-concretal-base-incolore\/#primaryimage","url":"https:\/\/nature-et-developpement.com\/ned-perpignan\/wp-content\/uploads\/Lasure-et-diluant-incolore-KEIM-Concretal-Base-5L-ou-15L.jpg","contentUrl":"https:\/\/nature-et-developpement.com\/ned-perpignan\/wp-content\/uploads\/Lasure-et-diluant-incolore-KEIM-Concretal-Base-5L-ou-15L.jpg"},{"@type":"BreadcrumbList","@id":"https:\/\/nature-et-developpement.com\/ned-perpignan\/produit\/lasure-et-diluant-keim-concretal-base-incolore\/#breadcrumb","itemListElement":[{"@type":"ListItem","position":1,"name":"Accueil","item":"https:\/\/nature-et-developpement.com\/ned-perpignan\/"},{"@type":"ListItem","position":2,"name":"Boutique","item":"https:\/\/nature-et-developpement.com\/ned-perpignan\/boutique\/"},{"@type":"ListItem","position":3,"name":"Peinture, pigment et enduit","item":"https:\/\/nature-et-developpement.com\/ned-perpignan\/produits\/peinture-et-enduit\/"},{"@type":"ListItem","position":4,"name":"Pr\u00e9paration du support","item":"https:\/\/nature-et-developpement.com\/ned-perpignan\/produits\/peinture-et-enduit\/preparation-du-support\/"},{"@type":"ListItem","position":5,"name":"Lasure et diluant KEIM Concretal-Base incolore"}]},{"@type":"WebSite","@id":"https:\/\/nature-et-developpement.com\/ned-perpignan\/#website","url":"https:\/\/nature-et-developpement.com\/ned-perpignan\/","name":"Nature et D\u00e9veloppement Perpignan","description":"Solutions, mat\u00e9riaux et d\u00e9coration \u00e9co-responsables pour les pros et les particuliers.","potentialAction":[{"@type":"SearchAction","target":{"@type":"EntryPoint","urlTemplate":"https:\/\/nature-et-developpement.com\/ned-perpignan\/?s={search_term_string}"},"query-input":{"@type":"PropertyValueSpecification","valueRequired":true,"valueName":"search_term_string"}}],"inLanguage":"fr-FR"}]}},"distributor_meta":false,"distributor_terms":false,"distributor_media":false,"distributor_original_site_name":"Nature et D\u00e9veloppement Perpignan","distributor_original_site_url":"https:\/\/nature-et-developpement.com\/ned-perpignan","push-errors":false,"_links":{"self":[{"href":"https:\/\/nature-et-developpement.com\/ned-perpignan\/wp-json\/wp\/v2\/product\/5745","targetHints":{"allow":["GET"]}}],"collection":[{"href":"https:\/\/nature-et-developpement.com\/ned-perpignan\/wp-json\/wp\/v2\/product"}],"about":[{"href":"https:\/\/nature-et-developpement.com\/ned-perpignan\/wp-json\/wp\/v2\/types\/product"}],"wp:featuredmedia":[{"embeddable":true,"href":"https:\/\/nature-et-developpement.com\/ned-perpignan\/wp-json\/"}],"wp:attachment":[{"href":"https:\/\/nature-et-developpement.com\/ned-perpignan\/wp-json\/wp\/v2\/media?parent=5745"}],"wp:term":[{"taxonomy":"product_brand","embeddable":true,"href":"https:\/\/nature-et-developpement.com\/ned-perpignan\/wp-json\/wp\/v2\/product_brand?post=5745"},{"taxonomy":"product_cat","embeddable":true,"href":"https:\/\/nature-et-developpement.com\/ned-perpignan\/wp-json\/wp\/v2\/product_cat?post=5745"},{"taxonomy":"product_tag","embeddable":true,"href":"https:\/\/nature-et-developpement.com\/ned-perpignan\/wp-json\/wp\/v2\/product_tag?post=5745"}],"curies":[{"name":"wp","href":"https:\/\/api.w.org\/{rel}","templated":true}]}}