{"id":11906,"date":"2018-10-01T00:00:00","date_gmt":"2018-09-30T22:00:00","guid":{"rendered":"https:\/\/nature-et-developpement.com\/nievre\/produit\/peinture-minerale-garnissante-interieur-keim-innotop-grob\/"},"modified":"2026-04-30T20:35:23","modified_gmt":"2026-04-30T18:35:23","slug":"keim-innotop-grob","status":"publish","type":"product","link":"https:\/\/nature-et-developpement.com\/nievre\/produit\/keim-innotop-grob\/","title":{"rendered":"Sous couche garnissante min\u00e9rale int\u00e9rieur KEIM Innotop-Grob"},"content":{"rendered":"<div class=\"col-lg-12\">\n<h2 class=\"product-title inverse\">Sous couche garnissante KEIM Innotop-Grob<\/h2>\n<\/div>\n<div class=\"col-lg-12 inverse\">\n<p>Avec KEIM Innotop-Grob, il est possible de r\u00e9aliser des couches de fond garnissantes et l\u00e9g\u00e8rement granuleuses sur tous types de supports usuels (murs et plafonds).<\/p>\n<p>Ne pas appliquer sur les surfaces pr\u00e9sentant des traces de sel, sur les anciennes laques, ainsi que sur le bois.<\/p>\n<p>Peinture min\u00e9rale garnissante, pr\u00eate \u00e0 l\u2019emploi, \u00e0 base d\u2019un double liant sol-silicate, pour l\u2019int\u00e9rieur.<\/p>\n<p>Rel\u00e8ve de la norme NF EN 13300.<\/p>\n<\/div>\n<div class=\"col-lg-6 inverse\">\n<p><strong>Teinte<\/strong><br \/>\nDisponible en blanc<\/p>\n<p><strong>Application<\/strong><br \/>\nBrosse, rouleau, projection Airless<\/p>\n<\/div>\n<div class=\"col-lg-6 inverse\">\n<p><strong>Consommation<\/strong><br \/>\nSur support lisse : env. 0,15L\/m\u00b2 pour 1 couche<\/p>\n<p><strong>Conditionnement<\/strong><br \/>\nSeau de 5 L et de 12,5 L<\/p>\n<\/div>\n","protected":false},"excerpt":{"rendered":"<p>Avec KEIM INNOTOP GROB, il est possible de r\u00e9aliser des couches de fond garnissantes et l\u00e9g\u00e8rement granuleuses sur tous types de supports usuels (murs et plafonds).<\/p>\n","protected":false},"featured_media":1000000201202,"template":"","meta":[],"product_brand":[2756],"product_cat":[143],"product_tag":[4355],"class_list":{"0":"post-11906","1":"product","2":"type-product","3":"status-publish","4":"has-post-thumbnail","6":"product_brand-keim","7":"product_cat-preparation-du-support","8":"product_tag-keim","9":"product_shipping_class-peintures-accessoires-peintures","11":"first","12":"instock","13":"taxable","14":"shipping-taxable","15":"purchasable","16":"product-type-variable"},"yoast_head":"<!-- This site is optimized with the Yoast SEO plugin v27.5 - https:\/\/yoast.com\/product\/yoast-seo-wordpress\/ -->\n<title>Sous couche garnissante min\u00e9rale int\u00e9rieur KEIM Innotop-Grob<\/title>\n<meta name=\"description\" content=\"Avec KEIM INNOTOP GROB, il est possible de r\u00e9aliser des couches de fond garnissantes et l\u00e9g\u00e8rement granuleuses sur tous types de supports usuels (murs et plafonds).\" \/>\n<meta name=\"robots\" content=\"noindex, nofollow\" \/>\n<meta property=\"og:locale\" content=\"fr_FR\" \/>\n<meta property=\"og:type\" content=\"article\" \/>\n<meta property=\"og:title\" content=\"Sous couche garnissante min\u00e9rale int\u00e9rieur KEIM Innotop-Grob\" \/>\n<meta property=\"og:description\" content=\"Avec KEIM INNOTOP GROB, il est possible de r\u00e9aliser des couches de fond garnissantes et l\u00e9g\u00e8rement granuleuses sur tous types de supports usuels (murs et plafonds).\" \/>\n<meta property=\"og:url\" content=\"https:\/\/nature-et-developpement.com\/nievre\/produit\/keim-innotop-grob\/\" \/>\n<meta property=\"og:site_name\" content=\"Ni\u00e8vre Eco Mat\u00e9riaux\" \/>\n<meta property=\"article:publisher\" content=\"https:\/\/www.facebook.com\/nievreecomateriauxcoulanges\/\" \/>\n<meta property=\"article:modified_time\" content=\"2026-04-30T18:35:23+00:00\" \/>\n<meta name=\"twitter:card\" content=\"summary_large_image\" \/>\n<meta name=\"twitter:label1\" content=\"Dur\u00e9e de lecture estim\u00e9e\" \/>\n\t<meta name=\"twitter:data1\" content=\"1 minute\" \/>\n<script type=\"application\/ld+json\" class=\"yoast-schema-graph\">{\"@context\":\"https:\\\/\\\/schema.org\",\"@graph\":[{\"@type\":\"WebPage\",\"@id\":\"https:\\\/\\\/nature-et-developpement.com\\\/nievre\\\/produit\\\/keim-innotop-grob\\\/\",\"url\":\"https:\\\/\\\/nature-et-developpement.com\\\/nievre\\\/produit\\\/keim-innotop-grob\\\/\",\"name\":\"Sous couche garnissante min\u00e9rale int\u00e9rieur KEIM Innotop-Grob\",\"isPartOf\":{\"@id\":\"https:\\\/\\\/nature-et-developpement.com\\\/nievre\\\/#website\"},\"primaryImageOfPage\":{\"@id\":\"https:\\\/\\\/nature-et-developpement.com\\\/nievre\\\/produit\\\/keim-innotop-grob\\\/#primaryimage\"},\"image\":{\"@id\":\"https:\\\/\\\/nature-et-developpement.com\\\/nievre\\\/produit\\\/keim-innotop-grob\\\/#primaryimage\"},\"thumbnailUrl\":\"https:\\\/\\\/nature-et-developpement.com\\\/nievre\\\/wp-content\\\/uploads\\\/Sous-couche-garnissante-minerale-interieur-KEIM-Innotop-Grob-12-5L.jpg\",\"datePublished\":\"2018-09-30T22:00:00+00:00\",\"dateModified\":\"2026-04-30T18:35:23+00:00\",\"description\":\"Avec KEIM INNOTOP GROB, il est possible de r\u00e9aliser des couches de fond garnissantes et l\u00e9g\u00e8rement granuleuses sur tous types de supports usuels (murs et plafonds).\",\"breadcrumb\":{\"@id\":\"https:\\\/\\\/nature-et-developpement.com\\\/nievre\\\/produit\\\/keim-innotop-grob\\\/#breadcrumb\"},\"inLanguage\":\"fr-FR\",\"potentialAction\":[{\"@type\":\"ReadAction\",\"target\":[\"https:\\\/\\\/nature-et-developpement.com\\\/nievre\\\/produit\\\/keim-innotop-grob\\\/\"]}]},{\"@type\":\"ImageObject\",\"inLanguage\":\"fr-FR\",\"@id\":\"https:\\\/\\\/nature-et-developpement.com\\\/nievre\\\/produit\\\/keim-innotop-grob\\\/#primaryimage\",\"url\":\"https:\\\/\\\/nature-et-developpement.com\\\/nievre\\\/wp-content\\\/uploads\\\/Sous-couche-garnissante-minerale-interieur-KEIM-Innotop-Grob-12-5L.jpg\",\"contentUrl\":\"https:\\\/\\\/nature-et-developpement.com\\\/nievre\\\/wp-content\\\/uploads\\\/Sous-couche-garnissante-minerale-interieur-KEIM-Innotop-Grob-12-5L.jpg\"},{\"@type\":\"BreadcrumbList\",\"@id\":\"https:\\\/\\\/nature-et-developpement.com\\\/nievre\\\/produit\\\/keim-innotop-grob\\\/#breadcrumb\",\"itemListElement\":[{\"@type\":\"ListItem\",\"position\":1,\"name\":\"Accueil\",\"item\":\"https:\\\/\\\/nature-et-developpement.com\\\/nievre\\\/\"},{\"@type\":\"ListItem\",\"position\":2,\"name\":\"Produits\",\"item\":\"https:\\\/\\\/nature-et-developpement.com\\\/nievre\\\/shop\\\/\"},{\"@type\":\"ListItem\",\"position\":3,\"name\":\"Peinture, pigment et enduit\",\"item\":\"https:\\\/\\\/nature-et-developpement.com\\\/nievre\\\/produits\\\/peinture-et-enduit\\\/\"},{\"@type\":\"ListItem\",\"position\":4,\"name\":\"Pr\u00e9paration du support\",\"item\":\"https:\\\/\\\/nature-et-developpement.com\\\/nievre\\\/produits\\\/peinture-et-enduit\\\/preparation-du-support\\\/\"},{\"@type\":\"ListItem\",\"position\":5,\"name\":\"Sous couche garnissante min\u00e9rale int\u00e9rieur KEIM Innotop-Grob\"}]},{\"@type\":\"WebSite\",\"@id\":\"https:\\\/\\\/nature-et-developpement.com\\\/nievre\\\/#website\",\"url\":\"https:\\\/\\\/nature-et-developpement.com\\\/nievre\\\/\",\"name\":\"Ni\u00e8vre Eco Mat\u00e9riaux\",\"description\":\"Ni\u00e8vre Eco Mat\u00e9riaux est membre du groupement Nature &amp; D\u00e9veloppement\",\"publisher\":{\"@id\":\"https:\\\/\\\/nature-et-developpement.com\\\/nievre\\\/#organization\"},\"potentialAction\":[{\"@type\":\"SearchAction\",\"target\":{\"@type\":\"EntryPoint\",\"urlTemplate\":\"https:\\\/\\\/nature-et-developpement.com\\\/nievre\\\/?s={search_term_string}\"},\"query-input\":{\"@type\":\"PropertyValueSpecification\",\"valueRequired\":true,\"valueName\":\"search_term_string\"}}],\"inLanguage\":\"fr-FR\"},{\"@type\":\"Organization\",\"@id\":\"https:\\\/\\\/nature-et-developpement.com\\\/nievre\\\/#organization\",\"name\":\"Ni\u00e8vre Eco Mat\u00e9riaux\",\"url\":\"https:\\\/\\\/nature-et-developpement.com\\\/nievre\\\/\",\"logo\":{\"@type\":\"ImageObject\",\"inLanguage\":\"fr-FR\",\"@id\":\"https:\\\/\\\/nature-et-developpement.com\\\/nievre\\\/#\\\/schema\\\/logo\\\/image\\\/\",\"url\":\"https:\\\/\\\/nature-et-developpement.com\\\/nievre\\\/wp-content\\\/uploads\\\/sites\\\/12\\\/2021\\\/09\\\/nievre-eco-materiaux.jpg\",\"contentUrl\":\"https:\\\/\\\/nature-et-developpement.com\\\/nievre\\\/wp-content\\\/uploads\\\/sites\\\/12\\\/2021\\\/09\\\/nievre-eco-materiaux.jpg\",\"width\":1024,\"height\":198,\"caption\":\"Ni\u00e8vre Eco Mat\u00e9riaux\"},\"image\":{\"@id\":\"https:\\\/\\\/nature-et-developpement.com\\\/nievre\\\/#\\\/schema\\\/logo\\\/image\\\/\"},\"sameAs\":[\"https:\\\/\\\/www.facebook.com\\\/nievreecomateriauxcoulanges\\\/\"]}]}<\/script>\n<!-- \/ Yoast SEO plugin. -->","yoast_head_json":{"title":"Sous couche garnissante min\u00e9rale int\u00e9rieur KEIM Innotop-Grob","description":"Avec KEIM INNOTOP GROB, il est possible de r\u00e9aliser des couches de fond garnissantes et l\u00e9g\u00e8rement granuleuses sur tous types de supports usuels (murs et plafonds).","robots":{"index":"noindex","follow":"nofollow"},"og_locale":"fr_FR","og_type":"article","og_title":"Sous couche garnissante min\u00e9rale int\u00e9rieur KEIM Innotop-Grob","og_description":"Avec KEIM INNOTOP GROB, il est possible de r\u00e9aliser des couches de fond garnissantes et l\u00e9g\u00e8rement granuleuses sur tous types de supports usuels (murs et plafonds).","og_url":"https:\/\/nature-et-developpement.com\/nievre\/produit\/keim-innotop-grob\/","og_site_name":"Ni\u00e8vre Eco Mat\u00e9riaux","article_publisher":"https:\/\/www.facebook.com\/nievreecomateriauxcoulanges\/","article_modified_time":"2026-04-30T18:35:23+00:00","twitter_card":"summary_large_image","twitter_misc":{"Dur\u00e9e de lecture estim\u00e9e":"1 minute"},"schema":{"@context":"https:\/\/schema.org","@graph":[{"@type":"WebPage","@id":"https:\/\/nature-et-developpement.com\/nievre\/produit\/keim-innotop-grob\/","url":"https:\/\/nature-et-developpement.com\/nievre\/produit\/keim-innotop-grob\/","name":"Sous couche garnissante min\u00e9rale int\u00e9rieur KEIM Innotop-Grob","isPartOf":{"@id":"https:\/\/nature-et-developpement.com\/nievre\/#website"},"primaryImageOfPage":{"@id":"https:\/\/nature-et-developpement.com\/nievre\/produit\/keim-innotop-grob\/#primaryimage"},"image":{"@id":"https:\/\/nature-et-developpement.com\/nievre\/produit\/keim-innotop-grob\/#primaryimage"},"thumbnailUrl":"https:\/\/nature-et-developpement.com\/nievre\/wp-content\/uploads\/Sous-couche-garnissante-minerale-interieur-KEIM-Innotop-Grob-12-5L.jpg","datePublished":"2018-09-30T22:00:00+00:00","dateModified":"2026-04-30T18:35:23+00:00","description":"Avec KEIM INNOTOP GROB, il est possible de r\u00e9aliser des couches de fond garnissantes et l\u00e9g\u00e8rement granuleuses sur tous types de supports usuels (murs et plafonds).","breadcrumb":{"@id":"https:\/\/nature-et-developpement.com\/nievre\/produit\/keim-innotop-grob\/#breadcrumb"},"inLanguage":"fr-FR","potentialAction":[{"@type":"ReadAction","target":["https:\/\/nature-et-developpement.com\/nievre\/produit\/keim-innotop-grob\/"]}]},{"@type":"ImageObject","inLanguage":"fr-FR","@id":"https:\/\/nature-et-developpement.com\/nievre\/produit\/keim-innotop-grob\/#primaryimage","url":"https:\/\/nature-et-developpement.com\/nievre\/wp-content\/uploads\/Sous-couche-garnissante-minerale-interieur-KEIM-Innotop-Grob-12-5L.jpg","contentUrl":"https:\/\/nature-et-developpement.com\/nievre\/wp-content\/uploads\/Sous-couche-garnissante-minerale-interieur-KEIM-Innotop-Grob-12-5L.jpg"},{"@type":"BreadcrumbList","@id":"https:\/\/nature-et-developpement.com\/nievre\/produit\/keim-innotop-grob\/#breadcrumb","itemListElement":[{"@type":"ListItem","position":1,"name":"Accueil","item":"https:\/\/nature-et-developpement.com\/nievre\/"},{"@type":"ListItem","position":2,"name":"Produits","item":"https:\/\/nature-et-developpement.com\/nievre\/shop\/"},{"@type":"ListItem","position":3,"name":"Peinture, pigment et enduit","item":"https:\/\/nature-et-developpement.com\/nievre\/produits\/peinture-et-enduit\/"},{"@type":"ListItem","position":4,"name":"Pr\u00e9paration du support","item":"https:\/\/nature-et-developpement.com\/nievre\/produits\/peinture-et-enduit\/preparation-du-support\/"},{"@type":"ListItem","position":5,"name":"Sous couche garnissante min\u00e9rale int\u00e9rieur KEIM Innotop-Grob"}]},{"@type":"WebSite","@id":"https:\/\/nature-et-developpement.com\/nievre\/#website","url":"https:\/\/nature-et-developpement.com\/nievre\/","name":"Ni\u00e8vre Eco Mat\u00e9riaux","description":"Ni\u00e8vre Eco Mat\u00e9riaux est membre du groupement Nature &amp; D\u00e9veloppement","publisher":{"@id":"https:\/\/nature-et-developpement.com\/nievre\/#organization"},"potentialAction":[{"@type":"SearchAction","target":{"@type":"EntryPoint","urlTemplate":"https:\/\/nature-et-developpement.com\/nievre\/?s={search_term_string}"},"query-input":{"@type":"PropertyValueSpecification","valueRequired":true,"valueName":"search_term_string"}}],"inLanguage":"fr-FR"},{"@type":"Organization","@id":"https:\/\/nature-et-developpement.com\/nievre\/#organization","name":"Ni\u00e8vre Eco Mat\u00e9riaux","url":"https:\/\/nature-et-developpement.com\/nievre\/","logo":{"@type":"ImageObject","inLanguage":"fr-FR","@id":"https:\/\/nature-et-developpement.com\/nievre\/#\/schema\/logo\/image\/","url":"https:\/\/nature-et-developpement.com\/nievre\/wp-content\/uploads\/sites\/12\/2021\/09\/nievre-eco-materiaux.jpg","contentUrl":"https:\/\/nature-et-developpement.com\/nievre\/wp-content\/uploads\/sites\/12\/2021\/09\/nievre-eco-materiaux.jpg","width":1024,"height":198,"caption":"Ni\u00e8vre Eco Mat\u00e9riaux"},"image":{"@id":"https:\/\/nature-et-developpement.com\/nievre\/#\/schema\/logo\/image\/"},"sameAs":["https:\/\/www.facebook.com\/nievreecomateriauxcoulanges\/"]}]}},"distributor_meta":false,"distributor_terms":false,"distributor_media":false,"distributor_original_site_name":"Ni\u00e8vre Eco Mat\u00e9riaux","distributor_original_site_url":"https:\/\/nature-et-developpement.com\/nievre","push-errors":false,"_links":{"self":[{"href":"https:\/\/nature-et-developpement.com\/nievre\/wp-json\/wp\/v2\/product\/11906","targetHints":{"allow":["GET"]}}],"collection":[{"href":"https:\/\/nature-et-developpement.com\/nievre\/wp-json\/wp\/v2\/product"}],"about":[{"href":"https:\/\/nature-et-developpement.com\/nievre\/wp-json\/wp\/v2\/types\/product"}],"wp:featuredmedia":[{"embeddable":true,"href":"https:\/\/nature-et-developpement.com\/nievre\/wp-json\/"}],"wp:attachment":[{"href":"https:\/\/nature-et-developpement.com\/nievre\/wp-json\/wp\/v2\/media?parent=11906"}],"wp:term":[{"taxonomy":"product_brand","embeddable":true,"href":"https:\/\/nature-et-developpement.com\/nievre\/wp-json\/wp\/v2\/product_brand?post=11906"},{"taxonomy":"product_cat","embeddable":true,"href":"https:\/\/nature-et-developpement.com\/nievre\/wp-json\/wp\/v2\/product_cat?post=11906"},{"taxonomy":"product_tag","embeddable":true,"href":"https:\/\/nature-et-developpement.com\/nievre\/wp-json\/wp\/v2\/product_tag?post=11906"}],"curies":[{"name":"wp","href":"https:\/\/api.w.org\/{rel}","templated":true}]}}