{"id":13187,"date":"2021-09-10T15:04:52","date_gmt":"2021-09-10T13:04:52","guid":{"rendered":"https:\/\/nature-et-developpement.com\/nievre\/?post_type=product&#038;p=13187"},"modified":"2025-06-13T15:21:27","modified_gmt":"2025-06-13T13:21:27","slug":"bois-de-charpente","status":"publish","type":"product","link":"https:\/\/nature-et-developpement.com\/nievre\/produit\/bois-de-charpente\/","title":{"rendered":"Bois de charpente &#8211; Douglas"},"content":{"rendered":"<ul>\n<li>Pour la construction, l&rsquo;am\u00e9nagement et la r\u00e9novation, le Douglas offre d&rsquo;excellentes propri\u00e9t\u00e9s de durabilit\u00e9 et de r\u00e9sistance<\/li>\n<li>Du tasseau, planche, madrier, chevron, montant, bastaing, poteau, toutes dimensions possibles (\u00e0 pr\u00e9ciser dans la demande de devis)<\/li>\n<li>Grandes longueurs possibles jusqu&rsquo;\u00e0 9m (\u00e0 pr\u00e9ciser dans la demande de devis)<\/li>\n<li>Bois d&rsquo;ossature<\/li>\n<li>Bois brut de sciage ou rabot\u00e9<\/li>\n<li>Circuit court : cette essence locale transform\u00e9e dans la Ni\u00e8vre pr\u00e9sente un excellent bilan carbone<\/li>\n<\/ul>\n","protected":false},"excerpt":{"rendered":"<p>Bois de charpente en essence Douglas, provenant du Morvan, et transform\u00e9 localement.<\/p>\n<p>Cette essence pr\u00e9sente une excellente r\u00e9sistance naturelle aux insectes et champignons.<\/p>\n<p>N&rsquo;h\u00e9sitez pas \u00e0 demander des dimensions sp\u00e9cifiques dans vos demande de devis!<\/p>\n","protected":false},"featured_media":32660,"template":"","meta":[],"product_brand":[],"product_cat":[102,90,2838],"product_tag":[4270,2843,2844,4272,2846,4268,2845,4269,4267,2847,4278,4271,4273],"class_list":{"0":"post-13187","1":"product","2":"type-product","3":"status-publish","4":"has-post-thumbnail","6":"product_cat-construction-maison-bois","7":"product_cat-construction","8":"product_cat-demande-de-devis-uniquement-sans-prix","9":"product_tag-bastaing","10":"product_tag-bois","11":"product_tag-bois-de-charpente","12":"product_tag-brut-de-sciage","13":"product_tag-charpente","14":"product_tag-chevron","15":"product_tag-douglas","16":"product_tag-madrier","17":"product_tag-ossature","18":"product_tag-ossature-bois","19":"product_tag-planche","20":"product_tag-poutre","21":"product_tag-rabote","22":"product_shipping_class-impact-transport-important","24":"first","25":"instock","26":"taxable","27":"shipping-taxable","28":"purchasable","29":"product-type-variable"},"yoast_head":"<!-- This site is optimized with the Yoast SEO plugin v27.5 - https:\/\/yoast.com\/product\/yoast-seo-wordpress\/ -->\n<title>Bois de charpente - Douglas<\/title>\n<meta name=\"description\" content=\"Bois de charpente en essence Douglas, provenant du Morvan, et transform\u00e9 localement.  Cette essence pr\u00e9sente une excellente r\u00e9sistance naturelle aux insectes et champignons.  N&#039;h\u00e9sitez pas \u00e0 demander des dimensions sp\u00e9cifiques dans vos demande de devis!\" \/>\n<meta name=\"robots\" content=\"noindex, follow\" \/>\n<meta property=\"og:locale\" content=\"fr_FR\" \/>\n<meta property=\"og:type\" content=\"article\" \/>\n<meta property=\"og:title\" content=\"Bois de charpente - Douglas\" \/>\n<meta property=\"og:description\" content=\"Bois de charpente en essence Douglas, provenant du Morvan, et transform\u00e9 localement.  Cette essence pr\u00e9sente une excellente r\u00e9sistance naturelle aux insectes et champignons.  N&#039;h\u00e9sitez pas \u00e0 demander des dimensions sp\u00e9cifiques dans vos demande de devis!\" \/>\n<meta property=\"og:url\" content=\"https:\/\/nature-et-developpement.com\/nievre\/produit\/bois-de-charpente\/\" \/>\n<meta property=\"og:site_name\" content=\"Ni\u00e8vre Eco Mat\u00e9riaux\" \/>\n<meta property=\"article:publisher\" content=\"https:\/\/www.facebook.com\/nievreecomateriauxcoulanges\/\" \/>\n<meta property=\"article:modified_time\" content=\"2025-06-13T13:21:27+00:00\" \/>\n<meta property=\"og:image\" content=\"https:\/\/nature-et-developpement.com\/nievre\/wp-content\/uploads\/sites\/12\/2021\/09\/Bois-dossature-Image-produit.jpg\" \/>\n\t<meta property=\"og:image:width\" content=\"600\" \/>\n\t<meta property=\"og:image:height\" content=\"600\" \/>\n\t<meta property=\"og:image:type\" content=\"image\/jpeg\" \/>\n<meta name=\"twitter:card\" content=\"summary_large_image\" \/>\n<meta name=\"twitter:label1\" content=\"Dur\u00e9e de lecture estim\u00e9e\" \/>\n\t<meta name=\"twitter:data1\" content=\"1 minute\" \/>\n<script type=\"application\/ld+json\" class=\"yoast-schema-graph\">{\"@context\":\"https:\\\/\\\/schema.org\",\"@graph\":[{\"@type\":\"WebPage\",\"@id\":\"https:\\\/\\\/nature-et-developpement.com\\\/nievre\\\/produit\\\/bois-de-charpente\\\/\",\"url\":\"https:\\\/\\\/nature-et-developpement.com\\\/nievre\\\/produit\\\/bois-de-charpente\\\/\",\"name\":\"Bois de charpente - Douglas\",\"isPartOf\":{\"@id\":\"https:\\\/\\\/nature-et-developpement.com\\\/nievre\\\/#website\"},\"primaryImageOfPage\":{\"@id\":\"https:\\\/\\\/nature-et-developpement.com\\\/nievre\\\/produit\\\/bois-de-charpente\\\/#primaryimage\"},\"image\":{\"@id\":\"https:\\\/\\\/nature-et-developpement.com\\\/nievre\\\/produit\\\/bois-de-charpente\\\/#primaryimage\"},\"thumbnailUrl\":\"https:\\\/\\\/nature-et-developpement.com\\\/nievre\\\/wp-content\\\/uploads\\\/sites\\\/12\\\/2021\\\/09\\\/Bois-dossature-Image-produit.jpg\",\"datePublished\":\"2021-09-10T13:04:52+00:00\",\"dateModified\":\"2025-06-13T13:21:27+00:00\",\"description\":\"Bois de charpente en essence Douglas, provenant du Morvan, et transform\u00e9 localement. Cette essence pr\u00e9sente une excellente r\u00e9sistance naturelle aux insectes et champignons. N'h\u00e9sitez pas \u00e0 demander des dimensions sp\u00e9cifiques dans vos demande de devis!\",\"breadcrumb\":{\"@id\":\"https:\\\/\\\/nature-et-developpement.com\\\/nievre\\\/produit\\\/bois-de-charpente\\\/#breadcrumb\"},\"inLanguage\":\"fr-FR\",\"potentialAction\":[{\"@type\":\"ReadAction\",\"target\":[\"https:\\\/\\\/nature-et-developpement.com\\\/nievre\\\/produit\\\/bois-de-charpente\\\/\"]}]},{\"@type\":\"ImageObject\",\"inLanguage\":\"fr-FR\",\"@id\":\"https:\\\/\\\/nature-et-developpement.com\\\/nievre\\\/produit\\\/bois-de-charpente\\\/#primaryimage\",\"url\":\"https:\\\/\\\/nature-et-developpement.com\\\/nievre\\\/wp-content\\\/uploads\\\/sites\\\/12\\\/2021\\\/09\\\/Bois-dossature-Image-produit.jpg\",\"contentUrl\":\"https:\\\/\\\/nature-et-developpement.com\\\/nievre\\\/wp-content\\\/uploads\\\/sites\\\/12\\\/2021\\\/09\\\/Bois-dossature-Image-produit.jpg\",\"width\":600,\"height\":600},{\"@type\":\"BreadcrumbList\",\"@id\":\"https:\\\/\\\/nature-et-developpement.com\\\/nievre\\\/produit\\\/bois-de-charpente\\\/#breadcrumb\",\"itemListElement\":[{\"@type\":\"ListItem\",\"position\":1,\"name\":\"Accueil\",\"item\":\"https:\\\/\\\/nature-et-developpement.com\\\/nievre\\\/\"},{\"@type\":\"ListItem\",\"position\":2,\"name\":\"Produits\",\"item\":\"https:\\\/\\\/nature-et-developpement.com\\\/nievre\\\/shop\\\/\"},{\"@type\":\"ListItem\",\"position\":3,\"name\":\"Construction, cloison et fen\u00eatres\",\"item\":\"https:\\\/\\\/nature-et-developpement.com\\\/nievre\\\/produits\\\/construction\\\/\"},{\"@type\":\"ListItem\",\"position\":4,\"name\":\"Bois de charpente &#8211; Douglas\"}]},{\"@type\":\"WebSite\",\"@id\":\"https:\\\/\\\/nature-et-developpement.com\\\/nievre\\\/#website\",\"url\":\"https:\\\/\\\/nature-et-developpement.com\\\/nievre\\\/\",\"name\":\"Ni\u00e8vre Eco Mat\u00e9riaux\",\"description\":\"Ni\u00e8vre Eco Mat\u00e9riaux est membre du groupement Nature &amp; D\u00e9veloppement\",\"publisher\":{\"@id\":\"https:\\\/\\\/nature-et-developpement.com\\\/nievre\\\/#organization\"},\"potentialAction\":[{\"@type\":\"SearchAction\",\"target\":{\"@type\":\"EntryPoint\",\"urlTemplate\":\"https:\\\/\\\/nature-et-developpement.com\\\/nievre\\\/?s={search_term_string}\"},\"query-input\":{\"@type\":\"PropertyValueSpecification\",\"valueRequired\":true,\"valueName\":\"search_term_string\"}}],\"inLanguage\":\"fr-FR\"},{\"@type\":\"Organization\",\"@id\":\"https:\\\/\\\/nature-et-developpement.com\\\/nievre\\\/#organization\",\"name\":\"Ni\u00e8vre Eco Mat\u00e9riaux\",\"url\":\"https:\\\/\\\/nature-et-developpement.com\\\/nievre\\\/\",\"logo\":{\"@type\":\"ImageObject\",\"inLanguage\":\"fr-FR\",\"@id\":\"https:\\\/\\\/nature-et-developpement.com\\\/nievre\\\/#\\\/schema\\\/logo\\\/image\\\/\",\"url\":\"https:\\\/\\\/nature-et-developpement.com\\\/nievre\\\/wp-content\\\/uploads\\\/sites\\\/12\\\/2021\\\/09\\\/nievre-eco-materiaux.jpg\",\"contentUrl\":\"https:\\\/\\\/nature-et-developpement.com\\\/nievre\\\/wp-content\\\/uploads\\\/sites\\\/12\\\/2021\\\/09\\\/nievre-eco-materiaux.jpg\",\"width\":1024,\"height\":198,\"caption\":\"Ni\u00e8vre Eco Mat\u00e9riaux\"},\"image\":{\"@id\":\"https:\\\/\\\/nature-et-developpement.com\\\/nievre\\\/#\\\/schema\\\/logo\\\/image\\\/\"},\"sameAs\":[\"https:\\\/\\\/www.facebook.com\\\/nievreecomateriauxcoulanges\\\/\"]}]}<\/script>\n<!-- \/ Yoast SEO plugin. -->","yoast_head_json":{"title":"Bois de charpente - Douglas","description":"Bois de charpente en essence Douglas, provenant du Morvan, et transform\u00e9 localement.  Cette essence pr\u00e9sente une excellente r\u00e9sistance naturelle aux insectes et champignons.  N'h\u00e9sitez pas \u00e0 demander des dimensions sp\u00e9cifiques dans vos demande de devis!","robots":{"index":"noindex","follow":"follow"},"og_locale":"fr_FR","og_type":"article","og_title":"Bois de charpente - Douglas","og_description":"Bois de charpente en essence Douglas, provenant du Morvan, et transform\u00e9 localement.  Cette essence pr\u00e9sente une excellente r\u00e9sistance naturelle aux insectes et champignons.  N'h\u00e9sitez pas \u00e0 demander des dimensions sp\u00e9cifiques dans vos demande de devis!","og_url":"https:\/\/nature-et-developpement.com\/nievre\/produit\/bois-de-charpente\/","og_site_name":"Ni\u00e8vre Eco Mat\u00e9riaux","article_publisher":"https:\/\/www.facebook.com\/nievreecomateriauxcoulanges\/","article_modified_time":"2025-06-13T13:21:27+00:00","og_image":[{"width":600,"height":600,"url":"https:\/\/nature-et-developpement.com\/nievre\/wp-content\/uploads\/sites\/12\/2021\/09\/Bois-dossature-Image-produit.jpg","type":"image\/jpeg"}],"twitter_card":"summary_large_image","twitter_misc":{"Dur\u00e9e de lecture estim\u00e9e":"1 minute"},"schema":{"@context":"https:\/\/schema.org","@graph":[{"@type":"WebPage","@id":"https:\/\/nature-et-developpement.com\/nievre\/produit\/bois-de-charpente\/","url":"https:\/\/nature-et-developpement.com\/nievre\/produit\/bois-de-charpente\/","name":"Bois de charpente - Douglas","isPartOf":{"@id":"https:\/\/nature-et-developpement.com\/nievre\/#website"},"primaryImageOfPage":{"@id":"https:\/\/nature-et-developpement.com\/nievre\/produit\/bois-de-charpente\/#primaryimage"},"image":{"@id":"https:\/\/nature-et-developpement.com\/nievre\/produit\/bois-de-charpente\/#primaryimage"},"thumbnailUrl":"https:\/\/nature-et-developpement.com\/nievre\/wp-content\/uploads\/sites\/12\/2021\/09\/Bois-dossature-Image-produit.jpg","datePublished":"2021-09-10T13:04:52+00:00","dateModified":"2025-06-13T13:21:27+00:00","description":"Bois de charpente en essence Douglas, provenant du Morvan, et transform\u00e9 localement. Cette essence pr\u00e9sente une excellente r\u00e9sistance naturelle aux insectes et champignons. N'h\u00e9sitez pas \u00e0 demander des dimensions sp\u00e9cifiques dans vos demande de devis!","breadcrumb":{"@id":"https:\/\/nature-et-developpement.com\/nievre\/produit\/bois-de-charpente\/#breadcrumb"},"inLanguage":"fr-FR","potentialAction":[{"@type":"ReadAction","target":["https:\/\/nature-et-developpement.com\/nievre\/produit\/bois-de-charpente\/"]}]},{"@type":"ImageObject","inLanguage":"fr-FR","@id":"https:\/\/nature-et-developpement.com\/nievre\/produit\/bois-de-charpente\/#primaryimage","url":"https:\/\/nature-et-developpement.com\/nievre\/wp-content\/uploads\/sites\/12\/2021\/09\/Bois-dossature-Image-produit.jpg","contentUrl":"https:\/\/nature-et-developpement.com\/nievre\/wp-content\/uploads\/sites\/12\/2021\/09\/Bois-dossature-Image-produit.jpg","width":600,"height":600},{"@type":"BreadcrumbList","@id":"https:\/\/nature-et-developpement.com\/nievre\/produit\/bois-de-charpente\/#breadcrumb","itemListElement":[{"@type":"ListItem","position":1,"name":"Accueil","item":"https:\/\/nature-et-developpement.com\/nievre\/"},{"@type":"ListItem","position":2,"name":"Produits","item":"https:\/\/nature-et-developpement.com\/nievre\/shop\/"},{"@type":"ListItem","position":3,"name":"Construction, cloison et fen\u00eatres","item":"https:\/\/nature-et-developpement.com\/nievre\/produits\/construction\/"},{"@type":"ListItem","position":4,"name":"Bois de charpente &#8211; Douglas"}]},{"@type":"WebSite","@id":"https:\/\/nature-et-developpement.com\/nievre\/#website","url":"https:\/\/nature-et-developpement.com\/nievre\/","name":"Ni\u00e8vre Eco Mat\u00e9riaux","description":"Ni\u00e8vre Eco Mat\u00e9riaux est membre du groupement Nature &amp; D\u00e9veloppement","publisher":{"@id":"https:\/\/nature-et-developpement.com\/nievre\/#organization"},"potentialAction":[{"@type":"SearchAction","target":{"@type":"EntryPoint","urlTemplate":"https:\/\/nature-et-developpement.com\/nievre\/?s={search_term_string}"},"query-input":{"@type":"PropertyValueSpecification","valueRequired":true,"valueName":"search_term_string"}}],"inLanguage":"fr-FR"},{"@type":"Organization","@id":"https:\/\/nature-et-developpement.com\/nievre\/#organization","name":"Ni\u00e8vre Eco Mat\u00e9riaux","url":"https:\/\/nature-et-developpement.com\/nievre\/","logo":{"@type":"ImageObject","inLanguage":"fr-FR","@id":"https:\/\/nature-et-developpement.com\/nievre\/#\/schema\/logo\/image\/","url":"https:\/\/nature-et-developpement.com\/nievre\/wp-content\/uploads\/sites\/12\/2021\/09\/nievre-eco-materiaux.jpg","contentUrl":"https:\/\/nature-et-developpement.com\/nievre\/wp-content\/uploads\/sites\/12\/2021\/09\/nievre-eco-materiaux.jpg","width":1024,"height":198,"caption":"Ni\u00e8vre Eco Mat\u00e9riaux"},"image":{"@id":"https:\/\/nature-et-developpement.com\/nievre\/#\/schema\/logo\/image\/"},"sameAs":["https:\/\/www.facebook.com\/nievreecomateriauxcoulanges\/"]}]}},"distributor_meta":false,"distributor_terms":false,"distributor_media":false,"distributor_original_site_name":"Ni\u00e8vre Eco Mat\u00e9riaux","distributor_original_site_url":"https:\/\/nature-et-developpement.com\/nievre","push-errors":false,"_links":{"self":[{"href":"https:\/\/nature-et-developpement.com\/nievre\/wp-json\/wp\/v2\/product\/13187","targetHints":{"allow":["GET"]}}],"collection":[{"href":"https:\/\/nature-et-developpement.com\/nievre\/wp-json\/wp\/v2\/product"}],"about":[{"href":"https:\/\/nature-et-developpement.com\/nievre\/wp-json\/wp\/v2\/types\/product"}],"wp:featuredmedia":[{"embeddable":true,"href":"https:\/\/nature-et-developpement.com\/nievre\/wp-json\/wp\/v2\/media\/32660"}],"wp:attachment":[{"href":"https:\/\/nature-et-developpement.com\/nievre\/wp-json\/wp\/v2\/media?parent=13187"}],"wp:term":[{"taxonomy":"product_brand","embeddable":true,"href":"https:\/\/nature-et-developpement.com\/nievre\/wp-json\/wp\/v2\/product_brand?post=13187"},{"taxonomy":"product_cat","embeddable":true,"href":"https:\/\/nature-et-developpement.com\/nievre\/wp-json\/wp\/v2\/product_cat?post=13187"},{"taxonomy":"product_tag","embeddable":true,"href":"https:\/\/nature-et-developpement.com\/nievre\/wp-json\/wp\/v2\/product_tag?post=13187"}],"curies":[{"name":"wp","href":"https:\/\/api.w.org\/{rel}","templated":true}]}}