{"id":13194,"date":"2021-09-10T15:51:58","date_gmt":"2021-09-10T13:51:58","guid":{"rendered":"https:\/\/nature-et-developpement.com\/nievre\/?post_type=product&#038;p=13194"},"modified":"2025-06-13T15:20:40","modified_gmt":"2025-06-13T13:20:40","slug":"parquets-massifs","status":"publish","type":"product","link":"https:\/\/nature-et-developpement.com\/nievre\/produit\/parquets-massifs\/","title":{"rendered":"Parquets massifs"},"content":{"rendered":"<p>Les essences de parquet propos\u00e9es sont : Ch\u00eane, ch\u00e2taignier, douglas, peuplier.<\/p>\n<ul>\n<li>Issus de for\u00eat g\u00e9r\u00e9s durablement<\/li>\n<li>Bois de provenance et de transformation exclusivement fran\u00e7aise<\/li>\n<li>Bilan CO2 n\u00e9gatif pour la plan\u00e8te<\/li>\n<li>Diff\u00e9rentes longueurs et qualit\u00e9 propos\u00e9s pour r\u00e9pondre \u00e0 tous les budgets<\/li>\n<li>Pose clou\u00e9e ou coll\u00e9e<\/li>\n<\/ul>\n","protected":false},"excerpt":{"rendered":"<p>Le parquet massif dans toute son excellence. Intemporel, il assure une ambiance douce et chaleureuse \u00e0 notre int\u00e9rieur.<\/p>\n","protected":false},"featured_media":13951,"template":"","meta":[],"product_brand":[],"product_cat":[2838,597,17],"product_tag":[2885,2886,2845,2882,2881,2883,2884,2887],"class_list":{"0":"post-13194","1":"product","2":"type-product","3":"status-publish","4":"has-post-thumbnail","6":"product_cat-demande-de-devis-uniquement-sans-prix","7":"product_cat-parquets-bois","8":"product_cat-parquet-et-sol-naturels","9":"product_tag-chataignier","10":"product_tag-chene","11":"product_tag-douglas","12":"product_tag-massifs","13":"product_tag-parquets","14":"product_tag-parquets-massifs","15":"product_tag-peuplier","16":"product_tag-sol","18":"first","19":"instock","20":"taxable","21":"shipping-taxable","22":"purchasable","23":"product-type-simple"},"yoast_head":"<!-- This site is optimized with the Yoast SEO plugin v27.5 - https:\/\/yoast.com\/product\/yoast-seo-wordpress\/ -->\n<title>Parquets massifs<\/title>\n<meta name=\"description\" content=\"Le parquet massif dans toute son excellence. Intemporel, il assure une ambiance douce et chaleureuse \u00e0 notre int\u00e9rieur.\" \/>\n<meta name=\"robots\" content=\"noindex, follow\" \/>\n<meta property=\"og:locale\" content=\"fr_FR\" \/>\n<meta property=\"og:type\" content=\"article\" \/>\n<meta property=\"og:title\" content=\"Parquets massifs\" \/>\n<meta property=\"og:description\" content=\"Le parquet massif dans toute son excellence. Intemporel, il assure une ambiance douce et chaleureuse \u00e0 notre int\u00e9rieur.\" \/>\n<meta property=\"og:url\" content=\"https:\/\/nature-et-developpement.com\/nievre\/produit\/parquets-massifs\/\" \/>\n<meta property=\"og:site_name\" content=\"Ni\u00e8vre Eco Mat\u00e9riaux\" \/>\n<meta property=\"article:publisher\" content=\"https:\/\/www.facebook.com\/nievreecomateriauxcoulanges\/\" \/>\n<meta property=\"article:modified_time\" content=\"2025-06-13T13:20:40+00:00\" \/>\n<meta property=\"og:image\" content=\"https:\/\/nature-et-developpement.com\/nievre\/wp-content\/uploads\/sites\/12\/2021\/09\/Parquet-massif-Chene.png\" \/>\n\t<meta property=\"og:image:width\" content=\"322\" \/>\n\t<meta property=\"og:image:height\" content=\"322\" \/>\n\t<meta property=\"og:image:type\" content=\"image\/png\" \/>\n<meta name=\"twitter:card\" content=\"summary_large_image\" \/>\n<meta name=\"twitter:label1\" content=\"Dur\u00e9e de lecture estim\u00e9e\" \/>\n\t<meta name=\"twitter:data1\" content=\"1 minute\" \/>\n<script type=\"application\/ld+json\" class=\"yoast-schema-graph\">{\"@context\":\"https:\\\/\\\/schema.org\",\"@graph\":[{\"@type\":\"WebPage\",\"@id\":\"https:\\\/\\\/nature-et-developpement.com\\\/nievre\\\/produit\\\/parquets-massifs\\\/\",\"url\":\"https:\\\/\\\/nature-et-developpement.com\\\/nievre\\\/produit\\\/parquets-massifs\\\/\",\"name\":\"Parquets massifs\",\"isPartOf\":{\"@id\":\"https:\\\/\\\/nature-et-developpement.com\\\/nievre\\\/#website\"},\"primaryImageOfPage\":{\"@id\":\"https:\\\/\\\/nature-et-developpement.com\\\/nievre\\\/produit\\\/parquets-massifs\\\/#primaryimage\"},\"image\":{\"@id\":\"https:\\\/\\\/nature-et-developpement.com\\\/nievre\\\/produit\\\/parquets-massifs\\\/#primaryimage\"},\"thumbnailUrl\":\"https:\\\/\\\/nature-et-developpement.com\\\/nievre\\\/wp-content\\\/uploads\\\/sites\\\/12\\\/2021\\\/09\\\/Parquet-massif-Chene.png\",\"datePublished\":\"2021-09-10T13:51:58+00:00\",\"dateModified\":\"2025-06-13T13:20:40+00:00\",\"description\":\"Le parquet massif dans toute son excellence. Intemporel, il assure une ambiance douce et chaleureuse \u00e0 notre int\u00e9rieur.\",\"breadcrumb\":{\"@id\":\"https:\\\/\\\/nature-et-developpement.com\\\/nievre\\\/produit\\\/parquets-massifs\\\/#breadcrumb\"},\"inLanguage\":\"fr-FR\",\"potentialAction\":[{\"@type\":\"ReadAction\",\"target\":[\"https:\\\/\\\/nature-et-developpement.com\\\/nievre\\\/produit\\\/parquets-massifs\\\/\"]}]},{\"@type\":\"ImageObject\",\"inLanguage\":\"fr-FR\",\"@id\":\"https:\\\/\\\/nature-et-developpement.com\\\/nievre\\\/produit\\\/parquets-massifs\\\/#primaryimage\",\"url\":\"https:\\\/\\\/nature-et-developpement.com\\\/nievre\\\/wp-content\\\/uploads\\\/sites\\\/12\\\/2021\\\/09\\\/Parquet-massif-Chene.png\",\"contentUrl\":\"https:\\\/\\\/nature-et-developpement.com\\\/nievre\\\/wp-content\\\/uploads\\\/sites\\\/12\\\/2021\\\/09\\\/Parquet-massif-Chene.png\",\"width\":322,\"height\":322},{\"@type\":\"BreadcrumbList\",\"@id\":\"https:\\\/\\\/nature-et-developpement.com\\\/nievre\\\/produit\\\/parquets-massifs\\\/#breadcrumb\",\"itemListElement\":[{\"@type\":\"ListItem\",\"position\":1,\"name\":\"Accueil\",\"item\":\"https:\\\/\\\/nature-et-developpement.com\\\/nievre\\\/\"},{\"@type\":\"ListItem\",\"position\":2,\"name\":\"Produits\",\"item\":\"https:\\\/\\\/nature-et-developpement.com\\\/nievre\\\/shop\\\/\"},{\"@type\":\"ListItem\",\"position\":3,\"name\":\"Parquets bois, stratifi\u00e9s et li\u00e8ge\",\"item\":\"https:\\\/\\\/nature-et-developpement.com\\\/nievre\\\/produits\\\/parquet-et-sol-naturels\\\/\"},{\"@type\":\"ListItem\",\"position\":4,\"name\":\"Parquets massifs\"}]},{\"@type\":\"WebSite\",\"@id\":\"https:\\\/\\\/nature-et-developpement.com\\\/nievre\\\/#website\",\"url\":\"https:\\\/\\\/nature-et-developpement.com\\\/nievre\\\/\",\"name\":\"Ni\u00e8vre Eco Mat\u00e9riaux\",\"description\":\"Ni\u00e8vre Eco Mat\u00e9riaux est membre du groupement Nature &amp; D\u00e9veloppement\",\"publisher\":{\"@id\":\"https:\\\/\\\/nature-et-developpement.com\\\/nievre\\\/#organization\"},\"potentialAction\":[{\"@type\":\"SearchAction\",\"target\":{\"@type\":\"EntryPoint\",\"urlTemplate\":\"https:\\\/\\\/nature-et-developpement.com\\\/nievre\\\/?s={search_term_string}\"},\"query-input\":{\"@type\":\"PropertyValueSpecification\",\"valueRequired\":true,\"valueName\":\"search_term_string\"}}],\"inLanguage\":\"fr-FR\"},{\"@type\":\"Organization\",\"@id\":\"https:\\\/\\\/nature-et-developpement.com\\\/nievre\\\/#organization\",\"name\":\"Ni\u00e8vre Eco Mat\u00e9riaux\",\"url\":\"https:\\\/\\\/nature-et-developpement.com\\\/nievre\\\/\",\"logo\":{\"@type\":\"ImageObject\",\"inLanguage\":\"fr-FR\",\"@id\":\"https:\\\/\\\/nature-et-developpement.com\\\/nievre\\\/#\\\/schema\\\/logo\\\/image\\\/\",\"url\":\"https:\\\/\\\/nature-et-developpement.com\\\/nievre\\\/wp-content\\\/uploads\\\/sites\\\/12\\\/2021\\\/09\\\/nievre-eco-materiaux.jpg\",\"contentUrl\":\"https:\\\/\\\/nature-et-developpement.com\\\/nievre\\\/wp-content\\\/uploads\\\/sites\\\/12\\\/2021\\\/09\\\/nievre-eco-materiaux.jpg\",\"width\":1024,\"height\":198,\"caption\":\"Ni\u00e8vre Eco Mat\u00e9riaux\"},\"image\":{\"@id\":\"https:\\\/\\\/nature-et-developpement.com\\\/nievre\\\/#\\\/schema\\\/logo\\\/image\\\/\"},\"sameAs\":[\"https:\\\/\\\/www.facebook.com\\\/nievreecomateriauxcoulanges\\\/\"]}]}<\/script>\n<!-- \/ Yoast SEO plugin. -->","yoast_head_json":{"title":"Parquets massifs","description":"Le parquet massif dans toute son excellence. Intemporel, il assure une ambiance douce et chaleureuse \u00e0 notre int\u00e9rieur.","robots":{"index":"noindex","follow":"follow"},"og_locale":"fr_FR","og_type":"article","og_title":"Parquets massifs","og_description":"Le parquet massif dans toute son excellence. Intemporel, il assure une ambiance douce et chaleureuse \u00e0 notre int\u00e9rieur.","og_url":"https:\/\/nature-et-developpement.com\/nievre\/produit\/parquets-massifs\/","og_site_name":"Ni\u00e8vre Eco Mat\u00e9riaux","article_publisher":"https:\/\/www.facebook.com\/nievreecomateriauxcoulanges\/","article_modified_time":"2025-06-13T13:20:40+00:00","og_image":[{"width":322,"height":322,"url":"https:\/\/nature-et-developpement.com\/nievre\/wp-content\/uploads\/sites\/12\/2021\/09\/Parquet-massif-Chene.png","type":"image\/png"}],"twitter_card":"summary_large_image","twitter_misc":{"Dur\u00e9e de lecture estim\u00e9e":"1 minute"},"schema":{"@context":"https:\/\/schema.org","@graph":[{"@type":"WebPage","@id":"https:\/\/nature-et-developpement.com\/nievre\/produit\/parquets-massifs\/","url":"https:\/\/nature-et-developpement.com\/nievre\/produit\/parquets-massifs\/","name":"Parquets massifs","isPartOf":{"@id":"https:\/\/nature-et-developpement.com\/nievre\/#website"},"primaryImageOfPage":{"@id":"https:\/\/nature-et-developpement.com\/nievre\/produit\/parquets-massifs\/#primaryimage"},"image":{"@id":"https:\/\/nature-et-developpement.com\/nievre\/produit\/parquets-massifs\/#primaryimage"},"thumbnailUrl":"https:\/\/nature-et-developpement.com\/nievre\/wp-content\/uploads\/sites\/12\/2021\/09\/Parquet-massif-Chene.png","datePublished":"2021-09-10T13:51:58+00:00","dateModified":"2025-06-13T13:20:40+00:00","description":"Le parquet massif dans toute son excellence. Intemporel, il assure une ambiance douce et chaleureuse \u00e0 notre int\u00e9rieur.","breadcrumb":{"@id":"https:\/\/nature-et-developpement.com\/nievre\/produit\/parquets-massifs\/#breadcrumb"},"inLanguage":"fr-FR","potentialAction":[{"@type":"ReadAction","target":["https:\/\/nature-et-developpement.com\/nievre\/produit\/parquets-massifs\/"]}]},{"@type":"ImageObject","inLanguage":"fr-FR","@id":"https:\/\/nature-et-developpement.com\/nievre\/produit\/parquets-massifs\/#primaryimage","url":"https:\/\/nature-et-developpement.com\/nievre\/wp-content\/uploads\/sites\/12\/2021\/09\/Parquet-massif-Chene.png","contentUrl":"https:\/\/nature-et-developpement.com\/nievre\/wp-content\/uploads\/sites\/12\/2021\/09\/Parquet-massif-Chene.png","width":322,"height":322},{"@type":"BreadcrumbList","@id":"https:\/\/nature-et-developpement.com\/nievre\/produit\/parquets-massifs\/#breadcrumb","itemListElement":[{"@type":"ListItem","position":1,"name":"Accueil","item":"https:\/\/nature-et-developpement.com\/nievre\/"},{"@type":"ListItem","position":2,"name":"Produits","item":"https:\/\/nature-et-developpement.com\/nievre\/shop\/"},{"@type":"ListItem","position":3,"name":"Parquets bois, stratifi\u00e9s et li\u00e8ge","item":"https:\/\/nature-et-developpement.com\/nievre\/produits\/parquet-et-sol-naturels\/"},{"@type":"ListItem","position":4,"name":"Parquets massifs"}]},{"@type":"WebSite","@id":"https:\/\/nature-et-developpement.com\/nievre\/#website","url":"https:\/\/nature-et-developpement.com\/nievre\/","name":"Ni\u00e8vre Eco Mat\u00e9riaux","description":"Ni\u00e8vre Eco Mat\u00e9riaux est membre du groupement Nature &amp; D\u00e9veloppement","publisher":{"@id":"https:\/\/nature-et-developpement.com\/nievre\/#organization"},"potentialAction":[{"@type":"SearchAction","target":{"@type":"EntryPoint","urlTemplate":"https:\/\/nature-et-developpement.com\/nievre\/?s={search_term_string}"},"query-input":{"@type":"PropertyValueSpecification","valueRequired":true,"valueName":"search_term_string"}}],"inLanguage":"fr-FR"},{"@type":"Organization","@id":"https:\/\/nature-et-developpement.com\/nievre\/#organization","name":"Ni\u00e8vre Eco Mat\u00e9riaux","url":"https:\/\/nature-et-developpement.com\/nievre\/","logo":{"@type":"ImageObject","inLanguage":"fr-FR","@id":"https:\/\/nature-et-developpement.com\/nievre\/#\/schema\/logo\/image\/","url":"https:\/\/nature-et-developpement.com\/nievre\/wp-content\/uploads\/sites\/12\/2021\/09\/nievre-eco-materiaux.jpg","contentUrl":"https:\/\/nature-et-developpement.com\/nievre\/wp-content\/uploads\/sites\/12\/2021\/09\/nievre-eco-materiaux.jpg","width":1024,"height":198,"caption":"Ni\u00e8vre Eco Mat\u00e9riaux"},"image":{"@id":"https:\/\/nature-et-developpement.com\/nievre\/#\/schema\/logo\/image\/"},"sameAs":["https:\/\/www.facebook.com\/nievreecomateriauxcoulanges\/"]}]}},"distributor_meta":false,"distributor_terms":false,"distributor_media":false,"distributor_original_site_name":"Ni\u00e8vre Eco Mat\u00e9riaux","distributor_original_site_url":"https:\/\/nature-et-developpement.com\/nievre","push-errors":false,"_links":{"self":[{"href":"https:\/\/nature-et-developpement.com\/nievre\/wp-json\/wp\/v2\/product\/13194","targetHints":{"allow":["GET"]}}],"collection":[{"href":"https:\/\/nature-et-developpement.com\/nievre\/wp-json\/wp\/v2\/product"}],"about":[{"href":"https:\/\/nature-et-developpement.com\/nievre\/wp-json\/wp\/v2\/types\/product"}],"wp:featuredmedia":[{"embeddable":true,"href":"https:\/\/nature-et-developpement.com\/nievre\/wp-json\/wp\/v2\/media\/13951"}],"wp:attachment":[{"href":"https:\/\/nature-et-developpement.com\/nievre\/wp-json\/wp\/v2\/media?parent=13194"}],"wp:term":[{"taxonomy":"product_brand","embeddable":true,"href":"https:\/\/nature-et-developpement.com\/nievre\/wp-json\/wp\/v2\/product_brand?post=13194"},{"taxonomy":"product_cat","embeddable":true,"href":"https:\/\/nature-et-developpement.com\/nievre\/wp-json\/wp\/v2\/product_cat?post=13194"},{"taxonomy":"product_tag","embeddable":true,"href":"https:\/\/nature-et-developpement.com\/nievre\/wp-json\/wp\/v2\/product_tag?post=13194"}],"curies":[{"name":"wp","href":"https:\/\/api.w.org\/{rel}","templated":true}]}}