{"id":13897,"date":"2021-09-23T10:06:39","date_gmt":"2021-09-23T08:06:39","guid":{"rendered":"https:\/\/nature-et-developpement.com\/nievre\/?post_type=product&#038;p=13897"},"modified":"2025-10-15T14:31:42","modified_gmt":"2025-10-15T12:31:42","slug":"granules-de-bois-premium-100-resineux","status":"publish","type":"product","link":"https:\/\/nature-et-developpement.com\/nievre\/produit\/granules-de-bois-premium-100-resineux\/","title":{"rendered":"Granul\u00e9s de bois Premium 100% r\u00e9sineux"},"content":{"rendered":"<p style=\"text-align: center\"><strong>Issue \u00e0 100 % de la r\u00e9gion<\/strong><\/p>\n<p>Les pellets Wohl und Warm r\u00e9pondent non seulement aux normes prescrites selon DINplus et ENplus A1, mais ils sont m\u00eames meilleurs en ce qui concerne les param\u00e8tres essentiels de qualit\u00e9, comme l&rsquo;abrasion, la teneur en eau ou le taux de cendres.<\/p>\n<ul>\n<li>Une manipulation propre<\/li>\n<li>Une valeur calorifique \u00e9lev\u00e9e, un excellent rendement de l&rsquo;installation<\/li>\n<li>Une grande fiabilit\u00e9 de fonctionnement du syst\u00e8me de chauffage<\/li>\n<li>De faibles co\u00fbts d&rsquo;entretien<\/li>\n<li style=\"text-align: left\">Une dur\u00e9e de vie prolong\u00e9e pour votre chauffage aux pellets ou de votre po\u00eale \u00e0 pellets.<img loading=\"lazy\" decoding=\"async\" class=\" wp-image-13898 aligncenter\" src=\"https:\/\/nature-et-developpement.com\/nievre\/wp-content\/uploads\/sites\/12\/2021\/09\/Proprietes-granules-300x200.png\" alt=\"\" width=\"422\" height=\"281\" srcset=\"https:\/\/nature-et-developpement.com\/nievre\/wp-content\/uploads\/sites\/12\/2021\/09\/Proprietes-granules-300x200.png 300w, https:\/\/nature-et-developpement.com\/nievre\/wp-content\/uploads\/sites\/12\/2021\/09\/Proprietes-granules-600x400.png 600w, https:\/\/nature-et-developpement.com\/nievre\/wp-content\/uploads\/sites\/12\/2021\/09\/Proprietes-granules.png 677w\" sizes=\"auto, (max-width: 422px) 100vw, 422px\" \/><\/li>\n<\/ul>\n<p style=\"text-align: center\"><strong>Sans ajout de liants<\/strong><\/p>\n<p>Les pellets Wohl und Warm repr\u00e9sentent la nature \u00e0 l&rsquo;\u00e9tat pur. Chaque pellet individuel est fabriqu\u00e9 \u00e0 partir de bois r\u00e9sineux, frais, non trait\u00e9, issu de for\u00eats locales exploit\u00e9es de mani\u00e8re durable. L&rsquo;ajout d&rsquo;un peu d&rsquo;amidon de c\u00e9r\u00e9ales assure une meilleure consistance. Jamais nous ne faisons appel \u00e0 d&rsquo;autres additifs comme les huiles ou autres fioritures.<\/p>\n","protected":false},"excerpt":{"rendered":"<p>Wohl und Warm fournit des pellets de bois issus de Bourgogne, \u00e0 partir de plantations enti\u00e8rement renouvelables. Ainsi, vous b\u00e9n\u00e9ficiez d&rsquo;une source d&rsquo;\u00e9nergie respectueuse de l&rsquo;environnement, en toute simplicit\u00e9 et de plus, en circuits courts. La vraie chaleur issue de notre r\u00e9gion, sans artifices et d&rsquo;une excellente qualit\u00e9 100% R\u00e9sineux.<\/p>\n","protected":false},"featured_media":13948,"template":"","meta":[],"product_brand":[2888],"product_cat":[324,323,2821],"product_tag":[2843,2877,2880,2873,2876,2874,2878,2879,2875],"class_list":{"0":"post-13897","1":"product","2":"type-product","3":"status-publish","4":"has-post-thumbnail","6":"product_brand-wohl-und-warm","7":"product_cat-chauffage","8":"product_cat-energie-et-ventilation","9":"product_cat-demande-de-devis-uniquement-avec-prix","10":"product_tag-bois","11":"product_tag-chauffage","12":"product_tag-ecologique","13":"product_tag-granules","14":"product_tag-local","15":"product_tag-pellets","16":"product_tag-poele-a-granules","17":"product_tag-poele-a-pellets","18":"product_tag-resineux","19":"product_shipping_class-sac-de-25kg","21":"first","22":"instock","23":"sale","24":"featured","25":"taxable","26":"shipping-taxable","27":"purchasable","28":"product-type-variable"},"yoast_head":"<!-- This site is optimized with the Yoast SEO plugin v27.5 - https:\/\/yoast.com\/product\/yoast-seo-wordpress\/ -->\n<title>Granul\u00e9s de bois Premium 100% r\u00e9sineux<\/title>\n<meta name=\"description\" content=\"Wohl und Warm fournit des pellets de bois issus de Bourgogne, \u00e0 partir de plantations enti\u00e8rement renouvelables. Ainsi, vous b\u00e9n\u00e9ficiez d&#039;une source d&#039;\u00e9nergie respectueuse de l&#039;environnement, en toute simplicit\u00e9 et de plus, en circuits courts. La vraie chaleur issue de notre r\u00e9gion, sans artifices et d&#039;une excellente qualit\u00e9 100% R\u00e9sineux.\" \/>\n<meta name=\"robots\" content=\"noindex, follow\" \/>\n<meta property=\"og:locale\" content=\"fr_FR\" \/>\n<meta property=\"og:type\" content=\"article\" \/>\n<meta property=\"og:title\" content=\"Granul\u00e9s de bois Premium 100% r\u00e9sineux\" \/>\n<meta property=\"og:description\" content=\"Wohl und Warm fournit des pellets de bois issus de Bourgogne, \u00e0 partir de plantations enti\u00e8rement renouvelables. Ainsi, vous b\u00e9n\u00e9ficiez d&#039;une source d&#039;\u00e9nergie respectueuse de l&#039;environnement, en toute simplicit\u00e9 et de plus, en circuits courts. La vraie chaleur issue de notre r\u00e9gion, sans artifices et d&#039;une excellente qualit\u00e9 100% R\u00e9sineux.\" \/>\n<meta property=\"og:url\" content=\"https:\/\/nature-et-developpement.com\/nievre\/produit\/granules-de-bois-premium-100-resineux\/\" \/>\n<meta property=\"og:site_name\" content=\"Ni\u00e8vre Eco Mat\u00e9riaux\" \/>\n<meta property=\"article:publisher\" content=\"https:\/\/www.facebook.com\/nievreecomateriauxcoulanges\/\" \/>\n<meta property=\"article:modified_time\" content=\"2025-10-15T12:31:42+00:00\" \/>\n<meta property=\"og:image\" content=\"https:\/\/nature-et-developpement.com\/nievre\/wp-content\/uploads\/sites\/12\/2021\/09\/Photo-granules-1-e1632835324614.png\" \/>\n\t<meta property=\"og:image:width\" content=\"480\" \/>\n\t<meta property=\"og:image:height\" content=\"480\" \/>\n\t<meta property=\"og:image:type\" content=\"image\/png\" \/>\n<meta name=\"twitter:card\" content=\"summary_large_image\" \/>\n<meta name=\"twitter:label1\" content=\"Dur\u00e9e de lecture estim\u00e9e\" \/>\n\t<meta name=\"twitter:data1\" content=\"1 minute\" \/>\n<script type=\"application\/ld+json\" class=\"yoast-schema-graph\">{\"@context\":\"https:\\\/\\\/schema.org\",\"@graph\":[{\"@type\":\"WebPage\",\"@id\":\"https:\\\/\\\/nature-et-developpement.com\\\/nievre\\\/produit\\\/granules-de-bois-premium-100-resineux\\\/\",\"url\":\"https:\\\/\\\/nature-et-developpement.com\\\/nievre\\\/produit\\\/granules-de-bois-premium-100-resineux\\\/\",\"name\":\"Granul\u00e9s de bois Premium 100% r\u00e9sineux\",\"isPartOf\":{\"@id\":\"https:\\\/\\\/nature-et-developpement.com\\\/nievre\\\/#website\"},\"primaryImageOfPage\":{\"@id\":\"https:\\\/\\\/nature-et-developpement.com\\\/nievre\\\/produit\\\/granules-de-bois-premium-100-resineux\\\/#primaryimage\"},\"image\":{\"@id\":\"https:\\\/\\\/nature-et-developpement.com\\\/nievre\\\/produit\\\/granules-de-bois-premium-100-resineux\\\/#primaryimage\"},\"thumbnailUrl\":\"https:\\\/\\\/nature-et-developpement.com\\\/nievre\\\/wp-content\\\/uploads\\\/sites\\\/12\\\/2021\\\/09\\\/Photo-granules-1-e1632835324614.png\",\"datePublished\":\"2021-09-23T08:06:39+00:00\",\"dateModified\":\"2025-10-15T12:31:42+00:00\",\"description\":\"Wohl und Warm fournit des pellets de bois issus de Bourgogne, \u00e0 partir de plantations enti\u00e8rement renouvelables. Ainsi, vous b\u00e9n\u00e9ficiez d'une source d'\u00e9nergie respectueuse de l'environnement, en toute simplicit\u00e9 et de plus, en circuits courts. La vraie chaleur issue de notre r\u00e9gion, sans artifices et d'une excellente qualit\u00e9 100% R\u00e9sineux.\",\"breadcrumb\":{\"@id\":\"https:\\\/\\\/nature-et-developpement.com\\\/nievre\\\/produit\\\/granules-de-bois-premium-100-resineux\\\/#breadcrumb\"},\"inLanguage\":\"fr-FR\",\"potentialAction\":[{\"@type\":\"ReadAction\",\"target\":[\"https:\\\/\\\/nature-et-developpement.com\\\/nievre\\\/produit\\\/granules-de-bois-premium-100-resineux\\\/\"]}]},{\"@type\":\"ImageObject\",\"inLanguage\":\"fr-FR\",\"@id\":\"https:\\\/\\\/nature-et-developpement.com\\\/nievre\\\/produit\\\/granules-de-bois-premium-100-resineux\\\/#primaryimage\",\"url\":\"https:\\\/\\\/nature-et-developpement.com\\\/nievre\\\/wp-content\\\/uploads\\\/sites\\\/12\\\/2021\\\/09\\\/Photo-granules-1-e1632835324614.png\",\"contentUrl\":\"https:\\\/\\\/nature-et-developpement.com\\\/nievre\\\/wp-content\\\/uploads\\\/sites\\\/12\\\/2021\\\/09\\\/Photo-granules-1-e1632835324614.png\",\"width\":480,\"height\":480},{\"@type\":\"BreadcrumbList\",\"@id\":\"https:\\\/\\\/nature-et-developpement.com\\\/nievre\\\/produit\\\/granules-de-bois-premium-100-resineux\\\/#breadcrumb\",\"itemListElement\":[{\"@type\":\"ListItem\",\"position\":1,\"name\":\"Accueil\",\"item\":\"https:\\\/\\\/nature-et-developpement.com\\\/nievre\\\/\"},{\"@type\":\"ListItem\",\"position\":2,\"name\":\"Produits\",\"item\":\"https:\\\/\\\/nature-et-developpement.com\\\/nievre\\\/shop\\\/\"},{\"@type\":\"ListItem\",\"position\":3,\"name\":\"Demande de devis uniquement AVEC PRIX\",\"item\":\"https:\\\/\\\/nature-et-developpement.com\\\/nievre\\\/produits\\\/demande-de-devis-uniquement-avec-prix\\\/\"},{\"@type\":\"ListItem\",\"position\":4,\"name\":\"Granul\u00e9s de bois Premium 100% r\u00e9sineux\"}]},{\"@type\":\"WebSite\",\"@id\":\"https:\\\/\\\/nature-et-developpement.com\\\/nievre\\\/#website\",\"url\":\"https:\\\/\\\/nature-et-developpement.com\\\/nievre\\\/\",\"name\":\"Ni\u00e8vre Eco Mat\u00e9riaux\",\"description\":\"Ni\u00e8vre Eco Mat\u00e9riaux est membre du groupement Nature &amp; D\u00e9veloppement\",\"publisher\":{\"@id\":\"https:\\\/\\\/nature-et-developpement.com\\\/nievre\\\/#organization\"},\"potentialAction\":[{\"@type\":\"SearchAction\",\"target\":{\"@type\":\"EntryPoint\",\"urlTemplate\":\"https:\\\/\\\/nature-et-developpement.com\\\/nievre\\\/?s={search_term_string}\"},\"query-input\":{\"@type\":\"PropertyValueSpecification\",\"valueRequired\":true,\"valueName\":\"search_term_string\"}}],\"inLanguage\":\"fr-FR\"},{\"@type\":\"Organization\",\"@id\":\"https:\\\/\\\/nature-et-developpement.com\\\/nievre\\\/#organization\",\"name\":\"Ni\u00e8vre Eco Mat\u00e9riaux\",\"url\":\"https:\\\/\\\/nature-et-developpement.com\\\/nievre\\\/\",\"logo\":{\"@type\":\"ImageObject\",\"inLanguage\":\"fr-FR\",\"@id\":\"https:\\\/\\\/nature-et-developpement.com\\\/nievre\\\/#\\\/schema\\\/logo\\\/image\\\/\",\"url\":\"https:\\\/\\\/nature-et-developpement.com\\\/nievre\\\/wp-content\\\/uploads\\\/sites\\\/12\\\/2021\\\/09\\\/nievre-eco-materiaux.jpg\",\"contentUrl\":\"https:\\\/\\\/nature-et-developpement.com\\\/nievre\\\/wp-content\\\/uploads\\\/sites\\\/12\\\/2021\\\/09\\\/nievre-eco-materiaux.jpg\",\"width\":1024,\"height\":198,\"caption\":\"Ni\u00e8vre Eco Mat\u00e9riaux\"},\"image\":{\"@id\":\"https:\\\/\\\/nature-et-developpement.com\\\/nievre\\\/#\\\/schema\\\/logo\\\/image\\\/\"},\"sameAs\":[\"https:\\\/\\\/www.facebook.com\\\/nievreecomateriauxcoulanges\\\/\"]}]}<\/script>\n<!-- \/ Yoast SEO plugin. -->","yoast_head_json":{"title":"Granul\u00e9s de bois Premium 100% r\u00e9sineux","description":"Wohl und Warm fournit des pellets de bois issus de Bourgogne, \u00e0 partir de plantations enti\u00e8rement renouvelables. Ainsi, vous b\u00e9n\u00e9ficiez d'une source d'\u00e9nergie respectueuse de l'environnement, en toute simplicit\u00e9 et de plus, en circuits courts. La vraie chaleur issue de notre r\u00e9gion, sans artifices et d'une excellente qualit\u00e9 100% R\u00e9sineux.","robots":{"index":"noindex","follow":"follow"},"og_locale":"fr_FR","og_type":"article","og_title":"Granul\u00e9s de bois Premium 100% r\u00e9sineux","og_description":"Wohl und Warm fournit des pellets de bois issus de Bourgogne, \u00e0 partir de plantations enti\u00e8rement renouvelables. Ainsi, vous b\u00e9n\u00e9ficiez d'une source d'\u00e9nergie respectueuse de l'environnement, en toute simplicit\u00e9 et de plus, en circuits courts. La vraie chaleur issue de notre r\u00e9gion, sans artifices et d'une excellente qualit\u00e9 100% R\u00e9sineux.","og_url":"https:\/\/nature-et-developpement.com\/nievre\/produit\/granules-de-bois-premium-100-resineux\/","og_site_name":"Ni\u00e8vre Eco Mat\u00e9riaux","article_publisher":"https:\/\/www.facebook.com\/nievreecomateriauxcoulanges\/","article_modified_time":"2025-10-15T12:31:42+00:00","og_image":[{"width":480,"height":480,"url":"https:\/\/nature-et-developpement.com\/nievre\/wp-content\/uploads\/sites\/12\/2021\/09\/Photo-granules-1-e1632835324614.png","type":"image\/png"}],"twitter_card":"summary_large_image","twitter_misc":{"Dur\u00e9e de lecture estim\u00e9e":"1 minute"},"schema":{"@context":"https:\/\/schema.org","@graph":[{"@type":"WebPage","@id":"https:\/\/nature-et-developpement.com\/nievre\/produit\/granules-de-bois-premium-100-resineux\/","url":"https:\/\/nature-et-developpement.com\/nievre\/produit\/granules-de-bois-premium-100-resineux\/","name":"Granul\u00e9s de bois Premium 100% r\u00e9sineux","isPartOf":{"@id":"https:\/\/nature-et-developpement.com\/nievre\/#website"},"primaryImageOfPage":{"@id":"https:\/\/nature-et-developpement.com\/nievre\/produit\/granules-de-bois-premium-100-resineux\/#primaryimage"},"image":{"@id":"https:\/\/nature-et-developpement.com\/nievre\/produit\/granules-de-bois-premium-100-resineux\/#primaryimage"},"thumbnailUrl":"https:\/\/nature-et-developpement.com\/nievre\/wp-content\/uploads\/sites\/12\/2021\/09\/Photo-granules-1-e1632835324614.png","datePublished":"2021-09-23T08:06:39+00:00","dateModified":"2025-10-15T12:31:42+00:00","description":"Wohl und Warm fournit des pellets de bois issus de Bourgogne, \u00e0 partir de plantations enti\u00e8rement renouvelables. Ainsi, vous b\u00e9n\u00e9ficiez d'une source d'\u00e9nergie respectueuse de l'environnement, en toute simplicit\u00e9 et de plus, en circuits courts. La vraie chaleur issue de notre r\u00e9gion, sans artifices et d'une excellente qualit\u00e9 100% R\u00e9sineux.","breadcrumb":{"@id":"https:\/\/nature-et-developpement.com\/nievre\/produit\/granules-de-bois-premium-100-resineux\/#breadcrumb"},"inLanguage":"fr-FR","potentialAction":[{"@type":"ReadAction","target":["https:\/\/nature-et-developpement.com\/nievre\/produit\/granules-de-bois-premium-100-resineux\/"]}]},{"@type":"ImageObject","inLanguage":"fr-FR","@id":"https:\/\/nature-et-developpement.com\/nievre\/produit\/granules-de-bois-premium-100-resineux\/#primaryimage","url":"https:\/\/nature-et-developpement.com\/nievre\/wp-content\/uploads\/sites\/12\/2021\/09\/Photo-granules-1-e1632835324614.png","contentUrl":"https:\/\/nature-et-developpement.com\/nievre\/wp-content\/uploads\/sites\/12\/2021\/09\/Photo-granules-1-e1632835324614.png","width":480,"height":480},{"@type":"BreadcrumbList","@id":"https:\/\/nature-et-developpement.com\/nievre\/produit\/granules-de-bois-premium-100-resineux\/#breadcrumb","itemListElement":[{"@type":"ListItem","position":1,"name":"Accueil","item":"https:\/\/nature-et-developpement.com\/nievre\/"},{"@type":"ListItem","position":2,"name":"Produits","item":"https:\/\/nature-et-developpement.com\/nievre\/shop\/"},{"@type":"ListItem","position":3,"name":"Demande de devis uniquement AVEC PRIX","item":"https:\/\/nature-et-developpement.com\/nievre\/produits\/demande-de-devis-uniquement-avec-prix\/"},{"@type":"ListItem","position":4,"name":"Granul\u00e9s de bois Premium 100% r\u00e9sineux"}]},{"@type":"WebSite","@id":"https:\/\/nature-et-developpement.com\/nievre\/#website","url":"https:\/\/nature-et-developpement.com\/nievre\/","name":"Ni\u00e8vre Eco Mat\u00e9riaux","description":"Ni\u00e8vre Eco Mat\u00e9riaux est membre du groupement Nature &amp; D\u00e9veloppement","publisher":{"@id":"https:\/\/nature-et-developpement.com\/nievre\/#organization"},"potentialAction":[{"@type":"SearchAction","target":{"@type":"EntryPoint","urlTemplate":"https:\/\/nature-et-developpement.com\/nievre\/?s={search_term_string}"},"query-input":{"@type":"PropertyValueSpecification","valueRequired":true,"valueName":"search_term_string"}}],"inLanguage":"fr-FR"},{"@type":"Organization","@id":"https:\/\/nature-et-developpement.com\/nievre\/#organization","name":"Ni\u00e8vre Eco Mat\u00e9riaux","url":"https:\/\/nature-et-developpement.com\/nievre\/","logo":{"@type":"ImageObject","inLanguage":"fr-FR","@id":"https:\/\/nature-et-developpement.com\/nievre\/#\/schema\/logo\/image\/","url":"https:\/\/nature-et-developpement.com\/nievre\/wp-content\/uploads\/sites\/12\/2021\/09\/nievre-eco-materiaux.jpg","contentUrl":"https:\/\/nature-et-developpement.com\/nievre\/wp-content\/uploads\/sites\/12\/2021\/09\/nievre-eco-materiaux.jpg","width":1024,"height":198,"caption":"Ni\u00e8vre Eco Mat\u00e9riaux"},"image":{"@id":"https:\/\/nature-et-developpement.com\/nievre\/#\/schema\/logo\/image\/"},"sameAs":["https:\/\/www.facebook.com\/nievreecomateriauxcoulanges\/"]}]}},"distributor_meta":false,"distributor_terms":false,"distributor_media":false,"distributor_original_site_name":"Ni\u00e8vre Eco Mat\u00e9riaux","distributor_original_site_url":"https:\/\/nature-et-developpement.com\/nievre","push-errors":false,"_links":{"self":[{"href":"https:\/\/nature-et-developpement.com\/nievre\/wp-json\/wp\/v2\/product\/13897","targetHints":{"allow":["GET"]}}],"collection":[{"href":"https:\/\/nature-et-developpement.com\/nievre\/wp-json\/wp\/v2\/product"}],"about":[{"href":"https:\/\/nature-et-developpement.com\/nievre\/wp-json\/wp\/v2\/types\/product"}],"wp:featuredmedia":[{"embeddable":true,"href":"https:\/\/nature-et-developpement.com\/nievre\/wp-json\/wp\/v2\/media\/13948"}],"wp:attachment":[{"href":"https:\/\/nature-et-developpement.com\/nievre\/wp-json\/wp\/v2\/media?parent=13897"}],"wp:term":[{"taxonomy":"product_brand","embeddable":true,"href":"https:\/\/nature-et-developpement.com\/nievre\/wp-json\/wp\/v2\/product_brand?post=13897"},{"taxonomy":"product_cat","embeddable":true,"href":"https:\/\/nature-et-developpement.com\/nievre\/wp-json\/wp\/v2\/product_cat?post=13897"},{"taxonomy":"product_tag","embeddable":true,"href":"https:\/\/nature-et-developpement.com\/nievre\/wp-json\/wp\/v2\/product_tag?post=13897"}],"curies":[{"name":"wp","href":"https:\/\/api.w.org\/{rel}","templated":true}]}}