{"id":22778,"date":"2022-02-02T11:38:30","date_gmt":"2022-02-02T10:38:30","guid":{"rendered":"https:\/\/nature-et-developpement.com\/nievre\/?post_type=product&#038;p=22778"},"modified":"2025-06-13T15:20:41","modified_gmt":"2025-06-13T13:20:41","slug":"kit-de-pose-pour-panneaux-isolants-souples-kitpano","status":"publish","type":"product","link":"https:\/\/nature-et-developpement.com\/nievre\/produit\/kit-de-pose-pour-panneaux-isolants-souples-kitpano\/","title":{"rendered":"KIT DE POSE POUR PANNEAUX ISOLANTS SOUPLES KITPANO"},"content":{"rendered":"<h3>Kit de pose pour panneaux isolants souples Kitpano<\/h3>\n<p>Le kit de pose pour panneaux isolants souples est\u00a0 indispensable pour la mise en place en pose de rampant ou en plafond.<\/p>\n<p>Dans le cadre de travaux d\u2019isolation des combles, l\u2019utilisation de panneaux semi-rigides permet d\u2019\u00eatre tr\u00e8s efficace pour faire des \u00e9conomies d\u2019\u00e9nergie en hiver et pour se prot\u00e9ger de la chaleur en \u00e9t\u00e9.<\/p>\n<p>Ces deux objectifs peuvent \u00eatre atteints avec les panneaux semi rigides en particulier en laine de bois.<\/p>\n<p>En r\u00e9novation l\u2019utilisation de suspentes tiges est conseill\u00e9e pour fixer les panneaux sous toiture.<\/p>\n<p>Elles doivent traverser le panneau semi-rigide pour le mettre en place.<\/p>\n<p>Le mat\u00e9riau, bien que souple, est compact et difficile \u00e0 transpercer.<\/p>\n<p>Le passage en force entra\u00eene des d\u00e9gradations dans la structure du panneau, cr\u00e9e des cavit\u00e9s dans son \u00e9paisseur et diminue sa capacit\u00e9 isolante.<\/p>\n<p>L\u2019op\u00e9ration de pose peut s\u2019av\u00e9rer p\u00e9nible et d\u00e9cevante lorsque l\u2019on entreprend des travaux pour atteindre un r\u00e9sultat de qualit\u00e9.<\/p>\n<p>Le dispositif de pose Kitpano permet une installation ais\u00e9e, rapide et en toute s\u00e9curit\u00e9.<\/p>\n<p>Les panneaux isolants souples, ou semi-rigides peuvent aller jusqu\u2019\u00e0 240 mm d\u2019\u00e9paisseur.<\/p>\n<p>Son efficacit\u00e9 est optimale avec des suspentes tiges, comme les suspentes AIR-STOP de Chabanne.<\/p>\n<h5>Avantages<\/h5>\n<p>Il facilite la pose sans d\u00e9gradation du panneau isolant (voir vid\u00e9o)<\/p>\n<h5>Composition\u00a0 du kit<\/h5>\n<ul>\n<li>Une tige de transpercement<\/li>\n<li>5 tubes guides.<\/li>\n<\/ul>\n<p><em>Brevet d\u00e9pos\u00e9<\/em><\/p>\n","protected":false},"excerpt":{"rendered":"<p>Dispositif facilitant la pose de panneaux isolants souples en plafond ou en rampants fix\u00e9s par des suspentes tiges.<br \/>\n\u00c9paisseur des panneaux jusqu\u2019\u00e0 240mm.<\/p>\n<h5>Composition\u00a0 du kit<\/h5>\n<ul>\n<li>Une tige de transpercement<\/li>\n<li>5 tubes guides.<\/li>\n<\/ul>\n","protected":false},"featured_media":22779,"template":"","meta":[],"product_brand":[],"product_cat":[2838,724],"product_tag":[],"class_list":{"0":"post-22778","1":"product","2":"type-product","3":"status-publish","4":"has-post-thumbnail","6":"product_cat-demande-de-devis-uniquement-sans-prix","7":"product_cat-visserie","9":"first","10":"instock","11":"taxable","12":"shipping-taxable","13":"product-type-simple"},"yoast_head":"<!-- This site is optimized with the Yoast SEO plugin v27.5 - https:\/\/yoast.com\/product\/yoast-seo-wordpress\/ -->\n<title>KIT DE POSE POUR PANNEAUX ISOLANTS SOUPLES KITPANO<\/title>\n<meta name=\"description\" content=\"Dispositif facilitant la pose de panneaux isolants souples en plafond ou en rampants fix\u00e9s par des suspentes tiges. \u00c9paisseur des panneaux jusqu\u2019\u00e0 240mm. Composition\u00a0 du kit   Une tige de transpercement  5 tubes guides.\" \/>\n<meta name=\"robots\" content=\"noindex, follow\" \/>\n<meta property=\"og:locale\" content=\"fr_FR\" \/>\n<meta property=\"og:type\" content=\"article\" \/>\n<meta property=\"og:title\" content=\"KIT DE POSE POUR PANNEAUX ISOLANTS SOUPLES KITPANO\" \/>\n<meta property=\"og:description\" content=\"Dispositif facilitant la pose de panneaux isolants souples en plafond ou en rampants fix\u00e9s par des suspentes tiges. \u00c9paisseur des panneaux jusqu\u2019\u00e0 240mm. Composition\u00a0 du kit   Une tige de transpercement  5 tubes guides.\" \/>\n<meta property=\"og:url\" content=\"https:\/\/nature-et-developpement.com\/nievre\/produit\/kit-de-pose-pour-panneaux-isolants-souples-kitpano\/\" \/>\n<meta property=\"og:site_name\" content=\"Ni\u00e8vre Eco Mat\u00e9riaux\" \/>\n<meta property=\"article:publisher\" content=\"https:\/\/www.facebook.com\/nievreecomateriauxcoulanges\/\" \/>\n<meta property=\"article:modified_time\" content=\"2025-06-13T13:20:41+00:00\" \/>\n<meta property=\"og:image\" content=\"https:\/\/nature-et-developpement.com\/nievre\/wp-content\/uploads\/sites\/12\/2022\/02\/Kit-de-pose-pour-panneaux-souple-Kitpano.jpg\" \/>\n\t<meta property=\"og:image:width\" content=\"880\" \/>\n\t<meta property=\"og:image:height\" content=\"880\" \/>\n\t<meta property=\"og:image:type\" content=\"image\/jpeg\" \/>\n<meta name=\"twitter:card\" content=\"summary_large_image\" \/>\n<meta name=\"twitter:label1\" content=\"Dur\u00e9e de lecture estim\u00e9e\" \/>\n\t<meta name=\"twitter:data1\" content=\"1 minute\" \/>\n<script type=\"application\/ld+json\" class=\"yoast-schema-graph\">{\"@context\":\"https:\\\/\\\/schema.org\",\"@graph\":[{\"@type\":\"WebPage\",\"@id\":\"https:\\\/\\\/nature-et-developpement.com\\\/nievre\\\/produit\\\/kit-de-pose-pour-panneaux-isolants-souples-kitpano\\\/\",\"url\":\"https:\\\/\\\/nature-et-developpement.com\\\/nievre\\\/produit\\\/kit-de-pose-pour-panneaux-isolants-souples-kitpano\\\/\",\"name\":\"KIT DE POSE POUR PANNEAUX ISOLANTS SOUPLES KITPANO\",\"isPartOf\":{\"@id\":\"https:\\\/\\\/nature-et-developpement.com\\\/nievre\\\/#website\"},\"primaryImageOfPage\":{\"@id\":\"https:\\\/\\\/nature-et-developpement.com\\\/nievre\\\/produit\\\/kit-de-pose-pour-panneaux-isolants-souples-kitpano\\\/#primaryimage\"},\"image\":{\"@id\":\"https:\\\/\\\/nature-et-developpement.com\\\/nievre\\\/produit\\\/kit-de-pose-pour-panneaux-isolants-souples-kitpano\\\/#primaryimage\"},\"thumbnailUrl\":\"https:\\\/\\\/nature-et-developpement.com\\\/nievre\\\/wp-content\\\/uploads\\\/sites\\\/12\\\/2022\\\/02\\\/Kit-de-pose-pour-panneaux-souple-Kitpano.jpg\",\"datePublished\":\"2022-02-02T10:38:30+00:00\",\"dateModified\":\"2025-06-13T13:20:41+00:00\",\"description\":\"Dispositif facilitant la pose de panneaux isolants souples en plafond ou en rampants fix\u00e9s par des suspentes tiges. \u00c9paisseur des panneaux jusqu\u2019\u00e0 240mm. Composition\u00a0 du kit Une tige de transpercement 5 tubes guides.\",\"breadcrumb\":{\"@id\":\"https:\\\/\\\/nature-et-developpement.com\\\/nievre\\\/produit\\\/kit-de-pose-pour-panneaux-isolants-souples-kitpano\\\/#breadcrumb\"},\"inLanguage\":\"fr-FR\",\"potentialAction\":[{\"@type\":\"ReadAction\",\"target\":[\"https:\\\/\\\/nature-et-developpement.com\\\/nievre\\\/produit\\\/kit-de-pose-pour-panneaux-isolants-souples-kitpano\\\/\"]}]},{\"@type\":\"ImageObject\",\"inLanguage\":\"fr-FR\",\"@id\":\"https:\\\/\\\/nature-et-developpement.com\\\/nievre\\\/produit\\\/kit-de-pose-pour-panneaux-isolants-souples-kitpano\\\/#primaryimage\",\"url\":\"https:\\\/\\\/nature-et-developpement.com\\\/nievre\\\/wp-content\\\/uploads\\\/sites\\\/12\\\/2022\\\/02\\\/Kit-de-pose-pour-panneaux-souple-Kitpano.jpg\",\"contentUrl\":\"https:\\\/\\\/nature-et-developpement.com\\\/nievre\\\/wp-content\\\/uploads\\\/sites\\\/12\\\/2022\\\/02\\\/Kit-de-pose-pour-panneaux-souple-Kitpano.jpg\",\"width\":880,\"height\":880},{\"@type\":\"BreadcrumbList\",\"@id\":\"https:\\\/\\\/nature-et-developpement.com\\\/nievre\\\/produit\\\/kit-de-pose-pour-panneaux-isolants-souples-kitpano\\\/#breadcrumb\",\"itemListElement\":[{\"@type\":\"ListItem\",\"position\":1,\"name\":\"Accueil\",\"item\":\"https:\\\/\\\/nature-et-developpement.com\\\/nievre\\\/\"},{\"@type\":\"ListItem\",\"position\":2,\"name\":\"Produits\",\"item\":\"https:\\\/\\\/nature-et-developpement.com\\\/nievre\\\/shop\\\/\"},{\"@type\":\"ListItem\",\"position\":3,\"name\":\"Droguerie et outils\",\"item\":\"https:\\\/\\\/nature-et-developpement.com\\\/nievre\\\/produits\\\/droguerie-et-outils\\\/\"},{\"@type\":\"ListItem\",\"position\":4,\"name\":\"Visserie\",\"item\":\"https:\\\/\\\/nature-et-developpement.com\\\/nievre\\\/produits\\\/droguerie-et-outils\\\/visserie\\\/\"},{\"@type\":\"ListItem\",\"position\":5,\"name\":\"KIT DE POSE POUR PANNEAUX ISOLANTS SOUPLES KITPANO\"}]},{\"@type\":\"WebSite\",\"@id\":\"https:\\\/\\\/nature-et-developpement.com\\\/nievre\\\/#website\",\"url\":\"https:\\\/\\\/nature-et-developpement.com\\\/nievre\\\/\",\"name\":\"Ni\u00e8vre Eco Mat\u00e9riaux\",\"description\":\"Ni\u00e8vre Eco Mat\u00e9riaux est membre du groupement Nature &amp; D\u00e9veloppement\",\"publisher\":{\"@id\":\"https:\\\/\\\/nature-et-developpement.com\\\/nievre\\\/#organization\"},\"potentialAction\":[{\"@type\":\"SearchAction\",\"target\":{\"@type\":\"EntryPoint\",\"urlTemplate\":\"https:\\\/\\\/nature-et-developpement.com\\\/nievre\\\/?s={search_term_string}\"},\"query-input\":{\"@type\":\"PropertyValueSpecification\",\"valueRequired\":true,\"valueName\":\"search_term_string\"}}],\"inLanguage\":\"fr-FR\"},{\"@type\":\"Organization\",\"@id\":\"https:\\\/\\\/nature-et-developpement.com\\\/nievre\\\/#organization\",\"name\":\"Ni\u00e8vre Eco Mat\u00e9riaux\",\"url\":\"https:\\\/\\\/nature-et-developpement.com\\\/nievre\\\/\",\"logo\":{\"@type\":\"ImageObject\",\"inLanguage\":\"fr-FR\",\"@id\":\"https:\\\/\\\/nature-et-developpement.com\\\/nievre\\\/#\\\/schema\\\/logo\\\/image\\\/\",\"url\":\"https:\\\/\\\/nature-et-developpement.com\\\/nievre\\\/wp-content\\\/uploads\\\/sites\\\/12\\\/2021\\\/09\\\/nievre-eco-materiaux.jpg\",\"contentUrl\":\"https:\\\/\\\/nature-et-developpement.com\\\/nievre\\\/wp-content\\\/uploads\\\/sites\\\/12\\\/2021\\\/09\\\/nievre-eco-materiaux.jpg\",\"width\":1024,\"height\":198,\"caption\":\"Ni\u00e8vre Eco Mat\u00e9riaux\"},\"image\":{\"@id\":\"https:\\\/\\\/nature-et-developpement.com\\\/nievre\\\/#\\\/schema\\\/logo\\\/image\\\/\"},\"sameAs\":[\"https:\\\/\\\/www.facebook.com\\\/nievreecomateriauxcoulanges\\\/\"]}]}<\/script>\n<!-- \/ Yoast SEO plugin. -->","yoast_head_json":{"title":"KIT DE POSE POUR PANNEAUX ISOLANTS SOUPLES KITPANO","description":"Dispositif facilitant la pose de panneaux isolants souples en plafond ou en rampants fix\u00e9s par des suspentes tiges. \u00c9paisseur des panneaux jusqu\u2019\u00e0 240mm. Composition\u00a0 du kit   Une tige de transpercement  5 tubes guides.","robots":{"index":"noindex","follow":"follow"},"og_locale":"fr_FR","og_type":"article","og_title":"KIT DE POSE POUR PANNEAUX ISOLANTS SOUPLES KITPANO","og_description":"Dispositif facilitant la pose de panneaux isolants souples en plafond ou en rampants fix\u00e9s par des suspentes tiges. \u00c9paisseur des panneaux jusqu\u2019\u00e0 240mm. Composition\u00a0 du kit   Une tige de transpercement  5 tubes guides.","og_url":"https:\/\/nature-et-developpement.com\/nievre\/produit\/kit-de-pose-pour-panneaux-isolants-souples-kitpano\/","og_site_name":"Ni\u00e8vre Eco Mat\u00e9riaux","article_publisher":"https:\/\/www.facebook.com\/nievreecomateriauxcoulanges\/","article_modified_time":"2025-06-13T13:20:41+00:00","og_image":[{"width":880,"height":880,"url":"https:\/\/nature-et-developpement.com\/nievre\/wp-content\/uploads\/sites\/12\/2022\/02\/Kit-de-pose-pour-panneaux-souple-Kitpano.jpg","type":"image\/jpeg"}],"twitter_card":"summary_large_image","twitter_misc":{"Dur\u00e9e de lecture estim\u00e9e":"1 minute"},"schema":{"@context":"https:\/\/schema.org","@graph":[{"@type":"WebPage","@id":"https:\/\/nature-et-developpement.com\/nievre\/produit\/kit-de-pose-pour-panneaux-isolants-souples-kitpano\/","url":"https:\/\/nature-et-developpement.com\/nievre\/produit\/kit-de-pose-pour-panneaux-isolants-souples-kitpano\/","name":"KIT DE POSE POUR PANNEAUX ISOLANTS SOUPLES KITPANO","isPartOf":{"@id":"https:\/\/nature-et-developpement.com\/nievre\/#website"},"primaryImageOfPage":{"@id":"https:\/\/nature-et-developpement.com\/nievre\/produit\/kit-de-pose-pour-panneaux-isolants-souples-kitpano\/#primaryimage"},"image":{"@id":"https:\/\/nature-et-developpement.com\/nievre\/produit\/kit-de-pose-pour-panneaux-isolants-souples-kitpano\/#primaryimage"},"thumbnailUrl":"https:\/\/nature-et-developpement.com\/nievre\/wp-content\/uploads\/sites\/12\/2022\/02\/Kit-de-pose-pour-panneaux-souple-Kitpano.jpg","datePublished":"2022-02-02T10:38:30+00:00","dateModified":"2025-06-13T13:20:41+00:00","description":"Dispositif facilitant la pose de panneaux isolants souples en plafond ou en rampants fix\u00e9s par des suspentes tiges. \u00c9paisseur des panneaux jusqu\u2019\u00e0 240mm. Composition\u00a0 du kit Une tige de transpercement 5 tubes guides.","breadcrumb":{"@id":"https:\/\/nature-et-developpement.com\/nievre\/produit\/kit-de-pose-pour-panneaux-isolants-souples-kitpano\/#breadcrumb"},"inLanguage":"fr-FR","potentialAction":[{"@type":"ReadAction","target":["https:\/\/nature-et-developpement.com\/nievre\/produit\/kit-de-pose-pour-panneaux-isolants-souples-kitpano\/"]}]},{"@type":"ImageObject","inLanguage":"fr-FR","@id":"https:\/\/nature-et-developpement.com\/nievre\/produit\/kit-de-pose-pour-panneaux-isolants-souples-kitpano\/#primaryimage","url":"https:\/\/nature-et-developpement.com\/nievre\/wp-content\/uploads\/sites\/12\/2022\/02\/Kit-de-pose-pour-panneaux-souple-Kitpano.jpg","contentUrl":"https:\/\/nature-et-developpement.com\/nievre\/wp-content\/uploads\/sites\/12\/2022\/02\/Kit-de-pose-pour-panneaux-souple-Kitpano.jpg","width":880,"height":880},{"@type":"BreadcrumbList","@id":"https:\/\/nature-et-developpement.com\/nievre\/produit\/kit-de-pose-pour-panneaux-isolants-souples-kitpano\/#breadcrumb","itemListElement":[{"@type":"ListItem","position":1,"name":"Accueil","item":"https:\/\/nature-et-developpement.com\/nievre\/"},{"@type":"ListItem","position":2,"name":"Produits","item":"https:\/\/nature-et-developpement.com\/nievre\/shop\/"},{"@type":"ListItem","position":3,"name":"Droguerie et outils","item":"https:\/\/nature-et-developpement.com\/nievre\/produits\/droguerie-et-outils\/"},{"@type":"ListItem","position":4,"name":"Visserie","item":"https:\/\/nature-et-developpement.com\/nievre\/produits\/droguerie-et-outils\/visserie\/"},{"@type":"ListItem","position":5,"name":"KIT DE POSE POUR PANNEAUX ISOLANTS SOUPLES KITPANO"}]},{"@type":"WebSite","@id":"https:\/\/nature-et-developpement.com\/nievre\/#website","url":"https:\/\/nature-et-developpement.com\/nievre\/","name":"Ni\u00e8vre Eco Mat\u00e9riaux","description":"Ni\u00e8vre Eco Mat\u00e9riaux est membre du groupement Nature &amp; D\u00e9veloppement","publisher":{"@id":"https:\/\/nature-et-developpement.com\/nievre\/#organization"},"potentialAction":[{"@type":"SearchAction","target":{"@type":"EntryPoint","urlTemplate":"https:\/\/nature-et-developpement.com\/nievre\/?s={search_term_string}"},"query-input":{"@type":"PropertyValueSpecification","valueRequired":true,"valueName":"search_term_string"}}],"inLanguage":"fr-FR"},{"@type":"Organization","@id":"https:\/\/nature-et-developpement.com\/nievre\/#organization","name":"Ni\u00e8vre Eco Mat\u00e9riaux","url":"https:\/\/nature-et-developpement.com\/nievre\/","logo":{"@type":"ImageObject","inLanguage":"fr-FR","@id":"https:\/\/nature-et-developpement.com\/nievre\/#\/schema\/logo\/image\/","url":"https:\/\/nature-et-developpement.com\/nievre\/wp-content\/uploads\/sites\/12\/2021\/09\/nievre-eco-materiaux.jpg","contentUrl":"https:\/\/nature-et-developpement.com\/nievre\/wp-content\/uploads\/sites\/12\/2021\/09\/nievre-eco-materiaux.jpg","width":1024,"height":198,"caption":"Ni\u00e8vre Eco Mat\u00e9riaux"},"image":{"@id":"https:\/\/nature-et-developpement.com\/nievre\/#\/schema\/logo\/image\/"},"sameAs":["https:\/\/www.facebook.com\/nievreecomateriauxcoulanges\/"]}]}},"distributor_meta":false,"distributor_terms":false,"distributor_media":false,"distributor_original_site_name":"Ni\u00e8vre Eco Mat\u00e9riaux","distributor_original_site_url":"https:\/\/nature-et-developpement.com\/nievre","push-errors":false,"_links":{"self":[{"href":"https:\/\/nature-et-developpement.com\/nievre\/wp-json\/wp\/v2\/product\/22778","targetHints":{"allow":["GET"]}}],"collection":[{"href":"https:\/\/nature-et-developpement.com\/nievre\/wp-json\/wp\/v2\/product"}],"about":[{"href":"https:\/\/nature-et-developpement.com\/nievre\/wp-json\/wp\/v2\/types\/product"}],"wp:featuredmedia":[{"embeddable":true,"href":"https:\/\/nature-et-developpement.com\/nievre\/wp-json\/wp\/v2\/media\/22779"}],"wp:attachment":[{"href":"https:\/\/nature-et-developpement.com\/nievre\/wp-json\/wp\/v2\/media?parent=22778"}],"wp:term":[{"taxonomy":"product_brand","embeddable":true,"href":"https:\/\/nature-et-developpement.com\/nievre\/wp-json\/wp\/v2\/product_brand?post=22778"},{"taxonomy":"product_cat","embeddable":true,"href":"https:\/\/nature-et-developpement.com\/nievre\/wp-json\/wp\/v2\/product_cat?post=22778"},{"taxonomy":"product_tag","embeddable":true,"href":"https:\/\/nature-et-developpement.com\/nievre\/wp-json\/wp\/v2\/product_tag?post=22778"}],"curies":[{"name":"wp","href":"https:\/\/api.w.org\/{rel}","templated":true}]}}