{"id":23437,"date":"2022-03-09T10:53:16","date_gmt":"2022-03-09T09:53:16","guid":{"rendered":"https:\/\/nature-et-developpement.com\/nievre\/produit\/bache-de-protection-peinture-exterieure-scotch-easy-mask-recharge\/"},"modified":"2026-01-06T14:35:37","modified_gmt":"2026-01-06T13:35:37","slug":"bache-de-protection-peinture-exterieure-scotch-easy-mask-recharge","status":"publish","type":"product","link":"https:\/\/nature-et-developpement.com\/nievre\/produit\/bache-de-protection-peinture-exterieure-scotch-easy-mask-recharge\/","title":{"rendered":"B\u00e2che de protection peinture ext\u00e9rieure + scotch Easy mask recharge"},"content":{"rendered":"<h2>Film de protection avec bande adh\u00e9sive pour usage ext\u00e9rieur<\/h2>\n<p>Pour masquer et couvrir des grandes surfaces (meubles,<br \/>\nmurs et pi\u00e8ce humide).<\/p>\n<p>Convient aux surfaces rugueuses.<\/p>\n<p>Usage ext\u00e9rieur.<\/p>\n<p>Adh\u00e9rence aux surfaces gr\u00e2ce \u00e0 ses propri\u00e9t\u00e9s \u00e9lectrostatiques.<\/p>\n","protected":false},"excerpt":{"rendered":"<p>Pour tout masquer en ext\u00e9rieur, rapidement et s\u00fbrement.<br \/>\nLes recharges se ventent aussi avec leurs distributeurs, pour plus de facilit\u00e9 \u00e0 mettre en place, ou peuvent \u00eatre utilis\u00e9es seules.<\/p>\n","protected":false},"featured_media":1000000167095,"template":"","meta":[],"product_brand":[2737],"product_cat":[59,748,1512,143],"product_tag":[3995],"class_list":{"0":"post-23437","1":"product","2":"type-product","3":"status-publish","4":"has-post-thumbnail","6":"product_brand-ocai","7":"product_cat-accessoires-peinture-et-enduit","8":"product_cat-outillage","9":"product_cat-outillage-peinture-et-enduit","10":"product_cat-preparation-du-support","11":"product_tag-peinture","12":"product_shipping_class-petit-equipement-outil-eclairage","14":"first","15":"instock","16":"taxable","17":"shipping-taxable","18":"purchasable","19":"product-type-variable"},"yoast_head":"<!-- This site is optimized with the Yoast SEO plugin v27.5 - https:\/\/yoast.com\/product\/yoast-seo-wordpress\/ -->\n<title>B\u00e2che de protection peinture ext\u00e9rieure + scotch Easy mask recharge<\/title>\n<meta name=\"description\" content=\"Pour tout masquer en ext\u00e9rieur, rapidement et s\u00fbrement. Les recharges se ventent aussi avec leurs distributeurs, pour plus de facilit\u00e9 \u00e0 mettre en place, ou peuvent \u00eatre utilis\u00e9es seules.\" \/>\n<meta name=\"robots\" content=\"noindex, nofollow\" \/>\n<meta property=\"og:locale\" content=\"fr_FR\" \/>\n<meta property=\"og:type\" content=\"article\" \/>\n<meta property=\"og:title\" content=\"B\u00e2che de protection peinture ext\u00e9rieure + scotch Easy mask recharge\" \/>\n<meta property=\"og:description\" content=\"Pour tout masquer en ext\u00e9rieur, rapidement et s\u00fbrement. Les recharges se ventent aussi avec leurs distributeurs, pour plus de facilit\u00e9 \u00e0 mettre en place, ou peuvent \u00eatre utilis\u00e9es seules.\" \/>\n<meta property=\"og:url\" content=\"https:\/\/nature-et-developpement.com\/nievre\/produit\/bache-de-protection-peinture-exterieure-scotch-easy-mask-recharge\/\" \/>\n<meta property=\"og:site_name\" content=\"Ni\u00e8vre Eco Mat\u00e9riaux\" \/>\n<meta property=\"article:publisher\" content=\"https:\/\/www.facebook.com\/nievreecomateriauxcoulanges\/\" \/>\n<meta property=\"article:modified_time\" content=\"2026-01-06T13:35:37+00:00\" \/>\n<meta name=\"twitter:card\" content=\"summary_large_image\" \/>\n<meta name=\"twitter:label1\" content=\"Dur\u00e9e de lecture estim\u00e9e\" \/>\n\t<meta name=\"twitter:data1\" content=\"1 minute\" \/>\n<script type=\"application\/ld+json\" class=\"yoast-schema-graph\">{\"@context\":\"https:\\\/\\\/schema.org\",\"@graph\":[{\"@type\":\"WebPage\",\"@id\":\"https:\\\/\\\/nature-et-developpement.com\\\/nievre\\\/produit\\\/bache-de-protection-peinture-exterieure-scotch-easy-mask-recharge\\\/\",\"url\":\"https:\\\/\\\/nature-et-developpement.com\\\/nievre\\\/produit\\\/bache-de-protection-peinture-exterieure-scotch-easy-mask-recharge\\\/\",\"name\":\"B\u00e2che de protection peinture ext\u00e9rieure + scotch Easy mask recharge\",\"isPartOf\":{\"@id\":\"https:\\\/\\\/nature-et-developpement.com\\\/nievre\\\/#website\"},\"primaryImageOfPage\":{\"@id\":\"https:\\\/\\\/nature-et-developpement.com\\\/nievre\\\/produit\\\/bache-de-protection-peinture-exterieure-scotch-easy-mask-recharge\\\/#primaryimage\"},\"image\":{\"@id\":\"https:\\\/\\\/nature-et-developpement.com\\\/nievre\\\/produit\\\/bache-de-protection-peinture-exterieure-scotch-easy-mask-recharge\\\/#primaryimage\"},\"thumbnailUrl\":\"https:\\\/\\\/nature-et-developpement.com\\\/nievre\\\/wp-content\\\/uploads\\\/Bache-de-protection-peinture-scotch-integre-Easy-mask-exterieur-recaharge.jpg\",\"datePublished\":\"2022-03-09T09:53:16+00:00\",\"dateModified\":\"2026-01-06T13:35:37+00:00\",\"description\":\"Pour tout masquer en ext\u00e9rieur, rapidement et s\u00fbrement. Les recharges se ventent aussi avec leurs distributeurs, pour plus de facilit\u00e9 \u00e0 mettre en place, ou peuvent \u00eatre utilis\u00e9es seules.\",\"breadcrumb\":{\"@id\":\"https:\\\/\\\/nature-et-developpement.com\\\/nievre\\\/produit\\\/bache-de-protection-peinture-exterieure-scotch-easy-mask-recharge\\\/#breadcrumb\"},\"inLanguage\":\"fr-FR\",\"potentialAction\":[{\"@type\":\"ReadAction\",\"target\":[\"https:\\\/\\\/nature-et-developpement.com\\\/nievre\\\/produit\\\/bache-de-protection-peinture-exterieure-scotch-easy-mask-recharge\\\/\"]}]},{\"@type\":\"ImageObject\",\"inLanguage\":\"fr-FR\",\"@id\":\"https:\\\/\\\/nature-et-developpement.com\\\/nievre\\\/produit\\\/bache-de-protection-peinture-exterieure-scotch-easy-mask-recharge\\\/#primaryimage\",\"url\":\"https:\\\/\\\/nature-et-developpement.com\\\/nievre\\\/wp-content\\\/uploads\\\/Bache-de-protection-peinture-scotch-integre-Easy-mask-exterieur-recaharge.jpg\",\"contentUrl\":\"https:\\\/\\\/nature-et-developpement.com\\\/nievre\\\/wp-content\\\/uploads\\\/Bache-de-protection-peinture-scotch-integre-Easy-mask-exterieur-recaharge.jpg\"},{\"@type\":\"BreadcrumbList\",\"@id\":\"https:\\\/\\\/nature-et-developpement.com\\\/nievre\\\/produit\\\/bache-de-protection-peinture-exterieure-scotch-easy-mask-recharge\\\/#breadcrumb\",\"itemListElement\":[{\"@type\":\"ListItem\",\"position\":1,\"name\":\"Accueil\",\"item\":\"https:\\\/\\\/nature-et-developpement.com\\\/nievre\\\/\"},{\"@type\":\"ListItem\",\"position\":2,\"name\":\"Produits\",\"item\":\"https:\\\/\\\/nature-et-developpement.com\\\/nievre\\\/shop\\\/\"},{\"@type\":\"ListItem\",\"position\":3,\"name\":\"Demande de devis uniquement AVEC PRIX\",\"item\":\"https:\\\/\\\/nature-et-developpement.com\\\/nievre\\\/produits\\\/demande-de-devis-uniquement-avec-prix\\\/\"},{\"@type\":\"ListItem\",\"position\":4,\"name\":\"B\u00e2che de protection peinture ext\u00e9rieure + scotch Easy mask recharge\"}]},{\"@type\":\"WebSite\",\"@id\":\"https:\\\/\\\/nature-et-developpement.com\\\/nievre\\\/#website\",\"url\":\"https:\\\/\\\/nature-et-developpement.com\\\/nievre\\\/\",\"name\":\"Ni\u00e8vre Eco Mat\u00e9riaux\",\"description\":\"Ni\u00e8vre Eco Mat\u00e9riaux est membre du groupement Nature &amp; D\u00e9veloppement\",\"publisher\":{\"@id\":\"https:\\\/\\\/nature-et-developpement.com\\\/nievre\\\/#organization\"},\"potentialAction\":[{\"@type\":\"SearchAction\",\"target\":{\"@type\":\"EntryPoint\",\"urlTemplate\":\"https:\\\/\\\/nature-et-developpement.com\\\/nievre\\\/?s={search_term_string}\"},\"query-input\":{\"@type\":\"PropertyValueSpecification\",\"valueRequired\":true,\"valueName\":\"search_term_string\"}}],\"inLanguage\":\"fr-FR\"},{\"@type\":\"Organization\",\"@id\":\"https:\\\/\\\/nature-et-developpement.com\\\/nievre\\\/#organization\",\"name\":\"Ni\u00e8vre Eco Mat\u00e9riaux\",\"url\":\"https:\\\/\\\/nature-et-developpement.com\\\/nievre\\\/\",\"logo\":{\"@type\":\"ImageObject\",\"inLanguage\":\"fr-FR\",\"@id\":\"https:\\\/\\\/nature-et-developpement.com\\\/nievre\\\/#\\\/schema\\\/logo\\\/image\\\/\",\"url\":\"https:\\\/\\\/nature-et-developpement.com\\\/nievre\\\/wp-content\\\/uploads\\\/sites\\\/12\\\/2021\\\/09\\\/nievre-eco-materiaux.jpg\",\"contentUrl\":\"https:\\\/\\\/nature-et-developpement.com\\\/nievre\\\/wp-content\\\/uploads\\\/sites\\\/12\\\/2021\\\/09\\\/nievre-eco-materiaux.jpg\",\"width\":1024,\"height\":198,\"caption\":\"Ni\u00e8vre Eco Mat\u00e9riaux\"},\"image\":{\"@id\":\"https:\\\/\\\/nature-et-developpement.com\\\/nievre\\\/#\\\/schema\\\/logo\\\/image\\\/\"},\"sameAs\":[\"https:\\\/\\\/www.facebook.com\\\/nievreecomateriauxcoulanges\\\/\"]}]}<\/script>\n<!-- \/ Yoast SEO plugin. -->","yoast_head_json":{"title":"B\u00e2che de protection peinture ext\u00e9rieure + scotch Easy mask recharge","description":"Pour tout masquer en ext\u00e9rieur, rapidement et s\u00fbrement. Les recharges se ventent aussi avec leurs distributeurs, pour plus de facilit\u00e9 \u00e0 mettre en place, ou peuvent \u00eatre utilis\u00e9es seules.","robots":{"index":"noindex","follow":"nofollow"},"og_locale":"fr_FR","og_type":"article","og_title":"B\u00e2che de protection peinture ext\u00e9rieure + scotch Easy mask recharge","og_description":"Pour tout masquer en ext\u00e9rieur, rapidement et s\u00fbrement. Les recharges se ventent aussi avec leurs distributeurs, pour plus de facilit\u00e9 \u00e0 mettre en place, ou peuvent \u00eatre utilis\u00e9es seules.","og_url":"https:\/\/nature-et-developpement.com\/nievre\/produit\/bache-de-protection-peinture-exterieure-scotch-easy-mask-recharge\/","og_site_name":"Ni\u00e8vre Eco Mat\u00e9riaux","article_publisher":"https:\/\/www.facebook.com\/nievreecomateriauxcoulanges\/","article_modified_time":"2026-01-06T13:35:37+00:00","twitter_card":"summary_large_image","twitter_misc":{"Dur\u00e9e de lecture estim\u00e9e":"1 minute"},"schema":{"@context":"https:\/\/schema.org","@graph":[{"@type":"WebPage","@id":"https:\/\/nature-et-developpement.com\/nievre\/produit\/bache-de-protection-peinture-exterieure-scotch-easy-mask-recharge\/","url":"https:\/\/nature-et-developpement.com\/nievre\/produit\/bache-de-protection-peinture-exterieure-scotch-easy-mask-recharge\/","name":"B\u00e2che de protection peinture ext\u00e9rieure + scotch Easy mask recharge","isPartOf":{"@id":"https:\/\/nature-et-developpement.com\/nievre\/#website"},"primaryImageOfPage":{"@id":"https:\/\/nature-et-developpement.com\/nievre\/produit\/bache-de-protection-peinture-exterieure-scotch-easy-mask-recharge\/#primaryimage"},"image":{"@id":"https:\/\/nature-et-developpement.com\/nievre\/produit\/bache-de-protection-peinture-exterieure-scotch-easy-mask-recharge\/#primaryimage"},"thumbnailUrl":"https:\/\/nature-et-developpement.com\/nievre\/wp-content\/uploads\/Bache-de-protection-peinture-scotch-integre-Easy-mask-exterieur-recaharge.jpg","datePublished":"2022-03-09T09:53:16+00:00","dateModified":"2026-01-06T13:35:37+00:00","description":"Pour tout masquer en ext\u00e9rieur, rapidement et s\u00fbrement. Les recharges se ventent aussi avec leurs distributeurs, pour plus de facilit\u00e9 \u00e0 mettre en place, ou peuvent \u00eatre utilis\u00e9es seules.","breadcrumb":{"@id":"https:\/\/nature-et-developpement.com\/nievre\/produit\/bache-de-protection-peinture-exterieure-scotch-easy-mask-recharge\/#breadcrumb"},"inLanguage":"fr-FR","potentialAction":[{"@type":"ReadAction","target":["https:\/\/nature-et-developpement.com\/nievre\/produit\/bache-de-protection-peinture-exterieure-scotch-easy-mask-recharge\/"]}]},{"@type":"ImageObject","inLanguage":"fr-FR","@id":"https:\/\/nature-et-developpement.com\/nievre\/produit\/bache-de-protection-peinture-exterieure-scotch-easy-mask-recharge\/#primaryimage","url":"https:\/\/nature-et-developpement.com\/nievre\/wp-content\/uploads\/Bache-de-protection-peinture-scotch-integre-Easy-mask-exterieur-recaharge.jpg","contentUrl":"https:\/\/nature-et-developpement.com\/nievre\/wp-content\/uploads\/Bache-de-protection-peinture-scotch-integre-Easy-mask-exterieur-recaharge.jpg"},{"@type":"BreadcrumbList","@id":"https:\/\/nature-et-developpement.com\/nievre\/produit\/bache-de-protection-peinture-exterieure-scotch-easy-mask-recharge\/#breadcrumb","itemListElement":[{"@type":"ListItem","position":1,"name":"Accueil","item":"https:\/\/nature-et-developpement.com\/nievre\/"},{"@type":"ListItem","position":2,"name":"Produits","item":"https:\/\/nature-et-developpement.com\/nievre\/shop\/"},{"@type":"ListItem","position":3,"name":"Demande de devis uniquement AVEC PRIX","item":"https:\/\/nature-et-developpement.com\/nievre\/produits\/demande-de-devis-uniquement-avec-prix\/"},{"@type":"ListItem","position":4,"name":"B\u00e2che de protection peinture ext\u00e9rieure + scotch Easy mask recharge"}]},{"@type":"WebSite","@id":"https:\/\/nature-et-developpement.com\/nievre\/#website","url":"https:\/\/nature-et-developpement.com\/nievre\/","name":"Ni\u00e8vre Eco Mat\u00e9riaux","description":"Ni\u00e8vre Eco Mat\u00e9riaux est membre du groupement Nature &amp; D\u00e9veloppement","publisher":{"@id":"https:\/\/nature-et-developpement.com\/nievre\/#organization"},"potentialAction":[{"@type":"SearchAction","target":{"@type":"EntryPoint","urlTemplate":"https:\/\/nature-et-developpement.com\/nievre\/?s={search_term_string}"},"query-input":{"@type":"PropertyValueSpecification","valueRequired":true,"valueName":"search_term_string"}}],"inLanguage":"fr-FR"},{"@type":"Organization","@id":"https:\/\/nature-et-developpement.com\/nievre\/#organization","name":"Ni\u00e8vre Eco Mat\u00e9riaux","url":"https:\/\/nature-et-developpement.com\/nievre\/","logo":{"@type":"ImageObject","inLanguage":"fr-FR","@id":"https:\/\/nature-et-developpement.com\/nievre\/#\/schema\/logo\/image\/","url":"https:\/\/nature-et-developpement.com\/nievre\/wp-content\/uploads\/sites\/12\/2021\/09\/nievre-eco-materiaux.jpg","contentUrl":"https:\/\/nature-et-developpement.com\/nievre\/wp-content\/uploads\/sites\/12\/2021\/09\/nievre-eco-materiaux.jpg","width":1024,"height":198,"caption":"Ni\u00e8vre Eco Mat\u00e9riaux"},"image":{"@id":"https:\/\/nature-et-developpement.com\/nievre\/#\/schema\/logo\/image\/"},"sameAs":["https:\/\/www.facebook.com\/nievreecomateriauxcoulanges\/"]}]}},"distributor_meta":false,"distributor_terms":false,"distributor_media":false,"distributor_original_site_name":"Ni\u00e8vre Eco Mat\u00e9riaux","distributor_original_site_url":"https:\/\/nature-et-developpement.com\/nievre","push-errors":false,"_links":{"self":[{"href":"https:\/\/nature-et-developpement.com\/nievre\/wp-json\/wp\/v2\/product\/23437","targetHints":{"allow":["GET"]}}],"collection":[{"href":"https:\/\/nature-et-developpement.com\/nievre\/wp-json\/wp\/v2\/product"}],"about":[{"href":"https:\/\/nature-et-developpement.com\/nievre\/wp-json\/wp\/v2\/types\/product"}],"wp:featuredmedia":[{"embeddable":true,"href":"https:\/\/nature-et-developpement.com\/nievre\/wp-json\/"}],"wp:attachment":[{"href":"https:\/\/nature-et-developpement.com\/nievre\/wp-json\/wp\/v2\/media?parent=23437"}],"wp:term":[{"taxonomy":"product_brand","embeddable":true,"href":"https:\/\/nature-et-developpement.com\/nievre\/wp-json\/wp\/v2\/product_brand?post=23437"},{"taxonomy":"product_cat","embeddable":true,"href":"https:\/\/nature-et-developpement.com\/nievre\/wp-json\/wp\/v2\/product_cat?post=23437"},{"taxonomy":"product_tag","embeddable":true,"href":"https:\/\/nature-et-developpement.com\/nievre\/wp-json\/wp\/v2\/product_tag?post=23437"}],"curies":[{"name":"wp","href":"https:\/\/api.w.org\/{rel}","templated":true}]}}