{"id":32463,"date":"2023-11-07T16:14:44","date_gmt":"2023-11-07T15:14:44","guid":{"rendered":"https:\/\/nature-et-developpement.com\/nievre\/?post_type=product&#038;p=32463"},"modified":"2026-03-10T10:36:06","modified_gmt":"2026-03-10T09:36:06","slug":"lambris-peuplier-massif-choix-rustique","status":"publish","type":"product","link":"https:\/\/nature-et-developpement.com\/nievre\/produit\/lambris-peuplier-massif-choix-rustique\/","title":{"rendered":"Lambris peuplier massif &#8211; Choix rustique"},"content":{"rendered":"<div class=\"group final-completion w-full text-token-text-primary border-b border-black\/10 gizmo:border-0 dark:border-gray-900\/50 gizmo:dark:border-0 bg-gray-50 gizmo:bg-transparent dark:bg-[#444654] gizmo:dark:bg-transparent\" data-testid=\"conversation-turn-7\">\n<div class=\"p-4 justify-center text-base md:gap-6 md:py-6 m-auto\">\n<div class=\"flex flex-1 gap-4 text-base mx-auto md:gap-6 gizmo:gap-3 gizmo:md:px-5 gizmo:lg:px-1 gizmo:xl:px-5 md:max-w-2xl lg:max-w-[38rem] gizmo:md:max-w-3xl gizmo:lg:max-w-[40rem] gizmo:xl:max-w-[48rem] xl:max-w-3xl }\">\n<div class=\"relative flex w-[calc(100%-50px)] flex-col gizmo:w-full lg:w-[calc(100%-115px)] agent-turn\">\n<div class=\"flex-col gap-1 md:gap-3\">\n<div class=\"flex flex-grow flex-col gap-3 max-w-full\">\n<div class=\"min-h-[20px] flex flex-col items-start gap-3 whitespace-pre-wrap break-words overflow-x-auto\">\n<div class=\"markdown prose w-full break-words dark:prose-invert light\">\n<p>Fabriqu\u00e9 en Dordogne, le lambris peuplier que nous mettons \u00e0 votre disposition est con\u00e7u pour la d\u00e9coration int\u00e9rieure. Il conf\u00e8re un aspect clair qui convient aussi bien aux ambiances rustiques que contemporaines. Ce bois, de teinte blanche ivoire, se caract\u00e9rise par des veines peu prononc\u00e9es. En tant que bois tendre, il est \u00e0 la fois l\u00e9ger et lumineux, ce qui en fait un choix id\u00e9al pour pr\u00e9server la luminosit\u00e9 tout en apportant la chaleur naturelle du bois.<\/p>\n<p>Explorez notre gamme de lambris en \u00e9l\u00e9gie droit, un choix rustique qui se distingue par sa couleur h\u00e9t\u00e9rog\u00e8ne (pouvant arborer des teintes bleues variant d&rsquo;un lot \u00e0 l&rsquo;autre) et l&rsquo;acceptation des d\u00e9fauts de rabotage. Vous y d\u00e9couvrirez des n\u0153uds sans limite, apportant une esth\u00e9tique authentique \u00e0\u00a0vos espaces.<\/p>\n<p><img loading=\"lazy\" decoding=\"async\" class=\"alignnone size-medium wp-image-32571\" src=\"https:\/\/nature-et-developpement.com\/nievre\/wp-content\/uploads\/sites\/12\/2023\/11\/Profil-lambris-peuplier-1-300x118.jpg\" alt=\"\" width=\"300\" height=\"118\" srcset=\"https:\/\/nature-et-developpement.com\/nievre\/wp-content\/uploads\/sites\/12\/2023\/11\/Profil-lambris-peuplier-1-300x118.jpg 300w, https:\/\/nature-et-developpement.com\/nievre\/wp-content\/uploads\/sites\/12\/2023\/11\/Profil-lambris-peuplier-1-600x237.jpg 600w, https:\/\/nature-et-developpement.com\/nievre\/wp-content\/uploads\/sites\/12\/2023\/11\/Profil-lambris-peuplier-1.jpg 700w\" sizes=\"auto, (max-width: 300px) 100vw, 300px\" \/><\/p>\n<\/div>\n<\/div>\n<\/div>\n<\/div>\n<\/div>\n<\/div>\n<\/div>\n<\/div>\n","protected":false},"excerpt":{"rendered":"<div class=\"group final-completion w-full text-token-text-primary border-b border-black\/10 gizmo:border-0 dark:border-gray-900\/50 gizmo:dark:border-0 bg-gray-50 gizmo:bg-transparent dark:bg-[#444654] gizmo:dark:bg-transparent\" data-testid=\"conversation-turn-9\">\n<div class=\"p-4 justify-center text-base md:gap-6 md:py-6 m-auto\">\n<div class=\"flex flex-1 gap-4 text-base mx-auto md:gap-6 gizmo:gap-3 gizmo:md:px-5 gizmo:lg:px-1 gizmo:xl:px-5 md:max-w-2xl lg:max-w-[38rem] gizmo:md:max-w-3xl gizmo:lg:max-w-[40rem] gizmo:xl:max-w-[48rem] xl:max-w-3xl }\">\n<div class=\"relative flex w-[calc(100%-50px)] flex-col gizmo:w-full lg:w-[calc(100%-115px)] agent-turn\">\n<div class=\"flex-col gap-1 md:gap-3\">\n<div class=\"flex flex-grow flex-col gap-3 max-w-full\">\n<div class=\"min-h-[20px] flex flex-col items-start gap-3 whitespace-pre-wrap break-words overflow-x-auto\">\n<div class=\"markdown prose w-full break-words dark:prose-invert light\">\n<p>Le lambris en peuplier int\u00e9rieur est devenu un choix populaire pour ceux qui cherchent \u00e0 ajouter une touche d&rsquo;\u00e9l\u00e9gance naturelle \u00e0 leur espace. Le peuplier est un bois \u00e0 croissance rapide, ce qui en fait une option plus durable que d&rsquo;autres essences de bois. En outre, sa couleur p\u00e2le et ses veines douces en font un mat\u00e9riau id\u00e9al pour cr\u00e9er une ambiance chaleureuse et accueillante dans n&rsquo;importe quelle pi\u00e8ce de la maison.<\/p>\n<\/div>\n<\/div>\n<\/div>\n<\/div>\n<\/div>\n<\/div>\n<\/div>\n<\/div>\n","protected":false},"featured_media":32486,"template":"","meta":[],"product_brand":[],"product_cat":[57,246],"product_tag":[2843,4101,4204,4258,4205,2884],"class_list":{"0":"post-32463","1":"product","2":"type-product","3":"status-publish","4":"has-post-thumbnail","6":"product_cat-agencement-interieur","7":"product_cat-revetement-muraux","8":"product_tag-bois","9":"product_tag-decoration-interieure","10":"product_tag-lambris","11":"product_tag-lambris-peuplier","12":"product_tag-parement","13":"product_tag-peuplier","14":"product_shipping_class-transport-parquet-lambris-meister","16":"first","17":"instock","18":"sale","19":"taxable","20":"shipping-taxable","21":"purchasable","22":"product-type-variable"},"yoast_head":"<!-- This site is optimized with the Yoast SEO plugin v27.5 - https:\/\/yoast.com\/product\/yoast-seo-wordpress\/ -->\n<title>Lambris peuplier massif - Choix rustique<\/title>\n<meta name=\"description\" content=\"Le lambris en peuplier int\u00e9rieur est devenu un choix populaire pour ceux qui cherchent \u00e0 ajouter une touche d&#039;\u00e9l\u00e9gance naturelle \u00e0 leur espace. Le peuplier est un bois \u00e0 croissance rapide, ce qui en fait une option plus durable que d&#039;autres essences de bois. En outre, sa couleur p\u00e2le et ses veines douces en font un mat\u00e9riau id\u00e9al pour cr\u00e9er une ambiance chaleureuse et accueillante dans n&#039;importe quelle pi\u00e8ce de la maison.\" \/>\n<meta name=\"robots\" content=\"noindex, follow\" \/>\n<meta property=\"og:locale\" content=\"fr_FR\" \/>\n<meta property=\"og:type\" content=\"article\" \/>\n<meta property=\"og:title\" content=\"Lambris peuplier massif - Choix rustique\" \/>\n<meta property=\"og:description\" content=\"Le lambris en peuplier int\u00e9rieur est devenu un choix populaire pour ceux qui cherchent \u00e0 ajouter une touche d&#039;\u00e9l\u00e9gance naturelle \u00e0 leur espace. Le peuplier est un bois \u00e0 croissance rapide, ce qui en fait une option plus durable que d&#039;autres essences de bois. En outre, sa couleur p\u00e2le et ses veines douces en font un mat\u00e9riau id\u00e9al pour cr\u00e9er une ambiance chaleureuse et accueillante dans n&#039;importe quelle pi\u00e8ce de la maison.\" \/>\n<meta property=\"og:url\" content=\"https:\/\/nature-et-developpement.com\/nievre\/produit\/lambris-peuplier-massif-choix-rustique\/\" \/>\n<meta property=\"og:site_name\" content=\"Ni\u00e8vre Eco Mat\u00e9riaux\" \/>\n<meta property=\"article:publisher\" content=\"https:\/\/www.facebook.com\/nievreecomateriauxcoulanges\/\" \/>\n<meta property=\"article:modified_time\" content=\"2026-03-10T09:36:06+00:00\" \/>\n<meta property=\"og:image\" content=\"https:\/\/nature-et-developpement.com\/nievre\/wp-content\/uploads\/sites\/12\/2023\/10\/Lambris-peuplier-magasin-2.jpg\" \/>\n\t<meta property=\"og:image:width\" content=\"600\" \/>\n\t<meta property=\"og:image:height\" content=\"600\" \/>\n\t<meta property=\"og:image:type\" content=\"image\/jpeg\" \/>\n<meta name=\"twitter:card\" content=\"summary_large_image\" \/>\n<meta name=\"twitter:label1\" content=\"Dur\u00e9e de lecture estim\u00e9e\" \/>\n\t<meta name=\"twitter:data1\" content=\"1 minute\" \/>\n<script type=\"application\/ld+json\" class=\"yoast-schema-graph\">{\"@context\":\"https:\\\/\\\/schema.org\",\"@graph\":[{\"@type\":\"WebPage\",\"@id\":\"https:\\\/\\\/nature-et-developpement.com\\\/nievre\\\/produit\\\/lambris-peuplier-massif-choix-rustique\\\/\",\"url\":\"https:\\\/\\\/nature-et-developpement.com\\\/nievre\\\/produit\\\/lambris-peuplier-massif-choix-rustique\\\/\",\"name\":\"Lambris peuplier massif - Choix rustique\",\"isPartOf\":{\"@id\":\"https:\\\/\\\/nature-et-developpement.com\\\/nievre\\\/#website\"},\"primaryImageOfPage\":{\"@id\":\"https:\\\/\\\/nature-et-developpement.com\\\/nievre\\\/produit\\\/lambris-peuplier-massif-choix-rustique\\\/#primaryimage\"},\"image\":{\"@id\":\"https:\\\/\\\/nature-et-developpement.com\\\/nievre\\\/produit\\\/lambris-peuplier-massif-choix-rustique\\\/#primaryimage\"},\"thumbnailUrl\":\"https:\\\/\\\/nature-et-developpement.com\\\/nievre\\\/wp-content\\\/uploads\\\/sites\\\/12\\\/2023\\\/10\\\/Lambris-peuplier-magasin-2.jpg\",\"datePublished\":\"2023-11-07T15:14:44+00:00\",\"dateModified\":\"2026-03-10T09:36:06+00:00\",\"description\":\"Le lambris en peuplier int\u00e9rieur est devenu un choix populaire pour ceux qui cherchent \u00e0 ajouter une touche d'\u00e9l\u00e9gance naturelle \u00e0 leur espace. Le peuplier est un bois \u00e0 croissance rapide, ce qui en fait une option plus durable que d'autres essences de bois. En outre, sa couleur p\u00e2le et ses veines douces en font un mat\u00e9riau id\u00e9al pour cr\u00e9er une ambiance chaleureuse et accueillante dans n'importe quelle pi\u00e8ce de la maison.\",\"breadcrumb\":{\"@id\":\"https:\\\/\\\/nature-et-developpement.com\\\/nievre\\\/produit\\\/lambris-peuplier-massif-choix-rustique\\\/#breadcrumb\"},\"inLanguage\":\"fr-FR\",\"potentialAction\":[{\"@type\":\"ReadAction\",\"target\":[\"https:\\\/\\\/nature-et-developpement.com\\\/nievre\\\/produit\\\/lambris-peuplier-massif-choix-rustique\\\/\"]}]},{\"@type\":\"ImageObject\",\"inLanguage\":\"fr-FR\",\"@id\":\"https:\\\/\\\/nature-et-developpement.com\\\/nievre\\\/produit\\\/lambris-peuplier-massif-choix-rustique\\\/#primaryimage\",\"url\":\"https:\\\/\\\/nature-et-developpement.com\\\/nievre\\\/wp-content\\\/uploads\\\/sites\\\/12\\\/2023\\\/10\\\/Lambris-peuplier-magasin-2.jpg\",\"contentUrl\":\"https:\\\/\\\/nature-et-developpement.com\\\/nievre\\\/wp-content\\\/uploads\\\/sites\\\/12\\\/2023\\\/10\\\/Lambris-peuplier-magasin-2.jpg\",\"width\":600,\"height\":600},{\"@type\":\"BreadcrumbList\",\"@id\":\"https:\\\/\\\/nature-et-developpement.com\\\/nievre\\\/produit\\\/lambris-peuplier-massif-choix-rustique\\\/#breadcrumb\",\"itemListElement\":[{\"@type\":\"ListItem\",\"position\":1,\"name\":\"Accueil\",\"item\":\"https:\\\/\\\/nature-et-developpement.com\\\/nievre\\\/\"},{\"@type\":\"ListItem\",\"position\":2,\"name\":\"Produits\",\"item\":\"https:\\\/\\\/nature-et-developpement.com\\\/nievre\\\/shop\\\/\"},{\"@type\":\"ListItem\",\"position\":3,\"name\":\"Agencement int\u00e9rieur\",\"item\":\"https:\\\/\\\/nature-et-developpement.com\\\/nievre\\\/produits\\\/agencement-interieur\\\/\"},{\"@type\":\"ListItem\",\"position\":4,\"name\":\"Lambris peuplier massif &#8211; Choix rustique\"}]},{\"@type\":\"WebSite\",\"@id\":\"https:\\\/\\\/nature-et-developpement.com\\\/nievre\\\/#website\",\"url\":\"https:\\\/\\\/nature-et-developpement.com\\\/nievre\\\/\",\"name\":\"Ni\u00e8vre Eco Mat\u00e9riaux\",\"description\":\"Ni\u00e8vre Eco Mat\u00e9riaux est membre du groupement Nature &amp; D\u00e9veloppement\",\"publisher\":{\"@id\":\"https:\\\/\\\/nature-et-developpement.com\\\/nievre\\\/#organization\"},\"potentialAction\":[{\"@type\":\"SearchAction\",\"target\":{\"@type\":\"EntryPoint\",\"urlTemplate\":\"https:\\\/\\\/nature-et-developpement.com\\\/nievre\\\/?s={search_term_string}\"},\"query-input\":{\"@type\":\"PropertyValueSpecification\",\"valueRequired\":true,\"valueName\":\"search_term_string\"}}],\"inLanguage\":\"fr-FR\"},{\"@type\":\"Organization\",\"@id\":\"https:\\\/\\\/nature-et-developpement.com\\\/nievre\\\/#organization\",\"name\":\"Ni\u00e8vre Eco Mat\u00e9riaux\",\"url\":\"https:\\\/\\\/nature-et-developpement.com\\\/nievre\\\/\",\"logo\":{\"@type\":\"ImageObject\",\"inLanguage\":\"fr-FR\",\"@id\":\"https:\\\/\\\/nature-et-developpement.com\\\/nievre\\\/#\\\/schema\\\/logo\\\/image\\\/\",\"url\":\"https:\\\/\\\/nature-et-developpement.com\\\/nievre\\\/wp-content\\\/uploads\\\/sites\\\/12\\\/2021\\\/09\\\/nievre-eco-materiaux.jpg\",\"contentUrl\":\"https:\\\/\\\/nature-et-developpement.com\\\/nievre\\\/wp-content\\\/uploads\\\/sites\\\/12\\\/2021\\\/09\\\/nievre-eco-materiaux.jpg\",\"width\":1024,\"height\":198,\"caption\":\"Ni\u00e8vre Eco Mat\u00e9riaux\"},\"image\":{\"@id\":\"https:\\\/\\\/nature-et-developpement.com\\\/nievre\\\/#\\\/schema\\\/logo\\\/image\\\/\"},\"sameAs\":[\"https:\\\/\\\/www.facebook.com\\\/nievreecomateriauxcoulanges\\\/\"]}]}<\/script>\n<!-- \/ Yoast SEO plugin. -->","yoast_head_json":{"title":"Lambris peuplier massif - Choix rustique","description":"Le lambris en peuplier int\u00e9rieur est devenu un choix populaire pour ceux qui cherchent \u00e0 ajouter une touche d'\u00e9l\u00e9gance naturelle \u00e0 leur espace. Le peuplier est un bois \u00e0 croissance rapide, ce qui en fait une option plus durable que d'autres essences de bois. En outre, sa couleur p\u00e2le et ses veines douces en font un mat\u00e9riau id\u00e9al pour cr\u00e9er une ambiance chaleureuse et accueillante dans n'importe quelle pi\u00e8ce de la maison.","robots":{"index":"noindex","follow":"follow"},"og_locale":"fr_FR","og_type":"article","og_title":"Lambris peuplier massif - Choix rustique","og_description":"Le lambris en peuplier int\u00e9rieur est devenu un choix populaire pour ceux qui cherchent \u00e0 ajouter une touche d'\u00e9l\u00e9gance naturelle \u00e0 leur espace. Le peuplier est un bois \u00e0 croissance rapide, ce qui en fait une option plus durable que d'autres essences de bois. En outre, sa couleur p\u00e2le et ses veines douces en font un mat\u00e9riau id\u00e9al pour cr\u00e9er une ambiance chaleureuse et accueillante dans n'importe quelle pi\u00e8ce de la maison.","og_url":"https:\/\/nature-et-developpement.com\/nievre\/produit\/lambris-peuplier-massif-choix-rustique\/","og_site_name":"Ni\u00e8vre Eco Mat\u00e9riaux","article_publisher":"https:\/\/www.facebook.com\/nievreecomateriauxcoulanges\/","article_modified_time":"2026-03-10T09:36:06+00:00","og_image":[{"width":600,"height":600,"url":"https:\/\/nature-et-developpement.com\/nievre\/wp-content\/uploads\/sites\/12\/2023\/10\/Lambris-peuplier-magasin-2.jpg","type":"image\/jpeg"}],"twitter_card":"summary_large_image","twitter_misc":{"Dur\u00e9e de lecture estim\u00e9e":"1 minute"},"schema":{"@context":"https:\/\/schema.org","@graph":[{"@type":"WebPage","@id":"https:\/\/nature-et-developpement.com\/nievre\/produit\/lambris-peuplier-massif-choix-rustique\/","url":"https:\/\/nature-et-developpement.com\/nievre\/produit\/lambris-peuplier-massif-choix-rustique\/","name":"Lambris peuplier massif - Choix rustique","isPartOf":{"@id":"https:\/\/nature-et-developpement.com\/nievre\/#website"},"primaryImageOfPage":{"@id":"https:\/\/nature-et-developpement.com\/nievre\/produit\/lambris-peuplier-massif-choix-rustique\/#primaryimage"},"image":{"@id":"https:\/\/nature-et-developpement.com\/nievre\/produit\/lambris-peuplier-massif-choix-rustique\/#primaryimage"},"thumbnailUrl":"https:\/\/nature-et-developpement.com\/nievre\/wp-content\/uploads\/sites\/12\/2023\/10\/Lambris-peuplier-magasin-2.jpg","datePublished":"2023-11-07T15:14:44+00:00","dateModified":"2026-03-10T09:36:06+00:00","description":"Le lambris en peuplier int\u00e9rieur est devenu un choix populaire pour ceux qui cherchent \u00e0 ajouter une touche d'\u00e9l\u00e9gance naturelle \u00e0 leur espace. Le peuplier est un bois \u00e0 croissance rapide, ce qui en fait une option plus durable que d'autres essences de bois. En outre, sa couleur p\u00e2le et ses veines douces en font un mat\u00e9riau id\u00e9al pour cr\u00e9er une ambiance chaleureuse et accueillante dans n'importe quelle pi\u00e8ce de la maison.","breadcrumb":{"@id":"https:\/\/nature-et-developpement.com\/nievre\/produit\/lambris-peuplier-massif-choix-rustique\/#breadcrumb"},"inLanguage":"fr-FR","potentialAction":[{"@type":"ReadAction","target":["https:\/\/nature-et-developpement.com\/nievre\/produit\/lambris-peuplier-massif-choix-rustique\/"]}]},{"@type":"ImageObject","inLanguage":"fr-FR","@id":"https:\/\/nature-et-developpement.com\/nievre\/produit\/lambris-peuplier-massif-choix-rustique\/#primaryimage","url":"https:\/\/nature-et-developpement.com\/nievre\/wp-content\/uploads\/sites\/12\/2023\/10\/Lambris-peuplier-magasin-2.jpg","contentUrl":"https:\/\/nature-et-developpement.com\/nievre\/wp-content\/uploads\/sites\/12\/2023\/10\/Lambris-peuplier-magasin-2.jpg","width":600,"height":600},{"@type":"BreadcrumbList","@id":"https:\/\/nature-et-developpement.com\/nievre\/produit\/lambris-peuplier-massif-choix-rustique\/#breadcrumb","itemListElement":[{"@type":"ListItem","position":1,"name":"Accueil","item":"https:\/\/nature-et-developpement.com\/nievre\/"},{"@type":"ListItem","position":2,"name":"Produits","item":"https:\/\/nature-et-developpement.com\/nievre\/shop\/"},{"@type":"ListItem","position":3,"name":"Agencement int\u00e9rieur","item":"https:\/\/nature-et-developpement.com\/nievre\/produits\/agencement-interieur\/"},{"@type":"ListItem","position":4,"name":"Lambris peuplier massif &#8211; Choix rustique"}]},{"@type":"WebSite","@id":"https:\/\/nature-et-developpement.com\/nievre\/#website","url":"https:\/\/nature-et-developpement.com\/nievre\/","name":"Ni\u00e8vre Eco Mat\u00e9riaux","description":"Ni\u00e8vre Eco Mat\u00e9riaux est membre du groupement Nature &amp; D\u00e9veloppement","publisher":{"@id":"https:\/\/nature-et-developpement.com\/nievre\/#organization"},"potentialAction":[{"@type":"SearchAction","target":{"@type":"EntryPoint","urlTemplate":"https:\/\/nature-et-developpement.com\/nievre\/?s={search_term_string}"},"query-input":{"@type":"PropertyValueSpecification","valueRequired":true,"valueName":"search_term_string"}}],"inLanguage":"fr-FR"},{"@type":"Organization","@id":"https:\/\/nature-et-developpement.com\/nievre\/#organization","name":"Ni\u00e8vre Eco Mat\u00e9riaux","url":"https:\/\/nature-et-developpement.com\/nievre\/","logo":{"@type":"ImageObject","inLanguage":"fr-FR","@id":"https:\/\/nature-et-developpement.com\/nievre\/#\/schema\/logo\/image\/","url":"https:\/\/nature-et-developpement.com\/nievre\/wp-content\/uploads\/sites\/12\/2021\/09\/nievre-eco-materiaux.jpg","contentUrl":"https:\/\/nature-et-developpement.com\/nievre\/wp-content\/uploads\/sites\/12\/2021\/09\/nievre-eco-materiaux.jpg","width":1024,"height":198,"caption":"Ni\u00e8vre Eco Mat\u00e9riaux"},"image":{"@id":"https:\/\/nature-et-developpement.com\/nievre\/#\/schema\/logo\/image\/"},"sameAs":["https:\/\/www.facebook.com\/nievreecomateriauxcoulanges\/"]}]}},"distributor_meta":false,"distributor_terms":false,"distributor_media":false,"distributor_original_site_name":"Ni\u00e8vre Eco Mat\u00e9riaux","distributor_original_site_url":"https:\/\/nature-et-developpement.com\/nievre","push-errors":false,"_links":{"self":[{"href":"https:\/\/nature-et-developpement.com\/nievre\/wp-json\/wp\/v2\/product\/32463","targetHints":{"allow":["GET"]}}],"collection":[{"href":"https:\/\/nature-et-developpement.com\/nievre\/wp-json\/wp\/v2\/product"}],"about":[{"href":"https:\/\/nature-et-developpement.com\/nievre\/wp-json\/wp\/v2\/types\/product"}],"wp:featuredmedia":[{"embeddable":true,"href":"https:\/\/nature-et-developpement.com\/nievre\/wp-json\/wp\/v2\/media\/32486"}],"wp:attachment":[{"href":"https:\/\/nature-et-developpement.com\/nievre\/wp-json\/wp\/v2\/media?parent=32463"}],"wp:term":[{"taxonomy":"product_brand","embeddable":true,"href":"https:\/\/nature-et-developpement.com\/nievre\/wp-json\/wp\/v2\/product_brand?post=32463"},{"taxonomy":"product_cat","embeddable":true,"href":"https:\/\/nature-et-developpement.com\/nievre\/wp-json\/wp\/v2\/product_cat?post=32463"},{"taxonomy":"product_tag","embeddable":true,"href":"https:\/\/nature-et-developpement.com\/nievre\/wp-json\/wp\/v2\/product_tag?post=32463"}],"curies":[{"name":"wp","href":"https:\/\/api.w.org\/{rel}","templated":true}]}}