{"id":32476,"date":"2023-11-07T16:04:45","date_gmt":"2023-11-07T15:04:45","guid":{"rendered":"https:\/\/nature-et-developpement.com\/nievre\/?post_type=product&#038;p=32476"},"modified":"2026-03-10T10:27:59","modified_gmt":"2026-03-10T09:27:59","slug":"lambris-douglas-massif-choix-ab","status":"publish","type":"product","link":"https:\/\/nature-et-developpement.com\/nievre\/produit\/lambris-douglas-massif-choix-ab\/","title":{"rendered":"Lambris douglas massif &#8211; Choix AB"},"content":{"rendered":"<p>Originaire du Morvan, le Douglas, connu pour sa durabilit\u00e9 exceptionnelle, est naturellement r\u00e9sistant aux intemp\u00e9ries et aux insectes n&rsquo;imposant pas de produit d&rsquo;entretien. Cela en fait un choix judicieux pour les rev\u00eatements muraux int\u00e9rieurs, garantissant une long\u00e9vit\u00e9 in\u00e9gal\u00e9e. Mais ce n&rsquo;est pas seulement sa robustesse qui attire, c&rsquo;est aussi son esth\u00e9tique unique.<\/p>\n<p>La polyvalence du Lambris Douglas est un atout majeur. Il s&rsquo;int\u00e8gre harmonieusement dans une vari\u00e9t\u00e9 de styles de d\u00e9coration, qu&rsquo;il s&rsquo;agisse de cr\u00e9er une atmosph\u00e8re rustique, moderne, ou m\u00eame industrielle. De plus, son installation est un jeu d&rsquo;enfant, offrant aux amateurs de bricolage la possibilit\u00e9 de transformer leur espace int\u00e9rieur en un havre de chaleur et d&rsquo;authenticit\u00e9.<\/p>\n<p>Il est disponible dans des dimensions g\u00e9n\u00e9reuses de 21 mm d&rsquo;\u00e9paisseur, 200 mm de largeur et 1950 mm de longueur, offrant une ampleur parfaite pour cr\u00e9er un impact visuel spectaculaire dans vos espaces int\u00e9rieurs.<\/p>\n<p><img loading=\"lazy\" decoding=\"async\" class=\"alignnone wp-image-32497\" src=\"https:\/\/nature-et-developpement.com\/nievre\/wp-content\/uploads\/sites\/12\/2023\/10\/Profil-lambris-douglas-1-300x70.jpg\" alt=\"\" width=\"352\" height=\"82\" srcset=\"https:\/\/nature-et-developpement.com\/nievre\/wp-content\/uploads\/sites\/12\/2023\/10\/Profil-lambris-douglas-1-300x70.jpg 300w, https:\/\/nature-et-developpement.com\/nievre\/wp-content\/uploads\/sites\/12\/2023\/10\/Profil-lambris-douglas-1.jpg 526w\" sizes=\"auto, (max-width: 352px) 100vw, 352px\" \/><\/p>\n<p>&nbsp;<\/p>\n<p>&nbsp;<\/p>\n","protected":false},"excerpt":{"rendered":"<p>Le douglas naturel, laiss\u00e9 brut sans aucune finition ni traitement, offre une teinte caract\u00e9ristique de c\u0153ur brun ros\u00e9, contrast\u00e9e par un aubier blanc cr\u00e8me, cr\u00e9ant ainsi une atmosph\u00e8re des plus chaleureuses dans votre int\u00e9rieur.<\/p>\n","protected":false},"featured_media":32483,"template":"","meta":[],"product_brand":[],"product_cat":[57,246],"product_tag":[2843,4206,4101,2845,4204,4205],"class_list":{"0":"post-32476","1":"product","2":"type-product","3":"status-publish","4":"has-post-thumbnail","6":"product_cat-agencement-interieur","7":"product_cat-revetement-muraux","8":"product_tag-bois","9":"product_tag-bois-local","10":"product_tag-decoration-interieure","11":"product_tag-douglas","12":"product_tag-lambris","13":"product_tag-parement","14":"product_shipping_class-transport-parquet-lambris-meister","16":"first","17":"instock","18":"sale","19":"taxable","20":"shipping-taxable","21":"purchasable","22":"product-type-variable"},"yoast_head":"<!-- This site is optimized with the Yoast SEO plugin v27.5 - https:\/\/yoast.com\/product\/yoast-seo-wordpress\/ -->\n<title>Lambris douglas massif - Choix AB<\/title>\n<meta name=\"description\" content=\"Le douglas naturel, laiss\u00e9 brut sans aucune finition ni traitement, offre une teinte caract\u00e9ristique de c\u0153ur brun ros\u00e9, contrast\u00e9e par un aubier blanc cr\u00e8me, cr\u00e9ant ainsi une atmosph\u00e8re des plus chaleureuses dans votre int\u00e9rieur.\" \/>\n<meta name=\"robots\" content=\"noindex, follow\" \/>\n<meta property=\"og:locale\" content=\"fr_FR\" \/>\n<meta property=\"og:type\" content=\"article\" \/>\n<meta property=\"og:title\" content=\"Lambris douglas massif - Choix AB\" \/>\n<meta property=\"og:description\" content=\"Le douglas naturel, laiss\u00e9 brut sans aucune finition ni traitement, offre une teinte caract\u00e9ristique de c\u0153ur brun ros\u00e9, contrast\u00e9e par un aubier blanc cr\u00e8me, cr\u00e9ant ainsi une atmosph\u00e8re des plus chaleureuses dans votre int\u00e9rieur.\" \/>\n<meta property=\"og:url\" content=\"https:\/\/nature-et-developpement.com\/nievre\/produit\/lambris-douglas-massif-choix-ab\/\" \/>\n<meta property=\"og:site_name\" content=\"Ni\u00e8vre Eco Mat\u00e9riaux\" \/>\n<meta property=\"article:publisher\" content=\"https:\/\/www.facebook.com\/nievreecomateriauxcoulanges\/\" \/>\n<meta property=\"article:modified_time\" content=\"2026-03-10T09:27:59+00:00\" \/>\n<meta property=\"og:image\" content=\"https:\/\/nature-et-developpement.com\/nievre\/wp-content\/uploads\/sites\/12\/2023\/10\/Lambris-douglas-magasin.jpg\" \/>\n\t<meta property=\"og:image:width\" content=\"600\" \/>\n\t<meta property=\"og:image:height\" content=\"600\" \/>\n\t<meta property=\"og:image:type\" content=\"image\/jpeg\" \/>\n<meta name=\"twitter:card\" content=\"summary_large_image\" \/>\n<meta name=\"twitter:label1\" content=\"Dur\u00e9e de lecture estim\u00e9e\" \/>\n\t<meta name=\"twitter:data1\" content=\"1 minute\" \/>\n<script type=\"application\/ld+json\" class=\"yoast-schema-graph\">{\"@context\":\"https:\\\/\\\/schema.org\",\"@graph\":[{\"@type\":\"WebPage\",\"@id\":\"https:\\\/\\\/nature-et-developpement.com\\\/nievre\\\/produit\\\/lambris-douglas-massif-choix-ab\\\/\",\"url\":\"https:\\\/\\\/nature-et-developpement.com\\\/nievre\\\/produit\\\/lambris-douglas-massif-choix-ab\\\/\",\"name\":\"Lambris douglas massif - Choix AB\",\"isPartOf\":{\"@id\":\"https:\\\/\\\/nature-et-developpement.com\\\/nievre\\\/#website\"},\"primaryImageOfPage\":{\"@id\":\"https:\\\/\\\/nature-et-developpement.com\\\/nievre\\\/produit\\\/lambris-douglas-massif-choix-ab\\\/#primaryimage\"},\"image\":{\"@id\":\"https:\\\/\\\/nature-et-developpement.com\\\/nievre\\\/produit\\\/lambris-douglas-massif-choix-ab\\\/#primaryimage\"},\"thumbnailUrl\":\"https:\\\/\\\/nature-et-developpement.com\\\/nievre\\\/wp-content\\\/uploads\\\/sites\\\/12\\\/2023\\\/10\\\/Lambris-douglas-magasin.jpg\",\"datePublished\":\"2023-11-07T15:04:45+00:00\",\"dateModified\":\"2026-03-10T09:27:59+00:00\",\"description\":\"Le douglas naturel, laiss\u00e9 brut sans aucune finition ni traitement, offre une teinte caract\u00e9ristique de c\u0153ur brun ros\u00e9, contrast\u00e9e par un aubier blanc cr\u00e8me, cr\u00e9ant ainsi une atmosph\u00e8re des plus chaleureuses dans votre int\u00e9rieur.\",\"breadcrumb\":{\"@id\":\"https:\\\/\\\/nature-et-developpement.com\\\/nievre\\\/produit\\\/lambris-douglas-massif-choix-ab\\\/#breadcrumb\"},\"inLanguage\":\"fr-FR\",\"potentialAction\":[{\"@type\":\"ReadAction\",\"target\":[\"https:\\\/\\\/nature-et-developpement.com\\\/nievre\\\/produit\\\/lambris-douglas-massif-choix-ab\\\/\"]}]},{\"@type\":\"ImageObject\",\"inLanguage\":\"fr-FR\",\"@id\":\"https:\\\/\\\/nature-et-developpement.com\\\/nievre\\\/produit\\\/lambris-douglas-massif-choix-ab\\\/#primaryimage\",\"url\":\"https:\\\/\\\/nature-et-developpement.com\\\/nievre\\\/wp-content\\\/uploads\\\/sites\\\/12\\\/2023\\\/10\\\/Lambris-douglas-magasin.jpg\",\"contentUrl\":\"https:\\\/\\\/nature-et-developpement.com\\\/nievre\\\/wp-content\\\/uploads\\\/sites\\\/12\\\/2023\\\/10\\\/Lambris-douglas-magasin.jpg\",\"width\":600,\"height\":600},{\"@type\":\"BreadcrumbList\",\"@id\":\"https:\\\/\\\/nature-et-developpement.com\\\/nievre\\\/produit\\\/lambris-douglas-massif-choix-ab\\\/#breadcrumb\",\"itemListElement\":[{\"@type\":\"ListItem\",\"position\":1,\"name\":\"Accueil\",\"item\":\"https:\\\/\\\/nature-et-developpement.com\\\/nievre\\\/\"},{\"@type\":\"ListItem\",\"position\":2,\"name\":\"Produits\",\"item\":\"https:\\\/\\\/nature-et-developpement.com\\\/nievre\\\/shop\\\/\"},{\"@type\":\"ListItem\",\"position\":3,\"name\":\"Agencement int\u00e9rieur\",\"item\":\"https:\\\/\\\/nature-et-developpement.com\\\/nievre\\\/produits\\\/agencement-interieur\\\/\"},{\"@type\":\"ListItem\",\"position\":4,\"name\":\"Lambris douglas massif &#8211; Choix AB\"}]},{\"@type\":\"WebSite\",\"@id\":\"https:\\\/\\\/nature-et-developpement.com\\\/nievre\\\/#website\",\"url\":\"https:\\\/\\\/nature-et-developpement.com\\\/nievre\\\/\",\"name\":\"Ni\u00e8vre Eco Mat\u00e9riaux\",\"description\":\"Ni\u00e8vre Eco Mat\u00e9riaux est membre du groupement Nature &amp; D\u00e9veloppement\",\"publisher\":{\"@id\":\"https:\\\/\\\/nature-et-developpement.com\\\/nievre\\\/#organization\"},\"potentialAction\":[{\"@type\":\"SearchAction\",\"target\":{\"@type\":\"EntryPoint\",\"urlTemplate\":\"https:\\\/\\\/nature-et-developpement.com\\\/nievre\\\/?s={search_term_string}\"},\"query-input\":{\"@type\":\"PropertyValueSpecification\",\"valueRequired\":true,\"valueName\":\"search_term_string\"}}],\"inLanguage\":\"fr-FR\"},{\"@type\":\"Organization\",\"@id\":\"https:\\\/\\\/nature-et-developpement.com\\\/nievre\\\/#organization\",\"name\":\"Ni\u00e8vre Eco Mat\u00e9riaux\",\"url\":\"https:\\\/\\\/nature-et-developpement.com\\\/nievre\\\/\",\"logo\":{\"@type\":\"ImageObject\",\"inLanguage\":\"fr-FR\",\"@id\":\"https:\\\/\\\/nature-et-developpement.com\\\/nievre\\\/#\\\/schema\\\/logo\\\/image\\\/\",\"url\":\"https:\\\/\\\/nature-et-developpement.com\\\/nievre\\\/wp-content\\\/uploads\\\/sites\\\/12\\\/2021\\\/09\\\/nievre-eco-materiaux.jpg\",\"contentUrl\":\"https:\\\/\\\/nature-et-developpement.com\\\/nievre\\\/wp-content\\\/uploads\\\/sites\\\/12\\\/2021\\\/09\\\/nievre-eco-materiaux.jpg\",\"width\":1024,\"height\":198,\"caption\":\"Ni\u00e8vre Eco Mat\u00e9riaux\"},\"image\":{\"@id\":\"https:\\\/\\\/nature-et-developpement.com\\\/nievre\\\/#\\\/schema\\\/logo\\\/image\\\/\"},\"sameAs\":[\"https:\\\/\\\/www.facebook.com\\\/nievreecomateriauxcoulanges\\\/\"]}]}<\/script>\n<!-- \/ Yoast SEO plugin. -->","yoast_head_json":{"title":"Lambris douglas massif - Choix AB","description":"Le douglas naturel, laiss\u00e9 brut sans aucune finition ni traitement, offre une teinte caract\u00e9ristique de c\u0153ur brun ros\u00e9, contrast\u00e9e par un aubier blanc cr\u00e8me, cr\u00e9ant ainsi une atmosph\u00e8re des plus chaleureuses dans votre int\u00e9rieur.","robots":{"index":"noindex","follow":"follow"},"og_locale":"fr_FR","og_type":"article","og_title":"Lambris douglas massif - Choix AB","og_description":"Le douglas naturel, laiss\u00e9 brut sans aucune finition ni traitement, offre une teinte caract\u00e9ristique de c\u0153ur brun ros\u00e9, contrast\u00e9e par un aubier blanc cr\u00e8me, cr\u00e9ant ainsi une atmosph\u00e8re des plus chaleureuses dans votre int\u00e9rieur.","og_url":"https:\/\/nature-et-developpement.com\/nievre\/produit\/lambris-douglas-massif-choix-ab\/","og_site_name":"Ni\u00e8vre Eco Mat\u00e9riaux","article_publisher":"https:\/\/www.facebook.com\/nievreecomateriauxcoulanges\/","article_modified_time":"2026-03-10T09:27:59+00:00","og_image":[{"width":600,"height":600,"url":"https:\/\/nature-et-developpement.com\/nievre\/wp-content\/uploads\/sites\/12\/2023\/10\/Lambris-douglas-magasin.jpg","type":"image\/jpeg"}],"twitter_card":"summary_large_image","twitter_misc":{"Dur\u00e9e de lecture estim\u00e9e":"1 minute"},"schema":{"@context":"https:\/\/schema.org","@graph":[{"@type":"WebPage","@id":"https:\/\/nature-et-developpement.com\/nievre\/produit\/lambris-douglas-massif-choix-ab\/","url":"https:\/\/nature-et-developpement.com\/nievre\/produit\/lambris-douglas-massif-choix-ab\/","name":"Lambris douglas massif - Choix AB","isPartOf":{"@id":"https:\/\/nature-et-developpement.com\/nievre\/#website"},"primaryImageOfPage":{"@id":"https:\/\/nature-et-developpement.com\/nievre\/produit\/lambris-douglas-massif-choix-ab\/#primaryimage"},"image":{"@id":"https:\/\/nature-et-developpement.com\/nievre\/produit\/lambris-douglas-massif-choix-ab\/#primaryimage"},"thumbnailUrl":"https:\/\/nature-et-developpement.com\/nievre\/wp-content\/uploads\/sites\/12\/2023\/10\/Lambris-douglas-magasin.jpg","datePublished":"2023-11-07T15:04:45+00:00","dateModified":"2026-03-10T09:27:59+00:00","description":"Le douglas naturel, laiss\u00e9 brut sans aucune finition ni traitement, offre une teinte caract\u00e9ristique de c\u0153ur brun ros\u00e9, contrast\u00e9e par un aubier blanc cr\u00e8me, cr\u00e9ant ainsi une atmosph\u00e8re des plus chaleureuses dans votre int\u00e9rieur.","breadcrumb":{"@id":"https:\/\/nature-et-developpement.com\/nievre\/produit\/lambris-douglas-massif-choix-ab\/#breadcrumb"},"inLanguage":"fr-FR","potentialAction":[{"@type":"ReadAction","target":["https:\/\/nature-et-developpement.com\/nievre\/produit\/lambris-douglas-massif-choix-ab\/"]}]},{"@type":"ImageObject","inLanguage":"fr-FR","@id":"https:\/\/nature-et-developpement.com\/nievre\/produit\/lambris-douglas-massif-choix-ab\/#primaryimage","url":"https:\/\/nature-et-developpement.com\/nievre\/wp-content\/uploads\/sites\/12\/2023\/10\/Lambris-douglas-magasin.jpg","contentUrl":"https:\/\/nature-et-developpement.com\/nievre\/wp-content\/uploads\/sites\/12\/2023\/10\/Lambris-douglas-magasin.jpg","width":600,"height":600},{"@type":"BreadcrumbList","@id":"https:\/\/nature-et-developpement.com\/nievre\/produit\/lambris-douglas-massif-choix-ab\/#breadcrumb","itemListElement":[{"@type":"ListItem","position":1,"name":"Accueil","item":"https:\/\/nature-et-developpement.com\/nievre\/"},{"@type":"ListItem","position":2,"name":"Produits","item":"https:\/\/nature-et-developpement.com\/nievre\/shop\/"},{"@type":"ListItem","position":3,"name":"Agencement int\u00e9rieur","item":"https:\/\/nature-et-developpement.com\/nievre\/produits\/agencement-interieur\/"},{"@type":"ListItem","position":4,"name":"Lambris douglas massif &#8211; Choix AB"}]},{"@type":"WebSite","@id":"https:\/\/nature-et-developpement.com\/nievre\/#website","url":"https:\/\/nature-et-developpement.com\/nievre\/","name":"Ni\u00e8vre Eco Mat\u00e9riaux","description":"Ni\u00e8vre Eco Mat\u00e9riaux est membre du groupement Nature &amp; D\u00e9veloppement","publisher":{"@id":"https:\/\/nature-et-developpement.com\/nievre\/#organization"},"potentialAction":[{"@type":"SearchAction","target":{"@type":"EntryPoint","urlTemplate":"https:\/\/nature-et-developpement.com\/nievre\/?s={search_term_string}"},"query-input":{"@type":"PropertyValueSpecification","valueRequired":true,"valueName":"search_term_string"}}],"inLanguage":"fr-FR"},{"@type":"Organization","@id":"https:\/\/nature-et-developpement.com\/nievre\/#organization","name":"Ni\u00e8vre Eco Mat\u00e9riaux","url":"https:\/\/nature-et-developpement.com\/nievre\/","logo":{"@type":"ImageObject","inLanguage":"fr-FR","@id":"https:\/\/nature-et-developpement.com\/nievre\/#\/schema\/logo\/image\/","url":"https:\/\/nature-et-developpement.com\/nievre\/wp-content\/uploads\/sites\/12\/2021\/09\/nievre-eco-materiaux.jpg","contentUrl":"https:\/\/nature-et-developpement.com\/nievre\/wp-content\/uploads\/sites\/12\/2021\/09\/nievre-eco-materiaux.jpg","width":1024,"height":198,"caption":"Ni\u00e8vre Eco Mat\u00e9riaux"},"image":{"@id":"https:\/\/nature-et-developpement.com\/nievre\/#\/schema\/logo\/image\/"},"sameAs":["https:\/\/www.facebook.com\/nievreecomateriauxcoulanges\/"]}]}},"distributor_meta":false,"distributor_terms":false,"distributor_media":false,"distributor_original_site_name":"Ni\u00e8vre Eco Mat\u00e9riaux","distributor_original_site_url":"https:\/\/nature-et-developpement.com\/nievre","push-errors":false,"_links":{"self":[{"href":"https:\/\/nature-et-developpement.com\/nievre\/wp-json\/wp\/v2\/product\/32476","targetHints":{"allow":["GET"]}}],"collection":[{"href":"https:\/\/nature-et-developpement.com\/nievre\/wp-json\/wp\/v2\/product"}],"about":[{"href":"https:\/\/nature-et-developpement.com\/nievre\/wp-json\/wp\/v2\/types\/product"}],"wp:featuredmedia":[{"embeddable":true,"href":"https:\/\/nature-et-developpement.com\/nievre\/wp-json\/wp\/v2\/media\/32483"}],"wp:attachment":[{"href":"https:\/\/nature-et-developpement.com\/nievre\/wp-json\/wp\/v2\/media?parent=32476"}],"wp:term":[{"taxonomy":"product_brand","embeddable":true,"href":"https:\/\/nature-et-developpement.com\/nievre\/wp-json\/wp\/v2\/product_brand?post=32476"},{"taxonomy":"product_cat","embeddable":true,"href":"https:\/\/nature-et-developpement.com\/nievre\/wp-json\/wp\/v2\/product_cat?post=32476"},{"taxonomy":"product_tag","embeddable":true,"href":"https:\/\/nature-et-developpement.com\/nievre\/wp-json\/wp\/v2\/product_tag?post=32476"}],"curies":[{"name":"wp","href":"https:\/\/api.w.org\/{rel}","templated":true}]}}