{"id":32502,"date":"2023-11-07T16:00:35","date_gmt":"2023-11-07T15:00:35","guid":{"rendered":"https:\/\/nature-et-developpement.com\/nievre\/?post_type=product&#038;p=32502"},"modified":"2025-06-13T15:22:33","modified_gmt":"2025-06-13T13:22:33","slug":"lambris-massif-en-pin-des-landes","status":"publish","type":"product","link":"https:\/\/nature-et-developpement.com\/nievre\/produit\/lambris-massif-en-pin-des-landes\/","title":{"rendered":"Lambris massif en pin des Landes"},"content":{"rendered":"<p>Le lambris en pin brut de Laouet offre une grande polyvalence. Il est principalement destin\u00e9 \u00e0 l&rsquo;habillage des murs ou des plafonds, offrant de multiples options d&rsquo;installation. De plus, il peut \u00eatre utilis\u00e9 comme rev\u00eatement pour le dessous de balcons, les sous-toitures ou les avanc\u00e9es de toit. Ce type de lambris peut \u00eatre teint, verni ou conserv\u00e9 \u00e0 son \u00e9tat naturel brut.<\/p>\n<p>Ce rev\u00eatement mural en bois repr\u00e9sente un choix \u00e9co-responsable, offrant une durabilit\u00e9 exceptionnelle. Il ajoute une touche \u00e0 la fois rustique et \u00e9l\u00e9gante \u00e0 vos sols, cloisons ou plafonds.<\/p>\n<p>Il existe en diff\u00e9rents choix : choix discount, lam\u00e9co, noueux, petit n\u0153ud, sans n\u0153ud class\u00e9 selon diff\u00e9rents crit\u00e8res de d\u00e9fauts :<br \/>\n&#8211; <strong>Discount<\/strong> tous\u00a0d\u00e9fauts\u00a0accept\u00e9s (noeuds noirs, manque de mati\u00e8re, trous, petites fentes, poche de r\u00e9sine, lame cass\u00e9e, possibilit\u00e9 de traces de bleu&#8230;)<br \/>\n&#8211; <strong>Lam\u00e9co<\/strong> d\u00e9fauts l\u00e9gers (noeuds noirs, manque de mati\u00e8re, petite fente, poche de r\u00e9sine, possibilit\u00e9 de traces de bleu)<br \/>\n&#8211;\u00a0<strong>Noueux\u00a0<\/strong>noeuds pouvant \u00eatre sup\u00e9rieurs \u00e0 4 cm de largeur<br \/>\n&#8211; <strong>Petits noeuds\u00a0<\/strong>noeuds inf\u00e9rieurs \u00e0 4 cm de largeur<br \/>\n&#8211; <strong>Sans noeud\u00a0<\/strong>pas de noeud<\/p>\n<p>Les dimensions du lambris sont de 70 ou 100 millim\u00e8tres de largeur, 10 millim\u00e8tres d&rsquo;\u00e9paisseur et 2m de longueur.<br \/>\n<img loading=\"lazy\" decoding=\"async\" class=\"alignnone wp-image-32505\" src=\"https:\/\/nature-et-developpement.com\/nievre\/wp-content\/uploads\/sites\/12\/2023\/10\/Profil-lambris-pin-2-300x118.jpg\" alt=\"\" width=\"338\" height=\"133\" srcset=\"https:\/\/nature-et-developpement.com\/nievre\/wp-content\/uploads\/sites\/12\/2023\/10\/Profil-lambris-pin-2-300x118.jpg 300w, https:\/\/nature-et-developpement.com\/nievre\/wp-content\/uploads\/sites\/12\/2023\/10\/Profil-lambris-pin-2-600x237.jpg 600w, https:\/\/nature-et-developpement.com\/nievre\/wp-content\/uploads\/sites\/12\/2023\/10\/Profil-lambris-pin-2.jpg 700w\" sizes=\"auto, (max-width: 338px) 100vw, 338px\" \/><\/p>\n","protected":false},"excerpt":{"rendered":"<p>Optez pour l&rsquo;\u00e9l\u00e9gance du lambris naturel brut, disponible en plusieurs qualit\u00e9s, chacune respectant des normes rigoureuses, sans aucune finition appliqu\u00e9e.<\/p>\n","protected":false},"featured_media":33417,"template":"","meta":[],"product_brand":[],"product_cat":[57,246],"product_tag":[2843,4212,4101,4204,4213,4205,4211,4210],"class_list":{"0":"post-32502","1":"product","2":"type-product","3":"status-publish","4":"has-post-thumbnail","6":"product_cat-agencement-interieur","7":"product_cat-revetement-muraux","8":"product_tag-bois","9":"product_tag-bois-brut","10":"product_tag-decoration-interieure","11":"product_tag-lambris","12":"product_tag-lambris-pin","13":"product_tag-parement","14":"product_tag-pin","15":"product_tag-pin-des-landes","16":"product_shipping_class-transport-parquet-lambris-meister","18":"first","19":"instock","20":"sale","21":"taxable","22":"shipping-taxable","23":"purchasable","24":"product-type-variable"},"yoast_head":"<!-- This site is optimized with the Yoast SEO plugin v27.5 - https:\/\/yoast.com\/product\/yoast-seo-wordpress\/ -->\n<title>Lambris massif en pin des Landes<\/title>\n<meta name=\"description\" content=\"Optez pour l&#039;\u00e9l\u00e9gance du lambris naturel brut, disponible en plusieurs qualit\u00e9s, chacune respectant des normes rigoureuses, sans aucune finition appliqu\u00e9e.\" \/>\n<meta name=\"robots\" content=\"noindex, follow\" \/>\n<meta property=\"og:locale\" content=\"fr_FR\" \/>\n<meta property=\"og:type\" content=\"article\" \/>\n<meta property=\"og:title\" content=\"Lambris massif en pin des Landes\" \/>\n<meta property=\"og:description\" content=\"Optez pour l&#039;\u00e9l\u00e9gance du lambris naturel brut, disponible en plusieurs qualit\u00e9s, chacune respectant des normes rigoureuses, sans aucune finition appliqu\u00e9e.\" \/>\n<meta property=\"og:url\" content=\"https:\/\/nature-et-developpement.com\/nievre\/produit\/lambris-massif-en-pin-des-landes\/\" \/>\n<meta property=\"og:site_name\" content=\"Ni\u00e8vre Eco Mat\u00e9riaux\" \/>\n<meta property=\"article:publisher\" content=\"https:\/\/www.facebook.com\/nievreecomateriauxcoulanges\/\" \/>\n<meta property=\"article:modified_time\" content=\"2025-06-13T13:22:33+00:00\" \/>\n<meta property=\"og:image\" content=\"https:\/\/nature-et-developpement.com\/nievre\/wp-content\/uploads\/sites\/12\/2023\/11\/Pin-des-landes-sans-noeud.png\" \/>\n\t<meta property=\"og:image:width\" content=\"600\" \/>\n\t<meta property=\"og:image:height\" content=\"600\" \/>\n\t<meta property=\"og:image:type\" content=\"image\/png\" \/>\n<meta name=\"twitter:card\" content=\"summary_large_image\" \/>\n<meta name=\"twitter:label1\" content=\"Dur\u00e9e de lecture estim\u00e9e\" \/>\n\t<meta name=\"twitter:data1\" content=\"1 minute\" \/>\n<script type=\"application\/ld+json\" class=\"yoast-schema-graph\">{\"@context\":\"https:\\\/\\\/schema.org\",\"@graph\":[{\"@type\":\"WebPage\",\"@id\":\"https:\\\/\\\/nature-et-developpement.com\\\/nievre\\\/produit\\\/lambris-massif-en-pin-des-landes\\\/\",\"url\":\"https:\\\/\\\/nature-et-developpement.com\\\/nievre\\\/produit\\\/lambris-massif-en-pin-des-landes\\\/\",\"name\":\"Lambris massif en pin des Landes\",\"isPartOf\":{\"@id\":\"https:\\\/\\\/nature-et-developpement.com\\\/nievre\\\/#website\"},\"primaryImageOfPage\":{\"@id\":\"https:\\\/\\\/nature-et-developpement.com\\\/nievre\\\/produit\\\/lambris-massif-en-pin-des-landes\\\/#primaryimage\"},\"image\":{\"@id\":\"https:\\\/\\\/nature-et-developpement.com\\\/nievre\\\/produit\\\/lambris-massif-en-pin-des-landes\\\/#primaryimage\"},\"thumbnailUrl\":\"https:\\\/\\\/nature-et-developpement.com\\\/nievre\\\/wp-content\\\/uploads\\\/sites\\\/12\\\/2023\\\/11\\\/Pin-des-landes-sans-noeud.png\",\"datePublished\":\"2023-11-07T15:00:35+00:00\",\"dateModified\":\"2025-06-13T13:22:33+00:00\",\"description\":\"Optez pour l'\u00e9l\u00e9gance du lambris naturel brut, disponible en plusieurs qualit\u00e9s, chacune respectant des normes rigoureuses, sans aucune finition appliqu\u00e9e.\",\"breadcrumb\":{\"@id\":\"https:\\\/\\\/nature-et-developpement.com\\\/nievre\\\/produit\\\/lambris-massif-en-pin-des-landes\\\/#breadcrumb\"},\"inLanguage\":\"fr-FR\",\"potentialAction\":[{\"@type\":\"ReadAction\",\"target\":[\"https:\\\/\\\/nature-et-developpement.com\\\/nievre\\\/produit\\\/lambris-massif-en-pin-des-landes\\\/\"]}]},{\"@type\":\"ImageObject\",\"inLanguage\":\"fr-FR\",\"@id\":\"https:\\\/\\\/nature-et-developpement.com\\\/nievre\\\/produit\\\/lambris-massif-en-pin-des-landes\\\/#primaryimage\",\"url\":\"https:\\\/\\\/nature-et-developpement.com\\\/nievre\\\/wp-content\\\/uploads\\\/sites\\\/12\\\/2023\\\/11\\\/Pin-des-landes-sans-noeud.png\",\"contentUrl\":\"https:\\\/\\\/nature-et-developpement.com\\\/nievre\\\/wp-content\\\/uploads\\\/sites\\\/12\\\/2023\\\/11\\\/Pin-des-landes-sans-noeud.png\",\"width\":600,\"height\":600},{\"@type\":\"BreadcrumbList\",\"@id\":\"https:\\\/\\\/nature-et-developpement.com\\\/nievre\\\/produit\\\/lambris-massif-en-pin-des-landes\\\/#breadcrumb\",\"itemListElement\":[{\"@type\":\"ListItem\",\"position\":1,\"name\":\"Accueil\",\"item\":\"https:\\\/\\\/nature-et-developpement.com\\\/nievre\\\/\"},{\"@type\":\"ListItem\",\"position\":2,\"name\":\"Produits\",\"item\":\"https:\\\/\\\/nature-et-developpement.com\\\/nievre\\\/shop\\\/\"},{\"@type\":\"ListItem\",\"position\":3,\"name\":\"Agencement int\u00e9rieur\",\"item\":\"https:\\\/\\\/nature-et-developpement.com\\\/nievre\\\/produits\\\/agencement-interieur\\\/\"},{\"@type\":\"ListItem\",\"position\":4,\"name\":\"Lambris massif en pin des Landes\"}]},{\"@type\":\"WebSite\",\"@id\":\"https:\\\/\\\/nature-et-developpement.com\\\/nievre\\\/#website\",\"url\":\"https:\\\/\\\/nature-et-developpement.com\\\/nievre\\\/\",\"name\":\"Ni\u00e8vre Eco Mat\u00e9riaux\",\"description\":\"Ni\u00e8vre Eco Mat\u00e9riaux est membre du groupement Nature &amp; D\u00e9veloppement\",\"publisher\":{\"@id\":\"https:\\\/\\\/nature-et-developpement.com\\\/nievre\\\/#organization\"},\"potentialAction\":[{\"@type\":\"SearchAction\",\"target\":{\"@type\":\"EntryPoint\",\"urlTemplate\":\"https:\\\/\\\/nature-et-developpement.com\\\/nievre\\\/?s={search_term_string}\"},\"query-input\":{\"@type\":\"PropertyValueSpecification\",\"valueRequired\":true,\"valueName\":\"search_term_string\"}}],\"inLanguage\":\"fr-FR\"},{\"@type\":\"Organization\",\"@id\":\"https:\\\/\\\/nature-et-developpement.com\\\/nievre\\\/#organization\",\"name\":\"Ni\u00e8vre Eco Mat\u00e9riaux\",\"url\":\"https:\\\/\\\/nature-et-developpement.com\\\/nievre\\\/\",\"logo\":{\"@type\":\"ImageObject\",\"inLanguage\":\"fr-FR\",\"@id\":\"https:\\\/\\\/nature-et-developpement.com\\\/nievre\\\/#\\\/schema\\\/logo\\\/image\\\/\",\"url\":\"https:\\\/\\\/nature-et-developpement.com\\\/nievre\\\/wp-content\\\/uploads\\\/sites\\\/12\\\/2021\\\/09\\\/nievre-eco-materiaux.jpg\",\"contentUrl\":\"https:\\\/\\\/nature-et-developpement.com\\\/nievre\\\/wp-content\\\/uploads\\\/sites\\\/12\\\/2021\\\/09\\\/nievre-eco-materiaux.jpg\",\"width\":1024,\"height\":198,\"caption\":\"Ni\u00e8vre Eco Mat\u00e9riaux\"},\"image\":{\"@id\":\"https:\\\/\\\/nature-et-developpement.com\\\/nievre\\\/#\\\/schema\\\/logo\\\/image\\\/\"},\"sameAs\":[\"https:\\\/\\\/www.facebook.com\\\/nievreecomateriauxcoulanges\\\/\"]}]}<\/script>\n<!-- \/ Yoast SEO plugin. -->","yoast_head_json":{"title":"Lambris massif en pin des Landes","description":"Optez pour l'\u00e9l\u00e9gance du lambris naturel brut, disponible en plusieurs qualit\u00e9s, chacune respectant des normes rigoureuses, sans aucune finition appliqu\u00e9e.","robots":{"index":"noindex","follow":"follow"},"og_locale":"fr_FR","og_type":"article","og_title":"Lambris massif en pin des Landes","og_description":"Optez pour l'\u00e9l\u00e9gance du lambris naturel brut, disponible en plusieurs qualit\u00e9s, chacune respectant des normes rigoureuses, sans aucune finition appliqu\u00e9e.","og_url":"https:\/\/nature-et-developpement.com\/nievre\/produit\/lambris-massif-en-pin-des-landes\/","og_site_name":"Ni\u00e8vre Eco Mat\u00e9riaux","article_publisher":"https:\/\/www.facebook.com\/nievreecomateriauxcoulanges\/","article_modified_time":"2025-06-13T13:22:33+00:00","og_image":[{"width":600,"height":600,"url":"https:\/\/nature-et-developpement.com\/nievre\/wp-content\/uploads\/sites\/12\/2023\/11\/Pin-des-landes-sans-noeud.png","type":"image\/png"}],"twitter_card":"summary_large_image","twitter_misc":{"Dur\u00e9e de lecture estim\u00e9e":"1 minute"},"schema":{"@context":"https:\/\/schema.org","@graph":[{"@type":"WebPage","@id":"https:\/\/nature-et-developpement.com\/nievre\/produit\/lambris-massif-en-pin-des-landes\/","url":"https:\/\/nature-et-developpement.com\/nievre\/produit\/lambris-massif-en-pin-des-landes\/","name":"Lambris massif en pin des Landes","isPartOf":{"@id":"https:\/\/nature-et-developpement.com\/nievre\/#website"},"primaryImageOfPage":{"@id":"https:\/\/nature-et-developpement.com\/nievre\/produit\/lambris-massif-en-pin-des-landes\/#primaryimage"},"image":{"@id":"https:\/\/nature-et-developpement.com\/nievre\/produit\/lambris-massif-en-pin-des-landes\/#primaryimage"},"thumbnailUrl":"https:\/\/nature-et-developpement.com\/nievre\/wp-content\/uploads\/sites\/12\/2023\/11\/Pin-des-landes-sans-noeud.png","datePublished":"2023-11-07T15:00:35+00:00","dateModified":"2025-06-13T13:22:33+00:00","description":"Optez pour l'\u00e9l\u00e9gance du lambris naturel brut, disponible en plusieurs qualit\u00e9s, chacune respectant des normes rigoureuses, sans aucune finition appliqu\u00e9e.","breadcrumb":{"@id":"https:\/\/nature-et-developpement.com\/nievre\/produit\/lambris-massif-en-pin-des-landes\/#breadcrumb"},"inLanguage":"fr-FR","potentialAction":[{"@type":"ReadAction","target":["https:\/\/nature-et-developpement.com\/nievre\/produit\/lambris-massif-en-pin-des-landes\/"]}]},{"@type":"ImageObject","inLanguage":"fr-FR","@id":"https:\/\/nature-et-developpement.com\/nievre\/produit\/lambris-massif-en-pin-des-landes\/#primaryimage","url":"https:\/\/nature-et-developpement.com\/nievre\/wp-content\/uploads\/sites\/12\/2023\/11\/Pin-des-landes-sans-noeud.png","contentUrl":"https:\/\/nature-et-developpement.com\/nievre\/wp-content\/uploads\/sites\/12\/2023\/11\/Pin-des-landes-sans-noeud.png","width":600,"height":600},{"@type":"BreadcrumbList","@id":"https:\/\/nature-et-developpement.com\/nievre\/produit\/lambris-massif-en-pin-des-landes\/#breadcrumb","itemListElement":[{"@type":"ListItem","position":1,"name":"Accueil","item":"https:\/\/nature-et-developpement.com\/nievre\/"},{"@type":"ListItem","position":2,"name":"Produits","item":"https:\/\/nature-et-developpement.com\/nievre\/shop\/"},{"@type":"ListItem","position":3,"name":"Agencement int\u00e9rieur","item":"https:\/\/nature-et-developpement.com\/nievre\/produits\/agencement-interieur\/"},{"@type":"ListItem","position":4,"name":"Lambris massif en pin des Landes"}]},{"@type":"WebSite","@id":"https:\/\/nature-et-developpement.com\/nievre\/#website","url":"https:\/\/nature-et-developpement.com\/nievre\/","name":"Ni\u00e8vre Eco Mat\u00e9riaux","description":"Ni\u00e8vre Eco Mat\u00e9riaux est membre du groupement Nature &amp; D\u00e9veloppement","publisher":{"@id":"https:\/\/nature-et-developpement.com\/nievre\/#organization"},"potentialAction":[{"@type":"SearchAction","target":{"@type":"EntryPoint","urlTemplate":"https:\/\/nature-et-developpement.com\/nievre\/?s={search_term_string}"},"query-input":{"@type":"PropertyValueSpecification","valueRequired":true,"valueName":"search_term_string"}}],"inLanguage":"fr-FR"},{"@type":"Organization","@id":"https:\/\/nature-et-developpement.com\/nievre\/#organization","name":"Ni\u00e8vre Eco Mat\u00e9riaux","url":"https:\/\/nature-et-developpement.com\/nievre\/","logo":{"@type":"ImageObject","inLanguage":"fr-FR","@id":"https:\/\/nature-et-developpement.com\/nievre\/#\/schema\/logo\/image\/","url":"https:\/\/nature-et-developpement.com\/nievre\/wp-content\/uploads\/sites\/12\/2021\/09\/nievre-eco-materiaux.jpg","contentUrl":"https:\/\/nature-et-developpement.com\/nievre\/wp-content\/uploads\/sites\/12\/2021\/09\/nievre-eco-materiaux.jpg","width":1024,"height":198,"caption":"Ni\u00e8vre Eco Mat\u00e9riaux"},"image":{"@id":"https:\/\/nature-et-developpement.com\/nievre\/#\/schema\/logo\/image\/"},"sameAs":["https:\/\/www.facebook.com\/nievreecomateriauxcoulanges\/"]}]}},"distributor_meta":false,"distributor_terms":false,"distributor_media":false,"distributor_original_site_name":"Ni\u00e8vre Eco Mat\u00e9riaux","distributor_original_site_url":"https:\/\/nature-et-developpement.com\/nievre","push-errors":false,"_links":{"self":[{"href":"https:\/\/nature-et-developpement.com\/nievre\/wp-json\/wp\/v2\/product\/32502","targetHints":{"allow":["GET"]}}],"collection":[{"href":"https:\/\/nature-et-developpement.com\/nievre\/wp-json\/wp\/v2\/product"}],"about":[{"href":"https:\/\/nature-et-developpement.com\/nievre\/wp-json\/wp\/v2\/types\/product"}],"wp:featuredmedia":[{"embeddable":true,"href":"https:\/\/nature-et-developpement.com\/nievre\/wp-json\/wp\/v2\/media\/33417"}],"wp:attachment":[{"href":"https:\/\/nature-et-developpement.com\/nievre\/wp-json\/wp\/v2\/media?parent=32502"}],"wp:term":[{"taxonomy":"product_brand","embeddable":true,"href":"https:\/\/nature-et-developpement.com\/nievre\/wp-json\/wp\/v2\/product_brand?post=32502"},{"taxonomy":"product_cat","embeddable":true,"href":"https:\/\/nature-et-developpement.com\/nievre\/wp-json\/wp\/v2\/product_cat?post=32502"},{"taxonomy":"product_tag","embeddable":true,"href":"https:\/\/nature-et-developpement.com\/nievre\/wp-json\/wp\/v2\/product_tag?post=32502"}],"curies":[{"name":"wp","href":"https:\/\/api.w.org\/{rel}","templated":true}]}}