{"id":34047,"date":"2025-02-25T15:39:41","date_gmt":"2025-02-25T14:39:41","guid":{"rendered":"https:\/\/nature-et-developpement.com\/nievre\/?post_type=product&#038;p=34047"},"modified":"2025-06-13T15:20:43","modified_gmt":"2025-06-13T13:20:43","slug":"location-souffleuse-cardeuse-a-ouate-de-cellulose","status":"publish","type":"product","link":"https:\/\/nature-et-developpement.com\/nievre\/produit\/location-souffleuse-cardeuse-a-ouate-de-cellulose\/","title":{"rendered":"Location souffleuse\/cardeuse \u00e0 ouate de cellulose"},"content":{"rendered":"<p><strong>Les caract\u00e9ristiques techniques :<\/strong><br \/>\n\u2013 220 volts \u2013 3,6 Kw<br \/>\n\u2013 Double soufflerie \u00e0 vitesse r\u00e9glable.<br \/>\n\u2013 Broyeur horizontal et cuve d\u00e9montable pour faciliter le transport<br \/>\n\u2013 Le sac de ouate de cellulose peut \u00eatre ins\u00e9r\u00e9 en entier dans la cuve<br \/>\n\u2013 D\u00e9bit maxi : 550 kg\/h<br \/>\n\u2013 D\u00e9nivel\u00e9s maxi : 18-24 m\u00e8tres<br \/>\n\u2013 Longueur tuyau maxi : 30 ml<br \/>\n\u2013 Capacit\u00e9 de la cuve : 0,2 m\u00b3<br \/>\n\u2013 Dimensions: 800 x 800 x env. 1350 mm<\/p>\n","protected":false},"excerpt":{"rendered":"<p>Cardeuse \u2013 souffleuse d\u00e9di\u00e9e aux particuliers et professionnels. Polyvalente, puissante et transportable facilement, elle vous apportera enti\u00e8re satisfaction sur des chantiers de moyenne et grande superficie.<\/p>\n","protected":false},"featured_media":34048,"template":"","meta":[],"product_brand":[],"product_cat":[4266,15,748],"product_tag":[4694,4692,4696,4695,2852,4693],"class_list":{"0":"post-34047","1":"product","2":"type-product","3":"status-publish","4":"has-post-thumbnail","6":"product_cat-isolation-interieure","7":"product_cat-non-classe","8":"product_cat-outillage","9":"product_tag-cardeuse","10":"product_tag-location","11":"product_tag-location-cardeuse","12":"product_tag-location-souffleuse","13":"product_tag-ouate-de-cellulose","14":"product_tag-souffleuse","15":"product_shipping_class-transport-porteur-hayon","17":"first","18":"instock","19":"sold-individually","20":"taxable","21":"shipping-taxable","22":"purchasable","23":"product-type-simple"},"yoast_head":"<!-- This site is optimized with the Yoast SEO plugin v27.5 - https:\/\/yoast.com\/product\/yoast-seo-wordpress\/ -->\n<title>Location souffleuse\/cardeuse \u00e0 ouate de cellulose<\/title>\n<meta name=\"description\" content=\"Cardeuse \u2013 souffleuse d\u00e9di\u00e9e aux particuliers et professionnels. Polyvalente, puissante et transportable facilement, elle vous apportera enti\u00e8re satisfaction sur des chantiers de moyenne et grande superficie.\" \/>\n<meta name=\"robots\" content=\"noindex, follow\" \/>\n<meta property=\"og:locale\" content=\"fr_FR\" \/>\n<meta property=\"og:type\" content=\"article\" \/>\n<meta property=\"og:title\" content=\"Location souffleuse\/cardeuse \u00e0 ouate de cellulose\" \/>\n<meta property=\"og:description\" content=\"Cardeuse \u2013 souffleuse d\u00e9di\u00e9e aux particuliers et professionnels. Polyvalente, puissante et transportable facilement, elle vous apportera enti\u00e8re satisfaction sur des chantiers de moyenne et grande superficie.\" \/>\n<meta property=\"og:url\" content=\"https:\/\/nature-et-developpement.com\/nievre\/produit\/location-souffleuse-cardeuse-a-ouate-de-cellulose\/\" \/>\n<meta property=\"og:site_name\" content=\"Ni\u00e8vre Eco Mat\u00e9riaux\" \/>\n<meta property=\"article:publisher\" content=\"https:\/\/www.facebook.com\/nievreecomateriauxcoulanges\/\" \/>\n<meta property=\"article:modified_time\" content=\"2025-06-13T13:20:43+00:00\" \/>\n<meta property=\"og:image\" content=\"https:\/\/nature-et-developpement.com\/nievre\/wp-content\/uploads\/sites\/12\/2025\/02\/M99.png\" \/>\n\t<meta property=\"og:image:width\" content=\"600\" \/>\n\t<meta property=\"og:image:height\" content=\"600\" \/>\n\t<meta property=\"og:image:type\" content=\"image\/png\" \/>\n<meta name=\"twitter:card\" content=\"summary_large_image\" \/>\n<script type=\"application\/ld+json\" class=\"yoast-schema-graph\">{\"@context\":\"https:\\\/\\\/schema.org\",\"@graph\":[{\"@type\":\"WebPage\",\"@id\":\"https:\\\/\\\/nature-et-developpement.com\\\/nievre\\\/produit\\\/location-souffleuse-cardeuse-a-ouate-de-cellulose\\\/\",\"url\":\"https:\\\/\\\/nature-et-developpement.com\\\/nievre\\\/produit\\\/location-souffleuse-cardeuse-a-ouate-de-cellulose\\\/\",\"name\":\"Location souffleuse\\\/cardeuse \u00e0 ouate de cellulose\",\"isPartOf\":{\"@id\":\"https:\\\/\\\/nature-et-developpement.com\\\/nievre\\\/#website\"},\"primaryImageOfPage\":{\"@id\":\"https:\\\/\\\/nature-et-developpement.com\\\/nievre\\\/produit\\\/location-souffleuse-cardeuse-a-ouate-de-cellulose\\\/#primaryimage\"},\"image\":{\"@id\":\"https:\\\/\\\/nature-et-developpement.com\\\/nievre\\\/produit\\\/location-souffleuse-cardeuse-a-ouate-de-cellulose\\\/#primaryimage\"},\"thumbnailUrl\":\"https:\\\/\\\/nature-et-developpement.com\\\/nievre\\\/wp-content\\\/uploads\\\/sites\\\/12\\\/2025\\\/02\\\/M99.png\",\"datePublished\":\"2025-02-25T14:39:41+00:00\",\"dateModified\":\"2025-06-13T13:20:43+00:00\",\"description\":\"Cardeuse \u2013 souffleuse d\u00e9di\u00e9e aux particuliers et professionnels. Polyvalente, puissante et transportable facilement, elle vous apportera enti\u00e8re satisfaction sur des chantiers de moyenne et grande superficie.\",\"breadcrumb\":{\"@id\":\"https:\\\/\\\/nature-et-developpement.com\\\/nievre\\\/produit\\\/location-souffleuse-cardeuse-a-ouate-de-cellulose\\\/#breadcrumb\"},\"inLanguage\":\"fr-FR\",\"potentialAction\":[{\"@type\":\"ReadAction\",\"target\":[\"https:\\\/\\\/nature-et-developpement.com\\\/nievre\\\/produit\\\/location-souffleuse-cardeuse-a-ouate-de-cellulose\\\/\"]}]},{\"@type\":\"ImageObject\",\"inLanguage\":\"fr-FR\",\"@id\":\"https:\\\/\\\/nature-et-developpement.com\\\/nievre\\\/produit\\\/location-souffleuse-cardeuse-a-ouate-de-cellulose\\\/#primaryimage\",\"url\":\"https:\\\/\\\/nature-et-developpement.com\\\/nievre\\\/wp-content\\\/uploads\\\/sites\\\/12\\\/2025\\\/02\\\/M99.png\",\"contentUrl\":\"https:\\\/\\\/nature-et-developpement.com\\\/nievre\\\/wp-content\\\/uploads\\\/sites\\\/12\\\/2025\\\/02\\\/M99.png\",\"width\":600,\"height\":600},{\"@type\":\"BreadcrumbList\",\"@id\":\"https:\\\/\\\/nature-et-developpement.com\\\/nievre\\\/produit\\\/location-souffleuse-cardeuse-a-ouate-de-cellulose\\\/#breadcrumb\",\"itemListElement\":[{\"@type\":\"ListItem\",\"position\":1,\"name\":\"Accueil\",\"item\":\"https:\\\/\\\/nature-et-developpement.com\\\/nievre\\\/\"},{\"@type\":\"ListItem\",\"position\":2,\"name\":\"Produits\",\"item\":\"https:\\\/\\\/nature-et-developpement.com\\\/nievre\\\/shop\\\/\"},{\"@type\":\"ListItem\",\"position\":3,\"name\":\"NON CLASS\u00c9\",\"item\":\"https:\\\/\\\/nature-et-developpement.com\\\/nievre\\\/produits\\\/non-classe\\\/\"},{\"@type\":\"ListItem\",\"position\":4,\"name\":\"Location souffleuse\\\/cardeuse \u00e0 ouate de cellulose\"}]},{\"@type\":\"WebSite\",\"@id\":\"https:\\\/\\\/nature-et-developpement.com\\\/nievre\\\/#website\",\"url\":\"https:\\\/\\\/nature-et-developpement.com\\\/nievre\\\/\",\"name\":\"Ni\u00e8vre Eco Mat\u00e9riaux\",\"description\":\"Ni\u00e8vre Eco Mat\u00e9riaux est membre du groupement Nature &amp; D\u00e9veloppement\",\"publisher\":{\"@id\":\"https:\\\/\\\/nature-et-developpement.com\\\/nievre\\\/#organization\"},\"potentialAction\":[{\"@type\":\"SearchAction\",\"target\":{\"@type\":\"EntryPoint\",\"urlTemplate\":\"https:\\\/\\\/nature-et-developpement.com\\\/nievre\\\/?s={search_term_string}\"},\"query-input\":{\"@type\":\"PropertyValueSpecification\",\"valueRequired\":true,\"valueName\":\"search_term_string\"}}],\"inLanguage\":\"fr-FR\"},{\"@type\":\"Organization\",\"@id\":\"https:\\\/\\\/nature-et-developpement.com\\\/nievre\\\/#organization\",\"name\":\"Ni\u00e8vre Eco Mat\u00e9riaux\",\"url\":\"https:\\\/\\\/nature-et-developpement.com\\\/nievre\\\/\",\"logo\":{\"@type\":\"ImageObject\",\"inLanguage\":\"fr-FR\",\"@id\":\"https:\\\/\\\/nature-et-developpement.com\\\/nievre\\\/#\\\/schema\\\/logo\\\/image\\\/\",\"url\":\"https:\\\/\\\/nature-et-developpement.com\\\/nievre\\\/wp-content\\\/uploads\\\/sites\\\/12\\\/2021\\\/09\\\/nievre-eco-materiaux.jpg\",\"contentUrl\":\"https:\\\/\\\/nature-et-developpement.com\\\/nievre\\\/wp-content\\\/uploads\\\/sites\\\/12\\\/2021\\\/09\\\/nievre-eco-materiaux.jpg\",\"width\":1024,\"height\":198,\"caption\":\"Ni\u00e8vre Eco Mat\u00e9riaux\"},\"image\":{\"@id\":\"https:\\\/\\\/nature-et-developpement.com\\\/nievre\\\/#\\\/schema\\\/logo\\\/image\\\/\"},\"sameAs\":[\"https:\\\/\\\/www.facebook.com\\\/nievreecomateriauxcoulanges\\\/\"]}]}<\/script>\n<!-- \/ Yoast SEO plugin. -->","yoast_head_json":{"title":"Location souffleuse\/cardeuse \u00e0 ouate de cellulose","description":"Cardeuse \u2013 souffleuse d\u00e9di\u00e9e aux particuliers et professionnels. Polyvalente, puissante et transportable facilement, elle vous apportera enti\u00e8re satisfaction sur des chantiers de moyenne et grande superficie.","robots":{"index":"noindex","follow":"follow"},"og_locale":"fr_FR","og_type":"article","og_title":"Location souffleuse\/cardeuse \u00e0 ouate de cellulose","og_description":"Cardeuse \u2013 souffleuse d\u00e9di\u00e9e aux particuliers et professionnels. Polyvalente, puissante et transportable facilement, elle vous apportera enti\u00e8re satisfaction sur des chantiers de moyenne et grande superficie.","og_url":"https:\/\/nature-et-developpement.com\/nievre\/produit\/location-souffleuse-cardeuse-a-ouate-de-cellulose\/","og_site_name":"Ni\u00e8vre Eco Mat\u00e9riaux","article_publisher":"https:\/\/www.facebook.com\/nievreecomateriauxcoulanges\/","article_modified_time":"2025-06-13T13:20:43+00:00","og_image":[{"width":600,"height":600,"url":"https:\/\/nature-et-developpement.com\/nievre\/wp-content\/uploads\/sites\/12\/2025\/02\/M99.png","type":"image\/png"}],"twitter_card":"summary_large_image","schema":{"@context":"https:\/\/schema.org","@graph":[{"@type":"WebPage","@id":"https:\/\/nature-et-developpement.com\/nievre\/produit\/location-souffleuse-cardeuse-a-ouate-de-cellulose\/","url":"https:\/\/nature-et-developpement.com\/nievre\/produit\/location-souffleuse-cardeuse-a-ouate-de-cellulose\/","name":"Location souffleuse\/cardeuse \u00e0 ouate de cellulose","isPartOf":{"@id":"https:\/\/nature-et-developpement.com\/nievre\/#website"},"primaryImageOfPage":{"@id":"https:\/\/nature-et-developpement.com\/nievre\/produit\/location-souffleuse-cardeuse-a-ouate-de-cellulose\/#primaryimage"},"image":{"@id":"https:\/\/nature-et-developpement.com\/nievre\/produit\/location-souffleuse-cardeuse-a-ouate-de-cellulose\/#primaryimage"},"thumbnailUrl":"https:\/\/nature-et-developpement.com\/nievre\/wp-content\/uploads\/sites\/12\/2025\/02\/M99.png","datePublished":"2025-02-25T14:39:41+00:00","dateModified":"2025-06-13T13:20:43+00:00","description":"Cardeuse \u2013 souffleuse d\u00e9di\u00e9e aux particuliers et professionnels. Polyvalente, puissante et transportable facilement, elle vous apportera enti\u00e8re satisfaction sur des chantiers de moyenne et grande superficie.","breadcrumb":{"@id":"https:\/\/nature-et-developpement.com\/nievre\/produit\/location-souffleuse-cardeuse-a-ouate-de-cellulose\/#breadcrumb"},"inLanguage":"fr-FR","potentialAction":[{"@type":"ReadAction","target":["https:\/\/nature-et-developpement.com\/nievre\/produit\/location-souffleuse-cardeuse-a-ouate-de-cellulose\/"]}]},{"@type":"ImageObject","inLanguage":"fr-FR","@id":"https:\/\/nature-et-developpement.com\/nievre\/produit\/location-souffleuse-cardeuse-a-ouate-de-cellulose\/#primaryimage","url":"https:\/\/nature-et-developpement.com\/nievre\/wp-content\/uploads\/sites\/12\/2025\/02\/M99.png","contentUrl":"https:\/\/nature-et-developpement.com\/nievre\/wp-content\/uploads\/sites\/12\/2025\/02\/M99.png","width":600,"height":600},{"@type":"BreadcrumbList","@id":"https:\/\/nature-et-developpement.com\/nievre\/produit\/location-souffleuse-cardeuse-a-ouate-de-cellulose\/#breadcrumb","itemListElement":[{"@type":"ListItem","position":1,"name":"Accueil","item":"https:\/\/nature-et-developpement.com\/nievre\/"},{"@type":"ListItem","position":2,"name":"Produits","item":"https:\/\/nature-et-developpement.com\/nievre\/shop\/"},{"@type":"ListItem","position":3,"name":"NON CLASS\u00c9","item":"https:\/\/nature-et-developpement.com\/nievre\/produits\/non-classe\/"},{"@type":"ListItem","position":4,"name":"Location souffleuse\/cardeuse \u00e0 ouate de cellulose"}]},{"@type":"WebSite","@id":"https:\/\/nature-et-developpement.com\/nievre\/#website","url":"https:\/\/nature-et-developpement.com\/nievre\/","name":"Ni\u00e8vre Eco Mat\u00e9riaux","description":"Ni\u00e8vre Eco Mat\u00e9riaux est membre du groupement Nature &amp; D\u00e9veloppement","publisher":{"@id":"https:\/\/nature-et-developpement.com\/nievre\/#organization"},"potentialAction":[{"@type":"SearchAction","target":{"@type":"EntryPoint","urlTemplate":"https:\/\/nature-et-developpement.com\/nievre\/?s={search_term_string}"},"query-input":{"@type":"PropertyValueSpecification","valueRequired":true,"valueName":"search_term_string"}}],"inLanguage":"fr-FR"},{"@type":"Organization","@id":"https:\/\/nature-et-developpement.com\/nievre\/#organization","name":"Ni\u00e8vre Eco Mat\u00e9riaux","url":"https:\/\/nature-et-developpement.com\/nievre\/","logo":{"@type":"ImageObject","inLanguage":"fr-FR","@id":"https:\/\/nature-et-developpement.com\/nievre\/#\/schema\/logo\/image\/","url":"https:\/\/nature-et-developpement.com\/nievre\/wp-content\/uploads\/sites\/12\/2021\/09\/nievre-eco-materiaux.jpg","contentUrl":"https:\/\/nature-et-developpement.com\/nievre\/wp-content\/uploads\/sites\/12\/2021\/09\/nievre-eco-materiaux.jpg","width":1024,"height":198,"caption":"Ni\u00e8vre Eco Mat\u00e9riaux"},"image":{"@id":"https:\/\/nature-et-developpement.com\/nievre\/#\/schema\/logo\/image\/"},"sameAs":["https:\/\/www.facebook.com\/nievreecomateriauxcoulanges\/"]}]}},"distributor_meta":false,"distributor_terms":false,"distributor_media":false,"distributor_original_site_name":"Ni\u00e8vre Eco Mat\u00e9riaux","distributor_original_site_url":"https:\/\/nature-et-developpement.com\/nievre","push-errors":false,"_links":{"self":[{"href":"https:\/\/nature-et-developpement.com\/nievre\/wp-json\/wp\/v2\/product\/34047","targetHints":{"allow":["GET"]}}],"collection":[{"href":"https:\/\/nature-et-developpement.com\/nievre\/wp-json\/wp\/v2\/product"}],"about":[{"href":"https:\/\/nature-et-developpement.com\/nievre\/wp-json\/wp\/v2\/types\/product"}],"wp:featuredmedia":[{"embeddable":true,"href":"https:\/\/nature-et-developpement.com\/nievre\/wp-json\/wp\/v2\/media\/34048"}],"wp:attachment":[{"href":"https:\/\/nature-et-developpement.com\/nievre\/wp-json\/wp\/v2\/media?parent=34047"}],"wp:term":[{"taxonomy":"product_brand","embeddable":true,"href":"https:\/\/nature-et-developpement.com\/nievre\/wp-json\/wp\/v2\/product_brand?post=34047"},{"taxonomy":"product_cat","embeddable":true,"href":"https:\/\/nature-et-developpement.com\/nievre\/wp-json\/wp\/v2\/product_cat?post=34047"},{"taxonomy":"product_tag","embeddable":true,"href":"https:\/\/nature-et-developpement.com\/nievre\/wp-json\/wp\/v2\/product_tag?post=34047"}],"curies":[{"name":"wp","href":"https:\/\/api.w.org\/{rel}","templated":true}]}}