{"id":5088,"date":"2018-10-01T00:00:00","date_gmt":"2018-09-30T22:00:00","guid":{"rendered":"https:\/\/nature-et-developpement.com\/nievre\/produit\/impression-keim-fixatif-special\/"},"modified":"2026-04-30T23:15:21","modified_gmt":"2026-04-30T21:15:21","slug":"keim-fixatif-spezial-fixativ","status":"publish","type":"product","link":"https:\/\/nature-et-developpement.com\/nievre\/produit\/keim-fixatif-spezial-fixativ\/","title":{"rendered":"Impression KEIM Spezial-fixativ"},"content":{"rendered":"<div class=\"col-lg-12\">\n<h3 class=\"product-title inverse\">KEIM Fixatif Sp\u00e9cial<\/h3>\n<\/div>\n<p>Impression min\u00e9rale et diluant \u00e0 base de silicate de potassium.<\/p>\n<p>Conforme \u00e0 la norme NFT 36-005 Famille I, Cat\u00e9gorie 1b1 (produits contenant au plus 5% de compos\u00e9s organiques selon le fascicule de documentation FD T 30-808.).<\/p>\n<p>KEIM Fixatif Sp\u00e9cial est utilis\u00e9 pour diluer les peintures des syst\u00e8mes KEIM Granital, Ecosil-ME et Mycal-Top.<\/p>\n<p>Utilis\u00e9 pur en couche d\u2019impression, KEIM Fixatif Sp\u00e9cial permet \u00e9galement d\u2019homog\u00e9n\u00e9iser et de r\u00e9duire l\u2019absorption de supports tr\u00e8s poreux.<\/p>\n<p><strong>Application\u00a0<\/strong><br \/>\nBrosse, rouleau, pulv\u00e9risateur basse pression<\/p>\n<p><strong>Conditionnement<\/strong><br \/>\nBidon plastique de 5 L\u00a0 et 20 L<br \/>\nPalette : 24 x 20 L \/ 96 x 5 L.<\/p>\n","protected":false},"excerpt":{"rendered":"<p>Diluant et r\u00e9gulateur de fond \u00e0 base d&rsquo;un silicate de potassium liquide pur et d&rsquo;adjuvant sp\u00e9cifiques en faible quantit\u00e9.<\/p>\n<p>utilis\u00e9 pour diluer les produits des syst\u00e8mes de peintures suivants : KEIM Granital, KEIM Ecosil-ME et KEIM Mycal-Top.<\/p>\n","protected":false},"featured_media":1000000201194,"template":"","meta":[],"product_brand":[2756],"product_cat":[451,56,143],"product_tag":[4355],"class_list":{"0":"post-5088","1":"product","2":"type-product","3":"status-publish","4":"has-post-thumbnail","6":"product_brand-keim","7":"product_cat-adjuvants","8":"product_cat-peinture-et-enduit","9":"product_cat-preparation-du-support","10":"product_tag-keim","11":"product_shipping_class-peintures-accessoires-peintures","13":"first","14":"instock","15":"taxable","16":"shipping-taxable","17":"purchasable","18":"product-type-variable"},"yoast_head":"<!-- This site is optimized with the Yoast SEO plugin v27.5 - https:\/\/yoast.com\/product\/yoast-seo-wordpress\/ -->\n<title>Impression KEIM Spezial-fixativ<\/title>\n<meta name=\"description\" content=\"Diluant et r\u00e9gulateur de fond \u00e0 base d&#039;un silicate de potassium liquide pur et d&#039;adjuvant sp\u00e9cifiques en faible quantit\u00e9.  utilis\u00e9 pour diluer les produits des syst\u00e8mes de peintures suivants : KEIM Granital, KEIM Ecosil-ME et KEIM Mycal-Top.\" \/>\n<meta name=\"robots\" content=\"noindex, nofollow\" \/>\n<meta property=\"og:locale\" content=\"fr_FR\" \/>\n<meta property=\"og:type\" content=\"article\" \/>\n<meta property=\"og:title\" content=\"Impression KEIM Spezial-fixativ\" \/>\n<meta property=\"og:description\" content=\"Diluant et r\u00e9gulateur de fond \u00e0 base d&#039;un silicate de potassium liquide pur et d&#039;adjuvant sp\u00e9cifiques en faible quantit\u00e9.  utilis\u00e9 pour diluer les produits des syst\u00e8mes de peintures suivants : KEIM Granital, KEIM Ecosil-ME et KEIM Mycal-Top.\" \/>\n<meta property=\"og:url\" content=\"https:\/\/nature-et-developpement.com\/nievre\/produit\/keim-fixatif-spezial-fixativ\/\" \/>\n<meta property=\"og:site_name\" content=\"Ni\u00e8vre Eco Mat\u00e9riaux\" \/>\n<meta property=\"article:publisher\" content=\"https:\/\/www.facebook.com\/nievreecomateriauxcoulanges\/\" \/>\n<meta property=\"article:modified_time\" content=\"2026-04-30T21:15:21+00:00\" \/>\n<meta name=\"twitter:card\" content=\"summary_large_image\" \/>\n<meta name=\"twitter:label1\" content=\"Dur\u00e9e de lecture estim\u00e9e\" \/>\n\t<meta name=\"twitter:data1\" content=\"1 minute\" \/>\n<script type=\"application\/ld+json\" class=\"yoast-schema-graph\">{\"@context\":\"https:\\\/\\\/schema.org\",\"@graph\":[{\"@type\":\"WebPage\",\"@id\":\"https:\\\/\\\/nature-et-developpement.com\\\/nievre\\\/produit\\\/keim-fixatif-spezial-fixativ\\\/\",\"url\":\"https:\\\/\\\/nature-et-developpement.com\\\/nievre\\\/produit\\\/keim-fixatif-spezial-fixativ\\\/\",\"name\":\"Impression KEIM Spezial-fixativ\",\"isPartOf\":{\"@id\":\"https:\\\/\\\/nature-et-developpement.com\\\/nievre\\\/#website\"},\"primaryImageOfPage\":{\"@id\":\"https:\\\/\\\/nature-et-developpement.com\\\/nievre\\\/produit\\\/keim-fixatif-spezial-fixativ\\\/#primaryimage\"},\"image\":{\"@id\":\"https:\\\/\\\/nature-et-developpement.com\\\/nievre\\\/produit\\\/keim-fixatif-spezial-fixativ\\\/#primaryimage\"},\"thumbnailUrl\":\"https:\\\/\\\/nature-et-developpement.com\\\/nievre\\\/wp-content\\\/uploads\\\/Impression-KEIM-Spezial-fixativ-20L.jpg\",\"datePublished\":\"2018-09-30T22:00:00+00:00\",\"dateModified\":\"2026-04-30T21:15:21+00:00\",\"description\":\"Diluant et r\u00e9gulateur de fond \u00e0 base d'un silicate de potassium liquide pur et d'adjuvant sp\u00e9cifiques en faible quantit\u00e9. utilis\u00e9 pour diluer les produits des syst\u00e8mes de peintures suivants : KEIM Granital, KEIM Ecosil-ME et KEIM Mycal-Top.\",\"breadcrumb\":{\"@id\":\"https:\\\/\\\/nature-et-developpement.com\\\/nievre\\\/produit\\\/keim-fixatif-spezial-fixativ\\\/#breadcrumb\"},\"inLanguage\":\"fr-FR\",\"potentialAction\":[{\"@type\":\"ReadAction\",\"target\":[\"https:\\\/\\\/nature-et-developpement.com\\\/nievre\\\/produit\\\/keim-fixatif-spezial-fixativ\\\/\"]}]},{\"@type\":\"ImageObject\",\"inLanguage\":\"fr-FR\",\"@id\":\"https:\\\/\\\/nature-et-developpement.com\\\/nievre\\\/produit\\\/keim-fixatif-spezial-fixativ\\\/#primaryimage\",\"url\":\"https:\\\/\\\/nature-et-developpement.com\\\/nievre\\\/wp-content\\\/uploads\\\/Impression-KEIM-Spezial-fixativ-20L.jpg\",\"contentUrl\":\"https:\\\/\\\/nature-et-developpement.com\\\/nievre\\\/wp-content\\\/uploads\\\/Impression-KEIM-Spezial-fixativ-20L.jpg\"},{\"@type\":\"BreadcrumbList\",\"@id\":\"https:\\\/\\\/nature-et-developpement.com\\\/nievre\\\/produit\\\/keim-fixatif-spezial-fixativ\\\/#breadcrumb\",\"itemListElement\":[{\"@type\":\"ListItem\",\"position\":1,\"name\":\"Accueil\",\"item\":\"https:\\\/\\\/nature-et-developpement.com\\\/nievre\\\/\"},{\"@type\":\"ListItem\",\"position\":2,\"name\":\"Produits\",\"item\":\"https:\\\/\\\/nature-et-developpement.com\\\/nievre\\\/shop\\\/\"},{\"@type\":\"ListItem\",\"position\":3,\"name\":\"Peinture, pigment et enduit\",\"item\":\"https:\\\/\\\/nature-et-developpement.com\\\/nievre\\\/produits\\\/peinture-et-enduit\\\/\"},{\"@type\":\"ListItem\",\"position\":4,\"name\":\"Pr\u00e9paration du support\",\"item\":\"https:\\\/\\\/nature-et-developpement.com\\\/nievre\\\/produits\\\/peinture-et-enduit\\\/preparation-du-support\\\/\"},{\"@type\":\"ListItem\",\"position\":5,\"name\":\"Impression KEIM Spezial-fixativ\"}]},{\"@type\":\"WebSite\",\"@id\":\"https:\\\/\\\/nature-et-developpement.com\\\/nievre\\\/#website\",\"url\":\"https:\\\/\\\/nature-et-developpement.com\\\/nievre\\\/\",\"name\":\"Ni\u00e8vre Eco Mat\u00e9riaux\",\"description\":\"Ni\u00e8vre Eco Mat\u00e9riaux est membre du groupement Nature &amp; D\u00e9veloppement\",\"publisher\":{\"@id\":\"https:\\\/\\\/nature-et-developpement.com\\\/nievre\\\/#organization\"},\"potentialAction\":[{\"@type\":\"SearchAction\",\"target\":{\"@type\":\"EntryPoint\",\"urlTemplate\":\"https:\\\/\\\/nature-et-developpement.com\\\/nievre\\\/?s={search_term_string}\"},\"query-input\":{\"@type\":\"PropertyValueSpecification\",\"valueRequired\":true,\"valueName\":\"search_term_string\"}}],\"inLanguage\":\"fr-FR\"},{\"@type\":\"Organization\",\"@id\":\"https:\\\/\\\/nature-et-developpement.com\\\/nievre\\\/#organization\",\"name\":\"Ni\u00e8vre Eco Mat\u00e9riaux\",\"url\":\"https:\\\/\\\/nature-et-developpement.com\\\/nievre\\\/\",\"logo\":{\"@type\":\"ImageObject\",\"inLanguage\":\"fr-FR\",\"@id\":\"https:\\\/\\\/nature-et-developpement.com\\\/nievre\\\/#\\\/schema\\\/logo\\\/image\\\/\",\"url\":\"https:\\\/\\\/nature-et-developpement.com\\\/nievre\\\/wp-content\\\/uploads\\\/sites\\\/12\\\/2021\\\/09\\\/nievre-eco-materiaux.jpg\",\"contentUrl\":\"https:\\\/\\\/nature-et-developpement.com\\\/nievre\\\/wp-content\\\/uploads\\\/sites\\\/12\\\/2021\\\/09\\\/nievre-eco-materiaux.jpg\",\"width\":1024,\"height\":198,\"caption\":\"Ni\u00e8vre Eco Mat\u00e9riaux\"},\"image\":{\"@id\":\"https:\\\/\\\/nature-et-developpement.com\\\/nievre\\\/#\\\/schema\\\/logo\\\/image\\\/\"},\"sameAs\":[\"https:\\\/\\\/www.facebook.com\\\/nievreecomateriauxcoulanges\\\/\"]}]}<\/script>\n<!-- \/ Yoast SEO plugin. -->","yoast_head_json":{"title":"Impression KEIM Spezial-fixativ","description":"Diluant et r\u00e9gulateur de fond \u00e0 base d'un silicate de potassium liquide pur et d'adjuvant sp\u00e9cifiques en faible quantit\u00e9.  utilis\u00e9 pour diluer les produits des syst\u00e8mes de peintures suivants : KEIM Granital, KEIM Ecosil-ME et KEIM Mycal-Top.","robots":{"index":"noindex","follow":"nofollow"},"og_locale":"fr_FR","og_type":"article","og_title":"Impression KEIM Spezial-fixativ","og_description":"Diluant et r\u00e9gulateur de fond \u00e0 base d'un silicate de potassium liquide pur et d'adjuvant sp\u00e9cifiques en faible quantit\u00e9.  utilis\u00e9 pour diluer les produits des syst\u00e8mes de peintures suivants : KEIM Granital, KEIM Ecosil-ME et KEIM Mycal-Top.","og_url":"https:\/\/nature-et-developpement.com\/nievre\/produit\/keim-fixatif-spezial-fixativ\/","og_site_name":"Ni\u00e8vre Eco Mat\u00e9riaux","article_publisher":"https:\/\/www.facebook.com\/nievreecomateriauxcoulanges\/","article_modified_time":"2026-04-30T21:15:21+00:00","twitter_card":"summary_large_image","twitter_misc":{"Dur\u00e9e de lecture estim\u00e9e":"1 minute"},"schema":{"@context":"https:\/\/schema.org","@graph":[{"@type":"WebPage","@id":"https:\/\/nature-et-developpement.com\/nievre\/produit\/keim-fixatif-spezial-fixativ\/","url":"https:\/\/nature-et-developpement.com\/nievre\/produit\/keim-fixatif-spezial-fixativ\/","name":"Impression KEIM Spezial-fixativ","isPartOf":{"@id":"https:\/\/nature-et-developpement.com\/nievre\/#website"},"primaryImageOfPage":{"@id":"https:\/\/nature-et-developpement.com\/nievre\/produit\/keim-fixatif-spezial-fixativ\/#primaryimage"},"image":{"@id":"https:\/\/nature-et-developpement.com\/nievre\/produit\/keim-fixatif-spezial-fixativ\/#primaryimage"},"thumbnailUrl":"https:\/\/nature-et-developpement.com\/nievre\/wp-content\/uploads\/Impression-KEIM-Spezial-fixativ-20L.jpg","datePublished":"2018-09-30T22:00:00+00:00","dateModified":"2026-04-30T21:15:21+00:00","description":"Diluant et r\u00e9gulateur de fond \u00e0 base d'un silicate de potassium liquide pur et d'adjuvant sp\u00e9cifiques en faible quantit\u00e9. utilis\u00e9 pour diluer les produits des syst\u00e8mes de peintures suivants : KEIM Granital, KEIM Ecosil-ME et KEIM Mycal-Top.","breadcrumb":{"@id":"https:\/\/nature-et-developpement.com\/nievre\/produit\/keim-fixatif-spezial-fixativ\/#breadcrumb"},"inLanguage":"fr-FR","potentialAction":[{"@type":"ReadAction","target":["https:\/\/nature-et-developpement.com\/nievre\/produit\/keim-fixatif-spezial-fixativ\/"]}]},{"@type":"ImageObject","inLanguage":"fr-FR","@id":"https:\/\/nature-et-developpement.com\/nievre\/produit\/keim-fixatif-spezial-fixativ\/#primaryimage","url":"https:\/\/nature-et-developpement.com\/nievre\/wp-content\/uploads\/Impression-KEIM-Spezial-fixativ-20L.jpg","contentUrl":"https:\/\/nature-et-developpement.com\/nievre\/wp-content\/uploads\/Impression-KEIM-Spezial-fixativ-20L.jpg"},{"@type":"BreadcrumbList","@id":"https:\/\/nature-et-developpement.com\/nievre\/produit\/keim-fixatif-spezial-fixativ\/#breadcrumb","itemListElement":[{"@type":"ListItem","position":1,"name":"Accueil","item":"https:\/\/nature-et-developpement.com\/nievre\/"},{"@type":"ListItem","position":2,"name":"Produits","item":"https:\/\/nature-et-developpement.com\/nievre\/shop\/"},{"@type":"ListItem","position":3,"name":"Peinture, pigment et enduit","item":"https:\/\/nature-et-developpement.com\/nievre\/produits\/peinture-et-enduit\/"},{"@type":"ListItem","position":4,"name":"Pr\u00e9paration du support","item":"https:\/\/nature-et-developpement.com\/nievre\/produits\/peinture-et-enduit\/preparation-du-support\/"},{"@type":"ListItem","position":5,"name":"Impression KEIM Spezial-fixativ"}]},{"@type":"WebSite","@id":"https:\/\/nature-et-developpement.com\/nievre\/#website","url":"https:\/\/nature-et-developpement.com\/nievre\/","name":"Ni\u00e8vre Eco Mat\u00e9riaux","description":"Ni\u00e8vre Eco Mat\u00e9riaux est membre du groupement Nature &amp; D\u00e9veloppement","publisher":{"@id":"https:\/\/nature-et-developpement.com\/nievre\/#organization"},"potentialAction":[{"@type":"SearchAction","target":{"@type":"EntryPoint","urlTemplate":"https:\/\/nature-et-developpement.com\/nievre\/?s={search_term_string}"},"query-input":{"@type":"PropertyValueSpecification","valueRequired":true,"valueName":"search_term_string"}}],"inLanguage":"fr-FR"},{"@type":"Organization","@id":"https:\/\/nature-et-developpement.com\/nievre\/#organization","name":"Ni\u00e8vre Eco Mat\u00e9riaux","url":"https:\/\/nature-et-developpement.com\/nievre\/","logo":{"@type":"ImageObject","inLanguage":"fr-FR","@id":"https:\/\/nature-et-developpement.com\/nievre\/#\/schema\/logo\/image\/","url":"https:\/\/nature-et-developpement.com\/nievre\/wp-content\/uploads\/sites\/12\/2021\/09\/nievre-eco-materiaux.jpg","contentUrl":"https:\/\/nature-et-developpement.com\/nievre\/wp-content\/uploads\/sites\/12\/2021\/09\/nievre-eco-materiaux.jpg","width":1024,"height":198,"caption":"Ni\u00e8vre Eco Mat\u00e9riaux"},"image":{"@id":"https:\/\/nature-et-developpement.com\/nievre\/#\/schema\/logo\/image\/"},"sameAs":["https:\/\/www.facebook.com\/nievreecomateriauxcoulanges\/"]}]}},"distributor_meta":false,"distributor_terms":false,"distributor_media":false,"distributor_original_site_name":"Ni\u00e8vre Eco Mat\u00e9riaux","distributor_original_site_url":"https:\/\/nature-et-developpement.com\/nievre","push-errors":false,"_links":{"self":[{"href":"https:\/\/nature-et-developpement.com\/nievre\/wp-json\/wp\/v2\/product\/5088","targetHints":{"allow":["GET"]}}],"collection":[{"href":"https:\/\/nature-et-developpement.com\/nievre\/wp-json\/wp\/v2\/product"}],"about":[{"href":"https:\/\/nature-et-developpement.com\/nievre\/wp-json\/wp\/v2\/types\/product"}],"wp:featuredmedia":[{"embeddable":true,"href":"https:\/\/nature-et-developpement.com\/nievre\/wp-json\/"}],"wp:attachment":[{"href":"https:\/\/nature-et-developpement.com\/nievre\/wp-json\/wp\/v2\/media?parent=5088"}],"wp:term":[{"taxonomy":"product_brand","embeddable":true,"href":"https:\/\/nature-et-developpement.com\/nievre\/wp-json\/wp\/v2\/product_brand?post=5088"},{"taxonomy":"product_cat","embeddable":true,"href":"https:\/\/nature-et-developpement.com\/nievre\/wp-json\/wp\/v2\/product_cat?post=5088"},{"taxonomy":"product_tag","embeddable":true,"href":"https:\/\/nature-et-developpement.com\/nievre\/wp-json\/wp\/v2\/product_tag?post=5088"}],"curies":[{"name":"wp","href":"https:\/\/api.w.org\/{rel}","templated":true}]}}