{"id":8761,"date":"2020-04-22T15:03:04","date_gmt":"2020-04-22T13:03:04","guid":{"rendered":"https:\/\/nature-et-developpement.com\/nievre\/produit\/plinthe-profile-20-pk-aqua-meister\/"},"modified":"2026-03-26T17:20:43","modified_gmt":"2026-03-26T16:20:43","slug":"plinthe-profile-20-pk-aqua-meister","status":"publish","type":"product","link":"https:\/\/nature-et-developpement.com\/nievre\/produit\/plinthe-profile-20-pk-aqua-meister\/","title":{"rendered":"Plinthe &#8211; Profile 20 PK Aqua MEISTER"},"content":{"rendered":"","protected":false},"excerpt":{"rendered":"<p>Plinthe MEISTER en acier inoxidable ou blanc brillant. Strucure ABS pour une solution WATER PROOF.<br \/>\nProfil 60x16mm, avec partie verticale\u00a0lisse et angle droit l\u00e9g\u00e8rement arrondi.<br \/>\nMontage avec\u00a0clip de fixation, ou\u00a0collage avec\u00a0colle de montage<\/p>\n<p>Longueur 2,38m<\/p>\n","protected":false},"featured_media":1000000134363,"template":"","meta":[],"product_brand":[4662],"product_cat":[47],"product_tag":[],"class_list":{"0":"post-8761","1":"product","2":"type-product","3":"status-publish","4":"has-post-thumbnail","6":"product_brand-meister-accessoire","7":"product_cat-plinthes-et-accessoires","8":"product_shipping_class-petit-equipement-outil-eclairage","10":"first","11":"instock","12":"taxable","13":"shipping-taxable","14":"purchasable","15":"product-type-variable"},"yoast_head":"<!-- This site is optimized with the Yoast SEO plugin v27.5 - https:\/\/yoast.com\/product\/yoast-seo-wordpress\/ -->\n<title>Plinthe - Profile 20 PK Aqua MEISTER<\/title>\n<meta name=\"description\" content=\"Plinthe MEISTER en acier inoxidable ou blanc brillant. Strucure ABS pour une solution WATER PROOF. Profil 60x16mm, avec partie verticale\u00a0lisse et angle droit l\u00e9g\u00e8rement arrondi. Montage avec\u00a0clip de fixation, ou\u00a0collage avec\u00a0colle de montage  Longueur 2,38m\" \/>\n<meta name=\"robots\" content=\"noindex, nofollow\" \/>\n<meta property=\"og:locale\" content=\"fr_FR\" \/>\n<meta property=\"og:type\" content=\"article\" \/>\n<meta property=\"og:title\" content=\"Plinthe - Profile 20 PK Aqua MEISTER\" \/>\n<meta property=\"og:description\" content=\"Plinthe MEISTER en acier inoxidable ou blanc brillant. Strucure ABS pour une solution WATER PROOF. Profil 60x16mm, avec partie verticale\u00a0lisse et angle droit l\u00e9g\u00e8rement arrondi. Montage avec\u00a0clip de fixation, ou\u00a0collage avec\u00a0colle de montage  Longueur 2,38m\" \/>\n<meta property=\"og:url\" content=\"https:\/\/nature-et-developpement.com\/nievre\/produit\/plinthe-profile-20-pk-aqua-meister\/\" \/>\n<meta property=\"og:site_name\" content=\"Ni\u00e8vre Eco Mat\u00e9riaux\" \/>\n<meta property=\"article:publisher\" content=\"https:\/\/www.facebook.com\/nievreecomateriauxcoulanges\/\" \/>\n<meta property=\"article:modified_time\" content=\"2026-03-26T16:20:43+00:00\" \/>\n<meta name=\"twitter:card\" content=\"summary_large_image\" \/>\n<script type=\"application\/ld+json\" class=\"yoast-schema-graph\">{\"@context\":\"https:\\\/\\\/schema.org\",\"@graph\":[{\"@type\":\"WebPage\",\"@id\":\"https:\\\/\\\/nature-et-developpement.com\\\/nievre\\\/produit\\\/plinthe-profile-20-pk-aqua-meister\\\/\",\"url\":\"https:\\\/\\\/nature-et-developpement.com\\\/nievre\\\/produit\\\/plinthe-profile-20-pk-aqua-meister\\\/\",\"name\":\"Plinthe - Profile 20 PK Aqua MEISTER\",\"isPartOf\":{\"@id\":\"https:\\\/\\\/nature-et-developpement.com\\\/nievre\\\/#website\"},\"primaryImageOfPage\":{\"@id\":\"https:\\\/\\\/nature-et-developpement.com\\\/nievre\\\/produit\\\/plinthe-profile-20-pk-aqua-meister\\\/#primaryimage\"},\"image\":{\"@id\":\"https:\\\/\\\/nature-et-developpement.com\\\/nievre\\\/produit\\\/plinthe-profile-20-pk-aqua-meister\\\/#primaryimage\"},\"thumbnailUrl\":\"https:\\\/\\\/nature-et-developpement.com\\\/nievre\\\/wp-content\\\/uploads\\\/27675-Plinthe-Profile-20-PK-Aqua-MEISTER.jpg\",\"datePublished\":\"2020-04-22T13:03:04+00:00\",\"dateModified\":\"2026-03-26T16:20:43+00:00\",\"description\":\"Plinthe MEISTER en acier inoxidable ou blanc brillant. Strucure ABS pour une solution WATER PROOF. Profil 60x16mm, avec partie verticale\u00a0lisse et angle droit l\u00e9g\u00e8rement arrondi. Montage avec\u00a0clip de fixation, ou\u00a0collage avec\u00a0colle de montage Longueur 2,38m\",\"breadcrumb\":{\"@id\":\"https:\\\/\\\/nature-et-developpement.com\\\/nievre\\\/produit\\\/plinthe-profile-20-pk-aqua-meister\\\/#breadcrumb\"},\"inLanguage\":\"fr-FR\",\"potentialAction\":[{\"@type\":\"ReadAction\",\"target\":[\"https:\\\/\\\/nature-et-developpement.com\\\/nievre\\\/produit\\\/plinthe-profile-20-pk-aqua-meister\\\/\"]}]},{\"@type\":\"ImageObject\",\"inLanguage\":\"fr-FR\",\"@id\":\"https:\\\/\\\/nature-et-developpement.com\\\/nievre\\\/produit\\\/plinthe-profile-20-pk-aqua-meister\\\/#primaryimage\",\"url\":\"https:\\\/\\\/nature-et-developpement.com\\\/nievre\\\/wp-content\\\/uploads\\\/27675-Plinthe-Profile-20-PK-Aqua-MEISTER.jpg\",\"contentUrl\":\"https:\\\/\\\/nature-et-developpement.com\\\/nievre\\\/wp-content\\\/uploads\\\/27675-Plinthe-Profile-20-PK-Aqua-MEISTER.jpg\"},{\"@type\":\"BreadcrumbList\",\"@id\":\"https:\\\/\\\/nature-et-developpement.com\\\/nievre\\\/produit\\\/plinthe-profile-20-pk-aqua-meister\\\/#breadcrumb\",\"itemListElement\":[{\"@type\":\"ListItem\",\"position\":1,\"name\":\"Accueil\",\"item\":\"https:\\\/\\\/nature-et-developpement.com\\\/nievre\\\/\"},{\"@type\":\"ListItem\",\"position\":2,\"name\":\"Produits\",\"item\":\"https:\\\/\\\/nature-et-developpement.com\\\/nievre\\\/shop\\\/\"},{\"@type\":\"ListItem\",\"position\":3,\"name\":\"Parquets bois, stratifi\u00e9s et li\u00e8ge\",\"item\":\"https:\\\/\\\/nature-et-developpement.com\\\/nievre\\\/produits\\\/parquet-et-sol-naturels\\\/\"},{\"@type\":\"ListItem\",\"position\":4,\"name\":\"Plinthes et accessoires\",\"item\":\"https:\\\/\\\/nature-et-developpement.com\\\/nievre\\\/produits\\\/parquet-et-sol-naturels\\\/plinthes-et-accessoires\\\/\"},{\"@type\":\"ListItem\",\"position\":5,\"name\":\"Plinthe &#8211; Profile 20 PK Aqua MEISTER\"}]},{\"@type\":\"WebSite\",\"@id\":\"https:\\\/\\\/nature-et-developpement.com\\\/nievre\\\/#website\",\"url\":\"https:\\\/\\\/nature-et-developpement.com\\\/nievre\\\/\",\"name\":\"Ni\u00e8vre Eco Mat\u00e9riaux\",\"description\":\"Ni\u00e8vre Eco Mat\u00e9riaux est membre du groupement Nature &amp; D\u00e9veloppement\",\"publisher\":{\"@id\":\"https:\\\/\\\/nature-et-developpement.com\\\/nievre\\\/#organization\"},\"potentialAction\":[{\"@type\":\"SearchAction\",\"target\":{\"@type\":\"EntryPoint\",\"urlTemplate\":\"https:\\\/\\\/nature-et-developpement.com\\\/nievre\\\/?s={search_term_string}\"},\"query-input\":{\"@type\":\"PropertyValueSpecification\",\"valueRequired\":true,\"valueName\":\"search_term_string\"}}],\"inLanguage\":\"fr-FR\"},{\"@type\":\"Organization\",\"@id\":\"https:\\\/\\\/nature-et-developpement.com\\\/nievre\\\/#organization\",\"name\":\"Ni\u00e8vre Eco Mat\u00e9riaux\",\"url\":\"https:\\\/\\\/nature-et-developpement.com\\\/nievre\\\/\",\"logo\":{\"@type\":\"ImageObject\",\"inLanguage\":\"fr-FR\",\"@id\":\"https:\\\/\\\/nature-et-developpement.com\\\/nievre\\\/#\\\/schema\\\/logo\\\/image\\\/\",\"url\":\"https:\\\/\\\/nature-et-developpement.com\\\/nievre\\\/wp-content\\\/uploads\\\/sites\\\/12\\\/2021\\\/09\\\/nievre-eco-materiaux.jpg\",\"contentUrl\":\"https:\\\/\\\/nature-et-developpement.com\\\/nievre\\\/wp-content\\\/uploads\\\/sites\\\/12\\\/2021\\\/09\\\/nievre-eco-materiaux.jpg\",\"width\":1024,\"height\":198,\"caption\":\"Ni\u00e8vre Eco Mat\u00e9riaux\"},\"image\":{\"@id\":\"https:\\\/\\\/nature-et-developpement.com\\\/nievre\\\/#\\\/schema\\\/logo\\\/image\\\/\"},\"sameAs\":[\"https:\\\/\\\/www.facebook.com\\\/nievreecomateriauxcoulanges\\\/\"]}]}<\/script>\n<!-- \/ Yoast SEO plugin. -->","yoast_head_json":{"title":"Plinthe - Profile 20 PK Aqua MEISTER","description":"Plinthe MEISTER en acier inoxidable ou blanc brillant. Strucure ABS pour une solution WATER PROOF. Profil 60x16mm, avec partie verticale\u00a0lisse et angle droit l\u00e9g\u00e8rement arrondi. Montage avec\u00a0clip de fixation, ou\u00a0collage avec\u00a0colle de montage  Longueur 2,38m","robots":{"index":"noindex","follow":"nofollow"},"og_locale":"fr_FR","og_type":"article","og_title":"Plinthe - Profile 20 PK Aqua MEISTER","og_description":"Plinthe MEISTER en acier inoxidable ou blanc brillant. Strucure ABS pour une solution WATER PROOF. Profil 60x16mm, avec partie verticale\u00a0lisse et angle droit l\u00e9g\u00e8rement arrondi. Montage avec\u00a0clip de fixation, ou\u00a0collage avec\u00a0colle de montage  Longueur 2,38m","og_url":"https:\/\/nature-et-developpement.com\/nievre\/produit\/plinthe-profile-20-pk-aqua-meister\/","og_site_name":"Ni\u00e8vre Eco Mat\u00e9riaux","article_publisher":"https:\/\/www.facebook.com\/nievreecomateriauxcoulanges\/","article_modified_time":"2026-03-26T16:20:43+00:00","twitter_card":"summary_large_image","schema":{"@context":"https:\/\/schema.org","@graph":[{"@type":"WebPage","@id":"https:\/\/nature-et-developpement.com\/nievre\/produit\/plinthe-profile-20-pk-aqua-meister\/","url":"https:\/\/nature-et-developpement.com\/nievre\/produit\/plinthe-profile-20-pk-aqua-meister\/","name":"Plinthe - Profile 20 PK Aqua MEISTER","isPartOf":{"@id":"https:\/\/nature-et-developpement.com\/nievre\/#website"},"primaryImageOfPage":{"@id":"https:\/\/nature-et-developpement.com\/nievre\/produit\/plinthe-profile-20-pk-aqua-meister\/#primaryimage"},"image":{"@id":"https:\/\/nature-et-developpement.com\/nievre\/produit\/plinthe-profile-20-pk-aqua-meister\/#primaryimage"},"thumbnailUrl":"https:\/\/nature-et-developpement.com\/nievre\/wp-content\/uploads\/27675-Plinthe-Profile-20-PK-Aqua-MEISTER.jpg","datePublished":"2020-04-22T13:03:04+00:00","dateModified":"2026-03-26T16:20:43+00:00","description":"Plinthe MEISTER en acier inoxidable ou blanc brillant. Strucure ABS pour une solution WATER PROOF. Profil 60x16mm, avec partie verticale\u00a0lisse et angle droit l\u00e9g\u00e8rement arrondi. Montage avec\u00a0clip de fixation, ou\u00a0collage avec\u00a0colle de montage Longueur 2,38m","breadcrumb":{"@id":"https:\/\/nature-et-developpement.com\/nievre\/produit\/plinthe-profile-20-pk-aqua-meister\/#breadcrumb"},"inLanguage":"fr-FR","potentialAction":[{"@type":"ReadAction","target":["https:\/\/nature-et-developpement.com\/nievre\/produit\/plinthe-profile-20-pk-aqua-meister\/"]}]},{"@type":"ImageObject","inLanguage":"fr-FR","@id":"https:\/\/nature-et-developpement.com\/nievre\/produit\/plinthe-profile-20-pk-aqua-meister\/#primaryimage","url":"https:\/\/nature-et-developpement.com\/nievre\/wp-content\/uploads\/27675-Plinthe-Profile-20-PK-Aqua-MEISTER.jpg","contentUrl":"https:\/\/nature-et-developpement.com\/nievre\/wp-content\/uploads\/27675-Plinthe-Profile-20-PK-Aqua-MEISTER.jpg"},{"@type":"BreadcrumbList","@id":"https:\/\/nature-et-developpement.com\/nievre\/produit\/plinthe-profile-20-pk-aqua-meister\/#breadcrumb","itemListElement":[{"@type":"ListItem","position":1,"name":"Accueil","item":"https:\/\/nature-et-developpement.com\/nievre\/"},{"@type":"ListItem","position":2,"name":"Produits","item":"https:\/\/nature-et-developpement.com\/nievre\/shop\/"},{"@type":"ListItem","position":3,"name":"Parquets bois, stratifi\u00e9s et li\u00e8ge","item":"https:\/\/nature-et-developpement.com\/nievre\/produits\/parquet-et-sol-naturels\/"},{"@type":"ListItem","position":4,"name":"Plinthes et accessoires","item":"https:\/\/nature-et-developpement.com\/nievre\/produits\/parquet-et-sol-naturels\/plinthes-et-accessoires\/"},{"@type":"ListItem","position":5,"name":"Plinthe &#8211; Profile 20 PK Aqua MEISTER"}]},{"@type":"WebSite","@id":"https:\/\/nature-et-developpement.com\/nievre\/#website","url":"https:\/\/nature-et-developpement.com\/nievre\/","name":"Ni\u00e8vre Eco Mat\u00e9riaux","description":"Ni\u00e8vre Eco Mat\u00e9riaux est membre du groupement Nature &amp; D\u00e9veloppement","publisher":{"@id":"https:\/\/nature-et-developpement.com\/nievre\/#organization"},"potentialAction":[{"@type":"SearchAction","target":{"@type":"EntryPoint","urlTemplate":"https:\/\/nature-et-developpement.com\/nievre\/?s={search_term_string}"},"query-input":{"@type":"PropertyValueSpecification","valueRequired":true,"valueName":"search_term_string"}}],"inLanguage":"fr-FR"},{"@type":"Organization","@id":"https:\/\/nature-et-developpement.com\/nievre\/#organization","name":"Ni\u00e8vre Eco Mat\u00e9riaux","url":"https:\/\/nature-et-developpement.com\/nievre\/","logo":{"@type":"ImageObject","inLanguage":"fr-FR","@id":"https:\/\/nature-et-developpement.com\/nievre\/#\/schema\/logo\/image\/","url":"https:\/\/nature-et-developpement.com\/nievre\/wp-content\/uploads\/sites\/12\/2021\/09\/nievre-eco-materiaux.jpg","contentUrl":"https:\/\/nature-et-developpement.com\/nievre\/wp-content\/uploads\/sites\/12\/2021\/09\/nievre-eco-materiaux.jpg","width":1024,"height":198,"caption":"Ni\u00e8vre Eco Mat\u00e9riaux"},"image":{"@id":"https:\/\/nature-et-developpement.com\/nievre\/#\/schema\/logo\/image\/"},"sameAs":["https:\/\/www.facebook.com\/nievreecomateriauxcoulanges\/"]}]}},"distributor_meta":false,"distributor_terms":false,"distributor_media":false,"distributor_original_site_name":"Ni\u00e8vre Eco Mat\u00e9riaux","distributor_original_site_url":"https:\/\/nature-et-developpement.com\/nievre","push-errors":false,"_links":{"self":[{"href":"https:\/\/nature-et-developpement.com\/nievre\/wp-json\/wp\/v2\/product\/8761","targetHints":{"allow":["GET"]}}],"collection":[{"href":"https:\/\/nature-et-developpement.com\/nievre\/wp-json\/wp\/v2\/product"}],"about":[{"href":"https:\/\/nature-et-developpement.com\/nievre\/wp-json\/wp\/v2\/types\/product"}],"wp:featuredmedia":[{"embeddable":true,"href":"https:\/\/nature-et-developpement.com\/nievre\/wp-json\/"}],"wp:attachment":[{"href":"https:\/\/nature-et-developpement.com\/nievre\/wp-json\/wp\/v2\/media?parent=8761"}],"wp:term":[{"taxonomy":"product_brand","embeddable":true,"href":"https:\/\/nature-et-developpement.com\/nievre\/wp-json\/wp\/v2\/product_brand?post=8761"},{"taxonomy":"product_cat","embeddable":true,"href":"https:\/\/nature-et-developpement.com\/nievre\/wp-json\/wp\/v2\/product_cat?post=8761"},{"taxonomy":"product_tag","embeddable":true,"href":"https:\/\/nature-et-developpement.com\/nievre\/wp-json\/wp\/v2\/product_tag?post=8761"}],"curies":[{"name":"wp","href":"https:\/\/api.w.org\/{rel}","templated":true}]}}