{"id":13765,"date":"2017-06-23T12:13:35","date_gmt":"2017-06-23T10:13:35","guid":{"rendered":"https:\/\/nature-et-developpement.com\/optimat\/produit\/traverse-paysagere-en-chataignier\/"},"modified":"2025-06-17T11:05:32","modified_gmt":"2025-06-17T09:05:32","slug":"traverse-paysagere-en-chataignier","status":"publish","type":"product","link":"https:\/\/nature-et-developpement.com\/optimat\/produit\/traverse-paysagere-en-chataignier\/","title":{"rendered":"Traverse Paysag\u00e8re en Ch\u00e2taignier"},"content":{"rendered":"<p>Traverse paysag\u00e8re en ch\u00e2taignier Finition : Brute de sciage et non trait\u00e9e<\/p>\n<p>D\u00e9fauts accept\u00e9s : D\u00e9fauts d\u2019aspects, Gerces, Roulures, Fentes, N\u0153uds, Trous, Fl\u00e8ches de Rive, Fl\u00e8ches de face.<\/p>\n<p>Uniquement 2 arr\u00eates vives. Couleur : \u00e9volue au cours du temps, de tr\u00e8s clair \u00e0 gris tr\u00e8s fonc\u00e9 selon l&rsquo;action des UV sur les pigments du bois.<\/p>\n<p>Dimensions : section 10cm x 20cm, longueur : 2,00m, 2,20m, 2,40m et 2,60m suivant disponibilit\u00e9<\/p>\n<p>Conditionnement : en palettes de 25 pcs<\/p>\n","protected":false},"excerpt":{"rendered":"<p>Traverse paysag\u00e8re en ch\u00e2taignier<\/p>\n<p>Finition : Brute de sciage et non trait\u00e9e<\/p>\n<p>Section : 200 x 100 x 2500 mm<\/p>\n","protected":false},"featured_media":0,"template":"","meta":[],"product_brand":[],"product_cat":[225,102,90,2816,2366],"product_tag":[],"class_list":{"0":"post-13765","1":"product","2":"type-product","3":"status-publish","5":"product_cat-agencement-exterieur","6":"product_cat-construction-maison-bois","7":"product_cat-construction","8":"product_cat-demande-de-devis-uniquement-avec-prix","9":"product_cat-terrasses","10":"product_shipping_class-transport-parquet-lambris-meister","12":"first","13":"instock","14":"taxable","15":"shipping-taxable","16":"product-type-simple"},"yoast_head":"<!-- This site is optimized with the Yoast SEO plugin v27.5 - https:\/\/yoast.com\/product\/yoast-seo-wordpress\/ -->\n<title>Traverse Paysag\u00e8re en Ch\u00e2taignier<\/title>\n<meta name=\"description\" content=\"Traverse paysag\u00e8re en ch\u00e2taignier  Finition : Brute de sciage et non trait\u00e9e  Section : 200 x 100 x 2500 mm\" \/>\n<meta name=\"robots\" content=\"noindex, follow\" \/>\n<meta property=\"og:locale\" content=\"fr_FR\" \/>\n<meta property=\"og:type\" content=\"article\" \/>\n<meta property=\"og:title\" content=\"Traverse Paysag\u00e8re en Ch\u00e2taignier\" \/>\n<meta property=\"og:description\" content=\"Traverse paysag\u00e8re en ch\u00e2taignier  Finition : Brute de sciage et non trait\u00e9e  Section : 200 x 100 x 2500 mm\" \/>\n<meta property=\"og:url\" content=\"https:\/\/nature-et-developpement.com\/optimat\/produit\/traverse-paysagere-en-chataignier\/\" \/>\n<meta property=\"og:site_name\" content=\"Optimat\" \/>\n<meta property=\"article:modified_time\" content=\"2025-06-17T09:05:32+00:00\" \/>\n<meta name=\"twitter:card\" content=\"summary_large_image\" \/>\n<script type=\"application\/ld+json\" class=\"yoast-schema-graph\">{\"@context\":\"https:\\\/\\\/schema.org\",\"@graph\":[{\"@type\":\"WebPage\",\"@id\":\"https:\\\/\\\/nature-et-developpement.com\\\/optimat\\\/produit\\\/traverse-paysagere-en-chataignier\\\/\",\"url\":\"https:\\\/\\\/nature-et-developpement.com\\\/optimat\\\/produit\\\/traverse-paysagere-en-chataignier\\\/\",\"name\":\"Traverse Paysag\u00e8re en Ch\u00e2taignier\",\"isPartOf\":{\"@id\":\"https:\\\/\\\/nature-et-developpement.com\\\/optimat\\\/#website\"},\"datePublished\":\"2017-06-23T10:13:35+00:00\",\"dateModified\":\"2025-06-17T09:05:32+00:00\",\"description\":\"Traverse paysag\u00e8re en ch\u00e2taignier Finition : Brute de sciage et non trait\u00e9e Section : 200 x 100 x 2500 mm\",\"breadcrumb\":{\"@id\":\"https:\\\/\\\/nature-et-developpement.com\\\/optimat\\\/produit\\\/traverse-paysagere-en-chataignier\\\/#breadcrumb\"},\"inLanguage\":\"fr-FR\",\"potentialAction\":[{\"@type\":\"ReadAction\",\"target\":[\"https:\\\/\\\/nature-et-developpement.com\\\/optimat\\\/produit\\\/traverse-paysagere-en-chataignier\\\/\"]}]},{\"@type\":\"BreadcrumbList\",\"@id\":\"https:\\\/\\\/nature-et-developpement.com\\\/optimat\\\/produit\\\/traverse-paysagere-en-chataignier\\\/#breadcrumb\",\"itemListElement\":[{\"@type\":\"ListItem\",\"position\":1,\"name\":\"Accueil\",\"item\":\"https:\\\/\\\/nature-et-developpement.com\\\/optimat\\\/\"},{\"@type\":\"ListItem\",\"position\":2,\"name\":\"Produits\",\"item\":\"https:\\\/\\\/nature-et-developpement.com\\\/optimat\\\/shop\\\/\"},{\"@type\":\"ListItem\",\"position\":3,\"name\":\"Construction, cloison et fen\u00eatres\",\"item\":\"https:\\\/\\\/nature-et-developpement.com\\\/optimat\\\/produits\\\/construction\\\/\"},{\"@type\":\"ListItem\",\"position\":4,\"name\":\"Construction bois\",\"item\":\"https:\\\/\\\/nature-et-developpement.com\\\/optimat\\\/produits\\\/construction\\\/construction-maison-bois\\\/\"},{\"@type\":\"ListItem\",\"position\":5,\"name\":\"Traverse Paysag\u00e8re en Ch\u00e2taignier\"}]},{\"@type\":\"WebSite\",\"@id\":\"https:\\\/\\\/nature-et-developpement.com\\\/optimat\\\/#website\",\"url\":\"https:\\\/\\\/nature-et-developpement.com\\\/optimat\\\/\",\"name\":\"Optimat\",\"description\":\"Optimat est membre du groupement Nature &amp; D\u00e9veloppement\",\"potentialAction\":[{\"@type\":\"SearchAction\",\"target\":{\"@type\":\"EntryPoint\",\"urlTemplate\":\"https:\\\/\\\/nature-et-developpement.com\\\/optimat\\\/?s={search_term_string}\"},\"query-input\":{\"@type\":\"PropertyValueSpecification\",\"valueRequired\":true,\"valueName\":\"search_term_string\"}}],\"inLanguage\":\"fr-FR\"}]}<\/script>\n<!-- \/ Yoast SEO plugin. -->","yoast_head_json":{"title":"Traverse Paysag\u00e8re en Ch\u00e2taignier","description":"Traverse paysag\u00e8re en ch\u00e2taignier  Finition : Brute de sciage et non trait\u00e9e  Section : 200 x 100 x 2500 mm","robots":{"index":"noindex","follow":"follow"},"og_locale":"fr_FR","og_type":"article","og_title":"Traverse Paysag\u00e8re en Ch\u00e2taignier","og_description":"Traverse paysag\u00e8re en ch\u00e2taignier  Finition : Brute de sciage et non trait\u00e9e  Section : 200 x 100 x 2500 mm","og_url":"https:\/\/nature-et-developpement.com\/optimat\/produit\/traverse-paysagere-en-chataignier\/","og_site_name":"Optimat","article_modified_time":"2025-06-17T09:05:32+00:00","twitter_card":"summary_large_image","schema":{"@context":"https:\/\/schema.org","@graph":[{"@type":"WebPage","@id":"https:\/\/nature-et-developpement.com\/optimat\/produit\/traverse-paysagere-en-chataignier\/","url":"https:\/\/nature-et-developpement.com\/optimat\/produit\/traverse-paysagere-en-chataignier\/","name":"Traverse Paysag\u00e8re en Ch\u00e2taignier","isPartOf":{"@id":"https:\/\/nature-et-developpement.com\/optimat\/#website"},"datePublished":"2017-06-23T10:13:35+00:00","dateModified":"2025-06-17T09:05:32+00:00","description":"Traverse paysag\u00e8re en ch\u00e2taignier Finition : Brute de sciage et non trait\u00e9e Section : 200 x 100 x 2500 mm","breadcrumb":{"@id":"https:\/\/nature-et-developpement.com\/optimat\/produit\/traverse-paysagere-en-chataignier\/#breadcrumb"},"inLanguage":"fr-FR","potentialAction":[{"@type":"ReadAction","target":["https:\/\/nature-et-developpement.com\/optimat\/produit\/traverse-paysagere-en-chataignier\/"]}]},{"@type":"BreadcrumbList","@id":"https:\/\/nature-et-developpement.com\/optimat\/produit\/traverse-paysagere-en-chataignier\/#breadcrumb","itemListElement":[{"@type":"ListItem","position":1,"name":"Accueil","item":"https:\/\/nature-et-developpement.com\/optimat\/"},{"@type":"ListItem","position":2,"name":"Produits","item":"https:\/\/nature-et-developpement.com\/optimat\/shop\/"},{"@type":"ListItem","position":3,"name":"Construction, cloison et fen\u00eatres","item":"https:\/\/nature-et-developpement.com\/optimat\/produits\/construction\/"},{"@type":"ListItem","position":4,"name":"Construction bois","item":"https:\/\/nature-et-developpement.com\/optimat\/produits\/construction\/construction-maison-bois\/"},{"@type":"ListItem","position":5,"name":"Traverse Paysag\u00e8re en Ch\u00e2taignier"}]},{"@type":"WebSite","@id":"https:\/\/nature-et-developpement.com\/optimat\/#website","url":"https:\/\/nature-et-developpement.com\/optimat\/","name":"Optimat","description":"Optimat est membre du groupement Nature &amp; D\u00e9veloppement","potentialAction":[{"@type":"SearchAction","target":{"@type":"EntryPoint","urlTemplate":"https:\/\/nature-et-developpement.com\/optimat\/?s={search_term_string}"},"query-input":{"@type":"PropertyValueSpecification","valueRequired":true,"valueName":"search_term_string"}}],"inLanguage":"fr-FR"}]}},"distributor_meta":false,"distributor_terms":false,"distributor_media":false,"distributor_original_site_name":"Optimat","distributor_original_site_url":"https:\/\/nature-et-developpement.com\/optimat","push-errors":false,"_links":{"self":[{"href":"https:\/\/nature-et-developpement.com\/optimat\/wp-json\/wp\/v2\/product\/13765","targetHints":{"allow":["GET"]}}],"collection":[{"href":"https:\/\/nature-et-developpement.com\/optimat\/wp-json\/wp\/v2\/product"}],"about":[{"href":"https:\/\/nature-et-developpement.com\/optimat\/wp-json\/wp\/v2\/types\/product"}],"wp:attachment":[{"href":"https:\/\/nature-et-developpement.com\/optimat\/wp-json\/wp\/v2\/media?parent=13765"}],"wp:term":[{"taxonomy":"product_brand","embeddable":true,"href":"https:\/\/nature-et-developpement.com\/optimat\/wp-json\/wp\/v2\/product_brand?post=13765"},{"taxonomy":"product_cat","embeddable":true,"href":"https:\/\/nature-et-developpement.com\/optimat\/wp-json\/wp\/v2\/product_cat?post=13765"},{"taxonomy":"product_tag","embeddable":true,"href":"https:\/\/nature-et-developpement.com\/optimat\/wp-json\/wp\/v2\/product_tag?post=13765"}],"curies":[{"name":"wp","href":"https:\/\/api.w.org\/{rel}","templated":true}]}}