{"id":13772,"date":"2017-06-23T12:06:33","date_gmt":"2017-06-23T10:06:33","guid":{"rendered":"https:\/\/nature-et-developpement.com\/optimat\/produit\/tuile-de-bois\/"},"modified":"2025-06-17T11:05:32","modified_gmt":"2025-06-17T09:05:32","slug":"tuile-de-bois","status":"publish","type":"product","link":"https:\/\/nature-et-developpement.com\/optimat\/produit\/tuile-de-bois\/","title":{"rendered":"Tuile de bois"},"content":{"rendered":"<p>\u00a0De tout temps, le bois a \u00e9t\u00e9 reconnu pour son pouvoir isolant, sa stabilit\u00e9 dimensionnelle et sa r\u00e9sistance\u00a0aux \u00e9l\u00e9ments.<\/p>\n<div>Les tuiles en ch\u00eane sont fabriqu\u00e9es avec des bois issus d\u00a0\u00bbune merranderie (ch\u00eane fendu utilis\u00e9 pour\u00a0la fabrication de barrique)<\/div>\n<div>Toutes nos essences de bois contiennent des produits de pr\u00e9servation qui rendent le bois particuli\u00e8rement\u00a0durable \u00e0 l\u2019\u00e9tat naturel.<\/div>\n<div>Les teintes de ce rev\u00eatement \u00e9voluent vers un gris argent\u00e9 suivant l\u2019exposition et l\u2019ambiance atmosph\u00e9rique\u00a0du site.<\/div>\n<div>En fa\u00e7ade les bardeaux se posent en\u00a0double recouvrement, il est n\u00e9cessaire\u00a0d\u2019utiliser 2 m2 de bardeau \u00e0 plat pour\u00a0couvrir 1 m2\u00a0En toiture, ils se placent en triple recouvrement\u00a0(comme les tuiles de pays) suivant la\u00a0pente et la r\u00e9gion le coefficient est de 2,5 \u00e0\u00a02,7 m2 \u00e0 plat pour couvrir 1 m2<\/div>\n<div>\u00a0<\/div>\n<div>Tuiles en s\u00e9quoia<\/div>\n<div>Tuiles en ch\u00eane<\/div>\n<div>\u00a0<\/div>\n<div>Caract\u00e9ristiques<\/div>\n<div>\u00a8 sciage en biais et debout dans le sens du fil du bois pour am\u00e9liorer<\/div>\n<div>l\u2019\u00e9coulement de l\u2019eau<\/div>\n<div>\u00a8 montage par agrafe inoxydable<\/div>\n<div><\/div>\n","protected":false},"excerpt":{"rendered":"<p>Les tuiles en ch\u00eane sont fabriqu\u00e9es avec des bois issus d&rsquo;une merranderie (ch\u00eane fendu utilis\u00e9 pourla fabrication de barrique)<\/p>\n","protected":false},"featured_media":0,"template":"","meta":[],"product_brand":[2838],"product_cat":[102,90,2816],"product_tag":[],"class_list":{"0":"post-13772","1":"product","2":"type-product","3":"status-publish","5":"product_brand-produit-logisain","6":"product_cat-construction-maison-bois","7":"product_cat-construction","8":"product_cat-demande-de-devis-uniquement-avec-prix","10":"first","11":"instock","12":"taxable","13":"shipping-taxable","14":"purchasable","15":"product-type-simple"},"yoast_head":"<!-- This site is optimized with the Yoast SEO plugin v27.5 - https:\/\/yoast.com\/product\/yoast-seo-wordpress\/ -->\n<title>Tuile de bois<\/title>\n<meta name=\"description\" content=\"Les tuiles en ch\u00eane sont fabriqu\u00e9es avec des bois issus d&#039;une merranderie (ch\u00eane fendu utilis\u00e9 pourla fabrication de barrique)\" \/>\n<meta name=\"robots\" content=\"noindex, follow\" \/>\n<meta property=\"og:locale\" content=\"fr_FR\" \/>\n<meta property=\"og:type\" content=\"article\" \/>\n<meta property=\"og:title\" content=\"Tuile de bois\" \/>\n<meta property=\"og:description\" content=\"Les tuiles en ch\u00eane sont fabriqu\u00e9es avec des bois issus d&#039;une merranderie (ch\u00eane fendu utilis\u00e9 pourla fabrication de barrique)\" \/>\n<meta property=\"og:url\" content=\"https:\/\/nature-et-developpement.com\/optimat\/produit\/tuile-de-bois\/\" \/>\n<meta property=\"og:site_name\" content=\"Optimat\" \/>\n<meta property=\"article:modified_time\" content=\"2025-06-17T09:05:32+00:00\" \/>\n<meta name=\"twitter:card\" content=\"summary_large_image\" \/>\n<meta name=\"twitter:label1\" content=\"Dur\u00e9e de lecture estim\u00e9e\" \/>\n\t<meta name=\"twitter:data1\" content=\"1 minute\" \/>\n<script type=\"application\/ld+json\" class=\"yoast-schema-graph\">{\"@context\":\"https:\\\/\\\/schema.org\",\"@graph\":[{\"@type\":\"WebPage\",\"@id\":\"https:\\\/\\\/nature-et-developpement.com\\\/optimat\\\/produit\\\/tuile-de-bois\\\/\",\"url\":\"https:\\\/\\\/nature-et-developpement.com\\\/optimat\\\/produit\\\/tuile-de-bois\\\/\",\"name\":\"Tuile de bois\",\"isPartOf\":{\"@id\":\"https:\\\/\\\/nature-et-developpement.com\\\/optimat\\\/#website\"},\"datePublished\":\"2017-06-23T10:06:33+00:00\",\"dateModified\":\"2025-06-17T09:05:32+00:00\",\"description\":\"Les tuiles en ch\u00eane sont fabriqu\u00e9es avec des bois issus d'une merranderie (ch\u00eane fendu utilis\u00e9 pourla fabrication de barrique)\",\"breadcrumb\":{\"@id\":\"https:\\\/\\\/nature-et-developpement.com\\\/optimat\\\/produit\\\/tuile-de-bois\\\/#breadcrumb\"},\"inLanguage\":\"fr-FR\",\"potentialAction\":[{\"@type\":\"ReadAction\",\"target\":[\"https:\\\/\\\/nature-et-developpement.com\\\/optimat\\\/produit\\\/tuile-de-bois\\\/\"]}]},{\"@type\":\"BreadcrumbList\",\"@id\":\"https:\\\/\\\/nature-et-developpement.com\\\/optimat\\\/produit\\\/tuile-de-bois\\\/#breadcrumb\",\"itemListElement\":[{\"@type\":\"ListItem\",\"position\":1,\"name\":\"Accueil\",\"item\":\"https:\\\/\\\/nature-et-developpement.com\\\/optimat\\\/\"},{\"@type\":\"ListItem\",\"position\":2,\"name\":\"Produits\",\"item\":\"https:\\\/\\\/nature-et-developpement.com\\\/optimat\\\/shop\\\/\"},{\"@type\":\"ListItem\",\"position\":3,\"name\":\"Construction, cloison et fen\u00eatres\",\"item\":\"https:\\\/\\\/nature-et-developpement.com\\\/optimat\\\/produits\\\/construction\\\/\"},{\"@type\":\"ListItem\",\"position\":4,\"name\":\"Construction bois\",\"item\":\"https:\\\/\\\/nature-et-developpement.com\\\/optimat\\\/produits\\\/construction\\\/construction-maison-bois\\\/\"},{\"@type\":\"ListItem\",\"position\":5,\"name\":\"Tuile de bois\"}]},{\"@type\":\"WebSite\",\"@id\":\"https:\\\/\\\/nature-et-developpement.com\\\/optimat\\\/#website\",\"url\":\"https:\\\/\\\/nature-et-developpement.com\\\/optimat\\\/\",\"name\":\"Optimat\",\"description\":\"Optimat est membre du groupement Nature &amp; D\u00e9veloppement\",\"potentialAction\":[{\"@type\":\"SearchAction\",\"target\":{\"@type\":\"EntryPoint\",\"urlTemplate\":\"https:\\\/\\\/nature-et-developpement.com\\\/optimat\\\/?s={search_term_string}\"},\"query-input\":{\"@type\":\"PropertyValueSpecification\",\"valueRequired\":true,\"valueName\":\"search_term_string\"}}],\"inLanguage\":\"fr-FR\"}]}<\/script>\n<!-- \/ Yoast SEO plugin. -->","yoast_head_json":{"title":"Tuile de bois","description":"Les tuiles en ch\u00eane sont fabriqu\u00e9es avec des bois issus d'une merranderie (ch\u00eane fendu utilis\u00e9 pourla fabrication de barrique)","robots":{"index":"noindex","follow":"follow"},"og_locale":"fr_FR","og_type":"article","og_title":"Tuile de bois","og_description":"Les tuiles en ch\u00eane sont fabriqu\u00e9es avec des bois issus d'une merranderie (ch\u00eane fendu utilis\u00e9 pourla fabrication de barrique)","og_url":"https:\/\/nature-et-developpement.com\/optimat\/produit\/tuile-de-bois\/","og_site_name":"Optimat","article_modified_time":"2025-06-17T09:05:32+00:00","twitter_card":"summary_large_image","twitter_misc":{"Dur\u00e9e de lecture estim\u00e9e":"1 minute"},"schema":{"@context":"https:\/\/schema.org","@graph":[{"@type":"WebPage","@id":"https:\/\/nature-et-developpement.com\/optimat\/produit\/tuile-de-bois\/","url":"https:\/\/nature-et-developpement.com\/optimat\/produit\/tuile-de-bois\/","name":"Tuile de bois","isPartOf":{"@id":"https:\/\/nature-et-developpement.com\/optimat\/#website"},"datePublished":"2017-06-23T10:06:33+00:00","dateModified":"2025-06-17T09:05:32+00:00","description":"Les tuiles en ch\u00eane sont fabriqu\u00e9es avec des bois issus d'une merranderie (ch\u00eane fendu utilis\u00e9 pourla fabrication de barrique)","breadcrumb":{"@id":"https:\/\/nature-et-developpement.com\/optimat\/produit\/tuile-de-bois\/#breadcrumb"},"inLanguage":"fr-FR","potentialAction":[{"@type":"ReadAction","target":["https:\/\/nature-et-developpement.com\/optimat\/produit\/tuile-de-bois\/"]}]},{"@type":"BreadcrumbList","@id":"https:\/\/nature-et-developpement.com\/optimat\/produit\/tuile-de-bois\/#breadcrumb","itemListElement":[{"@type":"ListItem","position":1,"name":"Accueil","item":"https:\/\/nature-et-developpement.com\/optimat\/"},{"@type":"ListItem","position":2,"name":"Produits","item":"https:\/\/nature-et-developpement.com\/optimat\/shop\/"},{"@type":"ListItem","position":3,"name":"Construction, cloison et fen\u00eatres","item":"https:\/\/nature-et-developpement.com\/optimat\/produits\/construction\/"},{"@type":"ListItem","position":4,"name":"Construction bois","item":"https:\/\/nature-et-developpement.com\/optimat\/produits\/construction\/construction-maison-bois\/"},{"@type":"ListItem","position":5,"name":"Tuile de bois"}]},{"@type":"WebSite","@id":"https:\/\/nature-et-developpement.com\/optimat\/#website","url":"https:\/\/nature-et-developpement.com\/optimat\/","name":"Optimat","description":"Optimat est membre du groupement Nature &amp; D\u00e9veloppement","potentialAction":[{"@type":"SearchAction","target":{"@type":"EntryPoint","urlTemplate":"https:\/\/nature-et-developpement.com\/optimat\/?s={search_term_string}"},"query-input":{"@type":"PropertyValueSpecification","valueRequired":true,"valueName":"search_term_string"}}],"inLanguage":"fr-FR"}]}},"distributor_meta":false,"distributor_terms":false,"distributor_media":false,"distributor_original_site_name":"Optimat","distributor_original_site_url":"https:\/\/nature-et-developpement.com\/optimat","push-errors":false,"_links":{"self":[{"href":"https:\/\/nature-et-developpement.com\/optimat\/wp-json\/wp\/v2\/product\/13772","targetHints":{"allow":["GET"]}}],"collection":[{"href":"https:\/\/nature-et-developpement.com\/optimat\/wp-json\/wp\/v2\/product"}],"about":[{"href":"https:\/\/nature-et-developpement.com\/optimat\/wp-json\/wp\/v2\/types\/product"}],"wp:attachment":[{"href":"https:\/\/nature-et-developpement.com\/optimat\/wp-json\/wp\/v2\/media?parent=13772"}],"wp:term":[{"taxonomy":"product_brand","embeddable":true,"href":"https:\/\/nature-et-developpement.com\/optimat\/wp-json\/wp\/v2\/product_brand?post=13772"},{"taxonomy":"product_cat","embeddable":true,"href":"https:\/\/nature-et-developpement.com\/optimat\/wp-json\/wp\/v2\/product_cat?post=13772"},{"taxonomy":"product_tag","embeddable":true,"href":"https:\/\/nature-et-developpement.com\/optimat\/wp-json\/wp\/v2\/product_tag?post=13772"}],"curies":[{"name":"wp","href":"https:\/\/api.w.org\/{rel}","templated":true}]}}