{"id":13813,"date":"2017-06-23T12:05:31","date_gmt":"2017-06-23T10:05:31","guid":{"rendered":"https:\/\/nature-et-developpement.com\/optimat\/produit\/ossature-bois-douglas-regional-2\/"},"modified":"2025-06-17T11:05:33","modified_gmt":"2025-06-17T09:05:33","slug":"ossature-bois-douglas-regional-2","status":"publish","type":"product","link":"https:\/\/nature-et-developpement.com\/optimat\/produit\/ossature-bois-douglas-regional-2\/","title":{"rendered":"Ossature bois Douglas r\u00e9gional"},"content":{"rendered":"<p>Tous nos bois sont non-trait\u00e9s et b\u00e9n\u00e9ficient du label PEFC (The Pan European Forest Council) : label de tra\u00e7abilit\u00e9 des bois issus de for\u00eats g\u00e9r\u00e9es.<\/p>\n<p>Mat\u00e9riau naturel, le bois est une ressource renouvelable et donc in\u00e9puisable si elle est r\u00e9colt\u00e9e dans des for\u00eats correctement g\u00e9r\u00e9es.Dans ces conditions, la consommation de bois certifi\u00e9 PEFC ne contribue pas seulement \u00e0 la prosp\u00e9rit\u00e9 des for\u00eats et des populations qui en vivent. Elle permet aussi de lutter plus efficacement contre le r\u00e9chauffement climatique.<\/p>\n<p>Plus propices en effet \u00e0 l\u2019absorption de CO2, les for\u00eats bien g\u00e9r\u00e9es captent d&rsquo;importantes quantit\u00e9s de ce gaz \u00e0 effet de serre qui sont ensuite stock\u00e9es, durant des d\u00e9cennies, dans les produits de l\u2019exploitation et de l\u2019industrie du bois.<br \/>\nSur ce point aussi, l\u2019int\u00e9r\u00eat \u00e9conomique et l\u2019int\u00e9r\u00eat environnemental des for\u00eats co\u00efncident parfaitement\u2026.<\/p>\n<p>Chaque chantier \u00e9tant diff\u00e9rent, ils sont disponibles dans diff\u00e9rentes sections et longueurs.<\/p>\n<p><span style=\"font-size: medium\">\u25ba <b>Bois Massif About\u00e9-Coll\u00e9 (BMA)\u00a0: 45&#215;145, 45&#215;195\u00a0<\/b><\/span><span style=\"font-size: medium\"><b>et 45&#215;220<\/b><\/span><\/p>\n<p><span style=\"font-size: medium\">\u25ba <b>Ossature 4 faces rabot\u00e9es, 4 angles arrondis : 45&#215;45, 45&#215;70, 45&#215;95, 45&#215;120, 45&#215;145, 45&#215;195 et 45&#215;220<\/b><\/span><\/p>\n<p><span style=\"font-size: medium\">\u25ba <b>Tasseaux d&rsquo;ossature\u00a0: 22&#215;45, 27&#215;45 et 33&#215;45<\/b><\/span><\/p>\n<div align=\"center\"><\/div>\n<div class=\"abstract\"><\/div>\n<p style=\"text-align: center\">Perspectives de r\u00e9colte du Douglas<\/p>\n<div class=\"text\">\n<p style=\"text-align: justify\">Les<b> efforts<\/b> de reboisement r\u00e9alis\u00e9s en <b>France<\/b> depuis maintenant pr\u00e8s de 40 ans, et qui se poursuivent encore actuellement de fa\u00e7on soutenue, devraient permettre \u00e0 la France de disposer demain d&rsquo;une ressource en douglas \u00e9quivalente \u00e0 celle des massifs de Sapins-\u00e9pic\u00e9as d&rsquo;une part, et de pins maritimes d&rsquo;autre part.<\/p>\n<p>En France,\u00a0les <b>qualit\u00e9s du Douglas<\/b>\u00a0sont aujourd&rsquo;hui de plus en plus appr\u00e9ci\u00e9es et lui permettent de d\u00e9velopper des emplois, tant dans les utilisations traditionnelles (charpente, lamell\u00e9-coll\u00e9, structure, bardage,\u2026) o\u00f9 ses qualit\u00e9s naturelles de <b>r\u00e9sistance m\u00e9canique<\/b> et de <b>durabilit\u00e9<\/b> sont reconnues, que dans de nouveaux domaines, tels la menuiserie et l&rsquo;ameublement.<\/p>\n<p>C&rsquo;est pourquoi notre cooperative commercialise une <b>large gamme<\/b> de produits en Douglas, de plus la pr\u00e9sence importante de cette essence dans nos for\u00eats proches, nous permet de r\u00e9duire l&rsquo;impact du transport sur notre environnement.<\/p>\n<\/div>\n","protected":false},"excerpt":{"rendered":"<p>Nous proposons aux particuliers et aux professionnels une large gamme de bois douglas r\u00e9gionaux en sciages bruts ou rabot\u00e9s pour tous types d&rsquo;am\u00e9nagements et de constructions de charpentes.<\/p>\n","protected":false},"featured_media":0,"template":"","meta":[],"product_brand":[],"product_cat":[243,102,90,2816,82],"product_tag":[],"class_list":{"0":"post-13813","1":"product","2":"type-product","3":"status-publish","5":"product_cat-accessoires-isolation-et-etancheite","6":"product_cat-construction-maison-bois","7":"product_cat-construction","8":"product_cat-demande-de-devis-uniquement-avec-prix","9":"product_cat-isolation-et-etancheite","10":"product_shipping_class-transport-parquet-lambris-meister","12":"first","13":"instock","14":"taxable","15":"shipping-taxable","16":"product-type-simple"},"yoast_head":"<!-- This site is optimized with the Yoast SEO plugin v27.5 - https:\/\/yoast.com\/product\/yoast-seo-wordpress\/ -->\n<title>Ossature bois Douglas r\u00e9gional<\/title>\n<meta name=\"description\" content=\"Nous proposons aux particuliers et aux professionnels une large gamme de bois douglas r\u00e9gionaux en sciages bruts ou rabot\u00e9s pour tous types d&#039;am\u00e9nagements et de constructions de charpentes.\" \/>\n<meta name=\"robots\" content=\"noindex, follow\" \/>\n<meta property=\"og:locale\" content=\"fr_FR\" \/>\n<meta property=\"og:type\" content=\"article\" \/>\n<meta property=\"og:title\" content=\"Ossature bois Douglas r\u00e9gional\" \/>\n<meta property=\"og:description\" content=\"Nous proposons aux particuliers et aux professionnels une large gamme de bois douglas r\u00e9gionaux en sciages bruts ou rabot\u00e9s pour tous types d&#039;am\u00e9nagements et de constructions de charpentes.\" \/>\n<meta property=\"og:url\" content=\"https:\/\/nature-et-developpement.com\/optimat\/produit\/ossature-bois-douglas-regional-2\/\" \/>\n<meta property=\"og:site_name\" content=\"Optimat\" \/>\n<meta property=\"article:modified_time\" content=\"2025-06-17T09:05:33+00:00\" \/>\n<meta name=\"twitter:card\" content=\"summary_large_image\" \/>\n<meta name=\"twitter:label1\" content=\"Dur\u00e9e de lecture estim\u00e9e\" \/>\n\t<meta name=\"twitter:data1\" content=\"2 minutes\" \/>\n<script type=\"application\/ld+json\" class=\"yoast-schema-graph\">{\"@context\":\"https:\\\/\\\/schema.org\",\"@graph\":[{\"@type\":\"WebPage\",\"@id\":\"https:\\\/\\\/nature-et-developpement.com\\\/optimat\\\/produit\\\/ossature-bois-douglas-regional-2\\\/\",\"url\":\"https:\\\/\\\/nature-et-developpement.com\\\/optimat\\\/produit\\\/ossature-bois-douglas-regional-2\\\/\",\"name\":\"Ossature bois Douglas r\u00e9gional\",\"isPartOf\":{\"@id\":\"https:\\\/\\\/nature-et-developpement.com\\\/optimat\\\/#website\"},\"datePublished\":\"2017-06-23T10:05:31+00:00\",\"dateModified\":\"2025-06-17T09:05:33+00:00\",\"description\":\"Nous proposons aux particuliers et aux professionnels une large gamme de bois douglas r\u00e9gionaux en sciages bruts ou rabot\u00e9s pour tous types d'am\u00e9nagements et de constructions de charpentes.\",\"breadcrumb\":{\"@id\":\"https:\\\/\\\/nature-et-developpement.com\\\/optimat\\\/produit\\\/ossature-bois-douglas-regional-2\\\/#breadcrumb\"},\"inLanguage\":\"fr-FR\",\"potentialAction\":[{\"@type\":\"ReadAction\",\"target\":[\"https:\\\/\\\/nature-et-developpement.com\\\/optimat\\\/produit\\\/ossature-bois-douglas-regional-2\\\/\"]}]},{\"@type\":\"BreadcrumbList\",\"@id\":\"https:\\\/\\\/nature-et-developpement.com\\\/optimat\\\/produit\\\/ossature-bois-douglas-regional-2\\\/#breadcrumb\",\"itemListElement\":[{\"@type\":\"ListItem\",\"position\":1,\"name\":\"Accueil\",\"item\":\"https:\\\/\\\/nature-et-developpement.com\\\/optimat\\\/\"},{\"@type\":\"ListItem\",\"position\":2,\"name\":\"Produits\",\"item\":\"https:\\\/\\\/nature-et-developpement.com\\\/optimat\\\/shop\\\/\"},{\"@type\":\"ListItem\",\"position\":3,\"name\":\"Construction, cloison et fen\u00eatres\",\"item\":\"https:\\\/\\\/nature-et-developpement.com\\\/optimat\\\/produits\\\/construction\\\/\"},{\"@type\":\"ListItem\",\"position\":4,\"name\":\"Construction bois\",\"item\":\"https:\\\/\\\/nature-et-developpement.com\\\/optimat\\\/produits\\\/construction\\\/construction-maison-bois\\\/\"},{\"@type\":\"ListItem\",\"position\":5,\"name\":\"Ossature bois Douglas r\u00e9gional\"}]},{\"@type\":\"WebSite\",\"@id\":\"https:\\\/\\\/nature-et-developpement.com\\\/optimat\\\/#website\",\"url\":\"https:\\\/\\\/nature-et-developpement.com\\\/optimat\\\/\",\"name\":\"Optimat\",\"description\":\"Optimat est membre du groupement Nature &amp; D\u00e9veloppement\",\"potentialAction\":[{\"@type\":\"SearchAction\",\"target\":{\"@type\":\"EntryPoint\",\"urlTemplate\":\"https:\\\/\\\/nature-et-developpement.com\\\/optimat\\\/?s={search_term_string}\"},\"query-input\":{\"@type\":\"PropertyValueSpecification\",\"valueRequired\":true,\"valueName\":\"search_term_string\"}}],\"inLanguage\":\"fr-FR\"}]}<\/script>\n<!-- \/ Yoast SEO plugin. -->","yoast_head_json":{"title":"Ossature bois Douglas r\u00e9gional","description":"Nous proposons aux particuliers et aux professionnels une large gamme de bois douglas r\u00e9gionaux en sciages bruts ou rabot\u00e9s pour tous types d'am\u00e9nagements et de constructions de charpentes.","robots":{"index":"noindex","follow":"follow"},"og_locale":"fr_FR","og_type":"article","og_title":"Ossature bois Douglas r\u00e9gional","og_description":"Nous proposons aux particuliers et aux professionnels une large gamme de bois douglas r\u00e9gionaux en sciages bruts ou rabot\u00e9s pour tous types d'am\u00e9nagements et de constructions de charpentes.","og_url":"https:\/\/nature-et-developpement.com\/optimat\/produit\/ossature-bois-douglas-regional-2\/","og_site_name":"Optimat","article_modified_time":"2025-06-17T09:05:33+00:00","twitter_card":"summary_large_image","twitter_misc":{"Dur\u00e9e de lecture estim\u00e9e":"2 minutes"},"schema":{"@context":"https:\/\/schema.org","@graph":[{"@type":"WebPage","@id":"https:\/\/nature-et-developpement.com\/optimat\/produit\/ossature-bois-douglas-regional-2\/","url":"https:\/\/nature-et-developpement.com\/optimat\/produit\/ossature-bois-douglas-regional-2\/","name":"Ossature bois Douglas r\u00e9gional","isPartOf":{"@id":"https:\/\/nature-et-developpement.com\/optimat\/#website"},"datePublished":"2017-06-23T10:05:31+00:00","dateModified":"2025-06-17T09:05:33+00:00","description":"Nous proposons aux particuliers et aux professionnels une large gamme de bois douglas r\u00e9gionaux en sciages bruts ou rabot\u00e9s pour tous types d'am\u00e9nagements et de constructions de charpentes.","breadcrumb":{"@id":"https:\/\/nature-et-developpement.com\/optimat\/produit\/ossature-bois-douglas-regional-2\/#breadcrumb"},"inLanguage":"fr-FR","potentialAction":[{"@type":"ReadAction","target":["https:\/\/nature-et-developpement.com\/optimat\/produit\/ossature-bois-douglas-regional-2\/"]}]},{"@type":"BreadcrumbList","@id":"https:\/\/nature-et-developpement.com\/optimat\/produit\/ossature-bois-douglas-regional-2\/#breadcrumb","itemListElement":[{"@type":"ListItem","position":1,"name":"Accueil","item":"https:\/\/nature-et-developpement.com\/optimat\/"},{"@type":"ListItem","position":2,"name":"Produits","item":"https:\/\/nature-et-developpement.com\/optimat\/shop\/"},{"@type":"ListItem","position":3,"name":"Construction, cloison et fen\u00eatres","item":"https:\/\/nature-et-developpement.com\/optimat\/produits\/construction\/"},{"@type":"ListItem","position":4,"name":"Construction bois","item":"https:\/\/nature-et-developpement.com\/optimat\/produits\/construction\/construction-maison-bois\/"},{"@type":"ListItem","position":5,"name":"Ossature bois Douglas r\u00e9gional"}]},{"@type":"WebSite","@id":"https:\/\/nature-et-developpement.com\/optimat\/#website","url":"https:\/\/nature-et-developpement.com\/optimat\/","name":"Optimat","description":"Optimat est membre du groupement Nature &amp; D\u00e9veloppement","potentialAction":[{"@type":"SearchAction","target":{"@type":"EntryPoint","urlTemplate":"https:\/\/nature-et-developpement.com\/optimat\/?s={search_term_string}"},"query-input":{"@type":"PropertyValueSpecification","valueRequired":true,"valueName":"search_term_string"}}],"inLanguage":"fr-FR"}]}},"distributor_meta":false,"distributor_terms":false,"distributor_media":false,"distributor_original_site_name":"Optimat","distributor_original_site_url":"https:\/\/nature-et-developpement.com\/optimat","push-errors":false,"_links":{"self":[{"href":"https:\/\/nature-et-developpement.com\/optimat\/wp-json\/wp\/v2\/product\/13813","targetHints":{"allow":["GET"]}}],"collection":[{"href":"https:\/\/nature-et-developpement.com\/optimat\/wp-json\/wp\/v2\/product"}],"about":[{"href":"https:\/\/nature-et-developpement.com\/optimat\/wp-json\/wp\/v2\/types\/product"}],"wp:attachment":[{"href":"https:\/\/nature-et-developpement.com\/optimat\/wp-json\/wp\/v2\/media?parent=13813"}],"wp:term":[{"taxonomy":"product_brand","embeddable":true,"href":"https:\/\/nature-et-developpement.com\/optimat\/wp-json\/wp\/v2\/product_brand?post=13813"},{"taxonomy":"product_cat","embeddable":true,"href":"https:\/\/nature-et-developpement.com\/optimat\/wp-json\/wp\/v2\/product_cat?post=13813"},{"taxonomy":"product_tag","embeddable":true,"href":"https:\/\/nature-et-developpement.com\/optimat\/wp-json\/wp\/v2\/product_tag?post=13813"}],"curies":[{"name":"wp","href":"https:\/\/api.w.org\/{rel}","templated":true}]}}