{"id":11520,"date":"2020-04-02T21:20:30","date_gmt":"2020-04-02T19:20:30","guid":{"rendered":"https:\/\/nature-et-developpement.com\/ecolodeve\/produit\/couteau-a-enduire-inox-lame-galbee-ocai\/"},"modified":"2026-01-06T14:16:02","modified_gmt":"2026-01-06T13:16:02","slug":"couteau-a-enduire-inox-lame-galbee-ocai","status":"publish","type":"product","link":"https:\/\/nature-et-developpement.com\/quercy-eco-materiaux\/produit\/couteau-a-enduire-inox-lame-galbee-ocai\/","title":{"rendered":"Couteau \u00e0 enduire inox lame galb\u00e9e OCAI"},"content":{"rendered":"","protected":false},"excerpt":{"rendered":"<p>Manche bi-mati\u00e8re alliant la rigidit\u00e9 et la tenue du polypropyl\u00e8ne au confort et \u00e0 la prise en main de l\u2019\u00e9lastom\u00e8re. Mod\u00e8le ambidextre. Lame inox trap\u00e8ze.<\/p>\n<p>Haute r\u00e9sistance aux solvants et aux chocs. Id\u00e9al pour les enduits \u00e0 l\u2019eau. Montage 3 rivets dont 1 central \u00e9vitant toute d\u00e9formation de la lame.<\/p>\n","protected":false},"featured_media":1000000167030,"template":"","meta":[],"product_brand":[2245],"product_cat":[120,202,201,30],"product_tag":[1746],"class_list":{"0":"post-11520","1":"product","2":"type-product","3":"status-publish","4":"has-post-thumbnail","6":"product_brand-ocai","7":"product_cat-droguerie-et-outils","8":"product_cat-outillage","9":"product_cat-outillage-peinture-et-enduit","10":"product_cat-peinture-et-enduit","11":"product_tag-peinture","12":"product_shipping_class-petit-equipement-outil-eclairage","14":"first","15":"instock","16":"taxable","17":"shipping-taxable","18":"purchasable","19":"product-type-variable"},"yoast_head":"<!-- This site is optimized with the Yoast SEO plugin v27.5 - https:\/\/yoast.com\/product\/yoast-seo-wordpress\/ -->\n<title>Couteau \u00e0 enduire inox lame galb\u00e9e OCAI - Quercy Eco-Materiaux<\/title>\n<meta name=\"robots\" content=\"noindex, nofollow\" \/>\n<meta property=\"og:locale\" content=\"fr_FR\" \/>\n<meta property=\"og:type\" content=\"article\" \/>\n<meta property=\"og:title\" content=\"Couteau \u00e0 enduire inox lame galb\u00e9e OCAI - Quercy Eco-Materiaux\" \/>\n<meta property=\"og:description\" content=\"Manche bi-mati\u00e8re alliant la rigidit\u00e9 et la tenue du polypropyl\u00e8ne au confort et \u00e0 la prise en main de l\u2019\u00e9lastom\u00e8re. Mod\u00e8le ambidextre. Lame inox trap\u00e8ze.  Haute r\u00e9sistance aux solvants et aux chocs. Id\u00e9al pour les enduits \u00e0 l\u2019eau. Montage 3 rivets dont 1 central \u00e9vitant toute d\u00e9formation de la lame.\" \/>\n<meta property=\"og:url\" content=\"https:\/\/nature-et-developpement.com\/quercy-eco-materiaux\/produit\/couteau-a-enduire-inox-lame-galbee-ocai\/\" \/>\n<meta property=\"og:site_name\" content=\"Quercy Eco-Materiaux\" \/>\n<meta property=\"article:modified_time\" content=\"2026-01-06T13:16:02+00:00\" \/>\n<meta name=\"twitter:card\" content=\"summary_large_image\" \/>\n<script type=\"application\/ld+json\" class=\"yoast-schema-graph\">{\"@context\":\"https:\\\/\\\/schema.org\",\"@graph\":[{\"@type\":\"WebPage\",\"@id\":\"https:\\\/\\\/nature-et-developpement.com\\\/quercy-eco-materiaux\\\/produit\\\/couteau-a-enduire-inox-lame-galbee-ocai\\\/\",\"url\":\"https:\\\/\\\/nature-et-developpement.com\\\/quercy-eco-materiaux\\\/produit\\\/couteau-a-enduire-inox-lame-galbee-ocai\\\/\",\"name\":\"Couteau \u00e0 enduire inox lame galb\u00e9e OCAI - Quercy Eco-Materiaux\",\"isPartOf\":{\"@id\":\"https:\\\/\\\/nature-et-developpement.com\\\/quercy-eco-materiaux\\\/#website\"},\"primaryImageOfPage\":{\"@id\":\"https:\\\/\\\/nature-et-developpement.com\\\/quercy-eco-materiaux\\\/produit\\\/couteau-a-enduire-inox-lame-galbee-ocai\\\/#primaryimage\"},\"image\":{\"@id\":\"https:\\\/\\\/nature-et-developpement.com\\\/quercy-eco-materiaux\\\/produit\\\/couteau-a-enduire-inox-lame-galbee-ocai\\\/#primaryimage\"},\"thumbnailUrl\":\"https:\\\/\\\/nature-et-developpement.com\\\/quercy-eco-materiaux\\\/wp-content\\\/uploads\\\/Couteau-a-enduire-inox-lame-galbee-OCAI.jpg\",\"datePublished\":\"2020-04-02T19:20:30+00:00\",\"dateModified\":\"2026-01-06T13:16:02+00:00\",\"breadcrumb\":{\"@id\":\"https:\\\/\\\/nature-et-developpement.com\\\/quercy-eco-materiaux\\\/produit\\\/couteau-a-enduire-inox-lame-galbee-ocai\\\/#breadcrumb\"},\"inLanguage\":\"fr-FR\",\"potentialAction\":[{\"@type\":\"ReadAction\",\"target\":[\"https:\\\/\\\/nature-et-developpement.com\\\/quercy-eco-materiaux\\\/produit\\\/couteau-a-enduire-inox-lame-galbee-ocai\\\/\"]}]},{\"@type\":\"ImageObject\",\"inLanguage\":\"fr-FR\",\"@id\":\"https:\\\/\\\/nature-et-developpement.com\\\/quercy-eco-materiaux\\\/produit\\\/couteau-a-enduire-inox-lame-galbee-ocai\\\/#primaryimage\",\"url\":\"https:\\\/\\\/nature-et-developpement.com\\\/quercy-eco-materiaux\\\/wp-content\\\/uploads\\\/Couteau-a-enduire-inox-lame-galbee-OCAI.jpg\",\"contentUrl\":\"https:\\\/\\\/nature-et-developpement.com\\\/quercy-eco-materiaux\\\/wp-content\\\/uploads\\\/Couteau-a-enduire-inox-lame-galbee-OCAI.jpg\"},{\"@type\":\"BreadcrumbList\",\"@id\":\"https:\\\/\\\/nature-et-developpement.com\\\/quercy-eco-materiaux\\\/produit\\\/couteau-a-enduire-inox-lame-galbee-ocai\\\/#breadcrumb\",\"itemListElement\":[{\"@type\":\"ListItem\",\"position\":1,\"name\":\"Accueil\",\"item\":\"https:\\\/\\\/nature-et-developpement.com\\\/quercy-eco-materiaux\\\/\"},{\"@type\":\"ListItem\",\"position\":2,\"name\":\"Boutique\",\"item\":\"https:\\\/\\\/nature-et-developpement.com\\\/quercy-eco-materiaux\\\/boutique\\\/\"},{\"@type\":\"ListItem\",\"position\":3,\"name\":\"Peinture, pigment et enduit\",\"item\":\"https:\\\/\\\/nature-et-developpement.com\\\/quercy-eco-materiaux\\\/produits\\\/peinture-et-enduit\\\/\"},{\"@type\":\"ListItem\",\"position\":4,\"name\":\"Outillage peinture et enduit\",\"item\":\"https:\\\/\\\/nature-et-developpement.com\\\/quercy-eco-materiaux\\\/produits\\\/peinture-et-enduit\\\/outillage-peinture-et-enduit\\\/\"},{\"@type\":\"ListItem\",\"position\":5,\"name\":\"Couteau \u00e0 enduire inox lame galb\u00e9e OCAI\"}]},{\"@type\":\"WebSite\",\"@id\":\"https:\\\/\\\/nature-et-developpement.com\\\/quercy-eco-materiaux\\\/#website\",\"url\":\"https:\\\/\\\/nature-et-developpement.com\\\/quercy-eco-materiaux\\\/\",\"name\":\"Quercy Eco-Materiaux\",\"description\":\"Quercy Eco-Materiaux est membre du groupement Nature &amp; D\u00e9veloppement\",\"potentialAction\":[{\"@type\":\"SearchAction\",\"target\":{\"@type\":\"EntryPoint\",\"urlTemplate\":\"https:\\\/\\\/nature-et-developpement.com\\\/quercy-eco-materiaux\\\/?s={search_term_string}\"},\"query-input\":{\"@type\":\"PropertyValueSpecification\",\"valueRequired\":true,\"valueName\":\"search_term_string\"}}],\"inLanguage\":\"fr-FR\"}]}<\/script>\n<!-- \/ Yoast SEO plugin. -->","yoast_head_json":{"title":"Couteau \u00e0 enduire inox lame galb\u00e9e OCAI - Quercy Eco-Materiaux","robots":{"index":"noindex","follow":"nofollow"},"og_locale":"fr_FR","og_type":"article","og_title":"Couteau \u00e0 enduire inox lame galb\u00e9e OCAI - Quercy Eco-Materiaux","og_description":"Manche bi-mati\u00e8re alliant la rigidit\u00e9 et la tenue du polypropyl\u00e8ne au confort et \u00e0 la prise en main de l\u2019\u00e9lastom\u00e8re. Mod\u00e8le ambidextre. Lame inox trap\u00e8ze.  Haute r\u00e9sistance aux solvants et aux chocs. Id\u00e9al pour les enduits \u00e0 l\u2019eau. Montage 3 rivets dont 1 central \u00e9vitant toute d\u00e9formation de la lame.","og_url":"https:\/\/nature-et-developpement.com\/quercy-eco-materiaux\/produit\/couteau-a-enduire-inox-lame-galbee-ocai\/","og_site_name":"Quercy Eco-Materiaux","article_modified_time":"2026-01-06T13:16:02+00:00","twitter_card":"summary_large_image","schema":{"@context":"https:\/\/schema.org","@graph":[{"@type":"WebPage","@id":"https:\/\/nature-et-developpement.com\/quercy-eco-materiaux\/produit\/couteau-a-enduire-inox-lame-galbee-ocai\/","url":"https:\/\/nature-et-developpement.com\/quercy-eco-materiaux\/produit\/couteau-a-enduire-inox-lame-galbee-ocai\/","name":"Couteau \u00e0 enduire inox lame galb\u00e9e OCAI - Quercy Eco-Materiaux","isPartOf":{"@id":"https:\/\/nature-et-developpement.com\/quercy-eco-materiaux\/#website"},"primaryImageOfPage":{"@id":"https:\/\/nature-et-developpement.com\/quercy-eco-materiaux\/produit\/couteau-a-enduire-inox-lame-galbee-ocai\/#primaryimage"},"image":{"@id":"https:\/\/nature-et-developpement.com\/quercy-eco-materiaux\/produit\/couteau-a-enduire-inox-lame-galbee-ocai\/#primaryimage"},"thumbnailUrl":"https:\/\/nature-et-developpement.com\/quercy-eco-materiaux\/wp-content\/uploads\/Couteau-a-enduire-inox-lame-galbee-OCAI.jpg","datePublished":"2020-04-02T19:20:30+00:00","dateModified":"2026-01-06T13:16:02+00:00","breadcrumb":{"@id":"https:\/\/nature-et-developpement.com\/quercy-eco-materiaux\/produit\/couteau-a-enduire-inox-lame-galbee-ocai\/#breadcrumb"},"inLanguage":"fr-FR","potentialAction":[{"@type":"ReadAction","target":["https:\/\/nature-et-developpement.com\/quercy-eco-materiaux\/produit\/couteau-a-enduire-inox-lame-galbee-ocai\/"]}]},{"@type":"ImageObject","inLanguage":"fr-FR","@id":"https:\/\/nature-et-developpement.com\/quercy-eco-materiaux\/produit\/couteau-a-enduire-inox-lame-galbee-ocai\/#primaryimage","url":"https:\/\/nature-et-developpement.com\/quercy-eco-materiaux\/wp-content\/uploads\/Couteau-a-enduire-inox-lame-galbee-OCAI.jpg","contentUrl":"https:\/\/nature-et-developpement.com\/quercy-eco-materiaux\/wp-content\/uploads\/Couteau-a-enduire-inox-lame-galbee-OCAI.jpg"},{"@type":"BreadcrumbList","@id":"https:\/\/nature-et-developpement.com\/quercy-eco-materiaux\/produit\/couteau-a-enduire-inox-lame-galbee-ocai\/#breadcrumb","itemListElement":[{"@type":"ListItem","position":1,"name":"Accueil","item":"https:\/\/nature-et-developpement.com\/quercy-eco-materiaux\/"},{"@type":"ListItem","position":2,"name":"Boutique","item":"https:\/\/nature-et-developpement.com\/quercy-eco-materiaux\/boutique\/"},{"@type":"ListItem","position":3,"name":"Peinture, pigment et enduit","item":"https:\/\/nature-et-developpement.com\/quercy-eco-materiaux\/produits\/peinture-et-enduit\/"},{"@type":"ListItem","position":4,"name":"Outillage peinture et enduit","item":"https:\/\/nature-et-developpement.com\/quercy-eco-materiaux\/produits\/peinture-et-enduit\/outillage-peinture-et-enduit\/"},{"@type":"ListItem","position":5,"name":"Couteau \u00e0 enduire inox lame galb\u00e9e OCAI"}]},{"@type":"WebSite","@id":"https:\/\/nature-et-developpement.com\/quercy-eco-materiaux\/#website","url":"https:\/\/nature-et-developpement.com\/quercy-eco-materiaux\/","name":"Quercy Eco-Materiaux","description":"Quercy Eco-Materiaux est membre du groupement Nature &amp; D\u00e9veloppement","potentialAction":[{"@type":"SearchAction","target":{"@type":"EntryPoint","urlTemplate":"https:\/\/nature-et-developpement.com\/quercy-eco-materiaux\/?s={search_term_string}"},"query-input":{"@type":"PropertyValueSpecification","valueRequired":true,"valueName":"search_term_string"}}],"inLanguage":"fr-FR"}]}},"distributor_meta":false,"distributor_terms":false,"distributor_media":false,"distributor_original_site_name":"Quercy Eco-Materiaux","distributor_original_site_url":"https:\/\/nature-et-developpement.com\/quercy-eco-materiaux","push-errors":false,"_links":{"self":[{"href":"https:\/\/nature-et-developpement.com\/quercy-eco-materiaux\/wp-json\/wp\/v2\/product\/11520","targetHints":{"allow":["GET"]}}],"collection":[{"href":"https:\/\/nature-et-developpement.com\/quercy-eco-materiaux\/wp-json\/wp\/v2\/product"}],"about":[{"href":"https:\/\/nature-et-developpement.com\/quercy-eco-materiaux\/wp-json\/wp\/v2\/types\/product"}],"wp:featuredmedia":[{"embeddable":true,"href":"https:\/\/nature-et-developpement.com\/quercy-eco-materiaux\/wp-json\/"}],"wp:attachment":[{"href":"https:\/\/nature-et-developpement.com\/quercy-eco-materiaux\/wp-json\/wp\/v2\/media?parent=11520"}],"wp:term":[{"taxonomy":"product_brand","embeddable":true,"href":"https:\/\/nature-et-developpement.com\/quercy-eco-materiaux\/wp-json\/wp\/v2\/product_brand?post=11520"},{"taxonomy":"product_cat","embeddable":true,"href":"https:\/\/nature-et-developpement.com\/quercy-eco-materiaux\/wp-json\/wp\/v2\/product_cat?post=11520"},{"taxonomy":"product_tag","embeddable":true,"href":"https:\/\/nature-et-developpement.com\/quercy-eco-materiaux\/wp-json\/wp\/v2\/product_tag?post=11520"}],"curies":[{"name":"wp","href":"https:\/\/api.w.org\/{rel}","templated":true}]}}