{"id":13266,"date":"2024-12-10T00:00:31","date_gmt":"2024-12-09T23:00:31","guid":{"rendered":"https:\/\/nature-et-developpement.com\/yemat\/produit\/suspente-reglable-obm-15-32-sixbox\/"},"modified":"2025-06-17T11:46:49","modified_gmt":"2025-06-17T09:46:49","slug":"suspente-reglable-obm-15-32-sixbox","status":"publish","type":"product","link":"https:\/\/nature-et-developpement.com\/yemat\/produit\/suspente-reglable-obm-15-32-sixbox\/","title":{"rendered":"Suspente r\u00e9glable pour rail m\u00e9tallique OBM 15\/32 syst\u00e8me SIXBOX"},"content":{"rendered":"<p>La suspente OBMR 15\/32 r\u00e9glable est id\u00e9ale pour le neuf et la r\u00e9novation .<\/p>\n<p>Elle se pose aussi bien au mur qu&rsquo;au plafond ( sauf obligation de tenue au feu pour la sous-toiture ) .<\/p>\n<p>Vous trouverez ci dessous le tableau r\u00e9capitulatif de vide technique possible :<img loading=\"lazy\" decoding=\"async\" src=\"https:\/\/nature-et-developpement.com\/wp-content\/uploads\/tableau-sixbox-obmr1532.jpg\" width=\"1196\" height=\"500\" \/><\/p>\n","protected":false},"excerpt":{"rendered":"<p>La suspente OBMR 15\/32 r\u00e9glable est id\u00e9ale pour le neuf et la r\u00e9novation .<br \/>\nElle se pose aussi bien au mur qu&rsquo;au plafond (sauf obligation de tenue au feu pour la sous-toiture) .<\/p>\n","protected":false},"featured_media":1000000168750,"template":"","meta":[],"product_brand":[2902],"product_cat":[79,106],"product_tag":[],"class_list":{"0":"post-13266","1":"product","2":"type-product","3":"status-publish","4":"has-post-thumbnail","6":"product_brand-sixbox-suspente","7":"product_cat-accessoires-construction","8":"product_cat-accessoires-isolation-et-etancheite","9":"product_shipping_class-petit-equipement-outil-eclairage","11":"first","12":"instock","13":"taxable","14":"shipping-taxable","15":"purchasable","16":"product-type-variable"},"yoast_head":"<!-- This site is optimized with the Yoast SEO plugin v27.5 - https:\/\/yoast.com\/product\/yoast-seo-wordpress\/ -->\n<title>Suspente r\u00e9glable pour rail m\u00e9tallique OBM 15\/32 syst\u00e8me SIXBOX - Yemat<\/title>\n<meta name=\"robots\" content=\"noindex, follow\" \/>\n<meta property=\"og:locale\" content=\"fr_FR\" \/>\n<meta property=\"og:type\" content=\"article\" \/>\n<meta property=\"og:title\" content=\"Suspente r\u00e9glable pour rail m\u00e9tallique OBM 15\/32 syst\u00e8me SIXBOX - Yemat\" \/>\n<meta property=\"og:description\" content=\"La suspente OBMR 15\/32 r\u00e9glable est id\u00e9ale pour le neuf et la r\u00e9novation . Elle se pose aussi bien au mur qu&#039;au plafond (sauf obligation de tenue au feu pour la sous-toiture) .\" \/>\n<meta property=\"og:url\" content=\"https:\/\/nature-et-developpement.com\/yemat\/produit\/suspente-reglable-obm-15-32-sixbox\/\" \/>\n<meta property=\"og:site_name\" content=\"Yemat\" \/>\n<meta property=\"article:modified_time\" content=\"2025-06-17T09:46:49+00:00\" \/>\n<meta name=\"twitter:card\" content=\"summary_large_image\" \/>\n<meta name=\"twitter:label1\" content=\"Dur\u00e9e de lecture estim\u00e9e\" \/>\n\t<meta name=\"twitter:data1\" content=\"1 minute\" \/>\n<script type=\"application\/ld+json\" class=\"yoast-schema-graph\">{\"@context\":\"https:\\\/\\\/schema.org\",\"@graph\":[{\"@type\":\"WebPage\",\"@id\":\"https:\\\/\\\/nature-et-developpement.com\\\/yemat\\\/produit\\\/suspente-reglable-obm-15-32-sixbox\\\/\",\"url\":\"https:\\\/\\\/nature-et-developpement.com\\\/yemat\\\/produit\\\/suspente-reglable-obm-15-32-sixbox\\\/\",\"name\":\"Suspente r\u00e9glable pour rail m\u00e9tallique OBM 15\\\/32 syst\u00e8me SIXBOX - Yemat\",\"isPartOf\":{\"@id\":\"https:\\\/\\\/nature-et-developpement.com\\\/yemat\\\/#website\"},\"primaryImageOfPage\":{\"@id\":\"https:\\\/\\\/nature-et-developpement.com\\\/yemat\\\/produit\\\/suspente-reglable-obm-15-32-sixbox\\\/#primaryimage\"},\"image\":{\"@id\":\"https:\\\/\\\/nature-et-developpement.com\\\/yemat\\\/produit\\\/suspente-reglable-obm-15-32-sixbox\\\/#primaryimage\"},\"thumbnailUrl\":\"https:\\\/\\\/nature-et-developpement.com\\\/yemat\\\/wp-content\\\/uploads\\\/Suspente-pour-rail-metallique-reglable-OBM-15-32-SIXBOX.jpg\",\"datePublished\":\"2024-12-09T23:00:31+00:00\",\"dateModified\":\"2025-06-17T09:46:49+00:00\",\"breadcrumb\":{\"@id\":\"https:\\\/\\\/nature-et-developpement.com\\\/yemat\\\/produit\\\/suspente-reglable-obm-15-32-sixbox\\\/#breadcrumb\"},\"inLanguage\":\"fr-FR\",\"potentialAction\":[{\"@type\":\"ReadAction\",\"target\":[\"https:\\\/\\\/nature-et-developpement.com\\\/yemat\\\/produit\\\/suspente-reglable-obm-15-32-sixbox\\\/\"]}]},{\"@type\":\"ImageObject\",\"inLanguage\":\"fr-FR\",\"@id\":\"https:\\\/\\\/nature-et-developpement.com\\\/yemat\\\/produit\\\/suspente-reglable-obm-15-32-sixbox\\\/#primaryimage\",\"url\":\"https:\\\/\\\/nature-et-developpement.com\\\/yemat\\\/wp-content\\\/uploads\\\/Suspente-pour-rail-metallique-reglable-OBM-15-32-SIXBOX.jpg\",\"contentUrl\":\"https:\\\/\\\/nature-et-developpement.com\\\/yemat\\\/wp-content\\\/uploads\\\/Suspente-pour-rail-metallique-reglable-OBM-15-32-SIXBOX.jpg\"},{\"@type\":\"BreadcrumbList\",\"@id\":\"https:\\\/\\\/nature-et-developpement.com\\\/yemat\\\/produit\\\/suspente-reglable-obm-15-32-sixbox\\\/#breadcrumb\",\"itemListElement\":[{\"@type\":\"ListItem\",\"position\":1,\"name\":\"Accueil\",\"item\":\"https:\\\/\\\/nature-et-developpement.com\\\/yemat\\\/\"},{\"@type\":\"ListItem\",\"position\":2,\"name\":\"Produits\",\"item\":\"https:\\\/\\\/nature-et-developpement.com\\\/yemat\\\/boutique\\\/\"},{\"@type\":\"ListItem\",\"position\":3,\"name\":\"Construction, cloison et fen\u00eatres\",\"item\":\"https:\\\/\\\/nature-et-developpement.com\\\/yemat\\\/produits\\\/construction\\\/\"},{\"@type\":\"ListItem\",\"position\":4,\"name\":\"Accessoires construction\",\"item\":\"https:\\\/\\\/nature-et-developpement.com\\\/yemat\\\/produits\\\/construction\\\/accessoires-construction\\\/\"},{\"@type\":\"ListItem\",\"position\":5,\"name\":\"Suspente r\u00e9glable pour rail m\u00e9tallique OBM 15\\\/32 syst\u00e8me SIXBOX\"}]},{\"@type\":\"WebSite\",\"@id\":\"https:\\\/\\\/nature-et-developpement.com\\\/yemat\\\/#website\",\"url\":\"https:\\\/\\\/nature-et-developpement.com\\\/yemat\\\/\",\"name\":\"Yemat\",\"description\":\"Magasin de Mat\u00e9riaux Naturels et Biosources pour tous les travaux\",\"publisher\":{\"@id\":\"https:\\\/\\\/nature-et-developpement.com\\\/yemat\\\/#organization\"},\"potentialAction\":[{\"@type\":\"SearchAction\",\"target\":{\"@type\":\"EntryPoint\",\"urlTemplate\":\"https:\\\/\\\/nature-et-developpement.com\\\/yemat\\\/?s={search_term_string}\"},\"query-input\":{\"@type\":\"PropertyValueSpecification\",\"valueRequired\":true,\"valueName\":\"search_term_string\"}}],\"inLanguage\":\"fr-FR\"},{\"@type\":\"Organization\",\"@id\":\"https:\\\/\\\/nature-et-developpement.com\\\/yemat\\\/#organization\",\"name\":\"Yemat\",\"url\":\"https:\\\/\\\/nature-et-developpement.com\\\/yemat\\\/\",\"logo\":{\"@type\":\"ImageObject\",\"inLanguage\":\"fr-FR\",\"@id\":\"https:\\\/\\\/nature-et-developpement.com\\\/yemat\\\/#\\\/schema\\\/logo\\\/image\\\/\",\"url\":\"https:\\\/\\\/nature-et-developpement.com\\\/yemat\\\/wp-content\\\/uploads\\\/sites\\\/24\\\/2023\\\/05\\\/cropped-logo_yemat.png\",\"contentUrl\":\"https:\\\/\\\/nature-et-developpement.com\\\/yemat\\\/wp-content\\\/uploads\\\/sites\\\/24\\\/2023\\\/05\\\/cropped-logo_yemat.png\",\"width\":1905,\"height\":1431,\"caption\":\"Yemat\"},\"image\":{\"@id\":\"https:\\\/\\\/nature-et-developpement.com\\\/yemat\\\/#\\\/schema\\\/logo\\\/image\\\/\"}}]}<\/script>\n<!-- \/ Yoast SEO plugin. -->","yoast_head_json":{"title":"Suspente r\u00e9glable pour rail m\u00e9tallique OBM 15\/32 syst\u00e8me SIXBOX - Yemat","robots":{"index":"noindex","follow":"follow"},"og_locale":"fr_FR","og_type":"article","og_title":"Suspente r\u00e9glable pour rail m\u00e9tallique OBM 15\/32 syst\u00e8me SIXBOX - Yemat","og_description":"La suspente OBMR 15\/32 r\u00e9glable est id\u00e9ale pour le neuf et la r\u00e9novation . Elle se pose aussi bien au mur qu'au plafond (sauf obligation de tenue au feu pour la sous-toiture) .","og_url":"https:\/\/nature-et-developpement.com\/yemat\/produit\/suspente-reglable-obm-15-32-sixbox\/","og_site_name":"Yemat","article_modified_time":"2025-06-17T09:46:49+00:00","twitter_card":"summary_large_image","twitter_misc":{"Dur\u00e9e de lecture estim\u00e9e":"1 minute"},"schema":{"@context":"https:\/\/schema.org","@graph":[{"@type":"WebPage","@id":"https:\/\/nature-et-developpement.com\/yemat\/produit\/suspente-reglable-obm-15-32-sixbox\/","url":"https:\/\/nature-et-developpement.com\/yemat\/produit\/suspente-reglable-obm-15-32-sixbox\/","name":"Suspente r\u00e9glable pour rail m\u00e9tallique OBM 15\/32 syst\u00e8me SIXBOX - Yemat","isPartOf":{"@id":"https:\/\/nature-et-developpement.com\/yemat\/#website"},"primaryImageOfPage":{"@id":"https:\/\/nature-et-developpement.com\/yemat\/produit\/suspente-reglable-obm-15-32-sixbox\/#primaryimage"},"image":{"@id":"https:\/\/nature-et-developpement.com\/yemat\/produit\/suspente-reglable-obm-15-32-sixbox\/#primaryimage"},"thumbnailUrl":"https:\/\/nature-et-developpement.com\/yemat\/wp-content\/uploads\/Suspente-pour-rail-metallique-reglable-OBM-15-32-SIXBOX.jpg","datePublished":"2024-12-09T23:00:31+00:00","dateModified":"2025-06-17T09:46:49+00:00","breadcrumb":{"@id":"https:\/\/nature-et-developpement.com\/yemat\/produit\/suspente-reglable-obm-15-32-sixbox\/#breadcrumb"},"inLanguage":"fr-FR","potentialAction":[{"@type":"ReadAction","target":["https:\/\/nature-et-developpement.com\/yemat\/produit\/suspente-reglable-obm-15-32-sixbox\/"]}]},{"@type":"ImageObject","inLanguage":"fr-FR","@id":"https:\/\/nature-et-developpement.com\/yemat\/produit\/suspente-reglable-obm-15-32-sixbox\/#primaryimage","url":"https:\/\/nature-et-developpement.com\/yemat\/wp-content\/uploads\/Suspente-pour-rail-metallique-reglable-OBM-15-32-SIXBOX.jpg","contentUrl":"https:\/\/nature-et-developpement.com\/yemat\/wp-content\/uploads\/Suspente-pour-rail-metallique-reglable-OBM-15-32-SIXBOX.jpg"},{"@type":"BreadcrumbList","@id":"https:\/\/nature-et-developpement.com\/yemat\/produit\/suspente-reglable-obm-15-32-sixbox\/#breadcrumb","itemListElement":[{"@type":"ListItem","position":1,"name":"Accueil","item":"https:\/\/nature-et-developpement.com\/yemat\/"},{"@type":"ListItem","position":2,"name":"Produits","item":"https:\/\/nature-et-developpement.com\/yemat\/boutique\/"},{"@type":"ListItem","position":3,"name":"Construction, cloison et fen\u00eatres","item":"https:\/\/nature-et-developpement.com\/yemat\/produits\/construction\/"},{"@type":"ListItem","position":4,"name":"Accessoires construction","item":"https:\/\/nature-et-developpement.com\/yemat\/produits\/construction\/accessoires-construction\/"},{"@type":"ListItem","position":5,"name":"Suspente r\u00e9glable pour rail m\u00e9tallique OBM 15\/32 syst\u00e8me SIXBOX"}]},{"@type":"WebSite","@id":"https:\/\/nature-et-developpement.com\/yemat\/#website","url":"https:\/\/nature-et-developpement.com\/yemat\/","name":"Yemat","description":"Magasin de Mat\u00e9riaux Naturels et Biosources pour tous les travaux","publisher":{"@id":"https:\/\/nature-et-developpement.com\/yemat\/#organization"},"potentialAction":[{"@type":"SearchAction","target":{"@type":"EntryPoint","urlTemplate":"https:\/\/nature-et-developpement.com\/yemat\/?s={search_term_string}"},"query-input":{"@type":"PropertyValueSpecification","valueRequired":true,"valueName":"search_term_string"}}],"inLanguage":"fr-FR"},{"@type":"Organization","@id":"https:\/\/nature-et-developpement.com\/yemat\/#organization","name":"Yemat","url":"https:\/\/nature-et-developpement.com\/yemat\/","logo":{"@type":"ImageObject","inLanguage":"fr-FR","@id":"https:\/\/nature-et-developpement.com\/yemat\/#\/schema\/logo\/image\/","url":"https:\/\/nature-et-developpement.com\/yemat\/wp-content\/uploads\/sites\/24\/2023\/05\/cropped-logo_yemat.png","contentUrl":"https:\/\/nature-et-developpement.com\/yemat\/wp-content\/uploads\/sites\/24\/2023\/05\/cropped-logo_yemat.png","width":1905,"height":1431,"caption":"Yemat"},"image":{"@id":"https:\/\/nature-et-developpement.com\/yemat\/#\/schema\/logo\/image\/"}}]}},"distributor_meta":false,"distributor_terms":false,"distributor_media":false,"distributor_original_site_name":"Yemat","distributor_original_site_url":"https:\/\/nature-et-developpement.com\/yemat","push-errors":false,"_links":{"self":[{"href":"https:\/\/nature-et-developpement.com\/yemat\/wp-json\/wp\/v2\/product\/13266","targetHints":{"allow":["GET"]}}],"collection":[{"href":"https:\/\/nature-et-developpement.com\/yemat\/wp-json\/wp\/v2\/product"}],"about":[{"href":"https:\/\/nature-et-developpement.com\/yemat\/wp-json\/wp\/v2\/types\/product"}],"wp:featuredmedia":[{"embeddable":true,"href":"https:\/\/nature-et-developpement.com\/yemat\/wp-json\/"}],"wp:attachment":[{"href":"https:\/\/nature-et-developpement.com\/yemat\/wp-json\/wp\/v2\/media?parent=13266"}],"wp:term":[{"taxonomy":"product_brand","embeddable":true,"href":"https:\/\/nature-et-developpement.com\/yemat\/wp-json\/wp\/v2\/product_brand?post=13266"},{"taxonomy":"product_cat","embeddable":true,"href":"https:\/\/nature-et-developpement.com\/yemat\/wp-json\/wp\/v2\/product_cat?post=13266"},{"taxonomy":"product_tag","embeddable":true,"href":"https:\/\/nature-et-developpement.com\/yemat\/wp-json\/wp\/v2\/product_tag?post=13266"}],"curies":[{"name":"wp","href":"https:\/\/api.w.org\/{rel}","templated":true}]}}